{"id":9097,"date":"2019-12-05T09:35:26","date_gmt":"2019-12-05T09:35:26","guid":{"rendered":"https:\/\/estudioromanelli.es\/?page_id=9097"},"modified":"2021-03-22T14:05:51","modified_gmt":"2021-03-22T14:05:51","slug":"privacy-policy","status":"publish","type":"page","link":"https:\/\/estudioromanelli.es\/en\/privacy-policy","title":{"rendered":"Privacy policy"},"content":{"rendered":"\n<style type=\"text\/css\" data-created_by=\"avia_inline_auto\" id=\"style-css-av-av_hr-73ee5607e2d422c429c39f728b894fae\">\n#top .hr.hr-invisible.av-av_hr-73ee5607e2d422c429c39f728b894fae{\nmargin-top:-10px;\nheight:1px;\n}\n<\/style>\n<div  class='hr av-av_hr-73ee5607e2d422c429c39f728b894fae hr-invisible  avia-builder-el-0  el_before_av_heading  avia-builder-el-first '><span class='hr-inner '><span class=\"hr-inner-style\"><\/span><\/span><\/div>\n\n<style type=\"text\/css\" data-created_by=\"avia_inline_auto\" id=\"style-css-av-av_heading-8217f5f43f7c9c1aeb15db42a1ac6987\">\n#top .av-special-heading.av-av_heading-8217f5f43f7c9c1aeb15db42a1ac6987{\npadding-bottom:10px;\n}\nbody .av-special-heading.av-av_heading-8217f5f43f7c9c1aeb15db42a1ac6987 .av-special-heading-tag .heading-char{\nfont-size:25px;\n}\n.av-special-heading.av-av_heading-8217f5f43f7c9c1aeb15db42a1ac6987 .av-subheading{\nfont-size:15px;\n}\n<\/style>\n<div  class='av-special-heading av-av_heading-8217f5f43f7c9c1aeb15db42a1ac6987 av-special-heading-h3 blockquote modern-quote  avia-builder-el-1  el_after_av_hr  el_before_av_hr '><h3 class='av-special-heading-tag '  itemprop=\"headline\"  >POL\u00cdTICA DE PRIVACIDAD<\/h3><div class=\"special-heading-border\"><div class=\"special-heading-inner-border\"><\/div><\/div><\/div>\n\n<style type=\"text\/css\" data-created_by=\"avia_inline_auto\" id=\"style-css-av-av_hr-5ea7596238ed9f191e6b5e662093052f\">\n#top .hr.hr-invisible.av-av_hr-5ea7596238ed9f191e6b5e662093052f{\nheight:30px;\n}\n<\/style>\n<div  class='hr av-av_hr-5ea7596238ed9f191e6b5e662093052f hr-invisible  avia-builder-el-2  el_after_av_heading  el_before_av_textblock '><span class='hr-inner '><span class=\"hr-inner-style\"><\/span><\/span><\/div>\n<section  class='av_textblock_section av-av_textblock-0366cc7376be6c9e82a3e9cc8987b64f '   itemscope=\"itemscope\" itemtype=\"https:\/\/schema.org\/CreativeWork\" ><div class='avia_textblock'  itemprop=\"text\" ><p><strong>INTRODUCCI\u00d3N<\/strong><\/p>\n<p>DANIELE ROMANELLI, recopila, trata y almacena informaci\u00f3n personal a trav\u00e9s de la web de su propiedad www.lf24.es<\/p>\n<p>Esta informaci\u00f3n ser\u00e1 relativa a los usuarios de la web. La informaci\u00f3n se recopilar\u00e1, tratara y almacenar\u00e1 conforme a la presente Pol\u00edtica de Privacidad.<\/p>\n<p>Esta Pol\u00edtica de Privacidad fue actualizada el 19\/08\/2019.<\/p>\n<p><strong>RESPONSABLE LEGAL<\/strong><\/p>\n<p>Denominaci\u00f3n comercial: Estudio Romanelli Arquitectura Interiorismo<\/p>\n<p>Denominaci\u00f3n social: DANIELE ROMANELLI<\/p>\n<p>Identificador fiscal: X8197594A<\/p>\n<p>Domicilio: C\/ BALMES 239 LOCAL 1 08006 BARCELONA<\/p>\n<p>E-mail de contacto: info@lf24.es<\/p>\n<p><strong>LEYES DE APLICACI\u00d3N EN ESTA WEB<\/strong><\/p>\n<p>RGPD (Reglamento (UE) 2016\/679 del Parlamento Europeo y del Consejo de 27 de abril de 2016 relativo a la protecci\u00f3n de las personas f\u00edsicas)<\/p>\n<p>LOPD (Ley Org\u00e1nica 3\/2018, de 5 de diciembre; Ley Org\u00e1nica 15\/1999, de 13 de diciembre, de Protecci\u00f3n de Datos de Car\u00e1cter Personal y Real Decreto 1720\/2007, de 21 de diciembre, Reglamento de desarrollo de la LOPD)<\/p>\n<p>LSSI (Ley 34\/2002, de 11 de julio, de Servicios de la Sociedad de la Informaci\u00f3n y Comercio Electr\u00f3nico)<\/p>\n<p><strong>DATOS RECOPILADOS<\/strong><\/p>\n<p>\u00danicamente se recopilar\u00e1n los datos estrictamente necesarios para llevar a cabo la normal actividad del servicio. Ajust\u00e1ndose al principio de minimizaci\u00f3n de datos (Art.5.b GDPR).<\/p>\n<p>Los datos recopilados ser\u00e1n en todo caso de mayores de 16 a\u00f1os (Art. 8.1 GDPR). DANIELE ROMANELLI se reserva el derecho a tomar las medidas oportunas para comprobar la veracidad de la edad (Art. 8.2 GDPR).<\/p>\n<p>En todo caso estos datos ser\u00e1n de car\u00e1cter personal identificativos y no sensibles, podr\u00e1n ser:<\/p>\n<p>Correo electr\u00f3nico<\/p>\n<p>Tel\u00e9fono<\/p>\n<p>Nombre y apellidos<\/p>\n<p>DNI<\/p>\n<p>Direcci\u00f3n<\/p>\n<p><strong>M\u00c9TODOS DE RECOPILACI\u00d3N.<\/strong><\/p>\n<p>Los datos personales se recopilar\u00e1n a trav\u00e9s de la web de DANIELE ROMANELLI. Cuando introduzcas informaci\u00f3n en alguno de los campos destinados a tal efecto en la web. Estos campos est\u00e1n debidamente se\u00f1alizados y no recopilar\u00e1n ning\u00fan dato hasta que no aceptes expresamente la cesi\u00f3n y gesti\u00f3n conforme a esta pol\u00edtica de privacidad.<\/p>\n<p><strong>OBJETIVO DE LA RECOPILACI\u00d3N Y USO DE LOS DATOS.<\/strong><\/p>\n<p>La recopilaci\u00f3n y uso de datos se realiza con el \u00fanico objetivo de gesti\u00f3n administrativa, contable y fiscal, as\u00ed como enviarle comunicaciones comerciales sobre nuestros productos y\/o servicios.<\/p>\n<p>DANIELE ROMANELLI se compromete a no utilizar los datos obtenidos con una finalidad distinta a esta.<\/p>\n<p><strong>DESTINATARIO DE LOS DATOS.<\/strong><\/p>\n<p>Los datos recopilados se incorporar\u00e1n a un fichero propiedad de:<\/p>\n<p>DANIELE ROMANELLI<\/p>\n<p>Este fichero ser\u00e1 gestionado por:<\/p>\n<p>DANIELE ROMANELLI<\/p>\n<p>Este fichero se almacenar\u00e1 en:<\/p>\n<p>C\/ BALMES 239 LOCAL 1 08006 BARCELONA<\/p>\n<p><strong>PLAZO DE CONSERVACI\u00d3N DE LOS DATOS.<\/strong><\/p>\n<p>Los datos se conservar\u00e1n hasta que se cumpla el objetivo por el cual se recopilaron estos datos (Art.5.e. GDPR) o hasta que se ejerza el derecho a la supresi\u00f3n o modificaci\u00f3n de los mismos. Siempre y cuando esto no entre en conflicto con la necesidad por motivos legales o fiscales de almacenar los mismos.<\/p>\n<p><strong>\u00bfC\u00d3MO PROTEGEMOS SUS DATOS?<\/strong><\/p>\n<p>Sus datos se transfieren y almacenan de forma segura.<\/p>\n<p>DANIELE ROMANELLI no puede garantizar la completa seguridad en las comunicaciones a trav\u00e9s de Internet pero garantizamos tomar las medidas adecuadas para proteger sus datos.<\/p>\n<p>Adem\u00e1s DANIELE ROMANELLI se compromete a mantener la confidencialidad de los datos y no comunicar\u00e1 ni permitir\u00e1 el acceso a terceros no autorizados.<\/p>\n<p><strong>TUS DERECHOS EN CUANTO A PROTECCI\u00d3N DE DATOS<\/strong><\/p>\n<p>La legislaci\u00f3n le reconoce unos derechos como usuario que ha cedido sus datos personales:<\/p>\n<p>Acceso a los datos personales.<\/p>\n<p>Rectificaci\u00f3n o supresi\u00f3n.<\/p>\n<p>Oponerse al tratamiento.<\/p>\n<p>Portabilidad de los datos.<\/p>\n<p>Limitaci\u00f3n de su tratamiento.<\/p>\n<p>El ejercicio de estos derechos es personal. Por lo que solo puedes solicitarlos para los datos de los cuales eres el propietario.<\/p>\n<p>En el caso de que quieras ejercer alguno de estos derechos puedes hacerlo, mediante un email dirigido a info@lf24.es o mediante carta dirigida a C\/ BALMES 239 LOCAL 1 08006 BARCELONA indicando los derechos que se quieren ejercer y una prueba de identidad.<\/p>\n<p>Nos comprometemos a responder a tu solicitud en un plazo m\u00e1ximo de 30 d\u00edas h\u00e1biles.<\/p>\n<p><strong>LEGITIMACI\u00d3N PARA EL TRATAMIENTO DE DATOS<\/strong><\/p>\n<p>La base legal para el tratamiento de tus datos personales es la aceptaci\u00f3n expl\u00edcita del tratamiento, gesti\u00f3n y almacenamiento de los mismos seg\u00fan la presente pol\u00edtica de privacidad.<\/p>\n<p><strong>CONSECUENCIAS DE NO ACEPTAR LA POL\u00cdTICA DE PRIVACIDAD<\/strong><\/p>\n<p>En el caso de que no aceptes la gesti\u00f3n de tus datos seg\u00fan la presente pol\u00edtica de privacidad, no se proceder\u00e1 a la recopilaci\u00f3n de los mismos, lo que puede suponer que no se pueda llevar a cabo el servicio prestado por DANIELE ROMANELLI.<\/p>\n<p><strong>AUTORIDAD DE PROTECCI\u00d3N DE DATOS EN ESPA\u00d1A<\/strong><\/p>\n<p>En el caso de que quieras hacer valer tus derechos en cuanto a protecci\u00f3n de datos y consideras que no los estamos respetando puedes dirigirte a la autoridad espa\u00f1ola responsable.<\/p>\n<p>\u2013 Sitio web de la autoridad de protecci\u00f3n de datos:<\/p>\n<p>https:\/\/www.agpd.es\/<\/p>\n<p>\u2013 E-mail de la autoridad de protecci\u00f3n de datos:<\/p>\n<p>internacional@agpd.es<\/p>\n<p>\u2013 Tel\u00e9fono de la autoridad de protecci\u00f3n de datos:<\/p>\n<p>+34 91399 6200<\/p>\n<p><strong>CAMBIOS EN LA POL\u00cdTICA DE PRIVACIDAD<\/strong><\/p>\n<p>DANIELE ROMANELLI se reserva el derecho a modificar la presente Pol\u00edtica de Privacidad, estas modificaciones se har\u00e1n conforme a la legislaci\u00f3n y la jurisprudencia y quedaran reflejadas en la presente Pol\u00edtica de Privacidad.<\/p>\n<\/div><\/section>\n","protected":false},"excerpt":{"rendered":"","protected":false},"author":1,"featured_media":0,"parent":0,"menu_order":0,"comment_status":"closed","ping_status":"closed","template":"","meta":{"footnotes":""},"categories":[],"tags":[],"class_list":["post-9097","page","type-page","status-publish","hentry"],"yoast_head":"<!-- This site is optimized with the Yoast SEO plugin v26.8 - https:\/\/yoast.com\/product\/yoast-seo-wordpress\/ -->\n<title>Privacy Policy - Interior Design and Architecture Studio in Barcelona<\/title>\n<meta name=\"description\" content=\"Privacy Policy\" \/>\n<meta name=\"robots\" content=\"noindex, follow\" \/>\n<meta property=\"og:locale\" content=\"en_US\" \/>\n<meta property=\"og:type\" content=\"article\" \/>\n<meta property=\"og:title\" content=\"Privacy Policy - Interior Design and Architecture Studio in Barcelona\" \/>\n<meta property=\"og:description\" content=\"Privacy Policy\" \/>\n<meta property=\"og:url\" content=\"\/en\" \/>\n<meta property=\"og:site_name\" content=\"Interior Design and Architecture Studio in Barcelona\" \/>\n<meta property=\"article:modified_time\" content=\"2021-03-22T14:05:51+00:00\" \/>\n<meta name=\"twitter:card\" content=\"summary_large_image\" \/>\n<meta name=\"twitter:label1\" content=\"Est. reading time\" \/>\n\t<meta name=\"twitter:data1\" content=\"5 minutes\" \/>\n<script type=\"application\/ld+json\" class=\"yoast-schema-graph\">{\"@context\":\"https:\/\/schema.org\",\"@graph\":[{\"@type\":\"WebPage\",\"@id\":\"https:\/\/estudioromanelli.es\/en\/privacy-policy\",\"url\":\"\/en\",\"name\":\"Privacy Policy - Interior Design and Architecture Studio in Barcelona\",\"isPartOf\":{\"@id\":\"https:\/\/estudioromanelli.es\/en#website\"},\"datePublished\":\"2019-12-05T09:35:26+00:00\",\"dateModified\":\"2021-03-22T14:05:51+00:00\",\"description\":\"Privacy Policy\",\"breadcrumb\":{\"@id\":\"\/en#breadcrumb\"},\"inLanguage\":\"en-US\",\"potentialAction\":[{\"@type\":\"ReadAction\",\"target\":[\"\/en\"]}]},{\"@type\":\"BreadcrumbList\",\"@id\":\"\/en#breadcrumb\",\"itemListElement\":[{\"@type\":\"ListItem\",\"position\":1,\"name\":\"LF24\",\"item\":\"https:\/\/estudioromanelli.es\/en\/home\"},{\"@type\":\"ListItem\",\"position\":2,\"name\":\"Privacy Policy\"}]},{\"@type\":\"WebSite\",\"@id\":\"https:\/\/estudioromanelli.es\/en#website\",\"url\":\"https:\/\/estudioromanelli.es\/en\",\"name\":\"Interior Design and Architecture Studio in Barcelona\",\"description\":\"LF24\",\"potentialAction\":[{\"@type\":\"SearchAction\",\"target\":{\"@type\":\"EntryPoint\",\"urlTemplate\":\"https:\/\/estudioromanelli.es\/en?s={search_term_string}\"},\"query-input\":{\"@type\":\"PropertyValueSpecification\",\"valueRequired\":true,\"valueName\":\"search_term_string\"}}],\"inLanguage\":\"en-US\"}]}<\/script>\n<!-- \/ Yoast SEO plugin. -->","yoast_head_json":{"title":"Privacy Policy - Interior Design and Architecture Studio in Barcelona","description":"Privacy Policy","robots":{"index":"noindex","follow":"follow"},"og_locale":"en_US","og_type":"article","og_title":"Privacy Policy - Interior Design and Architecture Studio in Barcelona","og_description":"Privacy Policy","og_url":"\/en","og_site_name":"Interior Design and Architecture Studio in Barcelona","article_modified_time":"2021-03-22T14:05:51+00:00","twitter_card":"summary_large_image","twitter_misc":{"Est. reading time":"5 minutes"},"schema":{"@context":"https:\/\/schema.org","@graph":[{"@type":"WebPage","@id":"https:\/\/estudioromanelli.es\/en\/privacy-policy","url":"\/en","name":"Privacy Policy - Interior Design and Architecture Studio in Barcelona","isPartOf":{"@id":"https:\/\/estudioromanelli.es\/en#website"},"datePublished":"2019-12-05T09:35:26+00:00","dateModified":"2021-03-22T14:05:51+00:00","description":"Privacy Policy","breadcrumb":{"@id":"\/en#breadcrumb"},"inLanguage":"en-US","potentialAction":[{"@type":"ReadAction","target":["\/en"]}]},{"@type":"BreadcrumbList","@id":"\/en#breadcrumb","itemListElement":[{"@type":"ListItem","position":1,"name":"LF24","item":"https:\/\/estudioromanelli.es\/en\/home"},{"@type":"ListItem","position":2,"name":"Privacy Policy"}]},{"@type":"WebSite","@id":"https:\/\/estudioromanelli.es\/en#website","url":"https:\/\/estudioromanelli.es\/en","name":"Interior Design and Architecture Studio in Barcelona","description":"LF24","potentialAction":[{"@type":"SearchAction","target":{"@type":"EntryPoint","urlTemplate":"https:\/\/estudioromanelli.es\/en?s={search_term_string}"},"query-input":{"@type":"PropertyValueSpecification","valueRequired":true,"valueName":"search_term_string"}}],"inLanguage":"en-US"}]}},"_links":{"self":[{"href":"https:\/\/estudioromanelli.es\/en\/wp-json\/wp\/v2\/pages\/9097","targetHints":{"allow":["GET"]}}],"collection":[{"href":"https:\/\/estudioromanelli.es\/en\/wp-json\/wp\/v2\/pages"}],"about":[{"href":"https:\/\/estudioromanelli.es\/en\/wp-json\/wp\/v2\/types\/page"}],"author":[{"embeddable":true,"href":"https:\/\/estudioromanelli.es\/en\/wp-json\/wp\/v2\/users\/1"}],"replies":[{"embeddable":true,"href":"https:\/\/estudioromanelli.es\/en\/wp-json\/wp\/v2\/comments?post=9097"}],"version-history":[{"count":0,"href":"https:\/\/estudioromanelli.es\/en\/wp-json\/wp\/v2\/pages\/9097\/revisions"}],"wp:attachment":[{"href":"https:\/\/estudioromanelli.es\/en\/wp-json\/wp\/v2\/media?parent=9097"}],"wp:term":[{"taxonomy":"category","embeddable":true,"href":"https:\/\/estudioromanelli.es\/en\/wp-json\/wp\/v2\/categories?post=9097"},{"taxonomy":"post_tag","embeddable":true,"href":"https:\/\/estudioromanelli.es\/en\/wp-json\/wp\/v2\/tags?post=9097"}],"curies":[{"name":"wp","href":"https:\/\/api.w.org\/{rel}","templated":true}]}}