{"id":9091,"date":"2019-12-05T09:33:39","date_gmt":"2019-12-05T09:33:39","guid":{"rendered":"https:\/\/estudioromanelli.es\/?page_id=9091"},"modified":"2021-03-22T14:02:33","modified_gmt":"2021-03-22T14:02:33","slug":"legal-notice","status":"publish","type":"page","link":"https:\/\/estudioromanelli.es\/en\/legal-notice","title":{"rendered":"Legal notice"},"content":{"rendered":"\n<style type=\"text\/css\" data-created_by=\"avia_inline_auto\" id=\"style-css-av-av_hr-73ee5607e2d422c429c39f728b894fae\">\n#top .hr.hr-invisible.av-av_hr-73ee5607e2d422c429c39f728b894fae{\nmargin-top:-10px;\nheight:1px;\n}\n<\/style>\n<div  class='hr av-av_hr-73ee5607e2d422c429c39f728b894fae hr-invisible  avia-builder-el-0  el_before_av_heading  avia-builder-el-first '><span class='hr-inner '><span class=\"hr-inner-style\"><\/span><\/span><\/div>\n\n<style type=\"text\/css\" data-created_by=\"avia_inline_auto\" id=\"style-css-av-av_heading-1826147b2809f952305baa4556d850ab\">\n#top .av-special-heading.av-av_heading-1826147b2809f952305baa4556d850ab{\npadding-bottom:10px;\n}\nbody .av-special-heading.av-av_heading-1826147b2809f952305baa4556d850ab .av-special-heading-tag .heading-char{\nfont-size:25px;\n}\n.av-special-heading.av-av_heading-1826147b2809f952305baa4556d850ab .av-subheading{\nfont-size:15px;\n}\n<\/style>\n<div  class='av-special-heading av-av_heading-1826147b2809f952305baa4556d850ab av-special-heading-h3 blockquote modern-quote  avia-builder-el-1  el_after_av_hr  el_before_av_hr '><h3 class='av-special-heading-tag '  itemprop=\"headline\"  > AVISO LEGAL:<\/h3><div class=\"special-heading-border\"><div class=\"special-heading-inner-border\"><\/div><\/div><\/div>\n\n<style type=\"text\/css\" data-created_by=\"avia_inline_auto\" id=\"style-css-av-av_hr-5ea7596238ed9f191e6b5e662093052f\">\n#top .hr.hr-invisible.av-av_hr-5ea7596238ed9f191e6b5e662093052f{\nheight:30px;\n}\n<\/style>\n<div  class='hr av-av_hr-5ea7596238ed9f191e6b5e662093052f hr-invisible  avia-builder-el-2  el_after_av_heading  el_before_av_textblock '><span class='hr-inner '><span class=\"hr-inner-style\"><\/span><\/span><\/div>\n<section  class='av_textblock_section av-av_textblock-0366cc7376be6c9e82a3e9cc8987b64f '   itemscope=\"itemscope\" itemtype=\"https:\/\/schema.org\/CreativeWork\" ><div class='avia_textblock'  itemprop=\"text\" ><p>En cumplimiento del art\u00edculo 10 de la Ley 34\/2002, de 11 de julio, de Servicios de la Sociedad de la Informaci\u00f3n y Comercio Electr\u00f3nico (LSSICE) a continuaci\u00f3n se detallan los datos identificativos de<br \/>\nla empresa:<br \/>\nNombre empresa: Estudio Romanelli ARQUITECTURA INTERIORISMO<br \/>\nRaz\u00f3n social: DANIELE ROMANELLI<br \/>\nNIF: X8197594A<br \/>\nDirecci\u00f3n: C\/ BALMES 239 LOCAL 1 &#8211; 08006 &#8211; BARCELONA &#8211; BARCELONA<br \/>\nTel\u00e9fono: 931269020<br \/>\nEmail: info@lf24.es<\/p>\n<h6>FINALIDAD DE LA P\u00c1GINA WEB.<\/h6>\n<p>Aqu\u00ed debe describir la finalidad o actividad de la web o de la empresa. Precios de los productos o servicios que se ofrecen a trav\u00e9s de la web, con indicaci\u00f3n de los impuestos y gastos de env\u00edo.<br \/>\nEl presente aviso legal (en adelante, el &#8220;Aviso Legal&#8221;) regula el uso del sitio web: WWW.Estudio Romanelli.ES<\/p>\n<h6>LEGISLACI\u00d3N.<\/h6>\n<p>Con car\u00e1cter general las relaciones entre X8197594A (Estudio Romanelli ARQUITECTURA INTERIORISMO) con los Usuarios de sus servicios telem\u00e1ticos, presentes en este sitio web, se encuentran sometidas a la legislaci\u00f3n y jurisdicci\u00f3n espa\u00f1olas.<\/p>\n<h6>USO Y ACCESO DE USUARIOS.<\/h6>\n<p>El Usuario queda informado, y acepta, que el acceso a la presente web no supone, en modo alguno, el inicio de una relaci\u00f3n comercial con DANIELE ROMANELLI (Estudio Romanelli ARQUITECTURA INTERIORISMO) o cualquiera de sus delegaciones.<\/p>\n<h6>PROPIEDAD INTELECTUAL E INDUSTRIAL.<\/h6>\n<p>Los derechos de propiedad intelectual del contenido de las p\u00e1ginas web, su dise\u00f1o gr\u00e1fico y c\u00f3digos son titularidad de DANIELE ROMANELLI (Estudio Romanelli ARQUITECTURA INTERIORISMO) y, por tanto, queda prohibida su reproducci\u00f3n, distribuci\u00f3n, comunicaci\u00f3n p\u00fablica, transformaci\u00f3n o cualquier otra actividad que se pueda realizar con los contenidos de sus p\u00e1ginas web ni aun citando las fuentes, salvo consentimiento por escrito de DANIELE ROMANELLI (Estudio Romanelli ARQUITECTURA INTERIORISMO).<\/p>\n<h6>CONTENIDO DE LA WEB Y ENLACES (LINKS).<\/h6>\n<p>DANIELE ROMANELLI (Estudio Romanelli ARQUITECTURA INTERIORISMO) se reserva el derecho a actualizar, modificar o eliminar la informaci\u00f3n contenida en sus p\u00e1ginas web pudiendo incluso limitar o no<br \/>\npermitir el acceso a dicha informaci\u00f3n a ciertos usuarios.<br \/>\nDANIELE ROMANELLI (Estudio Romanelli ARQUITECTURA INTERIORISMO) no asume responsabilidad alguna por la informaci\u00f3n contenida en p\u00e1ginas web de terceros a las que se pueda acceder por &#8220;links&#8221; o enlaces desde cualquier p\u00e1gina web propiedad de DANIELE ROMANELLI (Estudio Romanelli ARQUITECTURA INTERIORISMO). La presencia de &#8220;links&#8221; o enlaces en las p\u00e1ginas web de DANIELE ROMANELLI (Estudio Romanelli ARQUITECTURA INTERIORISMO) tiene finalidad meramente informativa y en ning\u00fan caso supone sugerencia, invitaci\u00f3n o recomendaci\u00f3n sobre los mismos.<\/p>\n<\/div><\/section>\n","protected":false},"excerpt":{"rendered":"","protected":false},"author":1,"featured_media":0,"parent":0,"menu_order":0,"comment_status":"closed","ping_status":"closed","template":"","meta":{"footnotes":""},"categories":[],"tags":[],"class_list":["post-9091","page","type-page","status-publish","hentry"],"yoast_head":"<!-- This site is optimized with the Yoast SEO plugin v26.8 - https:\/\/yoast.com\/product\/yoast-seo-wordpress\/ -->\n<title>Legal Notice - Interior Design and Architecture Studio in Barcelona<\/title>\n<meta name=\"description\" content=\"Legal Notice\" \/>\n<meta name=\"robots\" content=\"noindex, follow\" \/>\n<meta property=\"og:locale\" content=\"en_US\" \/>\n<meta property=\"og:type\" content=\"article\" \/>\n<meta property=\"og:title\" content=\"Legal Notice - Interior Design and Architecture Studio in Barcelona\" \/>\n<meta property=\"og:description\" content=\"Legal Notice\" \/>\n<meta property=\"og:url\" content=\"\/en\" \/>\n<meta property=\"og:site_name\" content=\"Interior Design and Architecture Studio in Barcelona\" \/>\n<meta property=\"article:modified_time\" content=\"2021-03-22T14:02:33+00:00\" \/>\n<meta name=\"twitter:card\" content=\"summary_large_image\" \/>\n<meta name=\"twitter:label1\" content=\"Est. reading time\" \/>\n\t<meta name=\"twitter:data1\" content=\"3 minutes\" \/>\n<script type=\"application\/ld+json\" class=\"yoast-schema-graph\">{\"@context\":\"https:\/\/schema.org\",\"@graph\":[{\"@type\":\"WebPage\",\"@id\":\"https:\/\/estudioromanelli.es\/en\/legal-notice\",\"url\":\"\/en\",\"name\":\"Legal Notice - Interior Design and Architecture Studio in Barcelona\",\"isPartOf\":{\"@id\":\"https:\/\/estudioromanelli.es\/en#website\"},\"datePublished\":\"2019-12-05T09:33:39+00:00\",\"dateModified\":\"2021-03-22T14:02:33+00:00\",\"description\":\"Legal Notice\",\"breadcrumb\":{\"@id\":\"\/en#breadcrumb\"},\"inLanguage\":\"en-US\",\"potentialAction\":[{\"@type\":\"ReadAction\",\"target\":[\"\/en\"]}]},{\"@type\":\"BreadcrumbList\",\"@id\":\"\/en#breadcrumb\",\"itemListElement\":[{\"@type\":\"ListItem\",\"position\":1,\"name\":\"LF24\",\"item\":\"https:\/\/estudioromanelli.es\/en\/home\"},{\"@type\":\"ListItem\",\"position\":2,\"name\":\"Legal Notice\"}]},{\"@type\":\"WebSite\",\"@id\":\"https:\/\/estudioromanelli.es\/en#website\",\"url\":\"https:\/\/estudioromanelli.es\/en\",\"name\":\"Interior Design and Architecture Studio in Barcelona\",\"description\":\"LF24\",\"potentialAction\":[{\"@type\":\"SearchAction\",\"target\":{\"@type\":\"EntryPoint\",\"urlTemplate\":\"https:\/\/estudioromanelli.es\/en?s={search_term_string}\"},\"query-input\":{\"@type\":\"PropertyValueSpecification\",\"valueRequired\":true,\"valueName\":\"search_term_string\"}}],\"inLanguage\":\"en-US\"}]}<\/script>\n<!-- \/ Yoast SEO plugin. -->","yoast_head_json":{"title":"Legal Notice - Interior Design and Architecture Studio in Barcelona","description":"Legal Notice","robots":{"index":"noindex","follow":"follow"},"og_locale":"en_US","og_type":"article","og_title":"Legal Notice - Interior Design and Architecture Studio in Barcelona","og_description":"Legal Notice","og_url":"\/en","og_site_name":"Interior Design and Architecture Studio in Barcelona","article_modified_time":"2021-03-22T14:02:33+00:00","twitter_card":"summary_large_image","twitter_misc":{"Est. reading time":"3 minutes"},"schema":{"@context":"https:\/\/schema.org","@graph":[{"@type":"WebPage","@id":"https:\/\/estudioromanelli.es\/en\/legal-notice","url":"\/en","name":"Legal Notice - Interior Design and Architecture Studio in Barcelona","isPartOf":{"@id":"https:\/\/estudioromanelli.es\/en#website"},"datePublished":"2019-12-05T09:33:39+00:00","dateModified":"2021-03-22T14:02:33+00:00","description":"Legal Notice","breadcrumb":{"@id":"\/en#breadcrumb"},"inLanguage":"en-US","potentialAction":[{"@type":"ReadAction","target":["\/en"]}]},{"@type":"BreadcrumbList","@id":"\/en#breadcrumb","itemListElement":[{"@type":"ListItem","position":1,"name":"LF24","item":"https:\/\/estudioromanelli.es\/en\/home"},{"@type":"ListItem","position":2,"name":"Legal Notice"}]},{"@type":"WebSite","@id":"https:\/\/estudioromanelli.es\/en#website","url":"https:\/\/estudioromanelli.es\/en","name":"Interior Design and Architecture Studio in Barcelona","description":"LF24","potentialAction":[{"@type":"SearchAction","target":{"@type":"EntryPoint","urlTemplate":"https:\/\/estudioromanelli.es\/en?s={search_term_string}"},"query-input":{"@type":"PropertyValueSpecification","valueRequired":true,"valueName":"search_term_string"}}],"inLanguage":"en-US"}]}},"_links":{"self":[{"href":"https:\/\/estudioromanelli.es\/en\/wp-json\/wp\/v2\/pages\/9091","targetHints":{"allow":["GET"]}}],"collection":[{"href":"https:\/\/estudioromanelli.es\/en\/wp-json\/wp\/v2\/pages"}],"about":[{"href":"https:\/\/estudioromanelli.es\/en\/wp-json\/wp\/v2\/types\/page"}],"author":[{"embeddable":true,"href":"https:\/\/estudioromanelli.es\/en\/wp-json\/wp\/v2\/users\/1"}],"replies":[{"embeddable":true,"href":"https:\/\/estudioromanelli.es\/en\/wp-json\/wp\/v2\/comments?post=9091"}],"version-history":[{"count":0,"href":"https:\/\/estudioromanelli.es\/en\/wp-json\/wp\/v2\/pages\/9091\/revisions"}],"wp:attachment":[{"href":"https:\/\/estudioromanelli.es\/en\/wp-json\/wp\/v2\/media?parent=9091"}],"wp:term":[{"taxonomy":"category","embeddable":true,"href":"https:\/\/estudioromanelli.es\/en\/wp-json\/wp\/v2\/categories?post=9091"},{"taxonomy":"post_tag","embeddable":true,"href":"https:\/\/estudioromanelli.es\/en\/wp-json\/wp\/v2\/tags?post=9091"}],"curies":[{"name":"wp","href":"https:\/\/api.w.org\/{rel}","templated":true}]}}