{"id":7657,"date":"2018-11-20T12:07:43","date_gmt":"2018-11-20T12:07:43","guid":{"rendered":"https:\/\/estudioromanelli.es\/?page_id=7657"},"modified":"2021-09-28T10:05:21","modified_gmt":"2021-09-28T10:05:21","slug":"bathrooms","status":"publish","type":"page","link":"https:\/\/estudioromanelli.es\/en\/bathrooms","title":{"rendered":"Bathrooms"},"content":{"rendered":"\n<style type=\"text\/css\" data-created_by=\"avia_inline_auto\" id=\"style-css-av-che5bd-50816a2cd13cdfda808c4cebad98423a\">\n.flex_column.av-che5bd-50816a2cd13cdfda808c4cebad98423a{\nborder-radius:0px 0px 0px 0px;\npadding:0px 0px 0px 0px;\n}\n<\/style>\n<div  class='flex_column av-che5bd-50816a2cd13cdfda808c4cebad98423a av_one_full  avia-builder-el-0  el_before_av_one_full  avia-builder-el-first  first flex_column_div av-zero-column-padding  '     ><p>\n<style type=\"text\/css\" data-created_by=\"avia_inline_auto\" id=\"style-css-av-bhd7i1-55d66130d9e148ed900d80619b70593a\">\n#top .av-special-heading.av-bhd7i1-55d66130d9e148ed900d80619b70593a{\npadding-bottom:10px;\ncolor:#ffffff;\n}\nbody .av-special-heading.av-bhd7i1-55d66130d9e148ed900d80619b70593a .av-special-heading-tag .heading-char{\nfont-size:25px;\n}\n.av-special-heading.av-bhd7i1-55d66130d9e148ed900d80619b70593a .special-heading-inner-border{\nborder-color:#ffffff;\n}\n.av-special-heading.av-bhd7i1-55d66130d9e148ed900d80619b70593a .av-subheading{\nfont-size:15px;\n}\n<\/style>\n<div  id=\"Bathroom-renovations\"  class='av-special-heading av-bhd7i1-55d66130d9e148ed900d80619b70593a av-special-heading-h2 custom-color-heading blockquote modern-quote modern-centered  avia-builder-el-1  el_before_av_textblock  avia-builder-el-first '><h2 class='av-special-heading-tag '  itemprop=\"headline\"  >BATHROOMS<\/h2><div class=\"special-heading-border\"><div class=\"special-heading-inner-border\"><\/div><\/div><\/div><br \/>\n<section  class='av_textblock_section av-75a7jt-01251048c4a7c745c549e48d09bac0a2 '   itemscope=\"itemscope\" itemtype=\"https:\/\/schema.org\/CreativeWork\" ><div class='avia_textblock'  itemprop=\"text\" ><p lang=\"es-ES\"><span style=\"font-family: Times New Roman, serif;\"><span style=\"font-family: Arial, serif;\"><span lang=\"en-GB\">In Estudio Romanelli we project <\/span><\/span><span style=\"font-family: Arial, serif;\"><span lang=\"en-GB\"><b>quality bathrooms<\/b><\/span><\/span><span style=\"font-family: Arial, serif;\"><span lang=\"en-GB\"> and adapt to the style of each client: modern or classic bathrooms, rustic or vintage bathrooms, choose your own style and we will develop a custom design tailored to your space.<\/span><\/span><\/span><\/p>\n<p lang=\"es-ES\"><span style=\"font-family: Times New Roman, serif;\"><span style=\"font-family: Arial, serif;\"><span lang=\"en-GB\">We adapt to your needs and budget, always with the guarantee and professionalism that distinguishes us.<\/span><\/span><\/span><\/p>\n<p><span style=\"color: #ffffff;\">.<\/span><\/p>\n<\/div><\/section><br \/>\n\n<style type=\"text\/css\" data-created_by=\"avia_inline_auto\" id=\"style-css-av-k29a1-d95d8ed912f66c66aab4a6fc7fecf75d\">\n.avia-image-container.av-k29a1-d95d8ed912f66c66aab4a6fc7fecf75d img.avia_image{\nbox-shadow:none;\n}\n.avia-image-container.av-k29a1-d95d8ed912f66c66aab4a6fc7fecf75d .av-image-caption-overlay-center{\ncolor:#ffffff;\n}\n<\/style>\n<div  class='avia-image-container av-k29a1-d95d8ed912f66c66aab4a6fc7fecf75d av-styling- avia-align-center  avia-builder-el-3  el_after_av_textblock  el_before_av_heading '   itemprop=\"image\" itemscope=\"itemscope\" itemtype=\"https:\/\/schema.org\/ImageObject\" ><div class=\"avia-image-container-inner\"><div class=\"avia-image-overlay-wrap\"><img decoding=\"async\" fetchpriority=\"high\" class='wp-image-7659 avia-img-lazy-loading-not-7659 avia_image ' src=\"https:\/\/estudioromanelli.es\/wp-content\/uploads\/2015\/07\/4.jpg\" alt='Bathroom renovations a Barcelona' title='Bathroom renovations a Barcelona'  height=\"200\" width=\"1434\"  itemprop=\"thumbnailUrl\" srcset=\"https:\/\/estudioromanelli.es\/wp-content\/uploads\/2015\/07\/4.jpg 1434w, https:\/\/estudioromanelli.es\/wp-content\/uploads\/2015\/07\/4-300x42.jpg 300w, https:\/\/estudioromanelli.es\/wp-content\/uploads\/2015\/07\/4-1030x144.jpg 1030w, https:\/\/estudioromanelli.es\/wp-content\/uploads\/2015\/07\/4-705x98.jpg 705w, https:\/\/estudioromanelli.es\/wp-content\/uploads\/2015\/07\/4-450x63.jpg 450w\" sizes=\"(max-width: 1434px) 100vw, 1434px\" \/><\/div><\/div><\/div><br \/>\n\n<style type=\"text\/css\" data-created_by=\"avia_inline_auto\" id=\"style-css-av-km6dnd5q-fd889fcea0f0b21fced4ea0f52cebfdc\">\n#top .av-special-heading.av-km6dnd5q-fd889fcea0f0b21fced4ea0f52cebfdc{\npadding-bottom:10px;\ncolor:#ffffff;\n}\nbody .av-special-heading.av-km6dnd5q-fd889fcea0f0b21fced4ea0f52cebfdc .av-special-heading-tag .heading-char{\nfont-size:25px;\n}\n.av-special-heading.av-km6dnd5q-fd889fcea0f0b21fced4ea0f52cebfdc .special-heading-inner-border{\nborder-color:#ffffff;\n}\n.av-special-heading.av-km6dnd5q-fd889fcea0f0b21fced4ea0f52cebfdc .av-subheading{\nfont-size:15px;\n}\n<\/style>\n<div  id=\"Bathroom-renovations-in-Barcelona\"  class='av-special-heading av-km6dnd5q-fd889fcea0f0b21fced4ea0f52cebfdc av-special-heading-h2 custom-color-heading blockquote modern-quote modern-centered  avia-builder-el-4  el_after_av_image  el_before_av_textblock '><h2 class='av-special-heading-tag '  itemprop=\"headline\"  >BATHROOMS RENOVATIONS BARCELONA<\/h2><div class=\"special-heading-border\"><div class=\"special-heading-inner-border\"><\/div><\/div><\/div><br \/>\n<section  class='av_textblock_section av-3nvoeh-86ae4c3c7351e27c133e4d173526e9de '   itemscope=\"itemscope\" itemtype=\"https:\/\/schema.org\/CreativeWork\" ><div class='avia_textblock'  itemprop=\"text\" ><p>Our catalogue includes a wide range of high quality bathroom elements: shower trays and bathtubs, sinks and toilets, all by the best brands and always of high quality.<br \/>\nWe are also suppliers of the best brands of ceramics and tiles for the bathroom, flooring in general, mosaics, stoneware, porcelain tiles, hydraulic tiles and all types of floor and wall coverings.<br \/>\nWe have an endless number of options regarding bathroom fittings. We distribute the best brands of faucets, shower screens of high quality, mirrors and luminaire, hydro massage bathtubs, radiators and all kinds of accessories for the bathroom.<br \/>\nIn addition, our <a class=\"enlaces-subrayado-color\" title=\"Interior design studio Barcelona\" href=\"\/en\/services-provided\/interiordesign\">interior design studio<\/a> could make true the bathroom of your dreams to which you can incorporate a SPA with domestic saunas, jacuzzi and hammams made to measure. We create relaxed and cosy rooms.<br \/>\nWe are also specialists in <a class=\"enlaces-subrayado-color\" title=\"Total home renovations\" href=\"\/en\/services-provided\/reforms\">total home renovations<\/a>, from the initial project, through the execution of the work and ending with the furniture and final decoration.<br \/>\nHere below you can find the link of one of our brands:<\/p>\n<\/div><\/section><\/p><\/div>\n<style type=\"text\/css\" data-created_by=\"avia_inline_auto\" id=\"style-css-av-293m7t-45761b1ed029d7add11ac4aa4b458dfd\">\n.flex_column.av-293m7t-45761b1ed029d7add11ac4aa4b458dfd{\nborder-radius:0px 0px 0px 0px;\npadding:0px 0px 0px 0px;\n}\n<\/style>\n<div  class='flex_column av-293m7t-45761b1ed029d7add11ac4aa4b458dfd av_one_full  avia-builder-el-6  el_after_av_one_full  el_before_av_hr  first flex_column_div av-zero-column-padding  column-top-margin'     ><section  class='av_textblock_section av-kjsills0-a2f50b30b5b39cdf98a990e33792a1bf '   itemscope=\"itemscope\" itemtype=\"https:\/\/schema.org\/CreativeWork\" ><div class='avia_textblock'  itemprop=\"text\" ><h3>BATHROOM BRANDS:<\/h3>\n<hr \/>\n<p><a class=\"enlaces-subrayado-color\" title=\"\" href=\"http:\/\/www.duravit.es\/\" target=\"_blank\" rel=\"nofollow noopener noreferrer\">DURAVIT<\/a> (Bathroom taps, kitchen taps, toilets, bathroom furniture, saunas)<\/p>\n<p><a class=\"enlaces-subrayado-color\" title=\"\" href=\"http:\/\/www.grohe.com\/\" target=\"_blank\" rel=\"nofollow noopener noreferrer\">GROHE<\/a> (Bathroom taps, kitchen taps, toilets, bathroom furniture, saunas)<\/p>\n<p><a class=\"enlaces-subrayado-color\" title=\"\" href=\"http:\/\/www.roca.es\/\" target=\"_blank\" rel=\"nofollow noopener noreferrer\">ROCA<\/a> (Bathroom taps, toilets, bathroom furniture, spa, ceramics, accessories)<\/p>\n<p><a class=\"enlaces-subrayado-color\" title=\"\" href=\"http:\/\/www.idealstandard.es\/\" target=\"_blank\" rel=\"nofollow noopener noreferrer\">IDEAL STANDARD<\/a> (Bathroom taps, toilets, bathroom furniture, spa, ceramics, accessories)<\/p>\n<p><a class=\"enlaces-subrayado-color\" title=\"\" href=\"http:\/\/www.gala.es\/\" target=\"_blank\" rel=\"nofollow noopener noreferrer\">GALA<\/a> (Bathroom taps, toilets, bathroom furniture, spa, ceramics, accessories)<\/p>\n<p><a class=\"enlaces-subrayado-color\" title=\"\" href=\"http:\/\/www.antoniolupi.it\/\" target=\"_blank\" rel=\"nofollow noopener noreferrer\">ANTONIO LUPI<\/a> ( Ba\u00f1os de lujo, sanitarios, muebles de ba\u00f1o, accesorios, espejos, ba\u00f1eras piedra )<\/p>\n<p><a class=\"enlaces-subrayado-color\" title=\"\" href=\"http:\/\/www.karol-net.com\/\" target=\"_blank\" rel=\"nofollow noopener noreferrer\">KAROL<\/a> (Luxury bathrooms, toilets, bathroom furniture, accessories, mirrors, stone bathtubs)<\/p>\n<p><a class=\"enlaces-subrayado-color\" title=\"\" href=\"http:\/\/inbani.com\/\" target=\"_blank\" rel=\"nofollow noopener noreferrer\">INBANI<\/a> (Bathroom furniture, bathroom taps, accessories, shower trays, bathtubs)<\/p>\n<p><a class=\"enlaces-subrayado-color\" title=\"\" href=\"http:\/\/falper.it\/\" target=\"_blank\" rel=\"nofollow noopener noreferrer\">FALPER<\/a> (Bathroom furniture, accessories, shower trays, bathtubs, fireplaces)<\/p>\n<p><a class=\"enlaces-subrayado-color\" title=\"\" href=\"http:\/\/www.catalano.it\/es\/\" target=\"_blank\" rel=\"nofollow noopener noreferrer\">CATALANO<\/a> (Toilets, shower trays, bathtubs, accessories)<\/p>\n<p><a class=\"enlaces-subrayado-color\" title=\"\" href=\"http:\/\/www.galassiahispania.com\/\" target=\"_blank\" rel=\"nofollow noopener noreferrer\">GALASSIA<\/a> (Toilets, shower trays, accessories)<\/p>\n<p><a class=\"enlaces-subrayado-color\" title=\"\" href=\"http:\/\/www.ceramicaflaminia.it\/it\" target=\"_blank\" rel=\"nofollow noopener noreferrer\">FLAMINIA<\/a> (Sanitaryware, bathroom furniture, shower trays, bathtubs, accessories, mirrors)<\/p>\n<p><a class=\"enlaces-subrayado-color\" title=\"\" href=\"http:\/\/www.pibamarmi.it\/\" target=\"_blank\" rel=\"nofollow noopener noreferrer\">PIBAMARMI<\/a> (Bathrooms in marble and stone)<\/p>\n<p><a class=\"enlaces-subrayado-color\" title=\"\" href=\"http:\/\/www.kaldewei.es\/\" target=\"_blank\" rel=\"nofollow noopener noreferrer\">KALDEWEI<\/a> (Sanitary ware, bathroom furniture, spa, accessories)<\/p>\n<p><a class=\"enlaces-subrayado-color\" title=\"\" href=\"http:\/\/www.icosmic.com\/\" target=\"_blank\" rel=\"nofollow noopener noreferrer\">COSMIC<\/a> (Bathroom taps, toilets, bathroom furniture, lighting, accessories)<\/p>\n<p><a class=\"enlaces-subrayado-color\" title=\"\" href=\"http:\/\/www.fiora.es\/\" target=\"_blank\" rel=\"nofollow noopener noreferrer\">FIORA<\/a> (Sanitary ware, bathroom furniture, spa, accessories)<\/p>\n<p><a class=\"enlaces-subrayado-color\" title=\"\" href=\"http:\/\/www.runtal.es\/banos\" target=\"_blank\" rel=\"nofollow noopener noreferrer\">RUNTAL<\/a> <span class=\"VIiyi\" lang=\"en\"><span class=\"JLqJ4b ChMk0b\" data-language-for-alternatives=\"en\" data-language-to-translate-into=\"es\" data-phrase-index=\"0\">(Radiators, accessories)<\/span><\/span><\/p>\n<p><a class=\"enlaces-subrayado-color\" title=\"\" href=\"http:\/\/www.tubesradiatori.com\/\" target=\"_blank\" rel=\"nofollow noopener noreferrer\">TUBES<\/a> <span class=\"VIiyi\" lang=\"en\"><span class=\"JLqJ4b ChMk0b\" data-language-for-alternatives=\"en\" data-language-to-translate-into=\"es\" data-phrase-index=\"0\">(Radiators, accessories)<\/span><\/span><\/p>\n<p><a class=\"enlaces-subrayado-color\" title=\"\" href=\"http:\/\/hidrobox.com\/\" target=\"_blank\" rel=\"nofollow noopener noreferrer\">HIDROBOX<\/a> (Shower enclosures, sanitary bathroom taps, bathroom furniture, accessories)<\/p>\n<p><a class=\"enlaces-subrayado-color\" title=\"\" href=\"http:\/\/www.dornbracht.com\/\" target=\"_blank\" rel=\"nofollow noopener noreferrer\">DORNBRACHT<\/a> (Bathroom taps, kitchen taps, toilets, bathroom furniture, accessories)<\/p>\n<p><a class=\"enlaces-subrayado-color\" title=\"\" href=\"http:\/\/www.gessi.it\/\" target=\"_blank\" rel=\"nofollow noopener noreferrer\">GESSI<\/a> (Bathroom furniture, bathroom taps, accessories, shower trays, bathtubs)<\/p>\n<p><a class=\"enlaces-subrayado-color\" title=\"\" href=\"http:\/\/www.fantini.it\/\" target=\"_blank\" rel=\"nofollow noopener noreferrer\">FANTINI<\/a> (Bathroom taps, kitchen taps, accessories)<\/p>\n<p><a class=\"enlaces-subrayado-color\" title=\"\" href=\"http:\/\/www.ritmonio.it\/\" target=\"_blank\" rel=\"nofollow noopener noreferrer\">RITMONIO<\/a> (Bathroom taps, kitchen taps, accessories)<\/p>\n<p><a class=\"enlaces-subrayado-color\" title=\"\" href=\"http:\/\/www.vola.com\/Es\/\" target=\"_blank\" rel=\"nofollow noopener noreferrer\">VOLA<\/a> (Bathroom taps, kitchen taps, accessories)<\/p>\n<p><a class=\"enlaces-subrayado-color\" title=\"\" href=\"http:\/\/www.hansgrohe.es\/\" target=\"_blank\" rel=\"nofollow noopener noreferrer\">HANSGROHE<\/a> (Bathroom taps, kitchen taps, accessories)<\/p>\n<p><a class=\"enlaces-subrayado-color\" title=\"\" href=\"http:\/\/www.rbandini.it\" target=\"_blank\" rel=\"nofollow noopener noreferrer\">BANDINI<\/a> (Bathroom taps, kitchen taps, accessories)<\/p>\n<p><a class=\"enlaces-subrayado-color\" title=\"\" href=\"https:\/\/www.zucchettikos.it\/\" target=\"_blank\" rel=\"nofollow noopener noreferrer\">ZUCCHETTIKOS<\/a> (Bathroom taps, toilets, bathroom furniture, showers, bathtubs, accessories)<\/p>\n<p><a class=\"enlaces-subrayado-color\" title=\"\" href=\"http:\/\/www.effegibi.it\/es\" target=\"_blank\" rel=\"nofollow noopener noreferrer\">EFFEGIBI<\/a> (SaunA, Hammam)<\/p>\n<\/div><\/section><\/div><\/p>\n\n<style type=\"text\/css\" data-created_by=\"avia_inline_auto\" id=\"style-css-av-k6grro0e-c9bf080046fff45ecb5994b192c0b08b\">\n#top .hr.hr-invisible.av-k6grro0e-c9bf080046fff45ecb5994b192c0b08b{\nheight:45px;\n}\n<\/style>\n<div  class='hr av-k6grro0e-c9bf080046fff45ecb5994b192c0b08b hr-invisible  avia-builder-el-8  el_after_av_one_full  el_before_av_button '><span class='hr-inner '><span class=\"hr-inner-style\"><\/span><\/span><\/div>\n<div  id=\"Total-renovation-flats-and-houses-in-Barcelona\"  class='avia-button-wrap av-k7kzi6p6-4fb43560fdc28a9bd8fe834d68637ead-wrap avia-button-center  avia-builder-el-9  el_after_av_hr  avia-builder-el-last  interiorismo-decoracion-reformas-barcelona'><a href='\/contacto'  class='avia-button av-k7kzi6p6-4fb43560fdc28a9bd8fe834d68637ead av-link-btn avia-icon_select-yes-left-icon avia-size-medium avia-position-center avia-color-theme-color'  title=\"Proyectos de reformas integrales en Barcelona Estudio Romanelli\" aria-label=\"Proyectos de reformas integrales en Barcelona Estudio Romanelli\"><span class='avia_button_icon avia_button_icon_left avia-iconfont avia-font-entypo-fontello' data-av_icon='\ue800' data-av_iconfont='entypo-fontello' ><\/span><span class='avia_iconbox_title' >Trust in our experience!<\/span><\/a><\/div>\n","protected":false},"excerpt":{"rendered":"","protected":false},"author":1,"featured_media":0,"parent":0,"menu_order":0,"comment_status":"closed","ping_status":"closed","template":"","meta":{"footnotes":""},"categories":[],"tags":[],"class_list":["post-7657","page","type-page","status-publish","hentry"],"yoast_head":"<!-- This site is optimized with the Yoast SEO plugin v26.8 - https:\/\/yoast.com\/product\/yoast-seo-wordpress\/ -->\n<title>Bathroom Renovation and Deco - Estudio Romanelli Barcelona Interior Design Studio<\/title>\n<meta name=\"description\" content=\"Estudio Romanelli Interior design studio in Barcelona \u2b50 Specialists in bathroom renovations in Barcelona \u2b50 Find out how we can help you!\" \/>\n<meta name=\"robots\" content=\"index, follow, max-snippet:-1, max-image-preview:large, max-video-preview:-1\" \/>\n<link rel=\"canonical\" href=\"https:\/\/estudioromanelli.es\/en\/bathrooms\" \/>\n<meta property=\"og:locale\" content=\"en_US\" \/>\n<meta property=\"og:type\" content=\"article\" \/>\n<meta property=\"og:title\" content=\"Bathroom Renovation and Deco - Estudio Romanelli Barcelona Interior Design Studio\" \/>\n<meta property=\"og:description\" content=\"Estudio Romanelli Interior design studio in Barcelona \u2b50 Specialists in bathroom renovations in Barcelona \u2b50 Find out how we can help you!\" \/>\n<meta property=\"og:url\" content=\"https:\/\/estudioromanelli.es\/en\/bathrooms\" \/>\n<meta property=\"og:site_name\" content=\"Interior Design and Architecture Studio in Barcelona\" \/>\n<meta property=\"article:modified_time\" content=\"2021-09-28T10:05:21+00:00\" \/>\n<meta name=\"twitter:card\" content=\"summary_large_image\" \/>\n<meta name=\"twitter:label1\" content=\"Est. reading time\" \/>\n\t<meta name=\"twitter:data1\" content=\"3 minutes\" \/>\n<script type=\"application\/ld+json\" class=\"yoast-schema-graph\">{\"@context\":\"https:\/\/schema.org\",\"@graph\":[{\"@type\":\"WebPage\",\"@id\":\"https:\/\/estudioromanelli.es\/en\/bathrooms\",\"url\":\"https:\/\/estudioromanelli.es\/en\/bathrooms\",\"name\":\"Bathroom Renovation and Deco - Estudio Romanelli Barcelona Interior Design Studio\",\"isPartOf\":{\"@id\":\"https:\/\/estudioromanelli.es\/en#website\"},\"datePublished\":\"2018-11-20T12:07:43+00:00\",\"dateModified\":\"2021-09-28T10:05:21+00:00\",\"description\":\"Estudio Romanelli Interior design studio in Barcelona \u2b50 Specialists in bathroom renovations in Barcelona \u2b50 Find out how we can help you!\",\"breadcrumb\":{\"@id\":\"https:\/\/estudioromanelli.es\/en\/bathrooms#breadcrumb\"},\"inLanguage\":\"en-US\",\"potentialAction\":[{\"@type\":\"ReadAction\",\"target\":[\"https:\/\/estudioromanelli.es\/en\/bathrooms\"]}]},{\"@type\":\"BreadcrumbList\",\"@id\":\"https:\/\/estudioromanelli.es\/en\/bathrooms#breadcrumb\",\"itemListElement\":[{\"@type\":\"ListItem\",\"position\":1,\"name\":\"LF24\",\"item\":\"https:\/\/estudioromanelli.es\/en\/home\"},{\"@type\":\"ListItem\",\"position\":2,\"name\":\"BATHROOMS\"}]},{\"@type\":\"WebSite\",\"@id\":\"https:\/\/estudioromanelli.es\/en#website\",\"url\":\"https:\/\/estudioromanelli.es\/en\",\"name\":\"Interior Design and Architecture Studio in Barcelona\",\"description\":\"LF24\",\"potentialAction\":[{\"@type\":\"SearchAction\",\"target\":{\"@type\":\"EntryPoint\",\"urlTemplate\":\"https:\/\/estudioromanelli.es\/en?s={search_term_string}\"},\"query-input\":{\"@type\":\"PropertyValueSpecification\",\"valueRequired\":true,\"valueName\":\"search_term_string\"}}],\"inLanguage\":\"en-US\"}]}<\/script>\n<!-- \/ Yoast SEO plugin. -->","yoast_head_json":{"title":"Bathroom Renovation and Deco - Estudio Romanelli Barcelona Interior Design Studio","description":"Estudio Romanelli Interior design studio in Barcelona \u2b50 Specialists in bathroom renovations in Barcelona \u2b50 Find out how we can help you!","robots":{"index":"index","follow":"follow","max-snippet":"max-snippet:-1","max-image-preview":"max-image-preview:large","max-video-preview":"max-video-preview:-1"},"canonical":"https:\/\/estudioromanelli.es\/en\/bathrooms","og_locale":"en_US","og_type":"article","og_title":"Bathroom Renovation and Deco - Estudio Romanelli Barcelona Interior Design Studio","og_description":"Estudio Romanelli Interior design studio in Barcelona \u2b50 Specialists in bathroom renovations in Barcelona \u2b50 Find out how we can help you!","og_url":"https:\/\/estudioromanelli.es\/en\/bathrooms","og_site_name":"Interior Design and Architecture Studio in Barcelona","article_modified_time":"2021-09-28T10:05:21+00:00","twitter_card":"summary_large_image","twitter_misc":{"Est. reading time":"3 minutes"},"schema":{"@context":"https:\/\/schema.org","@graph":[{"@type":"WebPage","@id":"https:\/\/estudioromanelli.es\/en\/bathrooms","url":"https:\/\/estudioromanelli.es\/en\/bathrooms","name":"Bathroom Renovation and Deco - Estudio Romanelli Barcelona Interior Design Studio","isPartOf":{"@id":"https:\/\/estudioromanelli.es\/en#website"},"datePublished":"2018-11-20T12:07:43+00:00","dateModified":"2021-09-28T10:05:21+00:00","description":"Estudio Romanelli Interior design studio in Barcelona \u2b50 Specialists in bathroom renovations in Barcelona \u2b50 Find out how we can help you!","breadcrumb":{"@id":"https:\/\/estudioromanelli.es\/en\/bathrooms#breadcrumb"},"inLanguage":"en-US","potentialAction":[{"@type":"ReadAction","target":["https:\/\/estudioromanelli.es\/en\/bathrooms"]}]},{"@type":"BreadcrumbList","@id":"https:\/\/estudioromanelli.es\/en\/bathrooms#breadcrumb","itemListElement":[{"@type":"ListItem","position":1,"name":"LF24","item":"https:\/\/estudioromanelli.es\/en\/home"},{"@type":"ListItem","position":2,"name":"BATHROOMS"}]},{"@type":"WebSite","@id":"https:\/\/estudioromanelli.es\/en#website","url":"https:\/\/estudioromanelli.es\/en","name":"Interior Design and Architecture Studio in Barcelona","description":"LF24","potentialAction":[{"@type":"SearchAction","target":{"@type":"EntryPoint","urlTemplate":"https:\/\/estudioromanelli.es\/en?s={search_term_string}"},"query-input":{"@type":"PropertyValueSpecification","valueRequired":true,"valueName":"search_term_string"}}],"inLanguage":"en-US"}]}},"_links":{"self":[{"href":"https:\/\/estudioromanelli.es\/en\/wp-json\/wp\/v2\/pages\/7657","targetHints":{"allow":["GET"]}}],"collection":[{"href":"https:\/\/estudioromanelli.es\/en\/wp-json\/wp\/v2\/pages"}],"about":[{"href":"https:\/\/estudioromanelli.es\/en\/wp-json\/wp\/v2\/types\/page"}],"author":[{"embeddable":true,"href":"https:\/\/estudioromanelli.es\/en\/wp-json\/wp\/v2\/users\/1"}],"replies":[{"embeddable":true,"href":"https:\/\/estudioromanelli.es\/en\/wp-json\/wp\/v2\/comments?post=7657"}],"version-history":[{"count":0,"href":"https:\/\/estudioromanelli.es\/en\/wp-json\/wp\/v2\/pages\/7657\/revisions"}],"wp:attachment":[{"href":"https:\/\/estudioromanelli.es\/en\/wp-json\/wp\/v2\/media?parent=7657"}],"wp:term":[{"taxonomy":"category","embeddable":true,"href":"https:\/\/estudioromanelli.es\/en\/wp-json\/wp\/v2\/categories?post=7657"},{"taxonomy":"post_tag","embeddable":true,"href":"https:\/\/estudioromanelli.es\/en\/wp-json\/wp\/v2\/tags?post=7657"}],"curies":[{"name":"wp","href":"https:\/\/api.w.org\/{rel}","templated":true}]}}