{"id":5109,"date":"2017-02-01T10:54:56","date_gmt":"2017-02-01T10:54:56","guid":{"rendered":"https:\/\/estudioromanelli.es\/ca\/?page_id=5109"},"modified":"2021-05-18T11:47:03","modified_gmt":"2021-05-18T11:47:03","slug":"botiga-barcelona","status":"publish","type":"page","link":"https:\/\/estudioromanelli.es\/ca\/botiga-barcelona","title":{"rendered":"Reforma botiga different barcelona"},"content":{"rendered":"<div  class='flex_column av-9gmmk5-ff2d39c61d78e884f2e28bea35014ddd av_one_full  avia-builder-el-0  avia-builder-el-no-sibling  first flex_column_div  '     ><section  class='av_textblock_section av-82rsd1-dbcd8759c8ff3373f89037382a0e8c6d '   itemscope=\"itemscope\" itemtype=\"https:\/\/schema.org\/CreativeWork\" ><div class='avia_textblock'  itemprop=\"text\" ><h4>\nBOTIGA DIFFERENT BARCELONA &#8211; <strong>TRANSFORMACI\u00d3 DE UNA BOTIGA EN UNA SETMANA<\/strong><\/h4>\n<h4><strong>\u00a0<\/strong><\/h4>\n<hr \/>\n<\/div><\/section><br \/>\n<section  class='av_textblock_section av-61byw5-33b5107b8e158fadd5dc242b00e03afc '   itemscope=\"itemscope\" itemtype=\"https:\/\/schema.org\/CreativeWork\" ><div class='avia_textblock'  itemprop=\"text\" ><p><img decoding=\"async\" class=\"alignnone wp-image-4782 size-full\" src=\"https:\/\/estudioromanelli.es\/wp-content\/uploads\/2015\/07\/FACHADA.jpg\" width=\"1148\" height=\"1844\" srcset=\"https:\/\/estudioromanelli.es\/wp-content\/uploads\/2015\/07\/FACHADA.jpg 1148w, https:\/\/estudioromanelli.es\/wp-content\/uploads\/2015\/07\/FACHADA-187x300.jpg 187w, https:\/\/estudioromanelli.es\/wp-content\/uploads\/2015\/07\/FACHADA-641x1030.jpg 641w, https:\/\/estudioromanelli.es\/wp-content\/uploads\/2015\/07\/FACHADA-934x1500.jpg 934w, https:\/\/estudioromanelli.es\/wp-content\/uploads\/2015\/07\/FACHADA-439x705.jpg 439w, https:\/\/estudioromanelli.es\/wp-content\/uploads\/2015\/07\/FACHADA-450x723.jpg 450w\" sizes=\"(max-width: 1148px) 100vw, 1148px\" \/><\/p>\n<\/div><\/section><br \/>\n<section  class='av_textblock_section av-48oq11-597a9268baafc31bfbdd9e0bfabf8f6c '   itemscope=\"itemscope\" itemtype=\"https:\/\/schema.org\/CreativeWork\" ><div class='avia_textblock'  itemprop=\"text\" ><p>Aquesta petita botiga situada a Barcelona al C \/ Llibreteria, un dels carrers m\u00e9s tur\u00edstics del barri G\u00f2tic necessitava un canvi radical, l&#8217;estat actual de la botiga era b\u00e0sic, sense cap atractiu i de poca qualitat.<\/p>\n<p>Els clients buscaven un estudi d&#8217;interiorisme capa\u00e7 de transformar completament el local en un breu temps i adem\u00e9s necessitaven una nova imatge a nivell conceptual i corporatiu.<\/p>\n<p>En Estudio Romanelli hem aconseguit fer tota la transformaci\u00f3 en tot just 7 dies de treball, en el mateix temps una altra part del nostre equip s&#8217;ha encarregat de l&#8217;estudi de la imatge corporativa, dissenyant un logotip fresc i actual que complementava perfectament la imatge de la botiga.<\/p>\n<p>El concepte de DIFFERENT BARCELONA \u00e9s una botiga de regals i souvenirs que es diferencia de la majoria de botigues d&#8217;aquest g\u00e8nere. A Barcelona hi ha centenars de botigues que venen els mateixos articles. En Different Barcelona es proposen objectes i regals seleccionats i dissenyats per marques i artistes locals.<\/p>\n<p>L&#8217;interiorisme de la botiga \u00e9s molt senzill, hem revestit totes les parets amb taulers OSB, els prestatges i els mobles estan fets amb taulers de DM envernissats. D&#8217;aquesta manera vam crear un contrast calculat entre parets i mobiliari.<\/p>\n<p>Part de les parets estan pintades amb el mateix verd del logo i la fusteria exterior est\u00e0 pintada amb el mateix groc mostassa. Al fons de la botiga a la zona de la caixa hem folrat les parets amb el mateix tauler OSB per\u00f2 en aquest cas es va pintar de color blanc, mantenint l&#8217;est\u00e8tica i la textura del tauler per\u00f2 conferint a l&#8217;espai m\u00e9s lluminositat i amplitud.<\/p>\n<p>Hem restaurat el s\u00f2l antic original de terratzo verd, polit i abrillantat.<\/p>\n<p>I com a decoraci\u00f3 complement\u00e0ria hem combinat al sostre 3 campanes industrials i els llums aranya dissenyades pel nostre estudi i recurrents en els projectes de Estudio Romanelli.<\/p>\n<p>El m\u00e9s important demandat pels clients per a aquest projecte era la rapidesa en l&#8217;execuci\u00f3 i en Estudio Romanelli ho hem aconseguit en tot just una setmana de treball, complint les expectatives dels clients sota tots els aspectes.<\/p>\n<\/div><\/section><br \/>\n\n<style type=\"text\/css\" data-created_by=\"avia_inline_auto\" id=\"style-css-av-1xdbmt-92c8723c897d62d89d7afe725a9acaef\">\n#top .avia-gallery.av-1xdbmt-92c8723c897d62d89d7afe725a9acaef .avia-gallery-thumb a{\nwidth:16.6667%;\n}\n<\/style>\n<div  class='avia-gallery av-1xdbmt-92c8723c897d62d89d7afe725a9acaef avia_animate_when_visible  avia-builder-el-4  el_after_av_textblock  avia-builder-el-last  deactivate_avia_lazyload avia-gallery-animate avia-gallery-1'  itemprop=\"image\" itemscope=\"itemscope\" itemtype=\"https:\/\/schema.org\/ImageObject\" ><meta itemprop=\"contentURL\" content=\"https:\/\/estudioromanelli.es\/ca\/botiga-barcelona\"><div class='avia-gallery-thumb'><a href=\"https:\/\/estudioromanelli.es\/wp-content\/uploads\/2015\/07\/FACHADA-641x1030.jpg\" data-srcset=\"https:\/\/estudioromanelli.es\/wp-content\/uploads\/2015\/07\/FACHADA-641x1030.jpg 641w, https:\/\/estudioromanelli.es\/wp-content\/uploads\/2015\/07\/FACHADA-187x300.jpg 187w, https:\/\/estudioromanelli.es\/wp-content\/uploads\/2015\/07\/FACHADA-934x1500.jpg 934w, https:\/\/estudioromanelli.es\/wp-content\/uploads\/2015\/07\/FACHADA-439x705.jpg 439w, https:\/\/estudioromanelli.es\/wp-content\/uploads\/2015\/07\/FACHADA-450x723.jpg 450w, https:\/\/estudioromanelli.es\/wp-content\/uploads\/2015\/07\/FACHADA.jpg 1148w\" data-sizes=\"(max-width: 641px) 100vw, 641px\" data-rel='gallery-1' data-prev-img='https:\/\/estudioromanelli.es\/wp-content\/uploads\/2015\/07\/FACHADA-495x400.jpg' class='first_thumb lightbox ' data-onclick='1' title='Fachada tienda'  itemprop=\"thumbnailUrl\"  ><img decoding=\"async\" fetchpriority=\"high\" class=\"wp-image-20687 avia-img-lazy-loading-not-20687\"   src=\"https:\/\/estudioromanelli.es\/wp-content\/uploads\/2015\/07\/FACHADA-495x400.jpg\" width=\"495\" height=\"400\"  title='Fachada tienda' alt='' srcset=\"https:\/\/estudioromanelli.es\/wp-content\/uploads\/2015\/07\/FACHADA-495x400.jpg 495w, https:\/\/estudioromanelli.es\/wp-content\/uploads\/2015\/07\/FACHADA-845x684.jpg 845w\" sizes=\"(max-width: 495px) 100vw, 495px\" \/><div class='big-prev-fake'><img decoding=\"async\" loading=\"lazy\" class=\"wp-image-20687 avia-img-lazy-loading-20687\"  width=\"495\" height=\"400\" src=\"https:\/\/estudioromanelli.es\/wp-content\/uploads\/2015\/07\/FACHADA-495x400.jpg\" title='Fachada tienda' alt='' srcset=\"https:\/\/estudioromanelli.es\/wp-content\/uploads\/2015\/07\/FACHADA-495x400.jpg 495w, https:\/\/estudioromanelli.es\/wp-content\/uploads\/2015\/07\/FACHADA-845x684.jpg 845w\" sizes=\"auto, (max-width: 495px) 100vw, 495px\" \/><\/div><\/a><a href=\"https:\/\/estudioromanelli.es\/wp-content\/uploads\/2015\/07\/LOGO-FINAL_DIFFERENT-BARCELONA-1030x1030.jpg\" data-srcset=\"https:\/\/estudioromanelli.es\/wp-content\/uploads\/2015\/07\/LOGO-FINAL_DIFFERENT-BARCELONA-1030x1030.jpg 1030w, https:\/\/estudioromanelli.es\/wp-content\/uploads\/2015\/07\/LOGO-FINAL_DIFFERENT-BARCELONA-80x80.jpg 80w, https:\/\/estudioromanelli.es\/wp-content\/uploads\/2015\/07\/LOGO-FINAL_DIFFERENT-BARCELONA-300x300.jpg 300w, https:\/\/estudioromanelli.es\/wp-content\/uploads\/2015\/07\/LOGO-FINAL_DIFFERENT-BARCELONA-36x36.jpg 36w, https:\/\/estudioromanelli.es\/wp-content\/uploads\/2015\/07\/LOGO-FINAL_DIFFERENT-BARCELONA-180x180.jpg 180w, https:\/\/estudioromanelli.es\/wp-content\/uploads\/2015\/07\/LOGO-FINAL_DIFFERENT-BARCELONA-1500x1500.jpg 1500w, https:\/\/estudioromanelli.es\/wp-content\/uploads\/2015\/07\/LOGO-FINAL_DIFFERENT-BARCELONA-705x705.jpg 705w, https:\/\/estudioromanelli.es\/wp-content\/uploads\/2015\/07\/LOGO-FINAL_DIFFERENT-BARCELONA-120x120.jpg 120w, https:\/\/estudioromanelli.es\/wp-content\/uploads\/2015\/07\/LOGO-FINAL_DIFFERENT-BARCELONA-450x450.jpg 450w\" data-sizes=\"(max-width: 1030px) 100vw, 1030px\" data-rel='gallery-1' data-prev-img='https:\/\/estudioromanelli.es\/wp-content\/uploads\/2015\/07\/LOGO-FINAL_DIFFERENT-BARCELONA-495x400.jpg' class='lightbox ' data-onclick='2' title='Logo different barcelona'  itemprop=\"thumbnailUrl\"  ><img decoding=\"async\" fetchpriority=\"high\" class=\"wp-image-20689 avia-img-lazy-loading-not-20689\"   src=\"https:\/\/estudioromanelli.es\/wp-content\/uploads\/2015\/07\/LOGO-FINAL_DIFFERENT-BARCELONA-495x400.jpg\" width=\"495\" height=\"400\"  title='Logo different barcelona' alt='' srcset=\"https:\/\/estudioromanelli.es\/wp-content\/uploads\/2015\/07\/LOGO-FINAL_DIFFERENT-BARCELONA-495x400.jpg 495w, https:\/\/estudioromanelli.es\/wp-content\/uploads\/2015\/07\/LOGO-FINAL_DIFFERENT-BARCELONA-845x684.jpg 845w\" sizes=\"(max-width: 495px) 100vw, 495px\" \/><div class='big-prev-fake'><img decoding=\"async\" loading=\"lazy\" class=\"wp-image-20689 avia-img-lazy-loading-20689\"  width=\"495\" height=\"400\" src=\"https:\/\/estudioromanelli.es\/wp-content\/uploads\/2015\/07\/LOGO-FINAL_DIFFERENT-BARCELONA-495x400.jpg\" title='Logo different barcelona' alt='' srcset=\"https:\/\/estudioromanelli.es\/wp-content\/uploads\/2015\/07\/LOGO-FINAL_DIFFERENT-BARCELONA-495x400.jpg 495w, https:\/\/estudioromanelli.es\/wp-content\/uploads\/2015\/07\/LOGO-FINAL_DIFFERENT-BARCELONA-845x684.jpg 845w\" sizes=\"auto, (max-width: 495px) 100vw, 495px\" \/><\/div><\/a><a href=\"https:\/\/estudioromanelli.es\/wp-content\/uploads\/2015\/07\/42-773x1030.jpg\" data-srcset=\"https:\/\/estudioromanelli.es\/wp-content\/uploads\/2015\/07\/42-773x1030.jpg 773w, https:\/\/estudioromanelli.es\/wp-content\/uploads\/2015\/07\/42-225x300.jpg 225w, https:\/\/estudioromanelli.es\/wp-content\/uploads\/2015\/07\/42-1125x1500.jpg 1125w, https:\/\/estudioromanelli.es\/wp-content\/uploads\/2015\/07\/42-529x705.jpg 529w, https:\/\/estudioromanelli.es\/wp-content\/uploads\/2015\/07\/42-450x600.jpg 450w, https:\/\/estudioromanelli.es\/wp-content\/uploads\/2015\/07\/42.jpg 1512w\" data-sizes=\"(max-width: 773px) 100vw, 773px\" data-rel='gallery-1' data-prev-img='https:\/\/estudioromanelli.es\/wp-content\/uploads\/2015\/07\/42-495x400.jpg' class='lightbox ' data-onclick='3' title='Tienda regalos'  itemprop=\"thumbnailUrl\"  ><img decoding=\"async\" fetchpriority=\"high\" class=\"wp-image-20685 avia-img-lazy-loading-not-20685\"   src=\"https:\/\/estudioromanelli.es\/wp-content\/uploads\/2015\/07\/42-495x400.jpg\" width=\"495\" height=\"400\"  title='Tienda regalos' alt='' srcset=\"https:\/\/estudioromanelli.es\/wp-content\/uploads\/2015\/07\/42-495x400.jpg 495w, https:\/\/estudioromanelli.es\/wp-content\/uploads\/2015\/07\/42-845x684.jpg 845w\" sizes=\"(max-width: 495px) 100vw, 495px\" \/><div class='big-prev-fake'><img decoding=\"async\" loading=\"lazy\" class=\"wp-image-20685 avia-img-lazy-loading-20685\"  width=\"495\" height=\"400\" src=\"https:\/\/estudioromanelli.es\/wp-content\/uploads\/2015\/07\/42-495x400.jpg\" title='Tienda regalos' alt='' srcset=\"https:\/\/estudioromanelli.es\/wp-content\/uploads\/2015\/07\/42-495x400.jpg 495w, https:\/\/estudioromanelli.es\/wp-content\/uploads\/2015\/07\/42-845x684.jpg 845w\" sizes=\"auto, (max-width: 495px) 100vw, 495px\" \/><\/div><\/a><a href=\"https:\/\/estudioromanelli.es\/wp-content\/uploads\/2015\/07\/51-773x1030.jpg\" data-srcset=\"https:\/\/estudioromanelli.es\/wp-content\/uploads\/2015\/07\/51-773x1030.jpg 773w, https:\/\/estudioromanelli.es\/wp-content\/uploads\/2015\/07\/51-225x300.jpg 225w, https:\/\/estudioromanelli.es\/wp-content\/uploads\/2015\/07\/51-1125x1500.jpg 1125w, https:\/\/estudioromanelli.es\/wp-content\/uploads\/2015\/07\/51-529x705.jpg 529w, https:\/\/estudioromanelli.es\/wp-content\/uploads\/2015\/07\/51-450x600.jpg 450w, https:\/\/estudioromanelli.es\/wp-content\/uploads\/2015\/07\/51.jpg 1512w\" data-sizes=\"(max-width: 773px) 100vw, 773px\" data-rel='gallery-1' data-prev-img='https:\/\/estudioromanelli.es\/wp-content\/uploads\/2015\/07\/51-495x400.jpg' class='lightbox ' data-onclick='4' title='Tienda souvenirs'  itemprop=\"thumbnailUrl\"  ><img decoding=\"async\" fetchpriority=\"high\" class=\"wp-image-20686 avia-img-lazy-loading-not-20686\"   src=\"https:\/\/estudioromanelli.es\/wp-content\/uploads\/2015\/07\/51-495x400.jpg\" width=\"495\" height=\"400\"  title='Tienda souvenirs' alt='' srcset=\"https:\/\/estudioromanelli.es\/wp-content\/uploads\/2015\/07\/51-495x400.jpg 495w, https:\/\/estudioromanelli.es\/wp-content\/uploads\/2015\/07\/51-845x684.jpg 845w\" sizes=\"(max-width: 495px) 100vw, 495px\" \/><div class='big-prev-fake'><img decoding=\"async\" loading=\"lazy\" class=\"wp-image-20686 avia-img-lazy-loading-20686\"  width=\"495\" height=\"400\" src=\"https:\/\/estudioromanelli.es\/wp-content\/uploads\/2015\/07\/51-495x400.jpg\" title='Tienda souvenirs' alt='' srcset=\"https:\/\/estudioromanelli.es\/wp-content\/uploads\/2015\/07\/51-495x400.jpg 495w, https:\/\/estudioromanelli.es\/wp-content\/uploads\/2015\/07\/51-845x684.jpg 845w\" sizes=\"auto, (max-width: 495px) 100vw, 495px\" \/><\/div><\/a><a href=\"https:\/\/estudioromanelli.es\/wp-content\/uploads\/2015\/07\/LAMPARAS-1030x773.jpg\" data-srcset=\"https:\/\/estudioromanelli.es\/wp-content\/uploads\/2015\/07\/LAMPARAS-1030x773.jpg 1030w, https:\/\/estudioromanelli.es\/wp-content\/uploads\/2015\/07\/LAMPARAS-300x225.jpg 300w, https:\/\/estudioromanelli.es\/wp-content\/uploads\/2015\/07\/LAMPARAS-1500x1125.jpg 1500w, https:\/\/estudioromanelli.es\/wp-content\/uploads\/2015\/07\/LAMPARAS-705x529.jpg 705w, https:\/\/estudioromanelli.es\/wp-content\/uploads\/2015\/07\/LAMPARAS-450x338.jpg 450w, https:\/\/estudioromanelli.es\/wp-content\/uploads\/2015\/07\/LAMPARAS.jpg 2016w\" data-sizes=\"(max-width: 1030px) 100vw, 1030px\" data-rel='gallery-1' data-prev-img='https:\/\/estudioromanelli.es\/wp-content\/uploads\/2015\/07\/LAMPARAS-495x400.jpg' class='lightbox ' data-onclick='5' title='Lamparas lf24'  itemprop=\"thumbnailUrl\"  ><img decoding=\"async\" fetchpriority=\"high\" class=\"wp-image-20688 avia-img-lazy-loading-not-20688\"   src=\"https:\/\/estudioromanelli.es\/wp-content\/uploads\/2015\/07\/LAMPARAS-495x400.jpg\" width=\"495\" height=\"400\"  title='Lamparas lf24' alt='L\u00e1mparas' srcset=\"https:\/\/estudioromanelli.es\/wp-content\/uploads\/2015\/07\/LAMPARAS-495x400.jpg 495w, https:\/\/estudioromanelli.es\/wp-content\/uploads\/2015\/07\/LAMPARAS-845x684.jpg 845w\" sizes=\"(max-width: 495px) 100vw, 495px\" \/><div class='big-prev-fake'><img decoding=\"async\" loading=\"lazy\" class=\"wp-image-20688 avia-img-lazy-loading-20688\"  width=\"495\" height=\"400\" src=\"https:\/\/estudioromanelli.es\/wp-content\/uploads\/2015\/07\/LAMPARAS-495x400.jpg\" title='Lamparas lf24' alt='L\u00e1mparas' srcset=\"https:\/\/estudioromanelli.es\/wp-content\/uploads\/2015\/07\/LAMPARAS-495x400.jpg 495w, https:\/\/estudioromanelli.es\/wp-content\/uploads\/2015\/07\/LAMPARAS-845x684.jpg 845w\" sizes=\"auto, (max-width: 495px) 100vw, 495px\" \/><\/div><\/a><\/div><\/div><\/p><\/div>\n","protected":false},"excerpt":{"rendered":"","protected":false},"author":1,"featured_media":0,"parent":0,"menu_order":0,"comment_status":"closed","ping_status":"closed","template":"","meta":{"footnotes":""},"categories":[],"tags":[],"class_list":["post-5109","page","type-page","status-publish","hentry"],"yoast_head":"<!-- This site is optimized with the Yoast SEO plugin v26.8 - https:\/\/yoast.com\/product\/yoast-seo-wordpress\/ -->\n<title>Reforma botiga different barcelona - Estudio Romanelli Barcelona<\/title>\n<meta name=\"description\" content=\"Estudio Romanelli \u2b50 Projecte d&#039;interiorisme i reforma integral de la botiga Different a Barcelona \u2705 Entri i Descobreixi els nostres projectes!\" \/>\n<meta name=\"robots\" content=\"index, follow, max-snippet:-1, max-image-preview:large, max-video-preview:-1\" \/>\n<link rel=\"canonical\" href=\"https:\/\/estudioromanelli.es\/ca\/botiga-barcelona\" \/>\n<meta property=\"og:locale\" content=\"ca_ES\" \/>\n<meta property=\"og:type\" content=\"article\" \/>\n<meta property=\"og:title\" content=\"Reforma botiga different barcelona - Estudio Romanelli Barcelona\" \/>\n<meta property=\"og:description\" content=\"Estudio Romanelli \u2b50 Projecte d&#039;interiorisme i reforma integral de la botiga Different a Barcelona \u2705 Entri i Descobreixi els nostres projectes!\" \/>\n<meta property=\"og:url\" content=\"https:\/\/estudioromanelli.es\/ca\/botiga-barcelona\" \/>\n<meta property=\"og:site_name\" content=\"Estudi d&#039;Interiorisme i Arquitectura a Barcelona\" \/>\n<meta property=\"article:modified_time\" content=\"2021-05-18T11:47:03+00:00\" \/>\n<meta property=\"og:image\" content=\"https:\/\/estudioromanelli.es\/wp-content\/uploads\/2015\/07\/FACHADA.jpg\" \/>\n<meta name=\"twitter:card\" content=\"summary_large_image\" \/>\n<meta name=\"twitter:label1\" content=\"Est. reading time\" \/>\n\t<meta name=\"twitter:data1\" content=\"2 minutes\" \/>\n<script type=\"application\/ld+json\" class=\"yoast-schema-graph\">{\"@context\":\"https:\/\/schema.org\",\"@graph\":[{\"@type\":\"WebPage\",\"@id\":\"https:\/\/estudioromanelli.es\/ca\/botiga-barcelona\",\"url\":\"https:\/\/estudioromanelli.es\/ca\/botiga-barcelona\",\"name\":\"Reforma botiga different barcelona - Estudio Romanelli Barcelona\",\"isPartOf\":{\"@id\":\"https:\/\/estudioromanelli.es\/ca#website\"},\"primaryImageOfPage\":{\"@id\":\"https:\/\/estudioromanelli.es\/ca\/botiga-barcelona#primaryimage\"},\"image\":{\"@id\":\"https:\/\/estudioromanelli.es\/ca\/botiga-barcelona#primaryimage\"},\"thumbnailUrl\":\"https:\/\/estudioromanelli.es\/wp-content\/uploads\/2015\/07\/FACHADA.jpg\",\"datePublished\":\"2017-02-01T10:54:56+00:00\",\"dateModified\":\"2021-05-18T11:47:03+00:00\",\"description\":\"Estudio Romanelli \u2b50 Projecte d'interiorisme i reforma integral de la botiga Different a Barcelona \u2705 Entri i Descobreixi els nostres projectes!\",\"breadcrumb\":{\"@id\":\"https:\/\/estudioromanelli.es\/ca\/botiga-barcelona#breadcrumb\"},\"inLanguage\":\"ca-ES\",\"potentialAction\":[{\"@type\":\"ReadAction\",\"target\":[\"https:\/\/estudioromanelli.es\/ca\/botiga-barcelona\"]}]},{\"@type\":\"ImageObject\",\"inLanguage\":\"ca-ES\",\"@id\":\"https:\/\/estudioromanelli.es\/ca\/botiga-barcelona#primaryimage\",\"url\":\"https:\/\/estudioromanelli.es\/wp-content\/uploads\/2015\/07\/FACHADA.jpg\",\"contentUrl\":\"https:\/\/estudioromanelli.es\/wp-content\/uploads\/2015\/07\/FACHADA.jpg\"},{\"@type\":\"BreadcrumbList\",\"@id\":\"https:\/\/estudioromanelli.es\/ca\/botiga-barcelona#breadcrumb\",\"itemListElement\":[{\"@type\":\"ListItem\",\"position\":1,\"name\":\"LF24\",\"item\":\"https:\/\/estudioromanelli.es\/ca\/home\"},{\"@type\":\"ListItem\",\"position\":2,\"name\":\"Reforma Botiga Different Barcelona\"}]},{\"@type\":\"WebSite\",\"@id\":\"https:\/\/estudioromanelli.es\/ca#website\",\"url\":\"https:\/\/estudioromanelli.es\/ca\",\"name\":\"Estudi d&#039;Interiorisme i Arquitectura a Barcelona\",\"description\":\"Estudio Romanelli\",\"potentialAction\":[{\"@type\":\"SearchAction\",\"target\":{\"@type\":\"EntryPoint\",\"urlTemplate\":\"https:\/\/estudioromanelli.es\/ca?s={search_term_string}\"},\"query-input\":{\"@type\":\"PropertyValueSpecification\",\"valueRequired\":true,\"valueName\":\"search_term_string\"}}],\"inLanguage\":\"ca-ES\"}]}<\/script>\n<!-- \/ Yoast SEO plugin. -->","yoast_head_json":{"title":"Reforma botiga different barcelona - Estudio Romanelli Barcelona","description":"Estudio Romanelli \u2b50 Projecte d'interiorisme i reforma integral de la botiga Different a Barcelona \u2705 Entri i Descobreixi els nostres projectes!","robots":{"index":"index","follow":"follow","max-snippet":"max-snippet:-1","max-image-preview":"max-image-preview:large","max-video-preview":"max-video-preview:-1"},"canonical":"https:\/\/estudioromanelli.es\/ca\/botiga-barcelona","og_locale":"ca_ES","og_type":"article","og_title":"Reforma botiga different barcelona - Estudio Romanelli Barcelona","og_description":"Estudio Romanelli \u2b50 Projecte d'interiorisme i reforma integral de la botiga Different a Barcelona \u2705 Entri i Descobreixi els nostres projectes!","og_url":"https:\/\/estudioromanelli.es\/ca\/botiga-barcelona","og_site_name":"Estudi d&#039;Interiorisme i Arquitectura a Barcelona","article_modified_time":"2021-05-18T11:47:03+00:00","og_image":[{"url":"https:\/\/estudioromanelli.es\/wp-content\/uploads\/2015\/07\/FACHADA.jpg","type":"","width":"","height":""}],"twitter_card":"summary_large_image","twitter_misc":{"Est. reading time":"2 minutes"},"schema":{"@context":"https:\/\/schema.org","@graph":[{"@type":"WebPage","@id":"https:\/\/estudioromanelli.es\/ca\/botiga-barcelona","url":"https:\/\/estudioromanelli.es\/ca\/botiga-barcelona","name":"Reforma botiga different barcelona - Estudio Romanelli Barcelona","isPartOf":{"@id":"https:\/\/estudioromanelli.es\/ca#website"},"primaryImageOfPage":{"@id":"https:\/\/estudioromanelli.es\/ca\/botiga-barcelona#primaryimage"},"image":{"@id":"https:\/\/estudioromanelli.es\/ca\/botiga-barcelona#primaryimage"},"thumbnailUrl":"https:\/\/estudioromanelli.es\/wp-content\/uploads\/2015\/07\/FACHADA.jpg","datePublished":"2017-02-01T10:54:56+00:00","dateModified":"2021-05-18T11:47:03+00:00","description":"Estudio Romanelli \u2b50 Projecte d'interiorisme i reforma integral de la botiga Different a Barcelona \u2705 Entri i Descobreixi els nostres projectes!","breadcrumb":{"@id":"https:\/\/estudioromanelli.es\/ca\/botiga-barcelona#breadcrumb"},"inLanguage":"ca-ES","potentialAction":[{"@type":"ReadAction","target":["https:\/\/estudioromanelli.es\/ca\/botiga-barcelona"]}]},{"@type":"ImageObject","inLanguage":"ca-ES","@id":"https:\/\/estudioromanelli.es\/ca\/botiga-barcelona#primaryimage","url":"https:\/\/estudioromanelli.es\/wp-content\/uploads\/2015\/07\/FACHADA.jpg","contentUrl":"https:\/\/estudioromanelli.es\/wp-content\/uploads\/2015\/07\/FACHADA.jpg"},{"@type":"BreadcrumbList","@id":"https:\/\/estudioromanelli.es\/ca\/botiga-barcelona#breadcrumb","itemListElement":[{"@type":"ListItem","position":1,"name":"LF24","item":"https:\/\/estudioromanelli.es\/ca\/home"},{"@type":"ListItem","position":2,"name":"Reforma Botiga Different Barcelona"}]},{"@type":"WebSite","@id":"https:\/\/estudioromanelli.es\/ca#website","url":"https:\/\/estudioromanelli.es\/ca","name":"Estudi d&#039;Interiorisme i Arquitectura a Barcelona","description":"Estudio Romanelli","potentialAction":[{"@type":"SearchAction","target":{"@type":"EntryPoint","urlTemplate":"https:\/\/estudioromanelli.es\/ca?s={search_term_string}"},"query-input":{"@type":"PropertyValueSpecification","valueRequired":true,"valueName":"search_term_string"}}],"inLanguage":"ca-ES"}]}},"_links":{"self":[{"href":"https:\/\/estudioromanelli.es\/ca\/wp-json\/wp\/v2\/pages\/5109","targetHints":{"allow":["GET"]}}],"collection":[{"href":"https:\/\/estudioromanelli.es\/ca\/wp-json\/wp\/v2\/pages"}],"about":[{"href":"https:\/\/estudioromanelli.es\/ca\/wp-json\/wp\/v2\/types\/page"}],"author":[{"embeddable":true,"href":"https:\/\/estudioromanelli.es\/ca\/wp-json\/wp\/v2\/users\/1"}],"replies":[{"embeddable":true,"href":"https:\/\/estudioromanelli.es\/ca\/wp-json\/wp\/v2\/comments?post=5109"}],"version-history":[{"count":0,"href":"https:\/\/estudioromanelli.es\/ca\/wp-json\/wp\/v2\/pages\/5109\/revisions"}],"wp:attachment":[{"href":"https:\/\/estudioromanelli.es\/ca\/wp-json\/wp\/v2\/media?parent=5109"}],"wp:term":[{"taxonomy":"category","embeddable":true,"href":"https:\/\/estudioromanelli.es\/ca\/wp-json\/wp\/v2\/categories?post=5109"},{"taxonomy":"post_tag","embeddable":true,"href":"https:\/\/estudioromanelli.es\/ca\/wp-json\/wp\/v2\/tags?post=5109"}],"curies":[{"name":"wp","href":"https:\/\/api.w.org\/{rel}","templated":true}]}}