{"id":4202,"date":"2015-08-23T17:26:32","date_gmt":"2015-08-23T17:26:32","guid":{"rendered":"https:\/\/estudioromanelli.es\/?page_id=4202&#038;lang=ca"},"modified":"2021-09-28T11:15:15","modified_gmt":"2021-09-28T11:15:15","slug":"reformes","status":"publish","type":"page","link":"https:\/\/estudioromanelli.es\/ca\/serveis\/reformes","title":{"rendered":"Reformes"},"content":{"rendered":"\n<style type=\"text\/css\" data-created_by=\"avia_inline_auto\" id=\"style-css-av-1bhm8m-208fa0fed80431f3e58d2305950bf87e\">\n.flex_column.av-1bhm8m-208fa0fed80431f3e58d2305950bf87e{\nborder-radius:0px 0px 0px 0px;\npadding:0px 0px 0px 0px;\n}\n<\/style>\n<div  class='flex_column av-1bhm8m-208fa0fed80431f3e58d2305950bf87e av_one_full  avia-builder-el-0  el_before_av_heading  avia-builder-el-first  first flex_column_div av-zero-column-padding  '     ><p>\n<style type=\"text\/css\" data-created_by=\"avia_inline_auto\" id=\"style-css-av-45lo7a-731ee2a1b2efbac8d7e322f213b45735\">\n#top .av-special-heading.av-45lo7a-731ee2a1b2efbac8d7e322f213b45735{\npadding-bottom:10px;\ncolor:#ffffff;\n}\nbody .av-special-heading.av-45lo7a-731ee2a1b2efbac8d7e322f213b45735 .av-special-heading-tag .heading-char{\nfont-size:25px;\n}\n.av-special-heading.av-45lo7a-731ee2a1b2efbac8d7e322f213b45735 .special-heading-inner-border{\nborder-color:#ffffff;\n}\n.av-special-heading.av-45lo7a-731ee2a1b2efbac8d7e322f213b45735 .av-subheading{\nfont-size:15px;\n}\n<\/style>\n<div  id=\"Reformas-Integrales-Barcelona\"  class='av-special-heading av-45lo7a-731ee2a1b2efbac8d7e322f213b45735 av-special-heading-h1 custom-color-heading blockquote modern-quote modern-centered  avia-builder-el-1  el_before_av_textblock  avia-builder-el-first  Reformas Integrales Barcelona av-linked-heading'><h1 class='av-special-heading-tag '  itemprop=\"headline\"  >REFORMES INTEGRALS<\/h1><div class=\"special-heading-border\"><div class=\"special-heading-inner-border\"><\/div><\/div><\/div><br \/>\n<section  class='av_textblock_section av-8gtlbq-b39063b8e5c699c0ed6b585c05303d5d '   itemscope=\"itemscope\" itemtype=\"https:\/\/schema.org\/CreativeWork\" ><div class='avia_textblock'  itemprop=\"text\" ><p><img decoding=\"async\" class=\"alignnone wp-image-8669 size-full\" title=\"Reformes integrals a Barcelona\" src=\"https:\/\/estudioromanelli.es\/wp-content\/uploads\/2019\/11\/reformas-integrales-barcelona.jpg\" alt=\"Reformes integrals a Barcelona\" \/><\/p>\n<\/div><\/section><br \/>\n<section  id=\"Reforma-Llave-en-Mano-Barcelona\"  class='av_textblock_section av-7h2xvq-faf0df93f44e4a452cb36b32f3e986d2 '   itemscope=\"itemscope\" itemtype=\"https:\/\/schema.org\/CreativeWork\" ><div class='avia_textblock Reforma Llave en Mano Barcelona'  itemprop=\"text\" ><p>Has pensat en la reforma del teu\u00a0<a title=\"Interiorisme a Barcelona\" href=\"\/ca\/serveis\/interiorisme\/residencial\">habitatge<\/a> o <a title=\"Interiorisme comercial a Barcelona\" href=\"\/ca\/serveis\/interiorisme\/comercial\">local comercial<\/a> per\u00f2 no saps com gestionar-la?<\/p>\n<\/div><\/section><br \/>\n\n<style type=\"text\/css\" data-created_by=\"avia_inline_auto\" id=\"style-css-av-kgw8eqqy-f1a9ff4d6f835cd1e8cf47c44a50443f\">\n#top .av-special-heading.av-kgw8eqqy-f1a9ff4d6f835cd1e8cf47c44a50443f{\npadding-bottom:10px;\ncolor:#ffffff;\n}\nbody .av-special-heading.av-kgw8eqqy-f1a9ff4d6f835cd1e8cf47c44a50443f .av-special-heading-tag .heading-char{\nfont-size:25px;\n}\n.av-special-heading.av-kgw8eqqy-f1a9ff4d6f835cd1e8cf47c44a50443f .special-heading-inner-border{\nborder-color:#ffffff;\n}\n.av-special-heading.av-kgw8eqqy-f1a9ff4d6f835cd1e8cf47c44a50443f .av-subheading{\nfont-size:15px;\n}\n<\/style>\n<div  id=\"Reformas-Llave-en-Mano-Barcelona\"  class='av-special-heading av-kgw8eqqy-f1a9ff4d6f835cd1e8cf47c44a50443f av-special-heading-h2 custom-color-heading blockquote modern-quote modern-centered  avia-builder-el-4  el_after_av_textblock  el_before_av_textblock  Reformas Llave en Mano Barcelona av-linked-heading'><h2 class='av-special-heading-tag '  itemprop=\"headline\"  >REFORMES INTEGRALS CLAU EN M\u00c0<\/h2><div class=\"special-heading-border\"><div class=\"special-heading-inner-border\"><\/div><\/div><\/div><br \/>\n<section  class='av_textblock_section av-46te9y-b46fde4222ea25bfc1b744306ca1f2da '   itemscope=\"itemscope\" itemtype=\"https:\/\/schema.org\/CreativeWork\" ><div class='avia_textblock'  itemprop=\"text\" ><p>A <a title=\"Estudio Romanelli Interiorista Barcelona\" href=\"\/ca\"><strong>Estudio Romanelli<\/strong><\/a> oferim un <strong>servei de reformes integrals<\/strong> que no nom\u00e9s es basa en el projecte i l&#8217;execuci\u00f3 de l&#8217;obra, sin\u00f3 tamb\u00e9 en l&#8217;<a href=\"\/ca\/serveis\/interiorisme\">interiorisme<\/a> i la <a href=\"\/ca\/serveis\/decoracio\">decoraci\u00f3<\/a> dels espais, totalment adaptat a les necessitats i pressupost dels nostres clients.<\/p>\n<p>Els arquitectes i interioristes d&#8217; Estudio Romanelli s\u00f3n experts en reformes integrals i s&#8217;ocuparan de tramitar tota la documentaci\u00f3 necess\u00e0ria per a l&#8217;obtenci\u00f3 dels permisos d&#8217;obra indispensables per a un correcte desenvolupament de tot el proc\u00e9s.<\/p>\n<p>Quan decidim emprendre la reforma de la nostra casa, apartament o local comercial, les consideracions que ens hem de plantejar s\u00f3n moltes, principalment hem de valorar l&#8217;entitat dels treballs que necessitem fer, \u00e9s a dir, hem d&#8217;entendre si el nostre pis necessita nom\u00e9s una actualitzaci\u00f3 o us cal una rehabilitaci\u00f3 completa per donar-li a la seva propietat un nou look i comen\u00e7ar a gaudir de la nostra casa de forma diferent, m\u00e9s c\u00f2moda i concorde a les nostres necessitats, gustos i estils. Per tot aix\u00f2, a\u00a0Estudio Romanelli, ens agrada acompanyar els nostres clients durant tot el proc\u00e9s, des de l&#8217;etapa de definici\u00f3 de presupesto, passant per la gesti\u00f3nde l&#8217;obra i hastala lliurament de claus.<\/p>\n<\/div><\/section><br \/>\n\n<style type=\"text\/css\" data-created_by=\"avia_inline_auto\" id=\"style-css-av-344v3q-0b470caa6ceacfd2f402fa3b6d2df5a0\">\n.avia-image-container.av-344v3q-0b470caa6ceacfd2f402fa3b6d2df5a0 img.avia_image{\nbox-shadow:none;\n}\n.avia-image-container.av-344v3q-0b470caa6ceacfd2f402fa3b6d2df5a0 .av-image-caption-overlay-center{\ncolor:#ffffff;\n}\n<\/style>\n<div  class='avia-image-container av-344v3q-0b470caa6ceacfd2f402fa3b6d2df5a0 av-styling- avia-align-center  avia-builder-el-6  el_after_av_textblock  el_before_av_textblock '   itemprop=\"image\" itemscope=\"itemscope\" itemtype=\"https:\/\/schema.org\/ImageObject\" ><div class=\"avia-image-container-inner\"><div class=\"avia-image-overlay-wrap\"><img decoding=\"async\" fetchpriority=\"high\" class='wp-image-14008 avia-img-lazy-loading-not-14008 avia_image ' src=\"https:\/\/estudioromanelli.es\/wp-content\/uploads\/2020\/10\/empresa-reformas-integrales-barcelona.jpg\" alt='Empresa reformes integrals Barcelona' title='Empresa reformes integrals Barcelona'  height=\"801\" width=\"1200\"  itemprop=\"thumbnailUrl\" srcset=\"https:\/\/estudioromanelli.es\/wp-content\/uploads\/2020\/10\/empresa-reformas-integrales-barcelona.jpg 1200w, https:\/\/estudioromanelli.es\/wp-content\/uploads\/2020\/10\/empresa-reformas-integrales-barcelona-300x200.jpg 300w, https:\/\/estudioromanelli.es\/wp-content\/uploads\/2020\/10\/empresa-reformas-integrales-barcelona-1030x688.jpg 1030w, https:\/\/estudioromanelli.es\/wp-content\/uploads\/2020\/10\/empresa-reformas-integrales-barcelona-768x513.jpg 768w, https:\/\/estudioromanelli.es\/wp-content\/uploads\/2020\/10\/empresa-reformas-integrales-barcelona-705x471.jpg 705w\" sizes=\"(max-width: 1200px) 100vw, 1200px\" \/><\/div><\/div><\/div><br \/>\n<section  class='av_textblock_section av-46te9y-b46fde4222ea25bfc1b744306ca1f2da '   itemscope=\"itemscope\" itemtype=\"https:\/\/schema.org\/CreativeWork\" ><div class='avia_textblock'  itemprop=\"text\" ><p>El nostre equip d&#8217;experts en el sector de la reforma, <strong>arquitectura, interiorisme i decoraci\u00f3<\/strong> els assessoraran sobre com dur a terme la millor rehabilitaci\u00f3 i adaptant-la a les seves necessitats est\u00e8tiques i funcionals. Treballem com a contractistes, d&#8217;aquesta manera podem gestionar en primera persona tot el proc\u00e9s evitant sobrecostos i desviacions en els temps de lliurament. Aix\u00ed mateix, posem a la seva disposici\u00f3 un cap de projecte, amb qui podr\u00e0 debatre totes les eleccions est\u00e8tiques, distributives, de materials i tots aquells dubtes que vagin sorgint al llarg del transcurs de l&#8217;obra.<\/p>\n<\/div><\/section><br \/>\n\n<style type=\"text\/css\" data-created_by=\"avia_inline_auto\" id=\"style-css-av-344v3q-460afcc241c7c68a8e80c740786a4440\">\n.avia-image-container.av-344v3q-460afcc241c7c68a8e80c740786a4440 img.avia_image{\nbox-shadow:none;\n}\n.avia-image-container.av-344v3q-460afcc241c7c68a8e80c740786a4440 .av-image-caption-overlay-center{\ncolor:#ffffff;\n}\n<\/style>\n<div  class='avia-image-container av-344v3q-460afcc241c7c68a8e80c740786a4440 av-styling- avia-align-center  avia-builder-el-8  el_after_av_textblock  avia-builder-el-last '   itemprop=\"image\" itemscope=\"itemscope\" itemtype=\"https:\/\/schema.org\/ImageObject\" ><div class=\"avia-image-container-inner\"><div class=\"avia-image-overlay-wrap\"><img decoding=\"async\" fetchpriority=\"high\" class='wp-image-9041 avia-img-lazy-loading-not-9041 avia_image ' src=\"https:\/\/estudioromanelli.es\/wp-content\/uploads\/2019\/11\/reforma-integral-llave-en-mano.jpg\" alt='Reforma integral llave en mano en Blanes' title='Reforma integral llave en mano en blanes'  height=\"688\" width=\"1030\"  itemprop=\"thumbnailUrl\" srcset=\"https:\/\/estudioromanelli.es\/wp-content\/uploads\/2019\/11\/reforma-integral-llave-en-mano.jpg 1030w, https:\/\/estudioromanelli.es\/wp-content\/uploads\/2019\/11\/reforma-integral-llave-en-mano-300x200.jpg 300w, https:\/\/estudioromanelli.es\/wp-content\/uploads\/2019\/11\/reforma-integral-llave-en-mano-768x513.jpg 768w, https:\/\/estudioromanelli.es\/wp-content\/uploads\/2019\/11\/reforma-integral-llave-en-mano-705x471.jpg 705w, https:\/\/estudioromanelli.es\/wp-content\/uploads\/2019\/11\/reforma-integral-llave-en-mano-450x301.jpg 450w\" sizes=\"(max-width: 1030px) 100vw, 1030px\" \/><\/div><\/div><\/div><\/p><\/div>\n<style type=\"text\/css\" data-created_by=\"avia_inline_auto\" id=\"style-css-av-24vcxy-dc5cf817593efc41b8669bd3b486302a\">\n#top .av-special-heading.av-24vcxy-dc5cf817593efc41b8669bd3b486302a{\nmargin:0 0 18px 0;\npadding-bottom:10px;\ncolor:#ffffff;\n}\nbody .av-special-heading.av-24vcxy-dc5cf817593efc41b8669bd3b486302a .av-special-heading-tag .heading-char{\nfont-size:25px;\n}\n.av-special-heading.av-24vcxy-dc5cf817593efc41b8669bd3b486302a .special-heading-inner-border{\nborder-color:#ffffff;\n}\n.av-special-heading.av-24vcxy-dc5cf817593efc41b8669bd3b486302a .av-subheading{\nfont-size:15px;\n}\n<\/style>\n<div  id=\"Reformas-Integrales-Llave-en-Mano-Barcelona\"  class='av-special-heading av-24vcxy-dc5cf817593efc41b8669bd3b486302a av-special-heading-h2 custom-color-heading blockquote modern-quote modern-centered  avia-builder-el-9  el_after_av_one_full  el_before_av_textblock  Reformas Integrales Llave en Mano Barcelona av-linked-heading'><h2 class='av-special-heading-tag '  itemprop=\"headline\"  >REFORMES INTEGRALS PERSONALITZADES<\/h2><div class=\"special-heading-border\"><div class=\"special-heading-inner-border\"><\/div><\/div><\/div><\/p>\n<section  class='av_textblock_section av-46te9y-b46fde4222ea25bfc1b744306ca1f2da '   itemscope=\"itemscope\" itemtype=\"https:\/\/schema.org\/CreativeWork\" ><div class='avia_textblock'  itemprop=\"text\" ><p>A m\u00e9s, els nostres subministradors i prove\u00efdors ens faciliten l&#8217;acc\u00e9s a<strong> les millors marques<\/strong> pel que fa a paviments, sanitaris, aixetes, il\u00b7luminaci\u00f3, electrodom\u00e8stics, mobiliari de cuina, dom\u00f2tica, etc.<\/p>\n<p>Si est\u00e0 interessat en con\u00e8ixer m\u00e9s sobre el nostre servei de reformes integrals a Barcelona, \u200b\u200bno dubti en posar-se en contacte amb nosaltres.<\/p>\n<\/div><\/section>\n","protected":false},"excerpt":{"rendered":"","protected":false},"author":1,"featured_media":9036,"parent":4194,"menu_order":0,"comment_status":"closed","ping_status":"closed","template":"","meta":{"footnotes":""},"categories":[],"tags":[106],"class_list":["post-4202","page","type-page","status-publish","has-post-thumbnail","hentry","tag-reformas-ca"],"yoast_head":"<!-- This site is optimized with the Yoast SEO plugin v26.8 - https:\/\/yoast.com\/product\/yoast-seo-wordpress\/ -->\n<title>Reformes Integrals Clau en M\u00e0 a Barcelona \u2b50 Estudio Romanelli<\/title>\n<meta name=\"description\" content=\"Estudio Romanelli \u2b50 Arquitectura, interiorisme i construcci\u00f3, per assegurar el millor resultat en la seva reforma clau en m\u00e0 \u2b50 Informeu-vos sense comprom\u00eds!\" \/>\n<meta name=\"robots\" content=\"index, follow, max-snippet:-1, max-image-preview:large, max-video-preview:-1\" \/>\n<link rel=\"canonical\" href=\"https:\/\/estudioromanelli.es\/ca\/serveis\/reformes\" \/>\n<meta property=\"og:locale\" content=\"ca_ES\" \/>\n<meta property=\"og:type\" content=\"article\" \/>\n<meta property=\"og:title\" content=\"Reformas Integrales LLave en Mano en Barcelona Estudio Romanelli\" \/>\n<meta property=\"og:description\" content=\"Estudio Romanelli ofrece todo tipo de servicios de arquitectura e interiorismo para asegurar el mejor resultado en su reforma llave en mano \u00a1Inf\u00f3rmese sin compromiso!\" \/>\n<meta property=\"og:url\" content=\"https:\/\/estudioromanelli.es\/ca\/serveis\/reformes\" \/>\n<meta property=\"og:site_name\" content=\"Estudi d&#039;Interiorisme i Arquitectura a Barcelona\" \/>\n<meta property=\"article:modified_time\" content=\"2021-09-28T11:15:15+00:00\" \/>\n<meta property=\"og:image\" content=\"https:\/\/estudioromanelli.es\/wp-content\/uploads\/2019\/11\/reformas-integrales-barcelona.jpg\" \/>\n\t<meta property=\"og:image:width\" content=\"1000\" \/>\n\t<meta property=\"og:image:height\" content=\"480\" \/>\n\t<meta property=\"og:image:type\" content=\"image\/jpeg\" \/>\n<meta name=\"twitter:card\" content=\"summary_large_image\" \/>\n<meta name=\"twitter:title\" content=\"Reformas Integrales LLave en Mano en Barcelona Estudio Romanelli\" \/>\n<meta name=\"twitter:description\" content=\"Estudio Romanelli ofrece todo tipo de servicios de arquitectura e interiorismo para asegurar el mejor resultado en su reforma llave en mano \u00a1Inf\u00f3rmese sin compromiso!\" \/>\n<meta name=\"twitter:label1\" content=\"Est. reading time\" \/>\n\t<meta name=\"twitter:data1\" content=\"6 minutes\" \/>\n<script type=\"application\/ld+json\" class=\"yoast-schema-graph\">{\"@context\":\"https:\/\/schema.org\",\"@graph\":[{\"@type\":\"WebPage\",\"@id\":\"https:\/\/estudioromanelli.es\/ca\/serveis\/reformes\",\"url\":\"https:\/\/estudioromanelli.es\/ca\/serveis\/reformes\",\"name\":\"Reformes Integrals Clau en M\u00e0 a Barcelona \u2b50 Estudio Romanelli\",\"isPartOf\":{\"@id\":\"https:\/\/estudioromanelli.es\/ca#website\"},\"primaryImageOfPage\":{\"@id\":\"https:\/\/estudioromanelli.es\/ca\/serveis\/reformes#primaryimage\"},\"image\":{\"@id\":\"https:\/\/estudioromanelli.es\/ca\/serveis\/reformes#primaryimage\"},\"thumbnailUrl\":\"https:\/\/estudioromanelli.es\/wp-content\/uploads\/2019\/11\/reformas-integrales-barcelona.jpg\",\"datePublished\":\"2015-08-23T17:26:32+00:00\",\"dateModified\":\"2021-09-28T11:15:15+00:00\",\"description\":\"Estudio Romanelli \u2b50 Arquitectura, interiorisme i construcci\u00f3, per assegurar el millor resultat en la seva reforma clau en m\u00e0 \u2b50 Informeu-vos sense comprom\u00eds!\",\"breadcrumb\":{\"@id\":\"https:\/\/estudioromanelli.es\/ca\/serveis\/reformes#breadcrumb\"},\"inLanguage\":\"ca-ES\",\"potentialAction\":[{\"@type\":\"ReadAction\",\"target\":[\"https:\/\/estudioromanelli.es\/ca\/serveis\/reformes\"]}]},{\"@type\":\"ImageObject\",\"inLanguage\":\"ca-ES\",\"@id\":\"https:\/\/estudioromanelli.es\/ca\/serveis\/reformes#primaryimage\",\"url\":\"https:\/\/estudioromanelli.es\/wp-content\/uploads\/2019\/11\/reformas-integrales-barcelona.jpg\",\"contentUrl\":\"https:\/\/estudioromanelli.es\/wp-content\/uploads\/2019\/11\/reformas-integrales-barcelona.jpg\",\"width\":1000,\"height\":480,\"caption\":\"Reformes integrals a Barcelona\"},{\"@type\":\"BreadcrumbList\",\"@id\":\"https:\/\/estudioromanelli.es\/ca\/serveis\/reformes#breadcrumb\",\"itemListElement\":[{\"@type\":\"ListItem\",\"position\":1,\"name\":\"LF24\",\"item\":\"https:\/\/estudioromanelli.es\/ca\/home\"},{\"@type\":\"ListItem\",\"position\":2,\"name\":\"SERVEIS\",\"item\":\"https:\/\/estudioromanelli.es\/ca\/caserveis\"},{\"@type\":\"ListItem\",\"position\":3,\"name\":\"REFORMES\"}]},{\"@type\":\"WebSite\",\"@id\":\"https:\/\/estudioromanelli.es\/ca#website\",\"url\":\"https:\/\/estudioromanelli.es\/ca\",\"name\":\"Estudi d&#039;Interiorisme i Arquitectura a Barcelona\",\"description\":\"Estudio Romanelli\",\"potentialAction\":[{\"@type\":\"SearchAction\",\"target\":{\"@type\":\"EntryPoint\",\"urlTemplate\":\"https:\/\/estudioromanelli.es\/ca?s={search_term_string}\"},\"query-input\":{\"@type\":\"PropertyValueSpecification\",\"valueRequired\":true,\"valueName\":\"search_term_string\"}}],\"inLanguage\":\"ca-ES\"}]}<\/script>\n<!-- \/ Yoast SEO plugin. -->","yoast_head_json":{"title":"Reformes Integrals Clau en M\u00e0 a Barcelona \u2b50 Estudio Romanelli","description":"Estudio Romanelli \u2b50 Arquitectura, interiorisme i construcci\u00f3, per assegurar el millor resultat en la seva reforma clau en m\u00e0 \u2b50 Informeu-vos sense comprom\u00eds!","robots":{"index":"index","follow":"follow","max-snippet":"max-snippet:-1","max-image-preview":"max-image-preview:large","max-video-preview":"max-video-preview:-1"},"canonical":"https:\/\/estudioromanelli.es\/ca\/serveis\/reformes","og_locale":"ca_ES","og_type":"article","og_title":"Reformas Integrales LLave en Mano en Barcelona Estudio Romanelli","og_description":"Estudio Romanelli ofrece todo tipo de servicios de arquitectura e interiorismo para asegurar el mejor resultado en su reforma llave en mano \u00a1Inf\u00f3rmese sin compromiso!","og_url":"https:\/\/estudioromanelli.es\/ca\/serveis\/reformes","og_site_name":"Estudi d&#039;Interiorisme i Arquitectura a Barcelona","article_modified_time":"2021-09-28T11:15:15+00:00","og_image":[{"width":1000,"height":480,"url":"https:\/\/estudioromanelli.es\/wp-content\/uploads\/2019\/11\/reformas-integrales-barcelona.jpg","type":"image\/jpeg"}],"twitter_card":"summary_large_image","twitter_title":"Reformas Integrales LLave en Mano en Barcelona Estudio Romanelli","twitter_description":"Estudio Romanelli ofrece todo tipo de servicios de arquitectura e interiorismo para asegurar el mejor resultado en su reforma llave en mano \u00a1Inf\u00f3rmese sin compromiso!","twitter_misc":{"Est. reading time":"6 minutes"},"schema":{"@context":"https:\/\/schema.org","@graph":[{"@type":"WebPage","@id":"https:\/\/estudioromanelli.es\/ca\/serveis\/reformes","url":"https:\/\/estudioromanelli.es\/ca\/serveis\/reformes","name":"Reformes Integrals Clau en M\u00e0 a Barcelona \u2b50 Estudio Romanelli","isPartOf":{"@id":"https:\/\/estudioromanelli.es\/ca#website"},"primaryImageOfPage":{"@id":"https:\/\/estudioromanelli.es\/ca\/serveis\/reformes#primaryimage"},"image":{"@id":"https:\/\/estudioromanelli.es\/ca\/serveis\/reformes#primaryimage"},"thumbnailUrl":"https:\/\/estudioromanelli.es\/wp-content\/uploads\/2019\/11\/reformas-integrales-barcelona.jpg","datePublished":"2015-08-23T17:26:32+00:00","dateModified":"2021-09-28T11:15:15+00:00","description":"Estudio Romanelli \u2b50 Arquitectura, interiorisme i construcci\u00f3, per assegurar el millor resultat en la seva reforma clau en m\u00e0 \u2b50 Informeu-vos sense comprom\u00eds!","breadcrumb":{"@id":"https:\/\/estudioromanelli.es\/ca\/serveis\/reformes#breadcrumb"},"inLanguage":"ca-ES","potentialAction":[{"@type":"ReadAction","target":["https:\/\/estudioromanelli.es\/ca\/serveis\/reformes"]}]},{"@type":"ImageObject","inLanguage":"ca-ES","@id":"https:\/\/estudioromanelli.es\/ca\/serveis\/reformes#primaryimage","url":"https:\/\/estudioromanelli.es\/wp-content\/uploads\/2019\/11\/reformas-integrales-barcelona.jpg","contentUrl":"https:\/\/estudioromanelli.es\/wp-content\/uploads\/2019\/11\/reformas-integrales-barcelona.jpg","width":1000,"height":480,"caption":"Reformes integrals a Barcelona"},{"@type":"BreadcrumbList","@id":"https:\/\/estudioromanelli.es\/ca\/serveis\/reformes#breadcrumb","itemListElement":[{"@type":"ListItem","position":1,"name":"LF24","item":"https:\/\/estudioromanelli.es\/ca\/home"},{"@type":"ListItem","position":2,"name":"SERVEIS","item":"https:\/\/estudioromanelli.es\/ca\/caserveis"},{"@type":"ListItem","position":3,"name":"REFORMES"}]},{"@type":"WebSite","@id":"https:\/\/estudioromanelli.es\/ca#website","url":"https:\/\/estudioromanelli.es\/ca","name":"Estudi d&#039;Interiorisme i Arquitectura a Barcelona","description":"Estudio Romanelli","potentialAction":[{"@type":"SearchAction","target":{"@type":"EntryPoint","urlTemplate":"https:\/\/estudioromanelli.es\/ca?s={search_term_string}"},"query-input":{"@type":"PropertyValueSpecification","valueRequired":true,"valueName":"search_term_string"}}],"inLanguage":"ca-ES"}]}},"_links":{"self":[{"href":"https:\/\/estudioromanelli.es\/ca\/wp-json\/wp\/v2\/pages\/4202","targetHints":{"allow":["GET"]}}],"collection":[{"href":"https:\/\/estudioromanelli.es\/ca\/wp-json\/wp\/v2\/pages"}],"about":[{"href":"https:\/\/estudioromanelli.es\/ca\/wp-json\/wp\/v2\/types\/page"}],"author":[{"embeddable":true,"href":"https:\/\/estudioromanelli.es\/ca\/wp-json\/wp\/v2\/users\/1"}],"replies":[{"embeddable":true,"href":"https:\/\/estudioromanelli.es\/ca\/wp-json\/wp\/v2\/comments?post=4202"}],"version-history":[{"count":0,"href":"https:\/\/estudioromanelli.es\/ca\/wp-json\/wp\/v2\/pages\/4202\/revisions"}],"up":[{"embeddable":true,"href":"https:\/\/estudioromanelli.es\/ca\/wp-json\/wp\/v2\/pages\/4194"}],"wp:featuredmedia":[{"embeddable":true,"href":"https:\/\/estudioromanelli.es\/ca\/wp-json\/wp\/v2\/media\/9036"}],"wp:attachment":[{"href":"https:\/\/estudioromanelli.es\/ca\/wp-json\/wp\/v2\/media?parent=4202"}],"wp:term":[{"taxonomy":"category","embeddable":true,"href":"https:\/\/estudioromanelli.es\/ca\/wp-json\/wp\/v2\/categories?post=4202"},{"taxonomy":"post_tag","embeddable":true,"href":"https:\/\/estudioromanelli.es\/ca\/wp-json\/wp\/v2\/tags?post=4202"}],"curies":[{"name":"wp","href":"https:\/\/api.w.org\/{rel}","templated":true}]}}