{"id":4201,"date":"2015-09-23T12:05:34","date_gmt":"2015-09-23T12:05:34","guid":{"rendered":"https:\/\/estudioromanelli.es\/?page_id=4201&#038;lang=ca"},"modified":"2015-12-28T17:20:17","modified_gmt":"2015-12-28T17:20:17","slug":"residencial","status":"publish","type":"page","link":"https:\/\/estudioromanelli.es\/ca\/serveis\/interiorisme\/residencial","title":{"rendered":"Residencial"},"content":{"rendered":"\n<style type=\"text\/css\" data-created_by=\"avia_inline_auto\" id=\"style-css-av-av_one_full-352b07ef7d3bc99b2e9f92e7a9e06bdb\">\n.flex_column.av-av_one_full-352b07ef7d3bc99b2e9f92e7a9e06bdb{\nborder-radius:0px 0px 0px 0px;\npadding:0px 0px 0px 0px;\n}\n<\/style>\n<div  class='flex_column av-av_one_full-352b07ef7d3bc99b2e9f92e7a9e06bdb av_one_full  avia-builder-el-0  avia-builder-el-no-sibling  first flex_column_div av-zero-column-padding  '     ><p>\n<style type=\"text\/css\" data-created_by=\"avia_inline_auto\" id=\"style-css-av-av_heading-4703f521cfb8725c97593dffe6180087\">\n#top .av-special-heading.av-av_heading-4703f521cfb8725c97593dffe6180087{\npadding-bottom:10px;\ncolor:#ffffff;\n}\nbody .av-special-heading.av-av_heading-4703f521cfb8725c97593dffe6180087 .av-special-heading-tag .heading-char{\nfont-size:25px;\n}\n.av-special-heading.av-av_heading-4703f521cfb8725c97593dffe6180087 .special-heading-inner-border{\nborder-color:#ffffff;\n}\n.av-special-heading.av-av_heading-4703f521cfb8725c97593dffe6180087 .av-subheading{\nfont-size:15px;\n}\n<\/style>\n<div  class='av-special-heading av-av_heading-4703f521cfb8725c97593dffe6180087 av-special-heading-h2 custom-color-heading blockquote modern-quote modern-centered  avia-builder-el-1  el_before_av_textblock  avia-builder-el-first '><h2 class='av-special-heading-tag '  itemprop=\"headline\"  >INTERIORISME RESIDENCIAL<\/h2><div class=\"special-heading-border\"><div class=\"special-heading-inner-border\"><\/div><\/div><\/div><br \/>\n<section  class='av_textblock_section av-av_textblock-0366cc7376be6c9e82a3e9cc8987b64f '   itemscope=\"itemscope\" itemtype=\"https:\/\/schema.org\/CreativeWork\" ><div class='avia_textblock'  itemprop=\"text\" ><p><img decoding=\"async\" class=\"alignnone wp-image-4486 size-full\" src=\"https:\/\/estudioromanelli.es\/wp-content\/uploads\/2015\/08\/servicios-interiorismo.jpg\" alt=\"Servicios de Interiorismo en Barcelona\" width=\"1000\" height=\"480\" srcset=\"https:\/\/estudioromanelli.es\/wp-content\/uploads\/2015\/08\/servicios-interiorismo.jpg 1000w, https:\/\/estudioromanelli.es\/wp-content\/uploads\/2015\/08\/servicios-interiorismo-300x144.jpg 300w, https:\/\/estudioromanelli.es\/wp-content\/uploads\/2015\/08\/servicios-interiorismo-705x338.jpg 705w, https:\/\/estudioromanelli.es\/wp-content\/uploads\/2015\/08\/servicios-interiorismo-450x216.jpg 450w\" sizes=\"(max-width: 1000px) 100vw, 1000px\" \/><\/p>\n<\/div><\/section><br \/>\n<section  class='av_textblock_section av-av_textblock-0366cc7376be6c9e82a3e9cc8987b64f '   itemscope=\"itemscope\" itemtype=\"https:\/\/schema.org\/CreativeWork\" ><div class='avia_textblock'  itemprop=\"text\" ><p>A Estudio Romanelli ens dediquem a projectar i decorar espais residencials. Ens encarreguem del proc\u00e9s complet, vam dissenyar la distribuci\u00f3 de l&#8217;habitatge amb particular atenci\u00f3 a les exig\u00e8ncies de cada client.<\/p>\n<\/div><\/section><br \/>\n<section  class='av_textblock_section av-av_textblock-0366cc7376be6c9e82a3e9cc8987b64f '   itemscope=\"itemscope\" itemtype=\"https:\/\/schema.org\/CreativeWork\" ><div class='avia_textblock'  itemprop=\"text\" ><p>Desenvolupem les idees i els conceptes en base a <span class=\"decolor\">><a class=\"decolor\"> href=&#8221;https:\/\/estudioromanelli.es\/caestudi\/estils\/&#8221;><strong>l&#8217;estil<\/strong> <\/a><\/span>propi de l&#8217;usuari, triant els materials i el mobiliari m\u00e9s va adaptar a cada projecte. Disposem de t\u00e8cnics especialitzats en la<strong> tramitaci\u00f3 de tota la documentaci\u00f3 necess\u00e0ria<\/strong>, contractem als professionals de cada sector i subministrem tots els materials, mobiliari i objectes de decoraci\u00f3, \u00e9s a dir, ens encarreguem de tota la <span class=\"decolor\">><a class=\"decolor\"> href=&#8221;https:\/\/estudioromanelli.es\/caserveis\/reformes\/&#8221;><strong>reforma<\/strong> <\/a><\/span>o rehabilitaci\u00f3 d&#8217;un habitatge des de l&#8217;inici fins el lliurament de les claus. Oferim solucions personalitzades, integrals i adaptades a qualsevol necessitat.<\/p>\n<p>Dur a terme un projecte <span class=\"decolor\">><a class=\"decolor\"> href=&#8221;https:\/\/estudioromanelli.es\/caserveis\/interiorisme\/&#8221;><strong>d&#8217;interiorisme<\/strong> <\/a><\/span>amb \u00e8xit no \u00e9s tasca f\u00e0cil, per aix\u00f2 cal confiar el projecte i la reforma a una empresa que no nom\u00e9s s\u00e0piga dissenyar uns espais acollidors i confortables sin\u00f3 que tamb\u00e9 pugui <strong>gestionar tot el proc\u00e9s d&#8217;una forma organitzada<\/strong>, constant i sobretot que compti amb els millors professionals dels diversos sectors.<\/p>\n<p>Quan vam decidir emprendre la reforma del nostre habitatge, necessitem de professionals que ens gui\u00efn al llarg de tot el proc\u00e9s constructiu, des de les idees inicials fins al final de l&#8217;obra. Quan anem a realitzar la rehabilitaci\u00f3 d&#8217;un habitatge \u00e9s de vital import\u00e0ncia organitzar tots els treballs per a un correcte desenvolupament de tot el proc\u00e9s. Estudio Romanelli aporta assessorament als nostres clients al llarg de tot el proc\u00e9s <strong>d&#8217;interiorisme<\/strong>:<\/p>\n<p><strong>Definici\u00f3 de necessitats<\/strong>: El nostre estudi d&#8217;arquitectura interior dedica les primeres reunions amb el client a determinar i definir quins s\u00f3n els objectius i l&#8217;estil del projecte d&#8217;interiorisme. \u00c9s fonamental definir els objectius des d&#8217;un principi per poder dur a terme la reforma d&#8217;un habitatge d&#8217;una forma reeixida i de manera satisfact\u00f2ria per al client complint amb totes les seves expectatives.<\/p>\n<p><strong>Distribuci\u00f3<\/strong>: Un cop determinades les necessitats, hem de focalitzar el nostre esfor\u00e7 a buscar la distribuci\u00f3 que m\u00e9s s&#8217;adapti a nosaltres i sobretot que compleixi amb els objectius que hem definit.<\/p>\n<p><strong>Pressupost<\/strong>: \u00c9s important definir des del principi els costos del projecte. Encara que ens plantegem diferents opcions hem de tenir sota control quins s\u00f3n els costos que comporta cada alternativa. En el nostre estudi d&#8217;interiorisme disposem de professionals que controlen des de les fases inicials del projecte tots els costos del proc\u00e9s constructiu. Una bona <a href=\"https:\/\/estudioromanelli.es\/caserveis\/gestio-de-projectes\/\"><span class=\"cunderline\">><strong><span class=\"decolor\">>gesti\u00f3 de projecte<\/span> <\/strong><\/span><\/a>ens garanteix el control sobre el pressupost i ens permet evitar sobrecostos.<\/p>\n<p><strong>Contractaci\u00f3<\/strong>: Abans de contractar les empreses i als professionals que intervindran en els treballs de reforma del nostre habitatge necessitem comparar molts pressupostos d&#8217;empreses que puguin oferir els seus serveis. Aquesta tasca \u00e9s molt complicada per a una persona no experta en aquest sector. A\u00a0Estudio Romanelli treballem com a contractistes des de molts anys i disposem d&#8217;una \u00e0mplia plantilla de professionals amb els quals hem realitzat nombroses obres. D&#8217;aquesta manera podem escollir els professionals m\u00e9s adients per a cada treball i que millor s&#8217;adaptin al pressupost d&#8217;una obra en concret. A m\u00e9s, el nostre estudi d&#8217;interiorisme sol ser l&#8217;\u00fanic interlocutor amb el client, d&#8217;aquesta manera es pot simplificar enormement el proc\u00e9s de contractaci\u00f3 dels industrials i donar resposta immediata a les inquietuds dels clients.<\/p>\n<p><strong>Garanties<\/strong>: Per a la tranquil\u00b7litat del client i dels ve\u00efns \u00e9s indispensable contractar una empresa amb una asseguran\u00e7a de responsabilitat civil per poder fer front a qualsevol avaria o desperfecte que es pugui ocasionar en el transcurs de les obres. En Estudio Romanelli garantim tots els nostres treballs, oferint als nostres clients el millor servei amb una relaci\u00f3 qualitat-preu incomparable, a m\u00e9s de la tranquil\u00b7litat d&#8217;un \u00e8xit segur en la reforma del seu habitatge.<\/p>\n<p><strong>Permisos<\/strong>: \u00c9s molt important con\u00e8ixer i tramitar tots les llic\u00e8ncies necess\u00e0ria per a la realitzaci\u00f3 d&#8217;una reforma o rehabilitaci\u00f3. Hi ha diferents tipus de permisos en base als treballs a executar en l&#8217;habitatge. Per evitar desagradables sorpreses cal presentar als organismes competents tota la documentaci\u00f3 necess\u00e0ria a l&#8217;obtenci\u00f3 del perm\u00eds corresponent. En el nostre estudi d&#8217;interiorisme a Barcelona disposem d&#8217;arquitectes, enginyers i aparelladors que s&#8217;encarreguen de dur a terme tots els tr\u00e0mits necessaris a l&#8217;hora de l&#8217;obtenci\u00f3 de les llic\u00e8ncies i permisos inherents.<\/p>\n<p><strong>Participaci\u00f3<\/strong>: En el nostre estudi d&#8217;arquitectura interior ens encarreguem del proc\u00e9s complet des de les idees inicials fins al lliurament de claus. Desenvolupem els conceptes i els dissenys de projecte i ens encarreguem de la tramitaci\u00f3 dels permisos inherents. Ens dediquem a la direcci\u00f3 d&#8217;obra i gesti\u00f3 de projecte. Som contractistes i disposem de tots els industrials i professionals necessaris per dur a terme amb \u00e8xit i satisfacci\u00f3 la reforma i decoraci\u00f3 de la seva llar.<\/p>\n<p>Li agradaria saber m\u00e9s sobre els nostres serveis d&#8217;interiorisme residencial? Contacti amb nosaltres. Estarem encantats d&#8217;ajudar.<\/p>\n<p><a href=\"https:\/\/estudioromanelli.es\/cacontacte\/\"><span class=\"decolor\">><strong>Sol\u00b7liciti una visita amb Estudio Romanelli sense cap comprom<\/strong><strong>\u00eds<\/strong><\/span><\/a><\/p>\n<\/div><\/section><br \/>\n<section  class='av_textblock_section av-av_textblock-0366cc7376be6c9e82a3e9cc8987b64f '   itemscope=\"itemscope\" itemtype=\"https:\/\/schema.org\/CreativeWork\" ><div class='avia_textblock'  itemprop=\"text\" ><p><img decoding=\"async\" class=\"alignnone wp-image-4045 size-full\" src=\"https:\/\/estudioromanelli.es\/wp-content\/uploads\/2015\/09\/SALON-BLANES.jpg\" alt=\"SALON BLANES\" width=\"1167\" height=\"670\" srcset=\"https:\/\/estudioromanelli.es\/wp-content\/uploads\/2015\/09\/SALON-BLANES.jpg 1167w, https:\/\/estudioromanelli.es\/wp-content\/uploads\/2015\/09\/SALON-BLANES-300x172.jpg 300w, https:\/\/estudioromanelli.es\/wp-content\/uploads\/2015\/09\/SALON-BLANES-1030x591.jpg 1030w, https:\/\/estudioromanelli.es\/wp-content\/uploads\/2015\/09\/SALON-BLANES-705x405.jpg 705w, https:\/\/estudioromanelli.es\/wp-content\/uploads\/2015\/09\/SALON-BLANES-450x258.jpg 450w\" sizes=\"(max-width: 1167px) 100vw, 1167px\" \/><\/p>\n<\/div><\/section><br \/>\n\n<style type=\"text\/css\" data-created_by=\"avia_inline_auto\" id=\"style-css-av-av_image-f484c504b4c8c99c4212bd9dcc50c15f\">\n.avia-image-container.av-av_image-f484c504b4c8c99c4212bd9dcc50c15f img.avia_image{\nbox-shadow:none;\n}\n.avia-image-container.av-av_image-f484c504b4c8c99c4212bd9dcc50c15f .av-image-caption-overlay-center{\ncolor:#ffffff;\n}\n<\/style>\n<div  class='avia-image-container av-av_image-f484c504b4c8c99c4212bd9dcc50c15f av-styling- avia-align-center  avia-builder-el-6  el_after_av_textblock  avia-builder-el-last '   itemprop=\"image\" itemscope=\"itemscope\" itemtype=\"https:\/\/schema.org\/ImageObject\" ><div class=\"avia-image-container-inner\"><div class=\"avia-image-overlay-wrap\"><img decoding=\"async\" fetchpriority=\"high\" class='wp-image-20675 avia-img-lazy-loading-not-20675 avia_image ' src=\"https:\/\/estudioromanelli.es\/wp-content\/uploads\/2015\/07\/AGA_BLANES_0024.jpg\" alt='Vista de la cambra de bany - Reforma realitzada per Estudi Romanelli' title='Vista de la cambra de bany - Reforma realitzada per Estudi Romanelli'  height=\"779\" width=\"1167\"  itemprop=\"thumbnailUrl\" srcset=\"https:\/\/estudioromanelli.es\/wp-content\/uploads\/2015\/07\/AGA_BLANES_0024.jpg 1167w, https:\/\/estudioromanelli.es\/wp-content\/uploads\/2015\/07\/AGA_BLANES_0024-300x200.jpg 300w, https:\/\/estudioromanelli.es\/wp-content\/uploads\/2015\/07\/AGA_BLANES_0024-1030x688.jpg 1030w, https:\/\/estudioromanelli.es\/wp-content\/uploads\/2015\/07\/AGA_BLANES_0024-705x471.jpg 705w, https:\/\/estudioromanelli.es\/wp-content\/uploads\/2015\/07\/AGA_BLANES_0024-450x300.jpg 450w\" sizes=\"(max-width: 1167px) 100vw, 1167px\" \/><\/div><\/div><\/div><\/p><\/div>\n","protected":false},"excerpt":{"rendered":"","protected":false},"author":1,"featured_media":0,"parent":4199,"menu_order":0,"comment_status":"closed","ping_status":"closed","template":"","meta":{"footnotes":""},"categories":[],"tags":[],"class_list":["post-4201","page","type-page","status-publish","hentry"],"yoast_head":"<!-- This site is optimized with the Yoast SEO plugin v26.8 - https:\/\/yoast.com\/product\/yoast-seo-wordpress\/ -->\n<title>interiorisme residencial<\/title>\n<meta name=\"description\" content=\"A Estudio Romanelli ens dediquem a projectes d&#039;interiorisme i decoraci\u00f3 per al seu habitatge. Asseguri el millor resultat en el seu projecte. Descobreixi com podem ajudar-lo.\" \/>\n<meta name=\"robots\" content=\"index, follow, max-snippet:-1, max-image-preview:large, max-video-preview:-1\" \/>\n<link rel=\"canonical\" href=\"https:\/\/estudioromanelli.es\/ca\/serveis\/interiorisme\/residencial\" \/>\n<meta property=\"og:locale\" content=\"ca_ES\" \/>\n<meta property=\"og:type\" content=\"article\" \/>\n<meta property=\"og:title\" content=\"interiorisme residencial\" \/>\n<meta property=\"og:description\" content=\"A Estudio Romanelli ens dediquem a projectes d&#039;interiorisme i decoraci\u00f3 per al seu habitatge. Asseguri el millor resultat en el seu projecte. Descobreixi com podem ajudar-lo.\" \/>\n<meta property=\"og:url\" content=\"https:\/\/estudioromanelli.es\/ca\/serveis\/interiorisme\/residencial\" \/>\n<meta property=\"og:site_name\" content=\"Estudi d&#039;Interiorisme i Arquitectura a Barcelona\" \/>\n<meta property=\"article:modified_time\" content=\"2015-12-28T17:20:17+00:00\" \/>\n<meta property=\"og:image\" content=\"https:\/\/estudioromanelli.es\/wp-content\/uploads\/2015\/08\/servicios-interiorismo.jpg\" \/>\n<meta name=\"twitter:card\" content=\"summary_large_image\" \/>\n<meta name=\"twitter:label1\" content=\"Est. reading time\" \/>\n\t<meta name=\"twitter:data1\" content=\"5 minutes\" \/>\n<script type=\"application\/ld+json\" class=\"yoast-schema-graph\">{\"@context\":\"https:\/\/schema.org\",\"@graph\":[{\"@type\":\"WebPage\",\"@id\":\"https:\/\/estudioromanelli.es\/ca\/serveis\/interiorisme\/residencial\",\"url\":\"https:\/\/estudioromanelli.es\/ca\/serveis\/interiorisme\/residencial\",\"name\":\"interiorisme residencial\",\"isPartOf\":{\"@id\":\"https:\/\/estudioromanelli.es\/ca#website\"},\"primaryImageOfPage\":{\"@id\":\"https:\/\/estudioromanelli.es\/ca\/serveis\/interiorisme\/residencial#primaryimage\"},\"image\":{\"@id\":\"https:\/\/estudioromanelli.es\/ca\/serveis\/interiorisme\/residencial#primaryimage\"},\"thumbnailUrl\":\"https:\/\/estudioromanelli.es\/wp-content\/uploads\/2015\/08\/servicios-interiorismo.jpg\",\"datePublished\":\"2015-09-23T12:05:34+00:00\",\"dateModified\":\"2015-12-28T17:20:17+00:00\",\"description\":\"A Estudio Romanelli ens dediquem a projectes d'interiorisme i decoraci\u00f3 per al seu habitatge. Asseguri el millor resultat en el seu projecte. Descobreixi com podem ajudar-lo.\",\"breadcrumb\":{\"@id\":\"https:\/\/estudioromanelli.es\/ca\/serveis\/interiorisme\/residencial#breadcrumb\"},\"inLanguage\":\"ca-ES\",\"potentialAction\":[{\"@type\":\"ReadAction\",\"target\":[\"https:\/\/estudioromanelli.es\/ca\/serveis\/interiorisme\/residencial\"]}]},{\"@type\":\"ImageObject\",\"inLanguage\":\"ca-ES\",\"@id\":\"https:\/\/estudioromanelli.es\/ca\/serveis\/interiorisme\/residencial#primaryimage\",\"url\":\"https:\/\/estudioromanelli.es\/wp-content\/uploads\/2015\/08\/servicios-interiorismo.jpg\",\"contentUrl\":\"https:\/\/estudioromanelli.es\/wp-content\/uploads\/2015\/08\/servicios-interiorismo.jpg\"},{\"@type\":\"BreadcrumbList\",\"@id\":\"https:\/\/estudioromanelli.es\/ca\/serveis\/interiorisme\/residencial#breadcrumb\",\"itemListElement\":[{\"@type\":\"ListItem\",\"position\":1,\"name\":\"LF24\",\"item\":\"https:\/\/estudioromanelli.es\/ca\/home\"},{\"@type\":\"ListItem\",\"position\":2,\"name\":\"SERVEIS\",\"item\":\"https:\/\/estudioromanelli.es\/ca\/caserveis\"},{\"@type\":\"ListItem\",\"position\":3,\"name\":\"INTERIORISME\",\"item\":\"https:\/\/estudioromanelli.es\/ca\/caserveis\/interiorisme\"},{\"@type\":\"ListItem\",\"position\":4,\"name\":\"RESIDENCIAL\"}]},{\"@type\":\"WebSite\",\"@id\":\"https:\/\/estudioromanelli.es\/ca#website\",\"url\":\"https:\/\/estudioromanelli.es\/ca\",\"name\":\"Estudi d&#039;Interiorisme i Arquitectura a Barcelona\",\"description\":\"Estudio Romanelli\",\"potentialAction\":[{\"@type\":\"SearchAction\",\"target\":{\"@type\":\"EntryPoint\",\"urlTemplate\":\"https:\/\/estudioromanelli.es\/ca?s={search_term_string}\"},\"query-input\":{\"@type\":\"PropertyValueSpecification\",\"valueRequired\":true,\"valueName\":\"search_term_string\"}}],\"inLanguage\":\"ca-ES\"}]}<\/script>\n<!-- \/ Yoast SEO plugin. -->","yoast_head_json":{"title":"interiorisme residencial","description":"A Estudio Romanelli ens dediquem a projectes d'interiorisme i decoraci\u00f3 per al seu habitatge. Asseguri el millor resultat en el seu projecte. Descobreixi com podem ajudar-lo.","robots":{"index":"index","follow":"follow","max-snippet":"max-snippet:-1","max-image-preview":"max-image-preview:large","max-video-preview":"max-video-preview:-1"},"canonical":"https:\/\/estudioromanelli.es\/ca\/serveis\/interiorisme\/residencial","og_locale":"ca_ES","og_type":"article","og_title":"interiorisme residencial","og_description":"A Estudio Romanelli ens dediquem a projectes d'interiorisme i decoraci\u00f3 per al seu habitatge. Asseguri el millor resultat en el seu projecte. Descobreixi com podem ajudar-lo.","og_url":"https:\/\/estudioromanelli.es\/ca\/serveis\/interiorisme\/residencial","og_site_name":"Estudi d&#039;Interiorisme i Arquitectura a Barcelona","article_modified_time":"2015-12-28T17:20:17+00:00","og_image":[{"url":"https:\/\/estudioromanelli.es\/wp-content\/uploads\/2015\/08\/servicios-interiorismo.jpg","type":"","width":"","height":""}],"twitter_card":"summary_large_image","twitter_misc":{"Est. reading time":"5 minutes"},"schema":{"@context":"https:\/\/schema.org","@graph":[{"@type":"WebPage","@id":"https:\/\/estudioromanelli.es\/ca\/serveis\/interiorisme\/residencial","url":"https:\/\/estudioromanelli.es\/ca\/serveis\/interiorisme\/residencial","name":"interiorisme residencial","isPartOf":{"@id":"https:\/\/estudioromanelli.es\/ca#website"},"primaryImageOfPage":{"@id":"https:\/\/estudioromanelli.es\/ca\/serveis\/interiorisme\/residencial#primaryimage"},"image":{"@id":"https:\/\/estudioromanelli.es\/ca\/serveis\/interiorisme\/residencial#primaryimage"},"thumbnailUrl":"https:\/\/estudioromanelli.es\/wp-content\/uploads\/2015\/08\/servicios-interiorismo.jpg","datePublished":"2015-09-23T12:05:34+00:00","dateModified":"2015-12-28T17:20:17+00:00","description":"A Estudio Romanelli ens dediquem a projectes d'interiorisme i decoraci\u00f3 per al seu habitatge. Asseguri el millor resultat en el seu projecte. Descobreixi com podem ajudar-lo.","breadcrumb":{"@id":"https:\/\/estudioromanelli.es\/ca\/serveis\/interiorisme\/residencial#breadcrumb"},"inLanguage":"ca-ES","potentialAction":[{"@type":"ReadAction","target":["https:\/\/estudioromanelli.es\/ca\/serveis\/interiorisme\/residencial"]}]},{"@type":"ImageObject","inLanguage":"ca-ES","@id":"https:\/\/estudioromanelli.es\/ca\/serveis\/interiorisme\/residencial#primaryimage","url":"https:\/\/estudioromanelli.es\/wp-content\/uploads\/2015\/08\/servicios-interiorismo.jpg","contentUrl":"https:\/\/estudioromanelli.es\/wp-content\/uploads\/2015\/08\/servicios-interiorismo.jpg"},{"@type":"BreadcrumbList","@id":"https:\/\/estudioromanelli.es\/ca\/serveis\/interiorisme\/residencial#breadcrumb","itemListElement":[{"@type":"ListItem","position":1,"name":"LF24","item":"https:\/\/estudioromanelli.es\/ca\/home"},{"@type":"ListItem","position":2,"name":"SERVEIS","item":"https:\/\/estudioromanelli.es\/ca\/caserveis"},{"@type":"ListItem","position":3,"name":"INTERIORISME","item":"https:\/\/estudioromanelli.es\/ca\/caserveis\/interiorisme"},{"@type":"ListItem","position":4,"name":"RESIDENCIAL"}]},{"@type":"WebSite","@id":"https:\/\/estudioromanelli.es\/ca#website","url":"https:\/\/estudioromanelli.es\/ca","name":"Estudi d&#039;Interiorisme i Arquitectura a Barcelona","description":"Estudio Romanelli","potentialAction":[{"@type":"SearchAction","target":{"@type":"EntryPoint","urlTemplate":"https:\/\/estudioromanelli.es\/ca?s={search_term_string}"},"query-input":{"@type":"PropertyValueSpecification","valueRequired":true,"valueName":"search_term_string"}}],"inLanguage":"ca-ES"}]}},"_links":{"self":[{"href":"https:\/\/estudioromanelli.es\/ca\/wp-json\/wp\/v2\/pages\/4201","targetHints":{"allow":["GET"]}}],"collection":[{"href":"https:\/\/estudioromanelli.es\/ca\/wp-json\/wp\/v2\/pages"}],"about":[{"href":"https:\/\/estudioromanelli.es\/ca\/wp-json\/wp\/v2\/types\/page"}],"author":[{"embeddable":true,"href":"https:\/\/estudioromanelli.es\/ca\/wp-json\/wp\/v2\/users\/1"}],"replies":[{"embeddable":true,"href":"https:\/\/estudioromanelli.es\/ca\/wp-json\/wp\/v2\/comments?post=4201"}],"version-history":[{"count":0,"href":"https:\/\/estudioromanelli.es\/ca\/wp-json\/wp\/v2\/pages\/4201\/revisions"}],"up":[{"embeddable":true,"href":"https:\/\/estudioromanelli.es\/ca\/wp-json\/wp\/v2\/pages\/4199"}],"wp:attachment":[{"href":"https:\/\/estudioromanelli.es\/ca\/wp-json\/wp\/v2\/media?parent=4201"}],"wp:term":[{"taxonomy":"category","embeddable":true,"href":"https:\/\/estudioromanelli.es\/ca\/wp-json\/wp\/v2\/categories?post=4201"},{"taxonomy":"post_tag","embeddable":true,"href":"https:\/\/estudioromanelli.es\/ca\/wp-json\/wp\/v2\/tags?post=4201"}],"curies":[{"name":"wp","href":"https:\/\/api.w.org\/{rel}","templated":true}]}}