{"id":4200,"date":"2015-09-23T12:05:46","date_gmt":"2015-09-23T12:05:46","guid":{"rendered":"https:\/\/estudioromanelli.es\/?page_id=4200&#038;lang=ca"},"modified":"2016-01-29T15:52:08","modified_gmt":"2016-01-29T15:52:08","slug":"comercial","status":"publish","type":"page","link":"https:\/\/estudioromanelli.es\/ca\/serveis\/interiorisme\/comercial","title":{"rendered":"Comercial"},"content":{"rendered":"\n<style type=\"text\/css\" data-created_by=\"avia_inline_auto\" id=\"style-css-av-av_one_full-352b07ef7d3bc99b2e9f92e7a9e06bdb\">\n.flex_column.av-av_one_full-352b07ef7d3bc99b2e9f92e7a9e06bdb{\nborder-radius:0px 0px 0px 0px;\npadding:0px 0px 0px 0px;\n}\n<\/style>\n<div  class='flex_column av-av_one_full-352b07ef7d3bc99b2e9f92e7a9e06bdb av_one_full  avia-builder-el-0  avia-builder-el-no-sibling  first flex_column_div av-zero-column-padding  '     ><p>\n<style type=\"text\/css\" data-created_by=\"avia_inline_auto\" id=\"style-css-av-av_heading-06dde608c15b0d89af3150c27e4d36d0\">\n#top .av-special-heading.av-av_heading-06dde608c15b0d89af3150c27e4d36d0{\npadding-bottom:10px;\ncolor:#ffffff;\n}\nbody .av-special-heading.av-av_heading-06dde608c15b0d89af3150c27e4d36d0 .av-special-heading-tag .heading-char{\nfont-size:25px;\n}\n.av-special-heading.av-av_heading-06dde608c15b0d89af3150c27e4d36d0 .special-heading-inner-border{\nborder-color:#ffffff;\n}\n.av-special-heading.av-av_heading-06dde608c15b0d89af3150c27e4d36d0 .av-subheading{\nfont-size:15px;\n}\n<\/style>\n<div  class='av-special-heading av-av_heading-06dde608c15b0d89af3150c27e4d36d0 av-special-heading-h2 custom-color-heading blockquote modern-quote modern-centered  avia-builder-el-1  el_before_av_textblock  avia-builder-el-first '><h2 class='av-special-heading-tag '  itemprop=\"headline\"  >INTERIORISME DE LOCALS COMERCIALS<\/h2><div class=\"special-heading-border\"><div class=\"special-heading-inner-border\"><\/div><\/div><\/div><br \/>\n<section  class='av_textblock_section av-av_textblock-0366cc7376be6c9e82a3e9cc8987b64f '   itemscope=\"itemscope\" itemtype=\"https:\/\/schema.org\/CreativeWork\" ><div class='avia_textblock'  itemprop=\"text\" ><p><a href=\"https:\/\/estudioromanelli.es\/wp-content\/uploads\/2016\/01\/RISTORANTE-AM-BARCELONA_2.jpg\"><img decoding=\"async\" class=\"aligncenter wp-image-4662 size-full\" src=\"https:\/\/estudioromanelli.es\/wp-content\/uploads\/2016\/01\/RISTORANTE-AM-BARCELONA_2.jpg\" alt=\"RISTORANTE AM BARCELONA_2\" width=\"4032\" height=\"2130\" srcset=\"https:\/\/estudioromanelli.es\/wp-content\/uploads\/2016\/01\/RISTORANTE-AM-BARCELONA_2.jpg 4032w, https:\/\/estudioromanelli.es\/wp-content\/uploads\/2016\/01\/RISTORANTE-AM-BARCELONA_2-300x158.jpg 300w, https:\/\/estudioromanelli.es\/wp-content\/uploads\/2016\/01\/RISTORANTE-AM-BARCELONA_2-1030x544.jpg 1030w, https:\/\/estudioromanelli.es\/wp-content\/uploads\/2016\/01\/RISTORANTE-AM-BARCELONA_2-1500x792.jpg 1500w, https:\/\/estudioromanelli.es\/wp-content\/uploads\/2016\/01\/RISTORANTE-AM-BARCELONA_2-710x375.jpg 710w, https:\/\/estudioromanelli.es\/wp-content\/uploads\/2016\/01\/RISTORANTE-AM-BARCELONA_2-705x372.jpg 705w, https:\/\/estudioromanelli.es\/wp-content\/uploads\/2016\/01\/RISTORANTE-AM-BARCELONA_2-450x238.jpg 450w\" sizes=\"(max-width: 4032px) 100vw, 4032px\" \/><\/a><br \/>\nA Estudio Romanelli oferim serveis<strong> d&#8217;arquitectura interior de locals comercials<\/strong> completament adaptats a les seves necessitats. Sabem de la import\u00e0ncia de combinar l&#8217;estil d&#8217;un espai comercial amb el producte o el servei que en ell es ven, tenint sempre present la localitzaci\u00f3 del negoci i el p\u00fablic a qui s&#8217;adre\u00e7a.<\/p>\n<p>Com en tots els serveis oferts pel nostre<span class=\"decolor\">><strong> <a class=\"decolor\"> href=&#8221;https:\/\/estudioromanelli.es\/caserveis\/interiorisme\/&#8221;>estudi d&#8217;interiorisme<\/a><\/strong><\/span> treballem com a contractistes i d&#8217;aquesta manera podem controlar tot el proc\u00e9s des del principi fins al lliurament de claus, respectant sempre els terminis acordats.<\/p>\n<p>Oferim serveis d&#8217;<strong>interiorisme comercial i decoraci\u00f3<\/strong>, reforma integral o parcial d&#8217;oficines i canvi d&#8217;imatge del seu establiment. Tot aix\u00f2 amb la garantia i la cura pel detall que ens caracteritza.<\/p>\n<\/div><\/section><br \/>\n<section  class='av_textblock_section av-av_textblock-0366cc7376be6c9e82a3e9cc8987b64f '   itemscope=\"itemscope\" itemtype=\"https:\/\/schema.org\/CreativeWork\" ><div class='avia_textblock'  itemprop=\"text\" ><p>Comptem amb professionals amb molts anys d&#8217;experi\u00e8ncia en el sector dels negocis i de la construcci\u00f3. Aquesta combinaci\u00f3 ens permet donar resposta a totes les necessitats dels nostres clients, als que oferim el servei claus en m\u00e0, ocupant-nos del proc\u00e9s complet sense perdre de vista l&#8217;objectiu principal de qualsevol negoci: <strong>Maximitzar els guanys<\/strong> a trav\u00e9s de la implementaci\u00f3 de sistemes de circulaci\u00f3 efectiva, localitzaci\u00f3 dels productes, m\u00e0rqueting emocional, psicologia del color, etc i <strong>reduir les despeses<\/strong> (estalvi energ\u00e8tic, aprofitament de l&#8217;espai i materials, emmagatzematge organitzat, etc.).<\/p>\n<p>Per aconseguir aquest objectiu, els nostres projectes d&#8217;interiorisme comercial es regeixen sempre pels seg\u00fcents punts:<\/p>\n<p><strong>Atracci\u00f3<\/strong>: El projecte d&#8217;interiorisme ha d&#8217;estar alineat amb el producte que es ven, i capa\u00e7 d&#8217;atreure l&#8217;atenci\u00f3 del client, tenint sempre en compte la inversi\u00f3 per part de l&#8217;empresari, cal ser capa\u00e7os de trobar l&#8217;equilibri entre la inversi\u00f3 i el retorn econ\u00f2mic.<\/p>\n<p><strong>Diferenciaci\u00f3<\/strong>: Les modes s\u00f3n passatgeres. Funcionen a curt termini per\u00f2 a mig termini requereixen una altra inversi\u00f3 per part de l&#8217;empresari per mantenir el volum de negoci i solen contradir els principis b\u00e0sics de la rendibilitat. Cal diferenciar de la resta, la diferenciaci\u00f3 \u00e9s una de les claus necess\u00e0ries per a l&#8217;\u00e8xit d&#8217;un negoci.<\/p>\n<p><strong>Rendibilitat<\/strong>: Abans de comen\u00e7ar a definir el projecte d&#8217;interiorisme comercial, cal analitzar detingudament tots els factors que determinen el negoci. Estudiar el pla de negoci i comunicaci\u00f3, analitzar l&#8217;empla\u00e7ament i la compet\u00e8ncia en el sector, tenir clara la imatge corporativa i la marca. Nom\u00e9s quan hem analitzat tots aquests factors podem comen\u00e7ar amb el desenvolupament de l&#8217;arquitectura interior del nostre local comercial.<\/p>\n<p><strong>Comunicaci\u00f3<\/strong>: El disseny d&#8217;un espai comercial \u00e9s part fonamental del m\u00e0rqueting i publicitat del teu negoci. Cal saber utilitzar l&#8217;interiorisme i la decoraci\u00f3 per atraure els clients i aconseguir vendre m\u00e9s, a millor preu i en major quantitat.<\/p>\n<p>En el nostre <strong>estudi d&#8217;arquitectura i interiorisme de Barcelona<\/strong>, \u200b\u200bestem en disposici\u00f3 d&#8217;ajudar i guiar al llarg de tot el proc\u00e9s de la creaci\u00f3 del seu negoci.<\/p>\n<p>El nostre assessorament no es basa nom\u00e9s en el disseny de l&#8217;interiorisme i decoraci\u00f3 del seu establiment. Tamb\u00e9 <strong>ens encarreguem de tramitar tots els permisos i llic\u00e8ncies<\/strong> necess\u00e0ries no nom\u00e9s pel que respecta l&#8217;obra de reforma, sin\u00f3 que tamb\u00e9 tramitem tota la documentaci\u00f3 i certificacions necess\u00e0ries a l&#8217;obertura del negoci.<\/p>\n<p>A m\u00e9s disposem de l&#8217;assessorament d&#8217;urbanistes, experts en m\u00e0rqueting i publicitat i professionals en diversos sectors que es dediquen a analitzar detingudament cada cas, estudiant el tipus d&#8217;activitat, l&#8217;empla\u00e7ament, el p\u00fablic i tots aquests factors que cal tenir presents per aconseguir obrir un nou negoci amb \u00e8xit.<\/p>\n<p>Li agradaria saber m\u00e9s sobre els nostres serveis d&#8217;interiorisme comercial? Contacti amb nosaltres. Estarem encantats d&#8217;ajudar.<\/p>\n<p><span class=\"decolor\">><strong><a class=\"decolor\"> href=&#8221;https:\/\/estudioromanelli.es\/cacontacte\/&#8221;>Sol\u00b7liciti una visita amb Estudio Romanelli sense cap comprom\u00eds<\/a><\/strong><\/span><\/p>\n<p><a href=\"https:\/\/estudioromanelli.es\/wp-content\/uploads\/2016\/01\/RISTORANTE-AM-BARCELONA_ENTRADA.jpg\"><img decoding=\"async\" class=\"aligncenter wp-image-4663 size-full\" src=\"https:\/\/estudioromanelli.es\/wp-content\/uploads\/2016\/01\/RISTORANTE-AM-BARCELONA_ENTRADA.jpg\" alt=\"RISTORANTE AM BARCELONA_ENTRADA\" width=\"3900\" height=\"2748\" srcset=\"https:\/\/estudioromanelli.es\/wp-content\/uploads\/2016\/01\/RISTORANTE-AM-BARCELONA_ENTRADA.jpg 3900w, https:\/\/estudioromanelli.es\/wp-content\/uploads\/2016\/01\/RISTORANTE-AM-BARCELONA_ENTRADA-300x211.jpg 300w, https:\/\/estudioromanelli.es\/wp-content\/uploads\/2016\/01\/RISTORANTE-AM-BARCELONA_ENTRADA-1030x726.jpg 1030w, https:\/\/estudioromanelli.es\/wp-content\/uploads\/2016\/01\/RISTORANTE-AM-BARCELONA_ENTRADA-1500x1057.jpg 1500w, https:\/\/estudioromanelli.es\/wp-content\/uploads\/2016\/01\/RISTORANTE-AM-BARCELONA_ENTRADA-705x497.jpg 705w, https:\/\/estudioromanelli.es\/wp-content\/uploads\/2016\/01\/RISTORANTE-AM-BARCELONA_ENTRADA-450x317.jpg 450w\" sizes=\"(max-width: 3900px) 100vw, 3900px\" \/><\/a><\/p>\n<\/div><\/section><\/p><\/div>\n","protected":false},"excerpt":{"rendered":"","protected":false},"author":1,"featured_media":0,"parent":4199,"menu_order":0,"comment_status":"closed","ping_status":"closed","template":"","meta":{"footnotes":""},"categories":[],"tags":[],"class_list":["post-4200","page","type-page","status-publish","hentry"],"yoast_head":"<!-- This site is optimized with the Yoast SEO plugin v26.8 - https:\/\/yoast.com\/product\/yoast-seo-wordpress\/ -->\n<title>Interiorisme comercial<\/title>\n<meta name=\"description\" content=\"A Estudio Romanelli ens dediquem a projectes d&#039;arquitectura interior per al seu local comercial. Asseguri el millor resultat en el seu projecte. Descobreixi com podem ajudar-lo.\" \/>\n<meta name=\"robots\" content=\"index, follow, max-snippet:-1, max-image-preview:large, max-video-preview:-1\" \/>\n<link rel=\"canonical\" href=\"https:\/\/estudioromanelli.es\/ca\/serveis\/interiorisme\/comercial\" \/>\n<meta property=\"og:locale\" content=\"ca_ES\" \/>\n<meta property=\"og:type\" content=\"article\" \/>\n<meta property=\"og:title\" content=\"Interiorisme comercial\" \/>\n<meta property=\"og:description\" content=\"A Estudio Romanelli ens dediquem a projectes d&#039;arquitectura interior per al seu local comercial. Asseguri el millor resultat en el seu projecte. Descobreixi com podem ajudar-lo.\" \/>\n<meta property=\"og:url\" content=\"https:\/\/estudioromanelli.es\/ca\/serveis\/interiorisme\/comercial\" \/>\n<meta property=\"og:site_name\" content=\"Estudi d&#039;Interiorisme i Arquitectura a Barcelona\" \/>\n<meta property=\"article:modified_time\" content=\"2016-01-29T15:52:08+00:00\" \/>\n<meta property=\"og:image\" content=\"https:\/\/estudioromanelli.es\/wp-content\/uploads\/2016\/01\/RISTORANTE-AM-BARCELONA_2.jpg\" \/>\n<meta name=\"twitter:card\" content=\"summary_large_image\" \/>\n<meta name=\"twitter:label1\" content=\"Est. reading time\" \/>\n\t<meta name=\"twitter:data1\" content=\"4 minutes\" \/>\n<script type=\"application\/ld+json\" class=\"yoast-schema-graph\">{\"@context\":\"https:\/\/schema.org\",\"@graph\":[{\"@type\":\"WebPage\",\"@id\":\"https:\/\/estudioromanelli.es\/ca\/serveis\/interiorisme\/comercial\",\"url\":\"https:\/\/estudioromanelli.es\/ca\/serveis\/interiorisme\/comercial\",\"name\":\"Interiorisme comercial\",\"isPartOf\":{\"@id\":\"https:\/\/estudioromanelli.es\/ca#website\"},\"primaryImageOfPage\":{\"@id\":\"https:\/\/estudioromanelli.es\/ca\/serveis\/interiorisme\/comercial#primaryimage\"},\"image\":{\"@id\":\"https:\/\/estudioromanelli.es\/ca\/serveis\/interiorisme\/comercial#primaryimage\"},\"thumbnailUrl\":\"https:\/\/estudioromanelli.es\/wp-content\/uploads\/2016\/01\/RISTORANTE-AM-BARCELONA_2.jpg\",\"datePublished\":\"2015-09-23T12:05:46+00:00\",\"dateModified\":\"2016-01-29T15:52:08+00:00\",\"description\":\"A Estudio Romanelli ens dediquem a projectes d'arquitectura interior per al seu local comercial. Asseguri el millor resultat en el seu projecte. Descobreixi com podem ajudar-lo.\",\"breadcrumb\":{\"@id\":\"https:\/\/estudioromanelli.es\/ca\/serveis\/interiorisme\/comercial#breadcrumb\"},\"inLanguage\":\"ca-ES\",\"potentialAction\":[{\"@type\":\"ReadAction\",\"target\":[\"https:\/\/estudioromanelli.es\/ca\/serveis\/interiorisme\/comercial\"]}]},{\"@type\":\"ImageObject\",\"inLanguage\":\"ca-ES\",\"@id\":\"https:\/\/estudioromanelli.es\/ca\/serveis\/interiorisme\/comercial#primaryimage\",\"url\":\"https:\/\/estudioromanelli.es\/wp-content\/uploads\/2016\/01\/RISTORANTE-AM-BARCELONA_2.jpg\",\"contentUrl\":\"https:\/\/estudioromanelli.es\/wp-content\/uploads\/2016\/01\/RISTORANTE-AM-BARCELONA_2.jpg\"},{\"@type\":\"BreadcrumbList\",\"@id\":\"https:\/\/estudioromanelli.es\/ca\/serveis\/interiorisme\/comercial#breadcrumb\",\"itemListElement\":[{\"@type\":\"ListItem\",\"position\":1,\"name\":\"LF24\",\"item\":\"https:\/\/estudioromanelli.es\/ca\/home\"},{\"@type\":\"ListItem\",\"position\":2,\"name\":\"SERVEIS\",\"item\":\"https:\/\/estudioromanelli.es\/ca\/caserveis\"},{\"@type\":\"ListItem\",\"position\":3,\"name\":\"INTERIORISME\",\"item\":\"https:\/\/estudioromanelli.es\/ca\/caserveis\/interiorisme\"},{\"@type\":\"ListItem\",\"position\":4,\"name\":\"COMERCIAL\"}]},{\"@type\":\"WebSite\",\"@id\":\"https:\/\/estudioromanelli.es\/ca#website\",\"url\":\"https:\/\/estudioromanelli.es\/ca\",\"name\":\"Estudi d&#039;Interiorisme i Arquitectura a Barcelona\",\"description\":\"Estudio Romanelli\",\"potentialAction\":[{\"@type\":\"SearchAction\",\"target\":{\"@type\":\"EntryPoint\",\"urlTemplate\":\"https:\/\/estudioromanelli.es\/ca?s={search_term_string}\"},\"query-input\":{\"@type\":\"PropertyValueSpecification\",\"valueRequired\":true,\"valueName\":\"search_term_string\"}}],\"inLanguage\":\"ca-ES\"}]}<\/script>\n<!-- \/ Yoast SEO plugin. -->","yoast_head_json":{"title":"Interiorisme comercial","description":"A Estudio Romanelli ens dediquem a projectes d'arquitectura interior per al seu local comercial. Asseguri el millor resultat en el seu projecte. Descobreixi com podem ajudar-lo.","robots":{"index":"index","follow":"follow","max-snippet":"max-snippet:-1","max-image-preview":"max-image-preview:large","max-video-preview":"max-video-preview:-1"},"canonical":"https:\/\/estudioromanelli.es\/ca\/serveis\/interiorisme\/comercial","og_locale":"ca_ES","og_type":"article","og_title":"Interiorisme comercial","og_description":"A Estudio Romanelli ens dediquem a projectes d'arquitectura interior per al seu local comercial. Asseguri el millor resultat en el seu projecte. Descobreixi com podem ajudar-lo.","og_url":"https:\/\/estudioromanelli.es\/ca\/serveis\/interiorisme\/comercial","og_site_name":"Estudi d&#039;Interiorisme i Arquitectura a Barcelona","article_modified_time":"2016-01-29T15:52:08+00:00","og_image":[{"url":"https:\/\/estudioromanelli.es\/wp-content\/uploads\/2016\/01\/RISTORANTE-AM-BARCELONA_2.jpg","type":"","width":"","height":""}],"twitter_card":"summary_large_image","twitter_misc":{"Est. reading time":"4 minutes"},"schema":{"@context":"https:\/\/schema.org","@graph":[{"@type":"WebPage","@id":"https:\/\/estudioromanelli.es\/ca\/serveis\/interiorisme\/comercial","url":"https:\/\/estudioromanelli.es\/ca\/serveis\/interiorisme\/comercial","name":"Interiorisme comercial","isPartOf":{"@id":"https:\/\/estudioromanelli.es\/ca#website"},"primaryImageOfPage":{"@id":"https:\/\/estudioromanelli.es\/ca\/serveis\/interiorisme\/comercial#primaryimage"},"image":{"@id":"https:\/\/estudioromanelli.es\/ca\/serveis\/interiorisme\/comercial#primaryimage"},"thumbnailUrl":"https:\/\/estudioromanelli.es\/wp-content\/uploads\/2016\/01\/RISTORANTE-AM-BARCELONA_2.jpg","datePublished":"2015-09-23T12:05:46+00:00","dateModified":"2016-01-29T15:52:08+00:00","description":"A Estudio Romanelli ens dediquem a projectes d'arquitectura interior per al seu local comercial. Asseguri el millor resultat en el seu projecte. Descobreixi com podem ajudar-lo.","breadcrumb":{"@id":"https:\/\/estudioromanelli.es\/ca\/serveis\/interiorisme\/comercial#breadcrumb"},"inLanguage":"ca-ES","potentialAction":[{"@type":"ReadAction","target":["https:\/\/estudioromanelli.es\/ca\/serveis\/interiorisme\/comercial"]}]},{"@type":"ImageObject","inLanguage":"ca-ES","@id":"https:\/\/estudioromanelli.es\/ca\/serveis\/interiorisme\/comercial#primaryimage","url":"https:\/\/estudioromanelli.es\/wp-content\/uploads\/2016\/01\/RISTORANTE-AM-BARCELONA_2.jpg","contentUrl":"https:\/\/estudioromanelli.es\/wp-content\/uploads\/2016\/01\/RISTORANTE-AM-BARCELONA_2.jpg"},{"@type":"BreadcrumbList","@id":"https:\/\/estudioromanelli.es\/ca\/serveis\/interiorisme\/comercial#breadcrumb","itemListElement":[{"@type":"ListItem","position":1,"name":"LF24","item":"https:\/\/estudioromanelli.es\/ca\/home"},{"@type":"ListItem","position":2,"name":"SERVEIS","item":"https:\/\/estudioromanelli.es\/ca\/caserveis"},{"@type":"ListItem","position":3,"name":"INTERIORISME","item":"https:\/\/estudioromanelli.es\/ca\/caserveis\/interiorisme"},{"@type":"ListItem","position":4,"name":"COMERCIAL"}]},{"@type":"WebSite","@id":"https:\/\/estudioromanelli.es\/ca#website","url":"https:\/\/estudioromanelli.es\/ca","name":"Estudi d&#039;Interiorisme i Arquitectura a Barcelona","description":"Estudio Romanelli","potentialAction":[{"@type":"SearchAction","target":{"@type":"EntryPoint","urlTemplate":"https:\/\/estudioromanelli.es\/ca?s={search_term_string}"},"query-input":{"@type":"PropertyValueSpecification","valueRequired":true,"valueName":"search_term_string"}}],"inLanguage":"ca-ES"}]}},"_links":{"self":[{"href":"https:\/\/estudioromanelli.es\/ca\/wp-json\/wp\/v2\/pages\/4200","targetHints":{"allow":["GET"]}}],"collection":[{"href":"https:\/\/estudioromanelli.es\/ca\/wp-json\/wp\/v2\/pages"}],"about":[{"href":"https:\/\/estudioromanelli.es\/ca\/wp-json\/wp\/v2\/types\/page"}],"author":[{"embeddable":true,"href":"https:\/\/estudioromanelli.es\/ca\/wp-json\/wp\/v2\/users\/1"}],"replies":[{"embeddable":true,"href":"https:\/\/estudioromanelli.es\/ca\/wp-json\/wp\/v2\/comments?post=4200"}],"version-history":[{"count":0,"href":"https:\/\/estudioromanelli.es\/ca\/wp-json\/wp\/v2\/pages\/4200\/revisions"}],"up":[{"embeddable":true,"href":"https:\/\/estudioromanelli.es\/ca\/wp-json\/wp\/v2\/pages\/4199"}],"wp:attachment":[{"href":"https:\/\/estudioromanelli.es\/ca\/wp-json\/wp\/v2\/media?parent=4200"}],"wp:term":[{"taxonomy":"category","embeddable":true,"href":"https:\/\/estudioromanelli.es\/ca\/wp-json\/wp\/v2\/categories?post=4200"},{"taxonomy":"post_tag","embeddable":true,"href":"https:\/\/estudioromanelli.es\/ca\/wp-json\/wp\/v2\/tags?post=4200"}],"curies":[{"name":"wp","href":"https:\/\/api.w.org\/{rel}","templated":true}]}}