{"id":4199,"date":"2015-09-23T12:05:59","date_gmt":"2015-09-23T12:05:59","guid":{"rendered":"https:\/\/estudioromanelli.es\/?page_id=4199&#038;lang=ca"},"modified":"2022-05-13T13:46:22","modified_gmt":"2022-05-13T13:46:22","slug":"interiorisme","status":"publish","type":"page","link":"https:\/\/estudioromanelli.es\/ca\/serveis\/interiorisme","title":{"rendered":"Interiorisme"},"content":{"rendered":"\n<style type=\"text\/css\" data-created_by=\"avia_inline_auto\" id=\"style-css-av-ajf7mv-4fdbd380b83e904a9ab6d1fa6d740e8e\">\n.flex_column.av-ajf7mv-4fdbd380b83e904a9ab6d1fa6d740e8e{\nborder-radius:0px 0px 0px 0px;\npadding:0px 0px 0px 0px;\n}\n<\/style>\n<div  class='flex_column av-ajf7mv-4fdbd380b83e904a9ab6d1fa6d740e8e av_one_full  avia-builder-el-0  avia-builder-el-no-sibling  first flex_column_div av-zero-column-padding  '     ><p>\n<style type=\"text\/css\" data-created_by=\"avia_inline_auto\" id=\"style-css-av-8zm1dz-beeac75f90ae752d43d9c090949dc1db\">\n#top .av-special-heading.av-8zm1dz-beeac75f90ae752d43d9c090949dc1db{\npadding-bottom:10px;\ncolor:#ffffff;\n}\nbody .av-special-heading.av-8zm1dz-beeac75f90ae752d43d9c090949dc1db .av-special-heading-tag .heading-char{\nfont-size:25px;\n}\n.av-special-heading.av-8zm1dz-beeac75f90ae752d43d9c090949dc1db .special-heading-inner-border{\nborder-color:#ffffff;\n}\n.av-special-heading.av-8zm1dz-beeac75f90ae752d43d9c090949dc1db .av-subheading{\nfont-size:15px;\n}\n<\/style>\n<div  class='av-special-heading av-8zm1dz-beeac75f90ae752d43d9c090949dc1db av-special-heading-h2 custom-color-heading blockquote modern-quote modern-centered  avia-builder-el-1  el_before_av_textblock  avia-builder-el-first '><h2 class='av-special-heading-tag '  itemprop=\"headline\"  >SERVEIS D\u2019INTERIORISME<\/h2><div class=\"special-heading-border\"><div class=\"special-heading-inner-border\"><\/div><\/div><\/div><br \/>\n<section  class='av_textblock_section av-704qhz-125b3f3c1fa0734c995e2024eb250b61 '   itemscope=\"itemscope\" itemtype=\"https:\/\/schema.org\/CreativeWork\" ><div class='avia_textblock'  itemprop=\"text\" ><p><img decoding=\"async\" class=\"alignnone wp-image-8658 size-full\" src=\"https:\/\/estudioromanelli.es\/wp-content\/uploads\/2019\/04\/diputacio\u0301425_0002-1.jpg\" alt=\"\" width=\"1000\" height=\"480\" srcset=\"https:\/\/estudioromanelli.es\/wp-content\/uploads\/2019\/04\/diputacio\u0301425_0002-1.jpg 1000w, https:\/\/estudioromanelli.es\/wp-content\/uploads\/2019\/04\/diputacio\u0301425_0002-1-300x144.jpg 300w, https:\/\/estudioromanelli.es\/wp-content\/uploads\/2019\/04\/diputacio\u0301425_0002-1-768x369.jpg 768w, https:\/\/estudioromanelli.es\/wp-content\/uploads\/2019\/04\/diputacio\u0301425_0002-1-705x338.jpg 705w, https:\/\/estudioromanelli.es\/wp-content\/uploads\/2019\/04\/diputacio\u0301425_0002-1-450x216.jpg 450w\" sizes=\"(max-width: 1000px) 100vw, 1000px\" \/><\/p>\n<\/div><\/section><br \/>\n<section  class='av_textblock_section av-6742h3-73c7aec5d71b20241a875a21804e8abb '   itemscope=\"itemscope\" itemtype=\"https:\/\/schema.org\/CreativeWork\" ><div class='avia_textblock'  itemprop=\"text\" ><p><strong>Com definir l&#8217;interiorisme?<\/strong><\/p>\n<p>Comunament s&#8217;associa l&#8217;interiorista o interior designer a una figura semblant m\u00e9s al estilista d&#8217;interiors que no a un projectista o arquitecte.<\/p>\n<\/div><\/section><br \/>\n<section  class='av_textblock_section av-l34ho3x7-5786df8420cb910a3a906fcdb6b8610c '   itemscope=\"itemscope\" itemtype=\"https:\/\/schema.org\/CreativeWork\" ><div class='avia_textblock'  itemprop=\"text\" ><p>En realitat l&#8217;interiorisme \u00e9s una disciplina que t\u00e9 cura amb particular atenci\u00f3 els aspectes pr\u00e0ctics i funcionals del viure, o treballar (<strong><span class=\"enlaces-subrayado\"><span class=\"enlaces-subrayado-color\"><a class=\"enlaces-subrayado-color\" href=\"https:\/\/estudioromanelli.es\/caserveis\/interiorisme\/residencial\/\">interiorisme residencial<\/a> <\/span><\/span><\/strong>o <span class=\"enlaces-subrayado\"><strong><span class=\"enlaces-subrayado-color\"><a class=\"enlaces-subrayado-color\" href=\"https:\/\/estudioromanelli.es\/caserveis\/interiorisme\/comercial\/\">comercial<\/a><\/span><\/strong><\/span>), com ara que el mobiliari tingui les correctes dimensions, que es respectin els espais de pas, que els mobles siguin c\u00f2modes i funcionals o que els materials i les tecnologies siguin de bona qualitat, garantint un bon comprom\u00eds entre confort i estalvi energ\u00e8tic. Entre bellesa i funcionalitat.<br \/>\nEn Estudio Romanelli ens dediquem a <strong>projectar i decorar espais interiors<\/strong>, ja siguin aquests d&#8217;habitatges, oficines o locals comercials, encarregant-nos de tot el proc\u00e9s complet, des de les idees inicials, passant pel desenvolupament del concepte, la tramitaci\u00f3 de la documentaci\u00f3 i projectes d&#8217;obra , fins a la contractaci\u00f3 dels diferents professionals de cada sector.<br \/>\nAix\u00ed mateix, subministrem tots els materials, mobiliari i objectes de decoraci\u00f3 necessaris per a la culminaci\u00f3 del projecte. \u00c9s a dir, ens encarreguem de tota la reforma o rehabilitaci\u00f3, projecte d&#8217;interiorisme o d&#8217;arquitectura des de l&#8217;inici fins al lliurament de les claus.<br \/>\nLa nostra m\u00e0xima prioritat no \u00e9s nom\u00e9s aconseguir una bona est\u00e8tica, sin\u00f3 que sobretot haur\u00e0 d&#8217;aconseguir la <strong>perfecta funcionalitat<\/strong>, molt important per garantir l&#8217;\u00e8xit d&#8217;un projecte. Tan important com saber escoltar i definir les diferents exig\u00e8ncies i necessitats de cada client.<br \/>\nLi agradaria saber m\u00e9s sobre els nostres <strong>serveis d&#8217;interiorisme<\/strong>? Contacti amb nosaltres. Estarem encantats d&#8217;ajudar.<br \/>\n<span class=\"enlaces-color\"><strong><u><a class=\"enlaces-color\" href=\"https:\/\/estudioromanelli.es\/cacontacte\/\">Sol\u00b7liciti\u00a0uyna visita amb Estudio Romanelli sense cap comprom\u00eds<\/a><\/u><\/strong><\/span><br \/>\n<span style=\"color: #ffffff;\">.<\/span><\/p>\n<\/div><\/section><br \/>\n<section  class='av_textblock_section av-3iox1z-a91539dc70aa4b1a3926bbfb98d1d8f8 '   itemscope=\"itemscope\" itemtype=\"https:\/\/schema.org\/CreativeWork\" ><div class='avia_textblock'  itemprop=\"text\" ><p><img decoding=\"async\" class=\"alignnone wp-image-8361 size-full\" src=\"https:\/\/estudioromanelli.es\/wp-content\/uploads\/2019\/02\/1_AGA4176.jpg\" alt=\"\" width=\"1200\" height=\"801\" srcset=\"https:\/\/estudioromanelli.es\/wp-content\/uploads\/2019\/02\/1_AGA4176.jpg 1200w, https:\/\/estudioromanelli.es\/wp-content\/uploads\/2019\/02\/1_AGA4176-300x200.jpg 300w, https:\/\/estudioromanelli.es\/wp-content\/uploads\/2019\/02\/1_AGA4176-768x513.jpg 768w, https:\/\/estudioromanelli.es\/wp-content\/uploads\/2019\/02\/1_AGA4176-1030x688.jpg 1030w, https:\/\/estudioromanelli.es\/wp-content\/uploads\/2019\/02\/1_AGA4176-705x471.jpg 705w, https:\/\/estudioromanelli.es\/wp-content\/uploads\/2019\/02\/1_AGA4176-450x300.jpg 450w\" sizes=\"(max-width: 1200px) 100vw, 1200px\" \/><\/p>\n<\/div><\/section><br \/>\n\n<style type=\"text\/css\" data-created_by=\"avia_inline_auto\" id=\"style-css-av-2b4f07-2daa968e44aa8323ae98d9de26262ec9\">\n.avia-image-container.av-2b4f07-2daa968e44aa8323ae98d9de26262ec9 img.avia_image{\nbox-shadow:none;\n}\n.avia-image-container.av-2b4f07-2daa968e44aa8323ae98d9de26262ec9 .av-image-caption-overlay-center{\ncolor:#ffffff;\n}\n<\/style>\n<div  class='avia-image-container av-2b4f07-2daa968e44aa8323ae98d9de26262ec9 av-styling- avia-align-center  avia-builder-el-6  el_after_av_textblock  avia-builder-el-last '   itemprop=\"image\" itemscope=\"itemscope\" itemtype=\"https:\/\/schema.org\/ImageObject\" ><div class=\"avia-image-container-inner\"><div class=\"avia-image-overlay-wrap\"><img decoding=\"async\" fetchpriority=\"high\" class='wp-image-8592 avia-img-lazy-loading-not-8592 avia_image ' src=\"https:\/\/estudioromanelli.es\/wp-content\/uploads\/2019\/04\/diputacio\u0301425_0009.jpg\" alt='Encimera de cuina en una reforma completa a l&#039;Eixample de Barcelona' title='Encimera de cuina'  height=\"801\" width=\"1200\"  itemprop=\"thumbnailUrl\" srcset=\"https:\/\/estudioromanelli.es\/wp-content\/uploads\/2019\/04\/diputacio\u0301425_0009.jpg 1200w, https:\/\/estudioromanelli.es\/wp-content\/uploads\/2019\/04\/diputacio\u0301425_0009-300x200.jpg 300w, https:\/\/estudioromanelli.es\/wp-content\/uploads\/2019\/04\/diputacio\u0301425_0009-768x513.jpg 768w, https:\/\/estudioromanelli.es\/wp-content\/uploads\/2019\/04\/diputacio\u0301425_0009-1030x688.jpg 1030w, https:\/\/estudioromanelli.es\/wp-content\/uploads\/2019\/04\/diputacio\u0301425_0009-705x471.jpg 705w, https:\/\/estudioromanelli.es\/wp-content\/uploads\/2019\/04\/diputacio\u0301425_0009-450x300.jpg 450w\" sizes=\"(max-width: 1200px) 100vw, 1200px\" \/><\/div><\/div><\/div><\/p><\/div>\n","protected":false},"excerpt":{"rendered":"","protected":false},"author":1,"featured_media":0,"parent":4194,"menu_order":0,"comment_status":"closed","ping_status":"closed","template":"","meta":{"footnotes":""},"categories":[],"tags":[],"class_list":["post-4199","page","type-page","status-publish","hentry"],"yoast_head":"<!-- This site is optimized with the Yoast SEO plugin v26.8 - https:\/\/yoast.com\/product\/yoast-seo-wordpress\/ -->\n<title>Estudi d&#039;interiorisme. Interiorista a Barcelona<\/title>\n<meta name=\"description\" content=\"Estudio Romanelli ofereix tot tipus de serveis professionals d&#039;interiorisme a Barcelona, 100% adaptats a les seves necessitats. Descobreixi com podem ajudar-lo en el seu projecte.\" \/>\n<meta name=\"robots\" content=\"index, follow, max-snippet:-1, max-image-preview:large, max-video-preview:-1\" \/>\n<link rel=\"canonical\" href=\"https:\/\/estudioromanelli.es\/ca\/serveis\/interiorisme\" \/>\n<meta property=\"og:locale\" content=\"ca_ES\" \/>\n<meta property=\"og:type\" content=\"article\" \/>\n<meta property=\"og:title\" content=\"Estudi d&#039;interiorisme. Interiorista a Barcelona\" \/>\n<meta property=\"og:description\" content=\"Estudio Romanelli ofereix tot tipus de serveis professionals d&#039;interiorisme a Barcelona, 100% adaptats a les seves necessitats. Descobreixi com podem ajudar-lo en el seu projecte.\" \/>\n<meta property=\"og:url\" content=\"https:\/\/estudioromanelli.es\/ca\/serveis\/interiorisme\" \/>\n<meta property=\"og:site_name\" content=\"Estudi d&#039;Interiorisme i Arquitectura a Barcelona\" \/>\n<meta property=\"article:modified_time\" content=\"2022-05-13T13:46:22+00:00\" \/>\n<meta property=\"og:image\" content=\"https:\/\/estudioromanelli.es\/wp-content\/uploads\/2019\/02\/1_AGA4176.jpg\" \/>\n<meta name=\"twitter:card\" content=\"summary_large_image\" \/>\n<meta name=\"twitter:label1\" content=\"Est. reading time\" \/>\n\t<meta name=\"twitter:data1\" content=\"3 minutes\" \/>\n<script type=\"application\/ld+json\" class=\"yoast-schema-graph\">{\"@context\":\"https:\/\/schema.org\",\"@graph\":[{\"@type\":\"WebPage\",\"@id\":\"https:\/\/estudioromanelli.es\/ca\/serveis\/interiorisme\",\"url\":\"https:\/\/estudioromanelli.es\/ca\/serveis\/interiorisme\",\"name\":\"Estudi d'interiorisme. Interiorista a Barcelona\",\"isPartOf\":{\"@id\":\"https:\/\/estudioromanelli.es\/ca#website\"},\"primaryImageOfPage\":{\"@id\":\"https:\/\/estudioromanelli.es\/ca\/serveis\/interiorisme#primaryimage\"},\"image\":{\"@id\":\"https:\/\/estudioromanelli.es\/ca\/serveis\/interiorisme#primaryimage\"},\"thumbnailUrl\":\"https:\/\/estudioromanelli.es\/wp-content\/uploads\/2019\/02\/1_AGA4176.jpg\",\"datePublished\":\"2015-09-23T12:05:59+00:00\",\"dateModified\":\"2022-05-13T13:46:22+00:00\",\"description\":\"Estudio Romanelli ofereix tot tipus de serveis professionals d'interiorisme a Barcelona, 100% adaptats a les seves necessitats. Descobreixi com podem ajudar-lo en el seu projecte.\",\"breadcrumb\":{\"@id\":\"https:\/\/estudioromanelli.es\/ca\/serveis\/interiorisme#breadcrumb\"},\"inLanguage\":\"ca-ES\",\"potentialAction\":[{\"@type\":\"ReadAction\",\"target\":[\"https:\/\/estudioromanelli.es\/ca\/serveis\/interiorisme\"]}]},{\"@type\":\"ImageObject\",\"inLanguage\":\"ca-ES\",\"@id\":\"https:\/\/estudioromanelli.es\/ca\/serveis\/interiorisme#primaryimage\",\"url\":\"https:\/\/estudioromanelli.es\/wp-content\/uploads\/2019\/02\/1_AGA4176.jpg\",\"contentUrl\":\"https:\/\/estudioromanelli.es\/wp-content\/uploads\/2019\/02\/1_AGA4176.jpg\"},{\"@type\":\"BreadcrumbList\",\"@id\":\"https:\/\/estudioromanelli.es\/ca\/serveis\/interiorisme#breadcrumb\",\"itemListElement\":[{\"@type\":\"ListItem\",\"position\":1,\"name\":\"LF24\",\"item\":\"https:\/\/estudioromanelli.es\/ca\/home\"},{\"@type\":\"ListItem\",\"position\":2,\"name\":\"SERVEIS\",\"item\":\"https:\/\/estudioromanelli.es\/ca\/caserveis\"},{\"@type\":\"ListItem\",\"position\":3,\"name\":\"INTERIORISME\"}]},{\"@type\":\"WebSite\",\"@id\":\"https:\/\/estudioromanelli.es\/ca#website\",\"url\":\"https:\/\/estudioromanelli.es\/ca\",\"name\":\"Estudi d&#039;Interiorisme i Arquitectura a Barcelona\",\"description\":\"Estudio Romanelli\",\"potentialAction\":[{\"@type\":\"SearchAction\",\"target\":{\"@type\":\"EntryPoint\",\"urlTemplate\":\"https:\/\/estudioromanelli.es\/ca?s={search_term_string}\"},\"query-input\":{\"@type\":\"PropertyValueSpecification\",\"valueRequired\":true,\"valueName\":\"search_term_string\"}}],\"inLanguage\":\"ca-ES\"}]}<\/script>\n<!-- \/ Yoast SEO plugin. -->","yoast_head_json":{"title":"Estudi d'interiorisme. Interiorista a Barcelona","description":"Estudio Romanelli ofereix tot tipus de serveis professionals d'interiorisme a Barcelona, 100% adaptats a les seves necessitats. Descobreixi com podem ajudar-lo en el seu projecte.","robots":{"index":"index","follow":"follow","max-snippet":"max-snippet:-1","max-image-preview":"max-image-preview:large","max-video-preview":"max-video-preview:-1"},"canonical":"https:\/\/estudioromanelli.es\/ca\/serveis\/interiorisme","og_locale":"ca_ES","og_type":"article","og_title":"Estudi d'interiorisme. Interiorista a Barcelona","og_description":"Estudio Romanelli ofereix tot tipus de serveis professionals d'interiorisme a Barcelona, 100% adaptats a les seves necessitats. Descobreixi com podem ajudar-lo en el seu projecte.","og_url":"https:\/\/estudioromanelli.es\/ca\/serveis\/interiorisme","og_site_name":"Estudi d&#039;Interiorisme i Arquitectura a Barcelona","article_modified_time":"2022-05-13T13:46:22+00:00","og_image":[{"url":"https:\/\/estudioromanelli.es\/wp-content\/uploads\/2019\/02\/1_AGA4176.jpg","type":"","width":"","height":""}],"twitter_card":"summary_large_image","twitter_misc":{"Est. reading time":"3 minutes"},"schema":{"@context":"https:\/\/schema.org","@graph":[{"@type":"WebPage","@id":"https:\/\/estudioromanelli.es\/ca\/serveis\/interiorisme","url":"https:\/\/estudioromanelli.es\/ca\/serveis\/interiorisme","name":"Estudi d'interiorisme. Interiorista a Barcelona","isPartOf":{"@id":"https:\/\/estudioromanelli.es\/ca#website"},"primaryImageOfPage":{"@id":"https:\/\/estudioromanelli.es\/ca\/serveis\/interiorisme#primaryimage"},"image":{"@id":"https:\/\/estudioromanelli.es\/ca\/serveis\/interiorisme#primaryimage"},"thumbnailUrl":"https:\/\/estudioromanelli.es\/wp-content\/uploads\/2019\/02\/1_AGA4176.jpg","datePublished":"2015-09-23T12:05:59+00:00","dateModified":"2022-05-13T13:46:22+00:00","description":"Estudio Romanelli ofereix tot tipus de serveis professionals d'interiorisme a Barcelona, 100% adaptats a les seves necessitats. Descobreixi com podem ajudar-lo en el seu projecte.","breadcrumb":{"@id":"https:\/\/estudioromanelli.es\/ca\/serveis\/interiorisme#breadcrumb"},"inLanguage":"ca-ES","potentialAction":[{"@type":"ReadAction","target":["https:\/\/estudioromanelli.es\/ca\/serveis\/interiorisme"]}]},{"@type":"ImageObject","inLanguage":"ca-ES","@id":"https:\/\/estudioromanelli.es\/ca\/serveis\/interiorisme#primaryimage","url":"https:\/\/estudioromanelli.es\/wp-content\/uploads\/2019\/02\/1_AGA4176.jpg","contentUrl":"https:\/\/estudioromanelli.es\/wp-content\/uploads\/2019\/02\/1_AGA4176.jpg"},{"@type":"BreadcrumbList","@id":"https:\/\/estudioromanelli.es\/ca\/serveis\/interiorisme#breadcrumb","itemListElement":[{"@type":"ListItem","position":1,"name":"LF24","item":"https:\/\/estudioromanelli.es\/ca\/home"},{"@type":"ListItem","position":2,"name":"SERVEIS","item":"https:\/\/estudioromanelli.es\/ca\/caserveis"},{"@type":"ListItem","position":3,"name":"INTERIORISME"}]},{"@type":"WebSite","@id":"https:\/\/estudioromanelli.es\/ca#website","url":"https:\/\/estudioromanelli.es\/ca","name":"Estudi d&#039;Interiorisme i Arquitectura a Barcelona","description":"Estudio Romanelli","potentialAction":[{"@type":"SearchAction","target":{"@type":"EntryPoint","urlTemplate":"https:\/\/estudioromanelli.es\/ca?s={search_term_string}"},"query-input":{"@type":"PropertyValueSpecification","valueRequired":true,"valueName":"search_term_string"}}],"inLanguage":"ca-ES"}]}},"_links":{"self":[{"href":"https:\/\/estudioromanelli.es\/ca\/wp-json\/wp\/v2\/pages\/4199","targetHints":{"allow":["GET"]}}],"collection":[{"href":"https:\/\/estudioromanelli.es\/ca\/wp-json\/wp\/v2\/pages"}],"about":[{"href":"https:\/\/estudioromanelli.es\/ca\/wp-json\/wp\/v2\/types\/page"}],"author":[{"embeddable":true,"href":"https:\/\/estudioromanelli.es\/ca\/wp-json\/wp\/v2\/users\/1"}],"replies":[{"embeddable":true,"href":"https:\/\/estudioromanelli.es\/ca\/wp-json\/wp\/v2\/comments?post=4199"}],"version-history":[{"count":0,"href":"https:\/\/estudioromanelli.es\/ca\/wp-json\/wp\/v2\/pages\/4199\/revisions"}],"up":[{"embeddable":true,"href":"https:\/\/estudioromanelli.es\/ca\/wp-json\/wp\/v2\/pages\/4194"}],"wp:attachment":[{"href":"https:\/\/estudioromanelli.es\/ca\/wp-json\/wp\/v2\/media?parent=4199"}],"wp:term":[{"taxonomy":"category","embeddable":true,"href":"https:\/\/estudioromanelli.es\/ca\/wp-json\/wp\/v2\/categories?post=4199"},{"taxonomy":"post_tag","embeddable":true,"href":"https:\/\/estudioromanelli.es\/ca\/wp-json\/wp\/v2\/tags?post=4199"}],"curies":[{"name":"wp","href":"https:\/\/api.w.org\/{rel}","templated":true}]}}