{"id":4198,"date":"2015-09-23T12:06:13","date_gmt":"2015-09-23T12:06:13","guid":{"rendered":"https:\/\/estudioromanelli.es\/?page_id=4198&#038;lang=ca"},"modified":"2016-01-29T16:00:26","modified_gmt":"2016-01-29T16:00:26","slug":"gestio-de-projectes","status":"publish","type":"page","link":"https:\/\/estudioromanelli.es\/ca\/serveis\/gestio-de-projectes","title":{"rendered":"Gesti\u00f3 de projectes"},"content":{"rendered":"\n<style type=\"text\/css\" data-created_by=\"avia_inline_auto\" id=\"style-css-av-av_one_full-352b07ef7d3bc99b2e9f92e7a9e06bdb\">\n.flex_column.av-av_one_full-352b07ef7d3bc99b2e9f92e7a9e06bdb{\nborder-radius:0px 0px 0px 0px;\npadding:0px 0px 0px 0px;\n}\n<\/style>\n<div  class='flex_column av-av_one_full-352b07ef7d3bc99b2e9f92e7a9e06bdb av_one_full  avia-builder-el-0  el_before_av_image  avia-builder-el-first  first flex_column_div av-zero-column-padding  '     ><p>\n<style type=\"text\/css\" data-created_by=\"avia_inline_auto\" id=\"style-css-av-av_heading-9c974ef2014d9cd84d0a94b836e28f2c\">\n#top .av-special-heading.av-av_heading-9c974ef2014d9cd84d0a94b836e28f2c{\npadding-bottom:10px;\ncolor:#ffffff;\n}\nbody .av-special-heading.av-av_heading-9c974ef2014d9cd84d0a94b836e28f2c .av-special-heading-tag .heading-char{\nfont-size:25px;\n}\n.av-special-heading.av-av_heading-9c974ef2014d9cd84d0a94b836e28f2c .special-heading-inner-border{\nborder-color:#ffffff;\n}\n.av-special-heading.av-av_heading-9c974ef2014d9cd84d0a94b836e28f2c .av-subheading{\nfont-size:15px;\n}\n<\/style>\n<div  class='av-special-heading av-av_heading-9c974ef2014d9cd84d0a94b836e28f2c av-special-heading-h2 custom-color-heading blockquote modern-quote modern-centered  avia-builder-el-1  el_before_av_image  avia-builder-el-first '><h2 class='av-special-heading-tag '  itemprop=\"headline\"  >GESTI\u00d3 DE PROJECTES<\/h2><div class=\"special-heading-border\"><div class=\"special-heading-inner-border\"><\/div><\/div><\/div><br \/>\n\n<style type=\"text\/css\" data-created_by=\"avia_inline_auto\" id=\"style-css-av-av_image-793a390ed1fc7c0942fafd42b3cab60f\">\n.avia-image-container.av-av_image-793a390ed1fc7c0942fafd42b3cab60f img.avia_image{\nbox-shadow:none;\n}\n.avia-image-container.av-av_image-793a390ed1fc7c0942fafd42b3cab60f .av-image-caption-overlay-center{\ncolor:#ffffff;\n}\n<\/style>\n<div  class='avia-image-container av-av_image-793a390ed1fc7c0942fafd42b3cab60f av-styling- avia-align-center  avia-builder-el-2  el_after_av_heading  el_before_av_textblock '   itemprop=\"image\" itemscope=\"itemscope\" itemtype=\"https:\/\/schema.org\/ImageObject\" ><div class=\"avia-image-container-inner\"><div class=\"avia-image-overlay-wrap\"><img decoding=\"async\" fetchpriority=\"high\" class='wp-image-4661 avia-img-lazy-loading-not-4661 avia_image ' src=\"https:\/\/estudioromanelli.es\/wp-content\/uploads\/2016\/01\/RISTORANTE-AM-BARCELONA-845x321.jpg\" alt='' title='Ristorante am barcelona'  height=\"321\" width=\"845\"  itemprop=\"thumbnailUrl\"  \/><\/div><\/div><\/div><br \/>\n<section  class='av_textblock_section av-av_textblock-0366cc7376be6c9e82a3e9cc8987b64f '   itemscope=\"itemscope\" itemtype=\"https:\/\/schema.org\/CreativeWork\" ><div class='avia_textblock'  itemprop=\"text\" ><p>A Estudio Romanelli som conscients que un bon projecte (independentment que sigui <a href=\"https:\/\/estudioromanelli.es\/caserveis\/arquitectura\/\"><span class=\"color-corporatiu\"><strong>d&#8217;arquitectur<\/strong><\/span><span class=\"decolor\">><strong>a<\/strong><\/span><\/a>, <strong><span class=\"cunderline\">><span class=\"color-corporatiu\"><a class=\"decolor\"> href=&#8221;https:\/\/estudioromanelli.es\/caserveis\/interiorisme\/&#8221;>interiorisme <\/a><\/span><\/span><\/strong>o <span class=\"color-corporatiu\"><strong><span class=\"cunderline\">><a class=\"decolor\"> href=&#8221;https:\/\/estudioromanelli.es\/caserveis\/decoracio\/&#8221;>decoraci\u00f3<\/a><\/span><\/strong><\/span>) necessita una bona planificaci\u00f3 perqu\u00e8 el resultat final sigui el desitjat. La gesti\u00f3 de projecte t\u00e9 una import\u00e0ncia vital i t\u00e9 la finalitat principal d&#8217;organitzar tot el proc\u00e9s constructiu i totes les activitats que componen aquest desenvolupament.<\/p>\n<p>El nostre equip de professionals gestiona tot el proc\u00e9s, des de la primera visita amb el client on vam comen\u00e7ar a plasmar les idees principals del projecte i l&#8217;estimaci\u00f3 de costos, fins al lliurament i finalitzaci\u00f3 de l&#8217;obra.<\/p>\n<p><strong>Acompanyem als nostres clients en todasy cadascuna de les etapes de durada d&#8217;un projecte d&#8217;arquitectura i interiorisme<\/strong>:<\/p>\n<\/div><\/section><br \/>\n<section  class='av_textblock_section av-av_textblock-0366cc7376be6c9e82a3e9cc8987b64f '   itemscope=\"itemscope\" itemtype=\"https:\/\/schema.org\/CreativeWork\" ><div class='avia_textblock'  itemprop=\"text\" ><p><strong>An\u00e0lisi<\/strong>: Durant aquesta etapa, el nostre objectiu es resumeix en estimar el treball a realitzar i planificar les activitats d&#8217;aquest proc\u00e9s, identificant els elements principals que influeixen en aquest proc\u00e9s i calculant els treballs a realitzar. Aix\u00ed mateix, en aquesta fase es programen les tasques i estableixen els temps de lliurament. A\u00a0Estudio Romanelli disposem d&#8217;una \u00e0mplia experi\u00e8ncia adquirida al llarg de molts anys i projectes que ens permet organitzar les tasques de tot el projecte i calcular possibles costos extres ja per endavant evitant aix\u00ed inc\u00f2modes sorpreses cara al client.<\/p>\n<p><strong>Disseny<\/strong>: En aquesta fase es defineixen conjuntament amb el client totes les idees a desenvolupar i l&#8217;equip de Estudio Romanelli amb els seus interioristes, arquitectes i decoradors proposa diverses opcions basades en les necessitats de cada client. Una vegada que el client ens d\u00f3na la seva aprovaci\u00f3, es procedeix a preparar tots els pl\u00e0nols i dissenys necessaris al correcte avan\u00e7 del projecte conjuntament amb un pressupost detallat i un programa dels temps.<\/p>\n<p><strong>Planificaci\u00f3<\/strong>: L&#8217;objectiu de la planificaci\u00f3 \u00e9s organitzar i definir els treballs a executar, establint recursos, temps i costos, per dur a terme de manera correcta tot el proc\u00e9s del projecte. Aquesta tasca serveix per a la programaci\u00f3 general del projecte, planificant en el temps els treballs, les tasques i assignant els recursos necessaris a cada activitat. Aquesta planificaci\u00f3 detallada permet concretar amb exactitud l&#8217;import total dels costos del projecte.<\/p>\n<p><strong>Seguiment i control<\/strong>: El seguiment i el control de les activitats \u00e9s un de l&#8217;els processos mes importants de tot el desenvolupament del projecte, i sens dubte una de les nostres prioritats. Per poder garantir un correcte seguiment del projecte, el nostre cap d&#8217;obra dedicar\u00e0 tot el temps necessari per vigilar el correcte avan\u00e7 de tots els processos. Si es detecta qualsevol possible contratemps, es analitzar r\u00e0pidament la causa i s&#8217;interv\u00e9 per restablir el termini de lliurament correcte.<\/p>\n<p>A Estudio Romanelli som molt meticulosos a seguir el desenvolupament de cada fase i dediquem particular atenci\u00f3 al proc\u00e9s constructiu ia la direcci\u00f3 d&#8217;obra vist que aquesta ultima garanteix que els acabats i els detalls s&#8217;executin de la forma correcta, precisa i amb alta qualitat.<\/p>\n<p>Li agradaria saber m\u00e9s sobre la nostra gesti\u00f3 de projectes d&#8217;arquitectura i interiorisme? Contacti amb nosaltres. Estarem encantats d&#8217;ajudar.<\/p>\n<p><span class=\"decolor\">><strong><a class=\"decolor\"> href=&#8221;https:\/\/estudioromanelli.es\/cacontacte\/&#8221;>Sol\u00b7liciti una visita amb Estudio Romanelli sense cap comprom\u00eds<\/a><\/strong><\/span><\/p>\n<\/div><\/section><\/p><\/div>\n<style type=\"text\/css\" data-created_by=\"avia_inline_auto\" id=\"style-css-av-av_image-1b741e3dfca31aee40f3e158553ceb0d\">\n.avia-image-container.av-av_image-1b741e3dfca31aee40f3e158553ceb0d img.avia_image{\nbox-shadow:none;\n}\n.avia-image-container.av-av_image-1b741e3dfca31aee40f3e158553ceb0d .av-image-caption-overlay-center{\ncolor:#ffffff;\n}\n<\/style>\n<div  class='avia-image-container av-av_image-1b741e3dfca31aee40f3e158553ceb0d av-styling- avia-align-center  avia-builder-el-5  el_after_av_one_full  avia-builder-el-last '   itemprop=\"image\" itemscope=\"itemscope\" itemtype=\"https:\/\/schema.org\/ImageObject\" ><div class=\"avia-image-container-inner\"><div class=\"avia-image-overlay-wrap\"><img decoding=\"async\" fetchpriority=\"high\" class='wp-image-15645 avia-img-lazy-loading-not-15645 avia_image ' src=\"https:\/\/estudioromanelli.es\/wp-content\/uploads\/2015\/09\/PLANO-RESTAURANTE-AM-BARCELONA-1030x888.jpg\" alt='Gesti\u00f3n de proyectos de refomas integrales en Barcelona' title='Gesti\u00f3n de proyectos de refomas integrales en barcelona'  height=\"888\" width=\"1030\"  itemprop=\"thumbnailUrl\" srcset=\"https:\/\/estudioromanelli.es\/wp-content\/uploads\/2015\/09\/PLANO-RESTAURANTE-AM-BARCELONA-1030x888.jpg 1030w, https:\/\/estudioromanelli.es\/wp-content\/uploads\/2015\/09\/PLANO-RESTAURANTE-AM-BARCELONA-300x259.jpg 300w, https:\/\/estudioromanelli.es\/wp-content\/uploads\/2015\/09\/PLANO-RESTAURANTE-AM-BARCELONA-1500x1294.jpg 1500w, https:\/\/estudioromanelli.es\/wp-content\/uploads\/2015\/09\/PLANO-RESTAURANTE-AM-BARCELONA-705x608.jpg 705w, https:\/\/estudioromanelli.es\/wp-content\/uploads\/2015\/09\/PLANO-RESTAURANTE-AM-BARCELONA-450x388.jpg 450w\" sizes=\"(max-width: 1030px) 100vw, 1030px\" \/><\/div><\/div><\/div><\/p>\n","protected":false},"excerpt":{"rendered":"","protected":false},"author":1,"featured_media":0,"parent":4194,"menu_order":0,"comment_status":"closed","ping_status":"closed","template":"","meta":{"footnotes":""},"categories":[],"tags":[],"class_list":["post-4198","page","type-page","status-publish","hentry"],"yoast_head":"<!-- This site is optimized with the Yoast SEO plugin v26.8 - https:\/\/yoast.com\/product\/yoast-seo-wordpress\/ -->\n<title>Gesti\u00f3 de projectes d\u2019arquitectura<\/title>\n<meta name=\"description\" content=\"Estudio Romanelli ofereix serveis de gesti\u00f3 de projectes arquitect\u00f2nics 100% adaptats a les seves necessitats. Asseguri el millor resultat en el seu projecte. Descobreixi m\u00e9s a la nostra web.\" \/>\n<meta name=\"robots\" content=\"index, follow, max-snippet:-1, max-image-preview:large, max-video-preview:-1\" \/>\n<link rel=\"canonical\" href=\"https:\/\/estudioromanelli.es\/ca\/serveis\/gestio-de-projectes\" \/>\n<meta property=\"og:locale\" content=\"ca_ES\" \/>\n<meta property=\"og:type\" content=\"article\" \/>\n<meta property=\"og:title\" content=\"Gesti\u00f3 de projectes d\u2019arquitectura\" \/>\n<meta property=\"og:description\" content=\"Estudio Romanelli ofereix serveis de gesti\u00f3 de projectes arquitect\u00f2nics 100% adaptats a les seves necessitats. Asseguri el millor resultat en el seu projecte. Descobreixi m\u00e9s a la nostra web.\" \/>\n<meta property=\"og:url\" content=\"https:\/\/estudioromanelli.es\/ca\/serveis\/gestio-de-projectes\" \/>\n<meta property=\"og:site_name\" content=\"Estudi d&#039;Interiorisme i Arquitectura a Barcelona\" \/>\n<meta property=\"article:modified_time\" content=\"2016-01-29T16:00:26+00:00\" \/>\n<meta name=\"twitter:card\" content=\"summary_large_image\" \/>\n<meta name=\"twitter:label1\" content=\"Est. reading time\" \/>\n\t<meta name=\"twitter:data1\" content=\"4 minutes\" \/>\n<script type=\"application\/ld+json\" class=\"yoast-schema-graph\">{\"@context\":\"https:\/\/schema.org\",\"@graph\":[{\"@type\":\"WebPage\",\"@id\":\"https:\/\/estudioromanelli.es\/ca\/serveis\/gestio-de-projectes\",\"url\":\"https:\/\/estudioromanelli.es\/ca\/serveis\/gestio-de-projectes\",\"name\":\"Gesti\u00f3 de projectes d\u2019arquitectura\",\"isPartOf\":{\"@id\":\"https:\/\/estudioromanelli.es\/ca#website\"},\"datePublished\":\"2015-09-23T12:06:13+00:00\",\"dateModified\":\"2016-01-29T16:00:26+00:00\",\"description\":\"Estudio Romanelli ofereix serveis de gesti\u00f3 de projectes arquitect\u00f2nics 100% adaptats a les seves necessitats. Asseguri el millor resultat en el seu projecte. Descobreixi m\u00e9s a la nostra web.\",\"breadcrumb\":{\"@id\":\"https:\/\/estudioromanelli.es\/ca\/serveis\/gestio-de-projectes#breadcrumb\"},\"inLanguage\":\"ca-ES\",\"potentialAction\":[{\"@type\":\"ReadAction\",\"target\":[\"https:\/\/estudioromanelli.es\/ca\/serveis\/gestio-de-projectes\"]}]},{\"@type\":\"BreadcrumbList\",\"@id\":\"https:\/\/estudioromanelli.es\/ca\/serveis\/gestio-de-projectes#breadcrumb\",\"itemListElement\":[{\"@type\":\"ListItem\",\"position\":1,\"name\":\"LF24\",\"item\":\"https:\/\/estudioromanelli.es\/ca\/home\"},{\"@type\":\"ListItem\",\"position\":2,\"name\":\"SERVEIS\",\"item\":\"https:\/\/estudioromanelli.es\/ca\/caserveis\"},{\"@type\":\"ListItem\",\"position\":3,\"name\":\"GESTI\u00d3 DE PROJECTES\"}]},{\"@type\":\"WebSite\",\"@id\":\"https:\/\/estudioromanelli.es\/ca#website\",\"url\":\"https:\/\/estudioromanelli.es\/ca\",\"name\":\"Estudi d&#039;Interiorisme i Arquitectura a Barcelona\",\"description\":\"Estudio Romanelli\",\"potentialAction\":[{\"@type\":\"SearchAction\",\"target\":{\"@type\":\"EntryPoint\",\"urlTemplate\":\"https:\/\/estudioromanelli.es\/ca?s={search_term_string}\"},\"query-input\":{\"@type\":\"PropertyValueSpecification\",\"valueRequired\":true,\"valueName\":\"search_term_string\"}}],\"inLanguage\":\"ca-ES\"}]}<\/script>\n<!-- \/ Yoast SEO plugin. -->","yoast_head_json":{"title":"Gesti\u00f3 de projectes d\u2019arquitectura","description":"Estudio Romanelli ofereix serveis de gesti\u00f3 de projectes arquitect\u00f2nics 100% adaptats a les seves necessitats. Asseguri el millor resultat en el seu projecte. Descobreixi m\u00e9s a la nostra web.","robots":{"index":"index","follow":"follow","max-snippet":"max-snippet:-1","max-image-preview":"max-image-preview:large","max-video-preview":"max-video-preview:-1"},"canonical":"https:\/\/estudioromanelli.es\/ca\/serveis\/gestio-de-projectes","og_locale":"ca_ES","og_type":"article","og_title":"Gesti\u00f3 de projectes d\u2019arquitectura","og_description":"Estudio Romanelli ofereix serveis de gesti\u00f3 de projectes arquitect\u00f2nics 100% adaptats a les seves necessitats. Asseguri el millor resultat en el seu projecte. Descobreixi m\u00e9s a la nostra web.","og_url":"https:\/\/estudioromanelli.es\/ca\/serveis\/gestio-de-projectes","og_site_name":"Estudi d&#039;Interiorisme i Arquitectura a Barcelona","article_modified_time":"2016-01-29T16:00:26+00:00","twitter_card":"summary_large_image","twitter_misc":{"Est. reading time":"4 minutes"},"schema":{"@context":"https:\/\/schema.org","@graph":[{"@type":"WebPage","@id":"https:\/\/estudioromanelli.es\/ca\/serveis\/gestio-de-projectes","url":"https:\/\/estudioromanelli.es\/ca\/serveis\/gestio-de-projectes","name":"Gesti\u00f3 de projectes d\u2019arquitectura","isPartOf":{"@id":"https:\/\/estudioromanelli.es\/ca#website"},"datePublished":"2015-09-23T12:06:13+00:00","dateModified":"2016-01-29T16:00:26+00:00","description":"Estudio Romanelli ofereix serveis de gesti\u00f3 de projectes arquitect\u00f2nics 100% adaptats a les seves necessitats. Asseguri el millor resultat en el seu projecte. Descobreixi m\u00e9s a la nostra web.","breadcrumb":{"@id":"https:\/\/estudioromanelli.es\/ca\/serveis\/gestio-de-projectes#breadcrumb"},"inLanguage":"ca-ES","potentialAction":[{"@type":"ReadAction","target":["https:\/\/estudioromanelli.es\/ca\/serveis\/gestio-de-projectes"]}]},{"@type":"BreadcrumbList","@id":"https:\/\/estudioromanelli.es\/ca\/serveis\/gestio-de-projectes#breadcrumb","itemListElement":[{"@type":"ListItem","position":1,"name":"LF24","item":"https:\/\/estudioromanelli.es\/ca\/home"},{"@type":"ListItem","position":2,"name":"SERVEIS","item":"https:\/\/estudioromanelli.es\/ca\/caserveis"},{"@type":"ListItem","position":3,"name":"GESTI\u00d3 DE PROJECTES"}]},{"@type":"WebSite","@id":"https:\/\/estudioromanelli.es\/ca#website","url":"https:\/\/estudioromanelli.es\/ca","name":"Estudi d&#039;Interiorisme i Arquitectura a Barcelona","description":"Estudio Romanelli","potentialAction":[{"@type":"SearchAction","target":{"@type":"EntryPoint","urlTemplate":"https:\/\/estudioromanelli.es\/ca?s={search_term_string}"},"query-input":{"@type":"PropertyValueSpecification","valueRequired":true,"valueName":"search_term_string"}}],"inLanguage":"ca-ES"}]}},"_links":{"self":[{"href":"https:\/\/estudioromanelli.es\/ca\/wp-json\/wp\/v2\/pages\/4198","targetHints":{"allow":["GET"]}}],"collection":[{"href":"https:\/\/estudioromanelli.es\/ca\/wp-json\/wp\/v2\/pages"}],"about":[{"href":"https:\/\/estudioromanelli.es\/ca\/wp-json\/wp\/v2\/types\/page"}],"author":[{"embeddable":true,"href":"https:\/\/estudioromanelli.es\/ca\/wp-json\/wp\/v2\/users\/1"}],"replies":[{"embeddable":true,"href":"https:\/\/estudioromanelli.es\/ca\/wp-json\/wp\/v2\/comments?post=4198"}],"version-history":[{"count":0,"href":"https:\/\/estudioromanelli.es\/ca\/wp-json\/wp\/v2\/pages\/4198\/revisions"}],"up":[{"embeddable":true,"href":"https:\/\/estudioromanelli.es\/ca\/wp-json\/wp\/v2\/pages\/4194"}],"wp:attachment":[{"href":"https:\/\/estudioromanelli.es\/ca\/wp-json\/wp\/v2\/media?parent=4198"}],"wp:term":[{"taxonomy":"category","embeddable":true,"href":"https:\/\/estudioromanelli.es\/ca\/wp-json\/wp\/v2\/categories?post=4198"},{"taxonomy":"post_tag","embeddable":true,"href":"https:\/\/estudioromanelli.es\/ca\/wp-json\/wp\/v2\/tags?post=4198"}],"curies":[{"name":"wp","href":"https:\/\/api.w.org\/{rel}","templated":true}]}}