{"id":4197,"date":"2015-09-23T12:06:22","date_gmt":"2015-09-23T12:06:22","guid":{"rendered":"https:\/\/estudioromanelli.es\/?page_id=4197&#038;lang=ca"},"modified":"2015-12-28T17:04:34","modified_gmt":"2015-12-28T17:04:34","slug":"domotica","status":"publish","type":"page","link":"https:\/\/estudioromanelli.es\/ca\/serveis\/domotica","title":{"rendered":"Dom\u00f2tica"},"content":{"rendered":"\n<style type=\"text\/css\" data-created_by=\"avia_inline_auto\" id=\"style-css-av-av_one_full-352b07ef7d3bc99b2e9f92e7a9e06bdb\">\n.flex_column.av-av_one_full-352b07ef7d3bc99b2e9f92e7a9e06bdb{\nborder-radius:0px 0px 0px 0px;\npadding:0px 0px 0px 0px;\n}\n<\/style>\n<div  class='flex_column av-av_one_full-352b07ef7d3bc99b2e9f92e7a9e06bdb av_one_full  avia-builder-el-0  avia-builder-el-no-sibling  first flex_column_div av-zero-column-padding  '     ><p>\n<style type=\"text\/css\" data-created_by=\"avia_inline_auto\" id=\"style-css-av-av_heading-b17e709a3cc06c011e5348fc1a258f4f\">\n#top .av-special-heading.av-av_heading-b17e709a3cc06c011e5348fc1a258f4f{\npadding-bottom:10px;\ncolor:#ffffff;\n}\nbody .av-special-heading.av-av_heading-b17e709a3cc06c011e5348fc1a258f4f .av-special-heading-tag .heading-char{\nfont-size:25px;\n}\n.av-special-heading.av-av_heading-b17e709a3cc06c011e5348fc1a258f4f .special-heading-inner-border{\nborder-color:#ffffff;\n}\n.av-special-heading.av-av_heading-b17e709a3cc06c011e5348fc1a258f4f .av-subheading{\nfont-size:15px;\n}\n<\/style>\n<div  class='av-special-heading av-av_heading-b17e709a3cc06c011e5348fc1a258f4f av-special-heading-h2 custom-color-heading blockquote modern-quote modern-centered  avia-builder-el-1  el_before_av_textblock  avia-builder-el-first '><h2 class='av-special-heading-tag '  itemprop=\"headline\"  >PROJECTES DE DOM\u00d2TICA<\/h2><div class=\"special-heading-border\"><div class=\"special-heading-inner-border\"><\/div><\/div><\/div><br \/>\n<section  class='av_textblock_section av-av_textblock-0366cc7376be6c9e82a3e9cc8987b64f '   itemscope=\"itemscope\" itemtype=\"https:\/\/schema.org\/CreativeWork\" ><div class='avia_textblock'  itemprop=\"text\" ><p><img decoding=\"async\" class=\"alignnone wp-image-4499 size-full\" src=\"https:\/\/estudioromanelli.es\/wp-content\/uploads\/2015\/08\/domotica-barcelona.jpg\" alt=\"servicios de dom\u00f3tica en barcelona\" width=\"850\" height=\"408\" srcset=\"https:\/\/estudioromanelli.es\/wp-content\/uploads\/2015\/08\/domotica-barcelona.jpg 850w, https:\/\/estudioromanelli.es\/wp-content\/uploads\/2015\/08\/domotica-barcelona-300x144.jpg 300w, https:\/\/estudioromanelli.es\/wp-content\/uploads\/2015\/08\/domotica-barcelona-705x338.jpg 705w, https:\/\/estudioromanelli.es\/wp-content\/uploads\/2015\/08\/domotica-barcelona-450x216.jpg 450w\" sizes=\"(max-width: 850px) 100vw, 850px\" \/><\/p>\n<\/div><\/section><br \/>\n<section  class='av_textblock_section av-av_textblock-0366cc7376be6c9e82a3e9cc8987b64f '   itemscope=\"itemscope\" itemtype=\"https:\/\/schema.org\/CreativeWork\" ><div class='avia_textblock'  itemprop=\"text\" ><p>La paraula <strong>dom\u00f2tica<\/strong> significa casa rob\u00f2tica o casa intel\u00b7ligent i \u00e9s una ci\u00e8ncia interdisciplin\u00e0ria que s&#8217;ocupa de l&#8217;estudi de tecnologies aptes a millorar la qualitat de vida de l&#8217;habitant d&#8217;un habitatge, oficina o un edifici en general. La dom\u00f2tica requereix la interacci\u00f3 de diverses tecnologies i professions entre les quals, <span class=\"color-corporatiu\"><strong><a class=\"enlaces-color\" href=\"https:\/\/estudioromanelli.es\/caserveis\/arquitectura\/\">l&#8217;arquitectura<\/a><\/strong><\/span>, electr\u00f2nica, i inform\u00e0tica, a m\u00e9s de complementar-se en els projectes d&#8217;<span class=\"decolor\">><strong><a class=\"decolor\"> href=&#8221;https:\/\/estudioromanelli.es\/caserveis\/interiorisme\/&#8221;>interiorisme <\/a><\/strong><\/span>o <span class=\"color-corporatiu\"><strong><span class=\"cunderline\">><a class=\"decolor\"> href=&#8221;https:\/\/estudioromanelli.es\/caserveis\/decoracio\/&#8221;>decoraci\u00f3<\/a><\/span><\/strong><\/span>.<\/p>\n<p>La dom\u00f2tica t\u00e9 la finalitat de millorar la qualitat de vida, aix\u00ed com la seguretat de l&#8217;habitatge, alhora que redu\u00efm costos de gesti\u00f3, el que es tradueix en un estalvi energ\u00e8tic.<\/p>\n<p>A trav\u00e9s de la instal\u00b7laci\u00f3 d&#8217;un sistema de dom\u00f2tica en un ambient dom\u00e8stic ens permet controlar les tecnologies presents i programar perqu\u00e8 actu\u00efn i funcionin d&#8217;una manera parcialment aut\u00f2noma segons el preestablert en base a les necessitats de cada usuari. A m\u00e9s el mateix usuari pot programar i canviar par\u00e0metres del sistema en la mesura que aquest ho necessiti.<\/p>\n<\/div><\/section><br \/>\n<section  class='av_textblock_section av-av_textblock-0366cc7376be6c9e82a3e9cc8987b64f '   itemscope=\"itemscope\" itemtype=\"https:\/\/schema.org\/CreativeWork\" ><div class='avia_textblock'  itemprop=\"text\" ><p>A major escala podem parlar de &#8220;<strong>building automation<\/strong>&#8221; o <strong>automatitzaci\u00f3 d&#8217;edificis<\/strong> que gr\u00e0cies a les noves tecnologies ens permet la gesti\u00f3 coordinada, integral i computeritzada de les instal\u00b7lacions com climatitzaci\u00f3, distribuci\u00f3 d&#8217;aigua, gas, electricitat, xarxa de seguretat, xarxes inform\u00e0tiques i xarxes de telecomunicacions sempre per tal de millorar la gesti\u00f3, el confort, la qualitat de vida i el treball de l&#8217;usuari.<\/p>\n<p>El sistema de dom\u00f2tica se sol completar amb una o mes alertes amb el m\u00f3n exterior com ara SMS, missatges de tel\u00e8fon pre-registrats o e-mail per permetre el control i la visualitzaci\u00f3 de l&#8217;estat del sistema de forma remota.<\/p>\n<p>A Estudio Romanelli som experts en la <strong>instal\u00b7laci\u00f3 d&#8217;equips de dom\u00f2tica per a habitatges, comer\u00e7os i edificis<\/strong>. Oferim assessorament integral sobre les ultimes novetats del sector, i estudiant les necessitats de cada cas i oferint la soluci\u00f3 m\u00e9s id\u00f2nia a cada projecte, ajustant el pressupost a les exig\u00e8ncies de cada client.<\/p>\n<p><strong>Estudio Romanelli ofereix serveis de dom\u00f2tica en les seg\u00fcents \u00e0rees:<\/strong><\/p>\n<p>&#8211; Programaci\u00f3 i estalvi energ\u00e8tic (climatitzaci\u00f3 i calderes, gesti\u00f3 d&#8217;electrodom\u00e8stics, control de tendals i persianes, gesti\u00f3 de la instal\u00b7laci\u00f3 el\u00e8ctrica, energies renovables)<\/p>\n<p>&#8211; Comfort (automatitzaci\u00f3 d&#8217;il\u00b7luminaci\u00f3, control via internet, incorporaci\u00f3 de tel\u00e8fon i int\u00e8rfon al televisor, b\u00fastia de veu i fax, gesti\u00f3 multim\u00e8dia, automatitzaci\u00f3 dels electrodom\u00e8stics i control remot)<\/p>\n<p>&#8211; Seguretat (alarmes d&#8217;intrusi\u00f3, simulaci\u00f3 de pres\u00e8ncia, tancament de persianes, alarmes d&#8217;incendis, fuites de gas i aigua, alerta m\u00e8dica i tele-assist\u00e8ncia, control via tele-c\u00e0meres)<\/p>\n<p>&#8211; Comunicacions (tele-assist\u00e8ncia, tele-manteniment, informe de consums, v\u00eddeo-porters, control remot des d&#8217;internet, comandaments sense fil, intercomunicacions)<\/p>\n<p>&#8211; Accessibilitat (afavoreix l&#8217;autonomia de persones amb capacitats limitades o discapacitat)<\/p>\n<p>Si est\u00e0 interessat en con\u00e8ixer m\u00e9s sobre el nostre servei d&#8217;<strong>instal\u00b7laci\u00f3 de dom\u00f2tica a Barcelona<\/strong>, \u200b\u200bno dubti en posar-se en contacte amb nosaltres.<\/p>\n<p><span class=\"decolor\">><strong><a class=\"decolor\"> href=&#8221;https:\/\/estudioromanelli.es\/cacontacte\/&#8221;>Sol\u00b7liciti sense comprom\u00eds una visita amb Estudio Romanelli<\/a><\/strong><\/span><\/p>\n<\/div><\/section><br \/>\n\n<style type=\"text\/css\" data-created_by=\"avia_inline_auto\" id=\"style-css-av-av_image-e5818835fc62b6b9671391fd5db8ea58\">\n.avia-image-container.av-av_image-e5818835fc62b6b9671391fd5db8ea58 img.avia_image{\nbox-shadow:none;\n}\n.avia-image-container.av-av_image-e5818835fc62b6b9671391fd5db8ea58 .av-image-caption-overlay-center{\ncolor:#ffffff;\n}\n<\/style>\n<div  class='avia-image-container av-av_image-e5818835fc62b6b9671391fd5db8ea58 av-styling- avia-align-center  avia-builder-el-5  el_after_av_textblock  avia-builder-el-last '   itemprop=\"image\" itemscope=\"itemscope\" itemtype=\"https:\/\/schema.org\/ImageObject\" ><div class=\"avia-image-container-inner\"><div class=\"avia-image-overlay-wrap\"><img decoding=\"async\" fetchpriority=\"high\" class='wp-image-12694 avia-img-lazy-loading-not-12694 avia_image ' src=\"https:\/\/estudioromanelli.es\/wp-content\/uploads\/2015\/09\/instalacion-domotica-hogar.jpg\" alt='instalacion domotica para el hogar' title='Instalacion domotica para el hogar'  height=\"400\" width=\"864\"  itemprop=\"thumbnailUrl\" srcset=\"https:\/\/estudioromanelli.es\/wp-content\/uploads\/2015\/09\/instalacion-domotica-hogar.jpg 864w, https:\/\/estudioromanelli.es\/wp-content\/uploads\/2015\/09\/instalacion-domotica-hogar-300x139.jpg 300w, https:\/\/estudioromanelli.es\/wp-content\/uploads\/2015\/09\/instalacion-domotica-hogar-705x326.jpg 705w, https:\/\/estudioromanelli.es\/wp-content\/uploads\/2015\/09\/instalacion-domotica-hogar-450x208.jpg 450w\" sizes=\"(max-width: 864px) 100vw, 864px\" \/><\/div><\/div><\/div><\/p><\/div>\n","protected":false},"excerpt":{"rendered":"","protected":false},"author":1,"featured_media":0,"parent":4194,"menu_order":0,"comment_status":"closed","ping_status":"closed","template":"","meta":{"footnotes":""},"categories":[],"tags":[],"class_list":["post-4197","page","type-page","status-publish","hentry"],"yoast_head":"<!-- This site is optimized with the Yoast SEO plugin v26.8 - https:\/\/yoast.com\/product\/yoast-seo-wordpress\/ -->\n<title>Empresa de dom\u00f2tica a Barcelona<\/title>\n<meta name=\"description\" content=\"Estudio Romanelli ofereix serveis professionals d&#039;instal\u00b7laci\u00f3 dom\u00f2tica per a habitatges. Asseguri el millor resultat en el seu projecte. Descobreixi com podem ajudar-lo.\" \/>\n<meta name=\"robots\" content=\"index, follow, max-snippet:-1, max-image-preview:large, max-video-preview:-1\" \/>\n<link rel=\"canonical\" href=\"https:\/\/estudioromanelli.es\/ca\/serveis\/domotica\" \/>\n<meta property=\"og:locale\" content=\"ca_ES\" \/>\n<meta property=\"og:type\" content=\"article\" \/>\n<meta property=\"og:title\" content=\"Empresa de dom\u00f2tica a Barcelona\" \/>\n<meta property=\"og:description\" content=\"Estudio Romanelli ofereix serveis professionals d&#039;instal\u00b7laci\u00f3 dom\u00f2tica per a habitatges. Asseguri el millor resultat en el seu projecte. Descobreixi com podem ajudar-lo.\" \/>\n<meta property=\"og:url\" content=\"https:\/\/estudioromanelli.es\/ca\/serveis\/domotica\" \/>\n<meta property=\"og:site_name\" content=\"Estudi d&#039;Interiorisme i Arquitectura a Barcelona\" \/>\n<meta property=\"article:modified_time\" content=\"2015-12-28T17:04:34+00:00\" \/>\n<meta property=\"og:image\" content=\"https:\/\/estudioromanelli.es\/wp-content\/uploads\/2015\/08\/domotica-barcelona.jpg\" \/>\n<meta name=\"twitter:card\" content=\"summary_large_image\" \/>\n<meta name=\"twitter:label1\" content=\"Est. reading time\" \/>\n\t<meta name=\"twitter:data1\" content=\"3 minutes\" \/>\n<script type=\"application\/ld+json\" class=\"yoast-schema-graph\">{\"@context\":\"https:\/\/schema.org\",\"@graph\":[{\"@type\":\"WebPage\",\"@id\":\"https:\/\/estudioromanelli.es\/ca\/serveis\/domotica\",\"url\":\"https:\/\/estudioromanelli.es\/ca\/serveis\/domotica\",\"name\":\"Empresa de dom\u00f2tica a Barcelona\",\"isPartOf\":{\"@id\":\"https:\/\/estudioromanelli.es\/ca#website\"},\"primaryImageOfPage\":{\"@id\":\"https:\/\/estudioromanelli.es\/ca\/serveis\/domotica#primaryimage\"},\"image\":{\"@id\":\"https:\/\/estudioromanelli.es\/ca\/serveis\/domotica#primaryimage\"},\"thumbnailUrl\":\"https:\/\/estudioromanelli.es\/wp-content\/uploads\/2015\/08\/domotica-barcelona.jpg\",\"datePublished\":\"2015-09-23T12:06:22+00:00\",\"dateModified\":\"2015-12-28T17:04:34+00:00\",\"description\":\"Estudio Romanelli ofereix serveis professionals d'instal\u00b7laci\u00f3 dom\u00f2tica per a habitatges. Asseguri el millor resultat en el seu projecte. Descobreixi com podem ajudar-lo.\",\"breadcrumb\":{\"@id\":\"https:\/\/estudioromanelli.es\/ca\/serveis\/domotica#breadcrumb\"},\"inLanguage\":\"ca-ES\",\"potentialAction\":[{\"@type\":\"ReadAction\",\"target\":[\"https:\/\/estudioromanelli.es\/ca\/serveis\/domotica\"]}]},{\"@type\":\"ImageObject\",\"inLanguage\":\"ca-ES\",\"@id\":\"https:\/\/estudioromanelli.es\/ca\/serveis\/domotica#primaryimage\",\"url\":\"https:\/\/estudioromanelli.es\/wp-content\/uploads\/2015\/08\/domotica-barcelona.jpg\",\"contentUrl\":\"https:\/\/estudioromanelli.es\/wp-content\/uploads\/2015\/08\/domotica-barcelona.jpg\"},{\"@type\":\"BreadcrumbList\",\"@id\":\"https:\/\/estudioromanelli.es\/ca\/serveis\/domotica#breadcrumb\",\"itemListElement\":[{\"@type\":\"ListItem\",\"position\":1,\"name\":\"LF24\",\"item\":\"https:\/\/estudioromanelli.es\/ca\/home\"},{\"@type\":\"ListItem\",\"position\":2,\"name\":\"SERVEIS\",\"item\":\"https:\/\/estudioromanelli.es\/ca\/caserveis\"},{\"@type\":\"ListItem\",\"position\":3,\"name\":\"DOM\u00d2TICA\"}]},{\"@type\":\"WebSite\",\"@id\":\"https:\/\/estudioromanelli.es\/ca#website\",\"url\":\"https:\/\/estudioromanelli.es\/ca\",\"name\":\"Estudi d&#039;Interiorisme i Arquitectura a Barcelona\",\"description\":\"Estudio Romanelli\",\"potentialAction\":[{\"@type\":\"SearchAction\",\"target\":{\"@type\":\"EntryPoint\",\"urlTemplate\":\"https:\/\/estudioromanelli.es\/ca?s={search_term_string}\"},\"query-input\":{\"@type\":\"PropertyValueSpecification\",\"valueRequired\":true,\"valueName\":\"search_term_string\"}}],\"inLanguage\":\"ca-ES\"}]}<\/script>\n<!-- \/ Yoast SEO plugin. -->","yoast_head_json":{"title":"Empresa de dom\u00f2tica a Barcelona","description":"Estudio Romanelli ofereix serveis professionals d'instal\u00b7laci\u00f3 dom\u00f2tica per a habitatges. Asseguri el millor resultat en el seu projecte. Descobreixi com podem ajudar-lo.","robots":{"index":"index","follow":"follow","max-snippet":"max-snippet:-1","max-image-preview":"max-image-preview:large","max-video-preview":"max-video-preview:-1"},"canonical":"https:\/\/estudioromanelli.es\/ca\/serveis\/domotica","og_locale":"ca_ES","og_type":"article","og_title":"Empresa de dom\u00f2tica a Barcelona","og_description":"Estudio Romanelli ofereix serveis professionals d'instal\u00b7laci\u00f3 dom\u00f2tica per a habitatges. Asseguri el millor resultat en el seu projecte. Descobreixi com podem ajudar-lo.","og_url":"https:\/\/estudioromanelli.es\/ca\/serveis\/domotica","og_site_name":"Estudi d&#039;Interiorisme i Arquitectura a Barcelona","article_modified_time":"2015-12-28T17:04:34+00:00","og_image":[{"url":"https:\/\/estudioromanelli.es\/wp-content\/uploads\/2015\/08\/domotica-barcelona.jpg","type":"","width":"","height":""}],"twitter_card":"summary_large_image","twitter_misc":{"Est. reading time":"3 minutes"},"schema":{"@context":"https:\/\/schema.org","@graph":[{"@type":"WebPage","@id":"https:\/\/estudioromanelli.es\/ca\/serveis\/domotica","url":"https:\/\/estudioromanelli.es\/ca\/serveis\/domotica","name":"Empresa de dom\u00f2tica a Barcelona","isPartOf":{"@id":"https:\/\/estudioromanelli.es\/ca#website"},"primaryImageOfPage":{"@id":"https:\/\/estudioromanelli.es\/ca\/serveis\/domotica#primaryimage"},"image":{"@id":"https:\/\/estudioromanelli.es\/ca\/serveis\/domotica#primaryimage"},"thumbnailUrl":"https:\/\/estudioromanelli.es\/wp-content\/uploads\/2015\/08\/domotica-barcelona.jpg","datePublished":"2015-09-23T12:06:22+00:00","dateModified":"2015-12-28T17:04:34+00:00","description":"Estudio Romanelli ofereix serveis professionals d'instal\u00b7laci\u00f3 dom\u00f2tica per a habitatges. Asseguri el millor resultat en el seu projecte. Descobreixi com podem ajudar-lo.","breadcrumb":{"@id":"https:\/\/estudioromanelli.es\/ca\/serveis\/domotica#breadcrumb"},"inLanguage":"ca-ES","potentialAction":[{"@type":"ReadAction","target":["https:\/\/estudioromanelli.es\/ca\/serveis\/domotica"]}]},{"@type":"ImageObject","inLanguage":"ca-ES","@id":"https:\/\/estudioromanelli.es\/ca\/serveis\/domotica#primaryimage","url":"https:\/\/estudioromanelli.es\/wp-content\/uploads\/2015\/08\/domotica-barcelona.jpg","contentUrl":"https:\/\/estudioromanelli.es\/wp-content\/uploads\/2015\/08\/domotica-barcelona.jpg"},{"@type":"BreadcrumbList","@id":"https:\/\/estudioromanelli.es\/ca\/serveis\/domotica#breadcrumb","itemListElement":[{"@type":"ListItem","position":1,"name":"LF24","item":"https:\/\/estudioromanelli.es\/ca\/home"},{"@type":"ListItem","position":2,"name":"SERVEIS","item":"https:\/\/estudioromanelli.es\/ca\/caserveis"},{"@type":"ListItem","position":3,"name":"DOM\u00d2TICA"}]},{"@type":"WebSite","@id":"https:\/\/estudioromanelli.es\/ca#website","url":"https:\/\/estudioromanelli.es\/ca","name":"Estudi d&#039;Interiorisme i Arquitectura a Barcelona","description":"Estudio Romanelli","potentialAction":[{"@type":"SearchAction","target":{"@type":"EntryPoint","urlTemplate":"https:\/\/estudioromanelli.es\/ca?s={search_term_string}"},"query-input":{"@type":"PropertyValueSpecification","valueRequired":true,"valueName":"search_term_string"}}],"inLanguage":"ca-ES"}]}},"_links":{"self":[{"href":"https:\/\/estudioromanelli.es\/ca\/wp-json\/wp\/v2\/pages\/4197","targetHints":{"allow":["GET"]}}],"collection":[{"href":"https:\/\/estudioromanelli.es\/ca\/wp-json\/wp\/v2\/pages"}],"about":[{"href":"https:\/\/estudioromanelli.es\/ca\/wp-json\/wp\/v2\/types\/page"}],"author":[{"embeddable":true,"href":"https:\/\/estudioromanelli.es\/ca\/wp-json\/wp\/v2\/users\/1"}],"replies":[{"embeddable":true,"href":"https:\/\/estudioromanelli.es\/ca\/wp-json\/wp\/v2\/comments?post=4197"}],"version-history":[{"count":0,"href":"https:\/\/estudioromanelli.es\/ca\/wp-json\/wp\/v2\/pages\/4197\/revisions"}],"up":[{"embeddable":true,"href":"https:\/\/estudioromanelli.es\/ca\/wp-json\/wp\/v2\/pages\/4194"}],"wp:attachment":[{"href":"https:\/\/estudioromanelli.es\/ca\/wp-json\/wp\/v2\/media?parent=4197"}],"wp:term":[{"taxonomy":"category","embeddable":true,"href":"https:\/\/estudioromanelli.es\/ca\/wp-json\/wp\/v2\/categories?post=4197"},{"taxonomy":"post_tag","embeddable":true,"href":"https:\/\/estudioromanelli.es\/ca\/wp-json\/wp\/v2\/tags?post=4197"}],"curies":[{"name":"wp","href":"https:\/\/api.w.org\/{rel}","templated":true}]}}