{"id":4196,"date":"2015-09-23T12:06:33","date_gmt":"2015-09-23T12:06:33","guid":{"rendered":"https:\/\/estudioromanelli.es\/?page_id=4196&#038;lang=ca"},"modified":"2022-05-18T12:26:22","modified_gmt":"2022-05-18T12:26:22","slug":"decoracio","status":"publish","type":"page","link":"https:\/\/estudioromanelli.es\/ca\/serveis\/decoracio","title":{"rendered":"Decorador barcelona"},"content":{"rendered":"\n<style type=\"text\/css\" data-created_by=\"avia_inline_auto\" id=\"style-css-av-9dn844-970e6df58063c0294447866b38914a2b\">\n.flex_column.av-9dn844-970e6df58063c0294447866b38914a2b{\nborder-radius:0px 0px 0px 0px;\npadding:0px 0px 0px 0px;\n}\n<\/style>\n<div  class='flex_column av-9dn844-970e6df58063c0294447866b38914a2b av_one_full  avia-builder-el-0  el_before_av_hr  avia-builder-el-first  first flex_column_div av-zero-column-padding  '     ><p>\n<style type=\"text\/css\" data-created_by=\"avia_inline_auto\" id=\"style-css-av-kouyb2js-07b2be95c6ad9799393ca6d1796f3165\">\n#top .av-special-heading.av-kouyb2js-07b2be95c6ad9799393ca6d1796f3165{\npadding-bottom:10px;\ncolor:#ffffff;\n}\nbody .av-special-heading.av-kouyb2js-07b2be95c6ad9799393ca6d1796f3165 .av-special-heading-tag .heading-char{\nfont-size:25px;\n}\n.av-special-heading.av-kouyb2js-07b2be95c6ad9799393ca6d1796f3165 .special-heading-inner-border{\nborder-color:#ffffff;\n}\n.av-special-heading.av-kouyb2js-07b2be95c6ad9799393ca6d1796f3165 .av-subheading{\nfont-size:15px;\n}\n<\/style>\n<div  class='av-special-heading av-kouyb2js-07b2be95c6ad9799393ca6d1796f3165 av-special-heading-h2 custom-color-heading blockquote modern-quote modern-centered  avia-builder-el-1  el_before_av_textblock  avia-builder-el-first  av-linked-heading'><h2 class='av-special-heading-tag '  itemprop=\"headline\"  ><a class=\"av-heading-link\" href=\"\/ca\" >Estudi de Decoraci\u00f3 a Barcelona<\/a><\/h2><div class=\"special-heading-border\"><div class=\"special-heading-inner-border\"><\/div><\/div><\/div><br \/>\n<section  class='av_textblock_section av-kouyhfud-b18c8a8a2f29346e9263009ac254eca8 '   itemscope=\"itemscope\" itemtype=\"https:\/\/schema.org\/CreativeWork\" ><div class='avia_textblock'  itemprop=\"text\" ><p><img decoding=\"async\" src=\"https:\/\/estudioromanelli.es\/wp-content\/uploads\/2015\/07\/1.jpg\" alt=\"Decorador d'interiors Barcelona\" title=\"Decorador d'interiors Barcelona\" width=\"1000\" height=\"480\" \/><\/p>\n<\/div><\/section><br \/>\n<section  class='av_textblock_section av-qcy6s-be3955a2bdea33ea0d7dd7a6fe13d4ed '   itemscope=\"itemscope\" itemtype=\"https:\/\/schema.org\/CreativeWork\" ><div class='avia_textblock'  itemprop=\"text\" ><p>El nostre <strong>estudi de decoraci\u00f3<\/strong> ofereix el servei a tots aquells clients que volen donar un canvi d&#8217;imatge a qualsevol espai (<a title=\"Interiorisme residencial Barcelona\" href=\"\/ca\/serveis\/interiorisme\/residencial\">residencial<\/a> o <a title=\"Interiorisme comercial Barcelona\" href=\"\/ca\/serveis\/interiorisme\/comercial\">comercial<\/a>) sense la necessitat de canvis de distribuci\u00f3, intervenint nom\u00e9s sobre el ja existent. En molts casos el servei de decoraci\u00f3 s&#8217;ofereix com a continuaci\u00f3 del els serveis d&#8217;<a title=\"Interiorisme Barcelona\" href=\"\/ca\/serveis\/interiorisme\">interiorisme<\/a> o d&#8217;<a title=\"Arquitecto Barcelona\" href=\"\/ca\/serveis\/arquitectura\">arquitectura<\/a> vist que completa l&#8217;execuci\u00f3 de l&#8217;obra i sobretot t\u00e9 la possibilitat d&#8217;acabar el projecte respectant les idees i els conceptes inicials tots amb el mateix criteri est\u00e8tic.<br \/>\nNo obstant aix\u00f2, aquesta no \u00e9s una condici\u00f3 imprescindible per donar soluci\u00f3 a les demandes dels nostres clients.<\/p>\n<\/div><\/section><br \/>\n\n<style type=\"text\/css\" data-created_by=\"avia_inline_auto\" id=\"style-css-av-459w10-c40673c09ab201673dca4503f6f2d8ff\">\n.avia-image-container.av-459w10-c40673c09ab201673dca4503f6f2d8ff img.avia_image{\nbox-shadow:none;\n}\n.avia-image-container.av-459w10-c40673c09ab201673dca4503f6f2d8ff .av-image-caption-overlay-center{\ncolor:#ffffff;\n}\n<\/style>\n<div  class='avia-image-container av-459w10-c40673c09ab201673dca4503f6f2d8ff av-styling- avia-align-center  avia-builder-el-4  el_after_av_textblock  el_before_av_heading '   itemprop=\"image\" itemscope=\"itemscope\" itemtype=\"https:\/\/schema.org\/ImageObject\" ><div class=\"avia-image-container-inner\"><div class=\"avia-image-overlay-wrap\"><img decoding=\"async\" fetchpriority=\"high\" class='wp-image-8601 avia-img-lazy-loading-not-8601 avia_image ' src=\"https:\/\/estudioromanelli.es\/wp-content\/uploads\/2019\/04\/diputacio\u0301425_0013.jpg\" alt='Decoraci\u00f3 a habitatge residencial' title='Decoraci\u00f3 a habitatge residencial'  height=\"801\" width=\"1200\"  itemprop=\"thumbnailUrl\" srcset=\"https:\/\/estudioromanelli.es\/wp-content\/uploads\/2019\/04\/diputacio\u0301425_0013.jpg 1200w, https:\/\/estudioromanelli.es\/wp-content\/uploads\/2019\/04\/diputacio\u0301425_0013-300x200.jpg 300w, https:\/\/estudioromanelli.es\/wp-content\/uploads\/2019\/04\/diputacio\u0301425_0013-768x513.jpg 768w, https:\/\/estudioromanelli.es\/wp-content\/uploads\/2019\/04\/diputacio\u0301425_0013-1030x688.jpg 1030w, https:\/\/estudioromanelli.es\/wp-content\/uploads\/2019\/04\/diputacio\u0301425_0013-705x471.jpg 705w, https:\/\/estudioromanelli.es\/wp-content\/uploads\/2019\/04\/diputacio\u0301425_0013-450x300.jpg 450w\" sizes=\"(max-width: 1200px) 100vw, 1200px\" \/><\/div><\/div><\/div><br \/>\n\n<style type=\"text\/css\" data-created_by=\"avia_inline_auto\" id=\"style-css-av-kouzmo9n-460bd6b76a31e606abbe2c240b1775fa\">\n#top .av-special-heading.av-kouzmo9n-460bd6b76a31e606abbe2c240b1775fa{\npadding-bottom:10px;\ncolor:#ffffff;\n}\nbody .av-special-heading.av-kouzmo9n-460bd6b76a31e606abbe2c240b1775fa .av-special-heading-tag .heading-char{\nfont-size:25px;\n}\n.av-special-heading.av-kouzmo9n-460bd6b76a31e606abbe2c240b1775fa .special-heading-inner-border{\nborder-color:#ffffff;\n}\n.av-special-heading.av-kouzmo9n-460bd6b76a31e606abbe2c240b1775fa .av-subheading{\nfont-size:15px;\n}\n<\/style>\n<div  class='av-special-heading av-kouzmo9n-460bd6b76a31e606abbe2c240b1775fa av-special-heading-h2 custom-color-heading blockquote modern-quote modern-centered  avia-builder-el-5  el_after_av_image  el_before_av_textblock  av-linked-heading'><h2 class='av-special-heading-tag '  itemprop=\"headline\"  ><a class=\"av-heading-link\" href=\"\/ca\" >Avantatges de contractar un decorador<\/a><\/h2><div class=\"special-heading-border\"><div class=\"special-heading-inner-border\"><\/div><\/div><\/div><br \/>\n<section  class='av_textblock_section av-64ah2c-f7eb3bf96fabe60d842815ad1680c6a3 '   itemscope=\"itemscope\" itemtype=\"https:\/\/schema.org\/CreativeWork\" ><div class='avia_textblock'  itemprop=\"text\" ><p>A <a title=\"Interiorisme Barcelona\" href=\"..\/ca\">Estudio Romanelli<\/a> oferim un <strong>servei de decoraci&oacute;<\/strong> pr&agrave;ctic, r&agrave;pid, adaptat a l&#8217;estil del nostre client, i sobretot respectant el pressupost pactat des de les fases inicials del proc&eacute;s decoratiu. Oferim la millor qualitat al millor preu, escollint les peces de decoraci&oacute; entre les millors marques del sector, ja siguin nacionals o internacionals. Si busca exclusivitat, ens encarreguem d&#8217;elaborar dissenys personalitzats pel que fa a mobiliari, il&middot;luminaci&oacute;, teixits i objectes decoratius. A m&eacute;s disposem d&#8217;artesans professionals que s&#8217;encarreguessin de la realitzaci&oacute; de <strong>qualsevol pe&ccedil;a &uacute;nica<\/strong>. Treballem amb enc&agrave;rrecs de totes les dimensions, des d&#8217;un simple sal&oacute; fins a la decoraci&oacute; de tot l&#8217;habitatge, oficina o local comercial, sempre sota el concepte claus en m&agrave;. En el nostre estudi d&#8217;arquitectura interior, considerem la llum com un dels elements m&eacute;s importants de la decoraci&oacute;, la utilitzem per plasmar forma i dimensions dels objectes fent jocs de llums i ombres que es reflecteixen sobre les superf&iacute;cies, donant a aquestes un aspecte tridimensional i bivac. Col&middot;laborem estretament amb experts en el sector de la <a title=\"Interiorisme i il&middot;luminaci&oacute;\" href=\"\/ca\/il\u00b7luminacio\">il&middot;luminaci&oacute;<\/a> per aconseguir sempre el millor &uacute;s d&#8217;aquest element ia m&eacute;s disposem de les millors marques en aquest sector que ens ajudaran a fer servir de la millor manera la il&middot;luminaci&oacute; com a element decoratiu. Aix&iacute; mateix, a Estudio Romanelli tamb&eacute; oferim un servei de &#8220;<strong>relooking<\/strong>&#8220;, que permet canviar completament els ambients d&#8217;un habitatge en el cas el client busqui condicionar la seva propietat per facilitar la seva venda o lloguer. Disposem a m&eacute;s del servei de &#8220;<strong>Home staging<\/strong>&#8221; gr&agrave;cies al qual podem moblar tots els ambients de manera temporal fins que no es tramiti la venda.<\/p>\n<\/div><\/section><br \/>\n\n<style type=\"text\/css\" data-created_by=\"avia_inline_auto\" id=\"style-css-av-390er8-ef5695672042db76796825fd83f9db10\">\n.avia-image-container.av-390er8-ef5695672042db76796825fd83f9db10 img.avia_image{\nbox-shadow:none;\n}\n.avia-image-container.av-390er8-ef5695672042db76796825fd83f9db10 .av-image-caption-overlay-center{\ncolor:#ffffff;\n}\n<\/style>\n<div  class='avia-image-container av-390er8-ef5695672042db76796825fd83f9db10 av-styling- avia-align-center  avia-builder-el-7  el_after_av_textblock  avia-builder-el-last '   itemprop=\"image\" itemscope=\"itemscope\" itemtype=\"https:\/\/schema.org\/ImageObject\" ><div class=\"avia-image-container-inner\"><div class=\"avia-image-overlay-wrap\"><img decoding=\"async\" fetchpriority=\"high\" class='wp-image-4046 avia-img-lazy-loading-not-4046 avia_image ' src=\"https:\/\/estudioromanelli.es\/wp-content\/uploads\/2015\/09\/AGA_BLANES_0027.jpg\" alt='Decorador a Barcelona' title='Decorador a Barcelona'  height=\"779\" width=\"1167\"  itemprop=\"thumbnailUrl\" srcset=\"https:\/\/estudioromanelli.es\/wp-content\/uploads\/2015\/09\/AGA_BLANES_0027.jpg 1167w, https:\/\/estudioromanelli.es\/wp-content\/uploads\/2015\/09\/AGA_BLANES_0027-300x200.jpg 300w, https:\/\/estudioromanelli.es\/wp-content\/uploads\/2015\/09\/AGA_BLANES_0027-1030x688.jpg 1030w, https:\/\/estudioromanelli.es\/wp-content\/uploads\/2015\/09\/AGA_BLANES_0027-705x471.jpg 705w, https:\/\/estudioromanelli.es\/wp-content\/uploads\/2015\/09\/AGA_BLANES_0027-450x300.jpg 450w\" sizes=\"(max-width: 1167px) 100vw, 1167px\" \/><\/div><\/div><\/div><\/p><\/div>\n<style type=\"text\/css\" data-created_by=\"avia_inline_auto\" id=\"style-css-av-3xpon8-c02e2feadc9faf23a6e5d23681161844\">\n#top .hr.hr-invisible.av-3xpon8-c02e2feadc9faf23a6e5d23681161844{\nheight:45px;\n}\n<\/style>\n<div  class='hr av-3xpon8-c02e2feadc9faf23a6e5d23681161844 hr-invisible  avia-builder-el-8  el_after_av_one_full  el_before_av_button '><span class='hr-inner '><span class=\"hr-inner-style\"><\/span><\/span><\/div><\/p>\n<div  id=\"Estudi-decoraci-Barcelona\"  class='avia-button-wrap av-24bfk4-aeb838716e4e753e97f7e6a4b485fccb-wrap avia-button-center  avia-builder-el-9  el_after_av_hr  avia-builder-el-last  interiorismo-decoracion-reformas-barcelona'><a href='\/ca\/contacte'  class='avia-button av-24bfk4-aeb838716e4e753e97f7e6a4b485fccb av-link-btn avia-icon_select-yes-left-icon avia-size-medium avia-position-center avia-color-theme-color'  title=\"Pressupost de projectes d\u2019interiorisme a Barcelona Estudio Romanelli\" aria-label=\"Pressupost de projectes d\u2019interiorisme a Barcelona Estudio Romanelli\"><span class='avia_button_icon avia_button_icon_left avia-iconfont avia-font-entypo-fontello' data-av_icon='\ue800' data-av_iconfont='entypo-fontello' ><\/span><span class='avia_iconbox_title' >Demani\u2019ns pressupost!<\/span><\/a><\/div>\n","protected":false},"excerpt":{"rendered":"","protected":false},"author":1,"featured_media":12230,"parent":4194,"menu_order":0,"comment_status":"closed","ping_status":"closed","template":"","meta":{"footnotes":""},"categories":[],"tags":[],"class_list":["post-4196","page","type-page","status-publish","has-post-thumbnail","hentry"],"yoast_head":"<!-- This site is optimized with the Yoast SEO plugin v26.8 - https:\/\/yoast.com\/product\/yoast-seo-wordpress\/ -->\n<title>Decorador a Barcelona \u2b50 Estudi de Decoraci\u00f3 | Estudio Romanelli<\/title>\n<meta name=\"description\" content=\"Estudio Romanelli Estudi d&#039;interiorisme i decoraci\u00f3 interiors a Barcelona \u2b50 Equip s\u00f2lid de professionals \u2b50 Descobreixi com li podem ajudar!\" \/>\n<meta name=\"robots\" content=\"index, follow, max-snippet:-1, max-image-preview:large, max-video-preview:-1\" \/>\n<link rel=\"canonical\" href=\"https:\/\/estudioromanelli.es\/ca\/serveis\/decoracio\" \/>\n<meta property=\"og:locale\" content=\"ca_ES\" \/>\n<meta property=\"og:type\" content=\"article\" \/>\n<meta property=\"og:title\" content=\"Decorador a Barcelona \u2b50 Estudi de Decoraci\u00f3 | Estudio Romanelli\" \/>\n<meta property=\"og:description\" content=\"Estudio Romanelli Estudi d&#039;interiorisme i decoraci\u00f3 interiors a Barcelona \u2b50 Equip s\u00f2lid de professionals \u2b50 Descobreixi com li podem ajudar!\" \/>\n<meta property=\"og:url\" content=\"https:\/\/estudioromanelli.es\/ca\/serveis\/decoracio\" \/>\n<meta property=\"og:site_name\" content=\"Estudi d&#039;Interiorisme i Arquitectura a Barcelona\" \/>\n<meta property=\"article:modified_time\" content=\"2022-05-18T12:26:22+00:00\" \/>\n<meta property=\"og:image\" content=\"https:\/\/estudioromanelli.es\/wp-content\/uploads\/2020\/06\/casa-piso-loft-estilo-vintage-barcelona.jpg\" \/>\n\t<meta property=\"og:image:width\" content=\"1500\" \/>\n\t<meta property=\"og:image:height\" content=\"530\" \/>\n\t<meta property=\"og:image:type\" content=\"image\/jpeg\" \/>\n<meta name=\"twitter:card\" content=\"summary_large_image\" \/>\n<meta name=\"twitter:label1\" content=\"Est. reading time\" \/>\n\t<meta name=\"twitter:data1\" content=\"6 minutes\" \/>\n<script type=\"application\/ld+json\" class=\"yoast-schema-graph\">{\"@context\":\"https:\/\/schema.org\",\"@graph\":[{\"@type\":\"WebPage\",\"@id\":\"https:\/\/estudioromanelli.es\/ca\/serveis\/decoracio\",\"url\":\"https:\/\/estudioromanelli.es\/ca\/serveis\/decoracio\",\"name\":\"Decorador a Barcelona \u2b50 Estudi de Decoraci\u00f3 | Estudio Romanelli\",\"isPartOf\":{\"@id\":\"https:\/\/estudioromanelli.es\/ca#website\"},\"primaryImageOfPage\":{\"@id\":\"https:\/\/estudioromanelli.es\/ca\/serveis\/decoracio#primaryimage\"},\"image\":{\"@id\":\"https:\/\/estudioromanelli.es\/ca\/serveis\/decoracio#primaryimage\"},\"thumbnailUrl\":\"https:\/\/estudioromanelli.es\/wp-content\/uploads\/2020\/06\/casa-piso-loft-estilo-vintage-barcelona.jpg\",\"datePublished\":\"2015-09-23T12:06:33+00:00\",\"dateModified\":\"2022-05-18T12:26:22+00:00\",\"description\":\"Estudio Romanelli Estudi d'interiorisme i decoraci\u00f3 interiors a Barcelona \u2b50 Equip s\u00f2lid de professionals \u2b50 Descobreixi com li podem ajudar!\",\"breadcrumb\":{\"@id\":\"https:\/\/estudioromanelli.es\/ca\/serveis\/decoracio#breadcrumb\"},\"inLanguage\":\"ca-ES\",\"potentialAction\":[{\"@type\":\"ReadAction\",\"target\":[\"https:\/\/estudioromanelli.es\/ca\/serveis\/decoracio\"]}]},{\"@type\":\"ImageObject\",\"inLanguage\":\"ca-ES\",\"@id\":\"https:\/\/estudioromanelli.es\/ca\/serveis\/decoracio#primaryimage\",\"url\":\"https:\/\/estudioromanelli.es\/wp-content\/uploads\/2020\/06\/casa-piso-loft-estilo-vintage-barcelona.jpg\",\"contentUrl\":\"https:\/\/estudioromanelli.es\/wp-content\/uploads\/2020\/06\/casa-piso-loft-estilo-vintage-barcelona.jpg\",\"width\":1500,\"height\":530,\"caption\":\"Pis de tipus loft amb decoraci\u00f3 Vintage\"},{\"@type\":\"BreadcrumbList\",\"@id\":\"https:\/\/estudioromanelli.es\/ca\/serveis\/decoracio#breadcrumb\",\"itemListElement\":[{\"@type\":\"ListItem\",\"position\":1,\"name\":\"LF24\",\"item\":\"https:\/\/estudioromanelli.es\/ca\/home\"},{\"@type\":\"ListItem\",\"position\":2,\"name\":\"SERVEIS\",\"item\":\"https:\/\/estudioromanelli.es\/ca\/caserveis\"},{\"@type\":\"ListItem\",\"position\":3,\"name\":\"Decorador Barcelona\"}]},{\"@type\":\"WebSite\",\"@id\":\"https:\/\/estudioromanelli.es\/ca#website\",\"url\":\"https:\/\/estudioromanelli.es\/ca\",\"name\":\"Estudi d&#039;Interiorisme i Arquitectura a Barcelona\",\"description\":\"Estudio Romanelli\",\"potentialAction\":[{\"@type\":\"SearchAction\",\"target\":{\"@type\":\"EntryPoint\",\"urlTemplate\":\"https:\/\/estudioromanelli.es\/ca?s={search_term_string}\"},\"query-input\":{\"@type\":\"PropertyValueSpecification\",\"valueRequired\":true,\"valueName\":\"search_term_string\"}}],\"inLanguage\":\"ca-ES\"}]}<\/script>\n<!-- \/ Yoast SEO plugin. -->","yoast_head_json":{"title":"Decorador a Barcelona \u2b50 Estudi de Decoraci\u00f3 | Estudio Romanelli","description":"Estudio Romanelli Estudi d'interiorisme i decoraci\u00f3 interiors a Barcelona \u2b50 Equip s\u00f2lid de professionals \u2b50 Descobreixi com li podem ajudar!","robots":{"index":"index","follow":"follow","max-snippet":"max-snippet:-1","max-image-preview":"max-image-preview:large","max-video-preview":"max-video-preview:-1"},"canonical":"https:\/\/estudioromanelli.es\/ca\/serveis\/decoracio","og_locale":"ca_ES","og_type":"article","og_title":"Decorador a Barcelona \u2b50 Estudi de Decoraci\u00f3 | Estudio Romanelli","og_description":"Estudio Romanelli Estudi d'interiorisme i decoraci\u00f3 interiors a Barcelona \u2b50 Equip s\u00f2lid de professionals \u2b50 Descobreixi com li podem ajudar!","og_url":"https:\/\/estudioromanelli.es\/ca\/serveis\/decoracio","og_site_name":"Estudi d&#039;Interiorisme i Arquitectura a Barcelona","article_modified_time":"2022-05-18T12:26:22+00:00","og_image":[{"width":1500,"height":530,"url":"https:\/\/estudioromanelli.es\/wp-content\/uploads\/2020\/06\/casa-piso-loft-estilo-vintage-barcelona.jpg","type":"image\/jpeg"}],"twitter_card":"summary_large_image","twitter_misc":{"Est. reading time":"6 minutes"},"schema":{"@context":"https:\/\/schema.org","@graph":[{"@type":"WebPage","@id":"https:\/\/estudioromanelli.es\/ca\/serveis\/decoracio","url":"https:\/\/estudioromanelli.es\/ca\/serveis\/decoracio","name":"Decorador a Barcelona \u2b50 Estudi de Decoraci\u00f3 | Estudio Romanelli","isPartOf":{"@id":"https:\/\/estudioromanelli.es\/ca#website"},"primaryImageOfPage":{"@id":"https:\/\/estudioromanelli.es\/ca\/serveis\/decoracio#primaryimage"},"image":{"@id":"https:\/\/estudioromanelli.es\/ca\/serveis\/decoracio#primaryimage"},"thumbnailUrl":"https:\/\/estudioromanelli.es\/wp-content\/uploads\/2020\/06\/casa-piso-loft-estilo-vintage-barcelona.jpg","datePublished":"2015-09-23T12:06:33+00:00","dateModified":"2022-05-18T12:26:22+00:00","description":"Estudio Romanelli Estudi d'interiorisme i decoraci\u00f3 interiors a Barcelona \u2b50 Equip s\u00f2lid de professionals \u2b50 Descobreixi com li podem ajudar!","breadcrumb":{"@id":"https:\/\/estudioromanelli.es\/ca\/serveis\/decoracio#breadcrumb"},"inLanguage":"ca-ES","potentialAction":[{"@type":"ReadAction","target":["https:\/\/estudioromanelli.es\/ca\/serveis\/decoracio"]}]},{"@type":"ImageObject","inLanguage":"ca-ES","@id":"https:\/\/estudioromanelli.es\/ca\/serveis\/decoracio#primaryimage","url":"https:\/\/estudioromanelli.es\/wp-content\/uploads\/2020\/06\/casa-piso-loft-estilo-vintage-barcelona.jpg","contentUrl":"https:\/\/estudioromanelli.es\/wp-content\/uploads\/2020\/06\/casa-piso-loft-estilo-vintage-barcelona.jpg","width":1500,"height":530,"caption":"Pis de tipus loft amb decoraci\u00f3 Vintage"},{"@type":"BreadcrumbList","@id":"https:\/\/estudioromanelli.es\/ca\/serveis\/decoracio#breadcrumb","itemListElement":[{"@type":"ListItem","position":1,"name":"LF24","item":"https:\/\/estudioromanelli.es\/ca\/home"},{"@type":"ListItem","position":2,"name":"SERVEIS","item":"https:\/\/estudioromanelli.es\/ca\/caserveis"},{"@type":"ListItem","position":3,"name":"Decorador Barcelona"}]},{"@type":"WebSite","@id":"https:\/\/estudioromanelli.es\/ca#website","url":"https:\/\/estudioromanelli.es\/ca","name":"Estudi d&#039;Interiorisme i Arquitectura a Barcelona","description":"Estudio Romanelli","potentialAction":[{"@type":"SearchAction","target":{"@type":"EntryPoint","urlTemplate":"https:\/\/estudioromanelli.es\/ca?s={search_term_string}"},"query-input":{"@type":"PropertyValueSpecification","valueRequired":true,"valueName":"search_term_string"}}],"inLanguage":"ca-ES"}]}},"_links":{"self":[{"href":"https:\/\/estudioromanelli.es\/ca\/wp-json\/wp\/v2\/pages\/4196","targetHints":{"allow":["GET"]}}],"collection":[{"href":"https:\/\/estudioromanelli.es\/ca\/wp-json\/wp\/v2\/pages"}],"about":[{"href":"https:\/\/estudioromanelli.es\/ca\/wp-json\/wp\/v2\/types\/page"}],"author":[{"embeddable":true,"href":"https:\/\/estudioromanelli.es\/ca\/wp-json\/wp\/v2\/users\/1"}],"replies":[{"embeddable":true,"href":"https:\/\/estudioromanelli.es\/ca\/wp-json\/wp\/v2\/comments?post=4196"}],"version-history":[{"count":0,"href":"https:\/\/estudioromanelli.es\/ca\/wp-json\/wp\/v2\/pages\/4196\/revisions"}],"up":[{"embeddable":true,"href":"https:\/\/estudioromanelli.es\/ca\/wp-json\/wp\/v2\/pages\/4194"}],"wp:featuredmedia":[{"embeddable":true,"href":"https:\/\/estudioromanelli.es\/ca\/wp-json\/wp\/v2\/media\/12230"}],"wp:attachment":[{"href":"https:\/\/estudioromanelli.es\/ca\/wp-json\/wp\/v2\/media?parent=4196"}],"wp:term":[{"taxonomy":"category","embeddable":true,"href":"https:\/\/estudioromanelli.es\/ca\/wp-json\/wp\/v2\/categories?post=4196"},{"taxonomy":"post_tag","embeddable":true,"href":"https:\/\/estudioromanelli.es\/ca\/wp-json\/wp\/v2\/tags?post=4196"}],"curies":[{"name":"wp","href":"https:\/\/api.w.org\/{rel}","templated":true}]}}