{"id":4195,"date":"2015-08-23T17:23:38","date_gmt":"2015-08-23T17:23:38","guid":{"rendered":"https:\/\/estudioromanelli.es\/?page_id=4195&#038;lang=ca"},"modified":"2021-09-28T10:46:50","modified_gmt":"2021-09-28T10:46:50","slug":"arquitectura","status":"publish","type":"page","link":"https:\/\/estudioromanelli.es\/ca\/serveis\/arquitectura","title":{"rendered":"Arquitectura"},"content":{"rendered":"\n<style type=\"text\/css\" data-created_by=\"avia_inline_auto\" id=\"style-css-av-fw02qz-f7a197a8d1416e9d0e3f445f557abb96\">\n.flex_column.av-fw02qz-f7a197a8d1416e9d0e3f445f557abb96{\nborder-radius:0px 0px 0px 0px;\npadding:0px 0px 0px 0px;\n}\n<\/style>\n<div  class='flex_column av-fw02qz-f7a197a8d1416e9d0e3f445f557abb96 av_one_full  avia-builder-el-0  el_before_av_textblock  avia-builder-el-first  first flex_column_div av-zero-column-padding  '     ><p>\n<style type=\"text\/css\" data-created_by=\"avia_inline_auto\" id=\"style-css-av-307ei3-d31e3a5ad6703d1b6ae3852864c98bd1\">\n#top .av-special-heading.av-307ei3-d31e3a5ad6703d1b6ae3852864c98bd1{\npadding-bottom:10px;\ncolor:#ffffff;\n}\nbody .av-special-heading.av-307ei3-d31e3a5ad6703d1b6ae3852864c98bd1 .av-special-heading-tag .heading-char{\nfont-size:25px;\n}\n.av-special-heading.av-307ei3-d31e3a5ad6703d1b6ae3852864c98bd1 .special-heading-inner-border{\nborder-color:#ffffff;\n}\n.av-special-heading.av-307ei3-d31e3a5ad6703d1b6ae3852864c98bd1 .av-subheading{\nfont-size:15px;\n}\n<\/style>\n<div  class='av-special-heading av-307ei3-d31e3a5ad6703d1b6ae3852864c98bd1 av-special-heading-h1 custom-color-heading blockquote modern-quote modern-centered  avia-builder-el-1  el_before_av_textblock  avia-builder-el-first '><h1 class='av-special-heading-tag '  itemprop=\"headline\"  >SERVEIS D\u2019ARQUITECTURA<\/h1><div class=\"special-heading-border\"><div class=\"special-heading-inner-border\"><\/div><\/div><\/div><br \/>\n<section  class='av_textblock_section av-c52lx7-4864cf5959f8cb464763d19ac4f8e04c '   itemscope=\"itemscope\" itemtype=\"https:\/\/schema.org\/CreativeWork\" ><div class='avia_textblock'  itemprop=\"text\" ><p><img decoding=\"async\" class=\"alignnone wp-image-4479 size-full\" title=\"Projecte d'Arquitectura en 3D\" src=\"https:\/\/estudioromanelli.es\/wp-content\/uploads\/2015\/08\/render-arquitectura.jpg\" alt=\"Projecte d'Arquitectura en 3D\" width=\"1000\" height=\"480\" srcset=\"https:\/\/estudioromanelli.es\/wp-content\/uploads\/2015\/08\/render-arquitectura.jpg 1000w, https:\/\/estudioromanelli.es\/wp-content\/uploads\/2015\/08\/render-arquitectura-300x144.jpg 300w, https:\/\/estudioromanelli.es\/wp-content\/uploads\/2015\/08\/render-arquitectura-705x338.jpg 705w, https:\/\/estudioromanelli.es\/wp-content\/uploads\/2015\/08\/render-arquitectura-450x216.jpg 450w\" sizes=\"(max-width: 1000px) 100vw, 1000px\" \/><\/p>\n<\/div><\/section><br \/>\n\n<style type=\"text\/css\" data-created_by=\"avia_inline_auto\" id=\"style-css-av-kppg0drj-fe18cd856ff14a2559a2bcb3732e444c\">\n#top .av-special-heading.av-kppg0drj-fe18cd856ff14a2559a2bcb3732e444c{\npadding-bottom:10px;\ncolor:#ffffff;\n}\nbody .av-special-heading.av-kppg0drj-fe18cd856ff14a2559a2bcb3732e444c .av-special-heading-tag .heading-char{\nfont-size:25px;\n}\n.av-special-heading.av-kppg0drj-fe18cd856ff14a2559a2bcb3732e444c .special-heading-inner-border{\nborder-color:#ffffff;\n}\n.av-special-heading.av-kppg0drj-fe18cd856ff14a2559a2bcb3732e444c .av-subheading{\nfont-size:15px;\n}\n<\/style>\n<div  class='av-special-heading av-kppg0drj-fe18cd856ff14a2559a2bcb3732e444c av-special-heading-h2 custom-color-heading blockquote modern-quote modern-centered  avia-builder-el-3  el_after_av_textblock  el_before_av_textblock '><h2 class='av-special-heading-tag '  itemprop=\"headline\"  >DEFINICI\u00d3 D\u2019ARQUITECTURA<\/h2><div class=\"special-heading-border\"><div class=\"special-heading-inner-border\"><\/div><\/div><\/div><br \/>\n<section  class='av_textblock_section av-9l3cob-0bb6b78c871a077fd927529f85f9cab9 '   itemscope=\"itemscope\" itemtype=\"https:\/\/schema.org\/CreativeWork\" ><div class='avia_textblock'  itemprop=\"text\" ><p>L&#8217;arquitectura no \u00e9s simplement construir un edifici, sin\u00f3 que remet a l&#8217;expressi\u00f3 directa dels<strong> espais de la vida<\/strong> dels homes i les dones, el que en realitat li atribueix un valor nou i mes important, un nou significat.<\/p>\n<p>Projectar un edifici significa &#8220;pensar&#8221;, nom\u00e9s d&#8217;aquesta manera es pot barrejar el factor hum\u00e0 amb el lloc, amb la necessitats de l&#8217;home, de manera plausible, conseq\u00fcent i organitzada. Per fer tot aix\u00f2 cal ser conscients i tenir sensibilitat quan s&#8217;opera en el vast inventari de les possibilitats disponibles, sabent interpretar cada situaci\u00f3 espec\u00edfica i trobant la soluci\u00f3 m\u00e9s id\u00f2nia, i bella, de l&#8217;expressi\u00f3.<\/p>\n<\/div><\/section><br \/>\n\n<style type=\"text\/css\" data-created_by=\"avia_inline_auto\" id=\"style-css-av-kppg2wpw-1091747f54749e941bbfe556204db406\">\n#top .av-special-heading.av-kppg2wpw-1091747f54749e941bbfe556204db406{\npadding-bottom:10px;\ncolor:#ffffff;\n}\nbody .av-special-heading.av-kppg2wpw-1091747f54749e941bbfe556204db406 .av-special-heading-tag .heading-char{\nfont-size:25px;\n}\n.av-special-heading.av-kppg2wpw-1091747f54749e941bbfe556204db406 .special-heading-inner-border{\nborder-color:#ffffff;\n}\n.av-special-heading.av-kppg2wpw-1091747f54749e941bbfe556204db406 .av-subheading{\nfont-size:15px;\n}\n<\/style>\n<div  class='av-special-heading av-kppg2wpw-1091747f54749e941bbfe556204db406 av-special-heading-h2 custom-color-heading blockquote modern-quote modern-centered  avia-builder-el-5  el_after_av_textblock  el_before_av_textblock '><h2 class='av-special-heading-tag '  itemprop=\"headline\"  > ESTUDI D\u2019ARQUITECTURA<\/h2><div class=\"special-heading-border\"><div class=\"special-heading-inner-border\"><\/div><\/div><\/div><br \/>\n<section  class='av_textblock_section av-4geh3v-34c0e0b0b5a35406905ac835d34b2794 '   itemscope=\"itemscope\" itemtype=\"https:\/\/schema.org\/CreativeWork\" ><div class='avia_textblock'  itemprop=\"text\" ><p><img decoding=\"async\" class=\"alignnone wp-image-4092 size-large\" title=\"Dibuixos d'arquitectura al\u00e7ats\" src=\"https:\/\/estudioromanelli.es\/wp-content\/uploads\/2015\/09\/alzado-1030x355.jpg\" alt=\"Dibuixos d'arquitectura al\u00e7ats\" width=\"1030\" height=\"355\" srcset=\"https:\/\/estudioromanelli.es\/wp-content\/uploads\/2015\/09\/alzado-1030x355.jpg 1030w, https:\/\/estudioromanelli.es\/wp-content\/uploads\/2015\/09\/alzado-300x103.jpg 300w, https:\/\/estudioromanelli.es\/wp-content\/uploads\/2015\/09\/alzado-1500x517.jpg 1500w, https:\/\/estudioromanelli.es\/wp-content\/uploads\/2015\/09\/alzado-705x243.jpg 705w, https:\/\/estudioromanelli.es\/wp-content\/uploads\/2015\/09\/alzado-450x155.jpg 450w\" sizes=\"(max-width: 1030px) 100vw, 1030px\" \/><\/p>\n<\/div><\/section><br \/>\n<section  class='av_textblock_section av-kppg1y2r-529c41c9ee8b60a8cdf74b70c1d41f3a '   itemscope=\"itemscope\" itemtype=\"https:\/\/schema.org\/CreativeWork\" ><div class='avia_textblock'  itemprop=\"text\" ><p>A <a title=\"Estudi d'interiorisme i arquitectura Barcelona\" href=\"\/ca\">Estudio Romanelli estudi d&#8217;arquitectura a Barcelona<\/a>, \u200b\u200bcombinem les necessitats, valors, i les expectatives en la consecuci\u00f3 de projectes d&#8217;arquitectura \u00fanics, espec\u00edfics i individuals.<\/p>\n<p>Afrontem cada projecte de manera espec\u00edfica i vam trobar la soluci\u00f3 m\u00e9s apropiada per a cada tema en q\u00fcesti\u00f3. Considerem la satisfacci\u00f3 del client com una m\u00e0xima idenpendientemente del tipus de projecte, ja siguin <a title=\"Reformes integrals Barcelona\" href=\"\/ca\/serveis\/reformes\">reformes integrals<\/a>, projectes d&#8217;arquitectura, d&#8217;interiorisme o decoraci\u00f3.<\/p>\n<p>Un cop analitzades les necessitats de cada cas, interpretem i desenvolupem el projecte, perqu\u00e8 en tots el projectes hi ha unes necessitats i uns somnis amagats que cada bon arquitecte ha de saber buscar i desenvolupar. Aquesta recerca \u00e9s sempre el m\u00e9s complicat de l&#8217;arquitectura, i alhora el que ens enamora del nostre treball.<br \/>\nLi agradaria saber m\u00e9s sobre els nostres serveis d&#8217;arquitectura? Contacti amb nosaltres. Estarem encantats d&#8217;ajudar.<\/p>\n<\/div><\/section><\/p><\/div><section  class='av_textblock_section av-2nofxn-226e0b805e61aa2f22a4a9c5fe273e57 '   itemscope=\"itemscope\" itemtype=\"https:\/\/schema.org\/CreativeWork\" ><div class='avia_textblock'  itemprop=\"text\" ><p><img decoding=\"async\" class=\"alignnone wp-image-4042 size-large\" title=\"Pl\u00e0nol d'arquitectura\" src=\"https:\/\/estudioromanelli.es\/wp-content\/uploads\/2015\/09\/Arquitectura-1030x503.jpg\" alt=\"Pl\u00e0nol d'arquitectura\" width=\"1030\" height=\"503\" srcset=\"https:\/\/estudioromanelli.es\/wp-content\/uploads\/2015\/09\/Arquitectura-1030x503.jpg 1030w, https:\/\/estudioromanelli.es\/wp-content\/uploads\/2015\/09\/Arquitectura-300x146.jpg 300w, https:\/\/estudioromanelli.es\/wp-content\/uploads\/2015\/09\/Arquitectura-1500x732.jpg 1500w, https:\/\/estudioromanelli.es\/wp-content\/uploads\/2015\/09\/Arquitectura-705x344.jpg 705w, https:\/\/estudioromanelli.es\/wp-content\/uploads\/2015\/09\/Arquitectura-450x220.jpg 450w\" sizes=\"(max-width: 1030px) 100vw, 1030px\" \/><\/p>\n<\/div><\/section><\/p>\n<div  class='avia-button-wrap av-fqkjf-1a5eecef4e69f32a4246356f412d39e9-wrap avia-button-center  avia-builder-el-9  el_after_av_textblock  avia-builder-el-last  interiorismo-decoracion-reformas-barcelona'><a href='https:\/\/estudioromanelli.es\/cacontacte'  class='avia-button av-fqkjf-1a5eecef4e69f32a4246356f412d39e9 av-link-btn avia-icon_select-no avia-size-medium avia-position-center avia-color-theme-color'  title=\"Pressupost estudi arquitectura interior Estudio Romanelli Barcelona\" aria-label=\"Pressupost estudi arquitectura interior Estudio Romanelli Barcelona\"><span class='avia_iconbox_title' >Demani una visita amb Estudio Romanelli sense cap comprom\u00eds<\/span><\/a><\/div>\n","protected":false},"excerpt":{"rendered":"","protected":false},"author":1,"featured_media":15654,"parent":4194,"menu_order":0,"comment_status":"closed","ping_status":"closed","template":"","meta":{"footnotes":""},"categories":[],"tags":[],"class_list":["post-4195","page","type-page","status-publish","has-post-thumbnail","hentry"],"yoast_head":"<!-- This site is optimized with the Yoast SEO plugin v26.8 - https:\/\/yoast.com\/product\/yoast-seo-wordpress\/ -->\n<title>Estudi d&#039;Arquitectura Interior a Barcelona \u2b50 Estudio Romanelli<\/title>\n<meta name=\"description\" content=\"Estudio Romanelli Estudi d&#039;arquitectura interior a Barcelona \u2b50 Amb un gran equip de professionals \u2b50 \u00bfDescobreixi com podem ajudar-lo?\" \/>\n<meta name=\"robots\" content=\"index, follow, max-snippet:-1, max-image-preview:large, max-video-preview:-1\" \/>\n<link rel=\"canonical\" href=\"https:\/\/estudioromanelli.es\/ca\/serveis\/arquitectura\" \/>\n<meta property=\"og:locale\" content=\"ca_ES\" \/>\n<meta property=\"og:type\" content=\"article\" \/>\n<meta property=\"og:title\" content=\"Estudi d&#039;Arquitectura Interior a Barcelona \u2b50 Estudio Romanelli\" \/>\n<meta property=\"og:description\" content=\"Estudio Romanelli Estudi d&#039;arquitectura interior a Barcelona \u2b50 Amb un gran equip de professionals \u2b50 \u00bfDescobreixi com podem ajudar-lo?\" \/>\n<meta property=\"og:url\" content=\"https:\/\/estudioromanelli.es\/ca\/serveis\/arquitectura\" \/>\n<meta property=\"og:site_name\" content=\"Estudi d&#039;Interiorisme i Arquitectura a Barcelona\" \/>\n<meta property=\"article:modified_time\" content=\"2021-09-28T10:46:50+00:00\" \/>\n<meta property=\"og:image\" content=\"https:\/\/estudioromanelli.es\/wp-content\/uploads\/2015\/09\/Arquitectura.jpg\" \/>\n\t<meta property=\"og:image:width\" content=\"2314\" \/>\n\t<meta property=\"og:image:height\" content=\"1129\" \/>\n\t<meta property=\"og:image:type\" content=\"image\/jpeg\" \/>\n<meta name=\"twitter:card\" content=\"summary_large_image\" \/>\n<meta name=\"twitter:label1\" content=\"Est. reading time\" \/>\n\t<meta name=\"twitter:data1\" content=\"3 minutes\" \/>\n<script type=\"application\/ld+json\" class=\"yoast-schema-graph\">{\"@context\":\"https:\/\/schema.org\",\"@graph\":[{\"@type\":\"WebPage\",\"@id\":\"https:\/\/estudioromanelli.es\/ca\/serveis\/arquitectura\",\"url\":\"https:\/\/estudioromanelli.es\/ca\/serveis\/arquitectura\",\"name\":\"Estudi d'Arquitectura Interior a Barcelona \u2b50 Estudio Romanelli\",\"isPartOf\":{\"@id\":\"https:\/\/estudioromanelli.es\/ca#website\"},\"primaryImageOfPage\":{\"@id\":\"https:\/\/estudioromanelli.es\/ca\/serveis\/arquitectura#primaryimage\"},\"image\":{\"@id\":\"https:\/\/estudioromanelli.es\/ca\/serveis\/arquitectura#primaryimage\"},\"thumbnailUrl\":\"https:\/\/estudioromanelli.es\/wp-content\/uploads\/2015\/09\/Arquitectura.jpg\",\"datePublished\":\"2015-08-23T17:23:38+00:00\",\"dateModified\":\"2021-09-28T10:46:50+00:00\",\"description\":\"Estudio Romanelli Estudi d'arquitectura interior a Barcelona \u2b50 Amb un gran equip de professionals \u2b50 \u00bfDescobreixi com podem ajudar-lo?\",\"breadcrumb\":{\"@id\":\"https:\/\/estudioromanelli.es\/ca\/serveis\/arquitectura#breadcrumb\"},\"inLanguage\":\"ca-ES\",\"potentialAction\":[{\"@type\":\"ReadAction\",\"target\":[\"https:\/\/estudioromanelli.es\/ca\/serveis\/arquitectura\"]}]},{\"@type\":\"ImageObject\",\"inLanguage\":\"ca-ES\",\"@id\":\"https:\/\/estudioromanelli.es\/ca\/serveis\/arquitectura#primaryimage\",\"url\":\"https:\/\/estudioromanelli.es\/wp-content\/uploads\/2015\/09\/Arquitectura.jpg\",\"contentUrl\":\"https:\/\/estudioromanelli.es\/wp-content\/uploads\/2015\/09\/Arquitectura.jpg\",\"width\":2314,\"height\":1129,\"caption\":\"Arquitectura casa Castelldefels\"},{\"@type\":\"BreadcrumbList\",\"@id\":\"https:\/\/estudioromanelli.es\/ca\/serveis\/arquitectura#breadcrumb\",\"itemListElement\":[{\"@type\":\"ListItem\",\"position\":1,\"name\":\"LF24\",\"item\":\"https:\/\/estudioromanelli.es\/ca\/home\"},{\"@type\":\"ListItem\",\"position\":2,\"name\":\"SERVEIS\",\"item\":\"https:\/\/estudioromanelli.es\/ca\/caserveis\"},{\"@type\":\"ListItem\",\"position\":3,\"name\":\"ARQUITECTURA\"}]},{\"@type\":\"WebSite\",\"@id\":\"https:\/\/estudioromanelli.es\/ca#website\",\"url\":\"https:\/\/estudioromanelli.es\/ca\",\"name\":\"Estudi d&#039;Interiorisme i Arquitectura a Barcelona\",\"description\":\"Estudio Romanelli\",\"potentialAction\":[{\"@type\":\"SearchAction\",\"target\":{\"@type\":\"EntryPoint\",\"urlTemplate\":\"https:\/\/estudioromanelli.es\/ca?s={search_term_string}\"},\"query-input\":{\"@type\":\"PropertyValueSpecification\",\"valueRequired\":true,\"valueName\":\"search_term_string\"}}],\"inLanguage\":\"ca-ES\"}]}<\/script>\n<!-- \/ Yoast SEO plugin. -->","yoast_head_json":{"title":"Estudi d'Arquitectura Interior a Barcelona \u2b50 Estudio Romanelli","description":"Estudio Romanelli Estudi d'arquitectura interior a Barcelona \u2b50 Amb un gran equip de professionals \u2b50 \u00bfDescobreixi com podem ajudar-lo?","robots":{"index":"index","follow":"follow","max-snippet":"max-snippet:-1","max-image-preview":"max-image-preview:large","max-video-preview":"max-video-preview:-1"},"canonical":"https:\/\/estudioromanelli.es\/ca\/serveis\/arquitectura","og_locale":"ca_ES","og_type":"article","og_title":"Estudi d'Arquitectura Interior a Barcelona \u2b50 Estudio Romanelli","og_description":"Estudio Romanelli Estudi d'arquitectura interior a Barcelona \u2b50 Amb un gran equip de professionals \u2b50 \u00bfDescobreixi com podem ajudar-lo?","og_url":"https:\/\/estudioromanelli.es\/ca\/serveis\/arquitectura","og_site_name":"Estudi d&#039;Interiorisme i Arquitectura a Barcelona","article_modified_time":"2021-09-28T10:46:50+00:00","og_image":[{"width":2314,"height":1129,"url":"https:\/\/estudioromanelli.es\/wp-content\/uploads\/2015\/09\/Arquitectura.jpg","type":"image\/jpeg"}],"twitter_card":"summary_large_image","twitter_misc":{"Est. reading time":"3 minutes"},"schema":{"@context":"https:\/\/schema.org","@graph":[{"@type":"WebPage","@id":"https:\/\/estudioromanelli.es\/ca\/serveis\/arquitectura","url":"https:\/\/estudioromanelli.es\/ca\/serveis\/arquitectura","name":"Estudi d'Arquitectura Interior a Barcelona \u2b50 Estudio Romanelli","isPartOf":{"@id":"https:\/\/estudioromanelli.es\/ca#website"},"primaryImageOfPage":{"@id":"https:\/\/estudioromanelli.es\/ca\/serveis\/arquitectura#primaryimage"},"image":{"@id":"https:\/\/estudioromanelli.es\/ca\/serveis\/arquitectura#primaryimage"},"thumbnailUrl":"https:\/\/estudioromanelli.es\/wp-content\/uploads\/2015\/09\/Arquitectura.jpg","datePublished":"2015-08-23T17:23:38+00:00","dateModified":"2021-09-28T10:46:50+00:00","description":"Estudio Romanelli Estudi d'arquitectura interior a Barcelona \u2b50 Amb un gran equip de professionals \u2b50 \u00bfDescobreixi com podem ajudar-lo?","breadcrumb":{"@id":"https:\/\/estudioromanelli.es\/ca\/serveis\/arquitectura#breadcrumb"},"inLanguage":"ca-ES","potentialAction":[{"@type":"ReadAction","target":["https:\/\/estudioromanelli.es\/ca\/serveis\/arquitectura"]}]},{"@type":"ImageObject","inLanguage":"ca-ES","@id":"https:\/\/estudioromanelli.es\/ca\/serveis\/arquitectura#primaryimage","url":"https:\/\/estudioromanelli.es\/wp-content\/uploads\/2015\/09\/Arquitectura.jpg","contentUrl":"https:\/\/estudioromanelli.es\/wp-content\/uploads\/2015\/09\/Arquitectura.jpg","width":2314,"height":1129,"caption":"Arquitectura casa Castelldefels"},{"@type":"BreadcrumbList","@id":"https:\/\/estudioromanelli.es\/ca\/serveis\/arquitectura#breadcrumb","itemListElement":[{"@type":"ListItem","position":1,"name":"LF24","item":"https:\/\/estudioromanelli.es\/ca\/home"},{"@type":"ListItem","position":2,"name":"SERVEIS","item":"https:\/\/estudioromanelli.es\/ca\/caserveis"},{"@type":"ListItem","position":3,"name":"ARQUITECTURA"}]},{"@type":"WebSite","@id":"https:\/\/estudioromanelli.es\/ca#website","url":"https:\/\/estudioromanelli.es\/ca","name":"Estudi d&#039;Interiorisme i Arquitectura a Barcelona","description":"Estudio Romanelli","potentialAction":[{"@type":"SearchAction","target":{"@type":"EntryPoint","urlTemplate":"https:\/\/estudioromanelli.es\/ca?s={search_term_string}"},"query-input":{"@type":"PropertyValueSpecification","valueRequired":true,"valueName":"search_term_string"}}],"inLanguage":"ca-ES"}]}},"_links":{"self":[{"href":"https:\/\/estudioromanelli.es\/ca\/wp-json\/wp\/v2\/pages\/4195","targetHints":{"allow":["GET"]}}],"collection":[{"href":"https:\/\/estudioromanelli.es\/ca\/wp-json\/wp\/v2\/pages"}],"about":[{"href":"https:\/\/estudioromanelli.es\/ca\/wp-json\/wp\/v2\/types\/page"}],"author":[{"embeddable":true,"href":"https:\/\/estudioromanelli.es\/ca\/wp-json\/wp\/v2\/users\/1"}],"replies":[{"embeddable":true,"href":"https:\/\/estudioromanelli.es\/ca\/wp-json\/wp\/v2\/comments?post=4195"}],"version-history":[{"count":0,"href":"https:\/\/estudioromanelli.es\/ca\/wp-json\/wp\/v2\/pages\/4195\/revisions"}],"up":[{"embeddable":true,"href":"https:\/\/estudioromanelli.es\/ca\/wp-json\/wp\/v2\/pages\/4194"}],"wp:featuredmedia":[{"embeddable":true,"href":"https:\/\/estudioromanelli.es\/ca\/wp-json\/wp\/v2\/media\/15654"}],"wp:attachment":[{"href":"https:\/\/estudioromanelli.es\/ca\/wp-json\/wp\/v2\/media?parent=4195"}],"wp:term":[{"taxonomy":"category","embeddable":true,"href":"https:\/\/estudioromanelli.es\/ca\/wp-json\/wp\/v2\/categories?post=4195"},{"taxonomy":"post_tag","embeddable":true,"href":"https:\/\/estudioromanelli.es\/ca\/wp-json\/wp\/v2\/tags?post=4195"}],"curies":[{"name":"wp","href":"https:\/\/api.w.org\/{rel}","templated":true}]}}