{"id":4192,"date":"2015-09-23T12:07:24","date_gmt":"2015-09-23T12:07:24","guid":{"rendered":"https:\/\/estudioromanelli.es\/?page_id=4192&#038;lang=ca"},"modified":"2024-04-22T12:15:39","modified_gmt":"2024-04-22T12:15:39","slug":"projectes","status":"publish","type":"page","link":"https:\/\/estudioromanelli.es\/ca\/projectes","title":{"rendered":"Projectes"},"content":{"rendered":"\n<style type=\"text\/css\" data-created_by=\"avia_inline_auto\" id=\"style-css-av-7d0zgg-1f72bdfc72dac87c605d861662a42d6c\">\n.flex_column.av-7d0zgg-1f72bdfc72dac87c605d861662a42d6c{\nborder-radius:0px 0px 0px 0px;\npadding:0px 0px 0px 0px;\n}\n<\/style>\n<div  class='flex_column av-7d0zgg-1f72bdfc72dac87c605d861662a42d6c av_one_full  avia-builder-el-0  avia-builder-el-no-sibling  first flex_column_div av-zero-column-padding  '     ><p>\n<style type=\"text\/css\" data-created_by=\"avia_inline_auto\" id=\"style-css-av-5msjlc-69ccf4a0f1984b826097a87444caa346\">\n#top .av-special-heading.av-5msjlc-69ccf4a0f1984b826097a87444caa346{\npadding-bottom:10px;\ncolor:#ffffff;\n}\nbody .av-special-heading.av-5msjlc-69ccf4a0f1984b826097a87444caa346 .av-special-heading-tag .heading-char{\nfont-size:25px;\n}\n.av-special-heading.av-5msjlc-69ccf4a0f1984b826097a87444caa346 .special-heading-inner-border{\nborder-color:#ffffff;\n}\n.av-special-heading.av-5msjlc-69ccf4a0f1984b826097a87444caa346 .av-subheading{\nfont-size:15px;\n}\n<\/style>\n<div  class='av-special-heading av-5msjlc-69ccf4a0f1984b826097a87444caa346 av-special-heading-h1 custom-color-heading blockquote modern-quote modern-centered  avia-builder-el-1  el_before_av_textblock  avia-builder-el-first '><h1 class='av-special-heading-tag '  itemprop=\"headline\"  >PROJECTES D\u2019INTERIORISME<\/h1><div class=\"special-heading-border\"><div class=\"special-heading-inner-border\"><\/div><\/div><\/div><br \/>\n<section  class='av_textblock_section av-4oq4cw-4d06ac28aaed87a1563d2884079e8ca0 '   itemscope=\"itemscope\" itemtype=\"https:\/\/schema.org\/CreativeWork\" ><div class='avia_textblock'  itemprop=\"text\" ><p><img decoding=\"async\" class=\"aligncenter wp-image-3784\" src=\"https:\/\/estudioromanelli.es\/wp-content\/uploads\/2013\/04\/AGA_G.V.CARLESIII_0071.jpg\" alt=\"AGA_G.V.CARLESIII_007\" width=\"1000\" height=\"450\" srcset=\"https:\/\/estudioromanelli.es\/wp-content\/uploads\/2013\/04\/AGA_G.V.CARLESIII_0071.jpg 4000w, https:\/\/estudioromanelli.es\/wp-content\/uploads\/2013\/04\/AGA_G.V.CARLESIII_0071-300x135.jpg 300w, https:\/\/estudioromanelli.es\/wp-content\/uploads\/2013\/04\/AGA_G.V.CARLESIII_0071-1030x464.jpg 1030w, https:\/\/estudioromanelli.es\/wp-content\/uploads\/2013\/04\/AGA_G.V.CARLESIII_0071-1500x675.jpg 1500w, https:\/\/estudioromanelli.es\/wp-content\/uploads\/2013\/04\/AGA_G.V.CARLESIII_0071-705x317.jpg 705w, https:\/\/estudioromanelli.es\/wp-content\/uploads\/2013\/04\/AGA_G.V.CARLESIII_0071-450x203.jpg 450w\" sizes=\"(max-width: 1000px) 100vw, 1000px\" \/><\/p>\n<\/div><\/section><br \/>\n<section  class='av_textblock_section av-34qy28-bb39f3edc0e666efc1e9034af4875274 '   itemscope=\"itemscope\" itemtype=\"https:\/\/schema.org\/CreativeWork\" ><div class='avia_textblock'  itemprop=\"text\" ><p>A <a title=\"Interiorisme i decoraci\u00f3 Estudio Romanelli\" href=\"\/ca\">Estudio Romanelli<\/a> realitzem projectes d&#8217;<a title=\"Arquitectura interior Barcelona\" href=\"\/ca\/serveis\/arquitectura\">arquitectura<\/a>, <a title=\"Interiorisme Barcelona\" href=\"\/ca\/serveis\/interiorisme\">interiorisme<\/a> i <a title=\"Decoradors Barcelona\" href=\"\/ca\/serveis\/decoracio\">decoraci\u00f3<\/a> amb extrema professionalitat i amb la garantia d&#8217;anys d&#8217;experi\u00e8ncia que ens avalen i ens permeten aconseguir sempre un excel\u00b7lent resultat.<\/p>\n<p>El nostre equip de professionals afronta cada projecte com un nou repte. Creiem que cal treballar amb passi\u00f3 i dedicaci\u00f3 i sobretot cal adaptar-se a les necessitats de cada client, perqu\u00e8 per al nostre estudi a cada projecte \u00e9s especial i \u00fanic.<\/p>\n<\/div><\/section><br \/>\n\n<style type=\"text\/css\" data-created_by=\"avia_inline_auto\" id=\"style-css-av-kpibusn3-eb33db8d28ed03ca181058dd2a8be31a\">\n#top .av-special-heading.av-kpibusn3-eb33db8d28ed03ca181058dd2a8be31a{\npadding-bottom:10px;\ncolor:#ffffff;\n}\nbody .av-special-heading.av-kpibusn3-eb33db8d28ed03ca181058dd2a8be31a .av-special-heading-tag .heading-char{\nfont-size:25px;\n}\n.av-special-heading.av-kpibusn3-eb33db8d28ed03ca181058dd2a8be31a .special-heading-inner-border{\nborder-color:#ffffff;\n}\n.av-special-heading.av-kpibusn3-eb33db8d28ed03ca181058dd2a8be31a .av-subheading{\nfont-size:15px;\n}\n<\/style>\n<div  class='av-special-heading av-kpibusn3-eb33db8d28ed03ca181058dd2a8be31a av-special-heading-h1 custom-color-heading blockquote modern-quote modern-centered  avia-builder-el-4  el_after_av_textblock  el_before_av_textblock '><h1 class='av-special-heading-tag '  itemprop=\"headline\"  >ESTUDI D\u2019INTERIORISME<\/h1><div class=\"special-heading-border\"><div class=\"special-heading-inner-border\"><\/div><\/div><\/div><br \/>\n<section  class='av_textblock_section av-kpibxaut-12d5b4cae7c7113070ce9c61418dc2da '   itemscope=\"itemscope\" itemtype=\"https:\/\/schema.org\/CreativeWork\" ><div class='avia_textblock'  itemprop=\"text\" ><p><img decoding=\"async\" class=\"alignnone size-full wp-image-29717\" title=\"Estudi d'interiorisme Barcelona\" src=\"\/wp-content\/uploads\/2024\/04\/estudio-interiorismo-barcelona-romanelli-3.jpg\" alt=\"Estudi d'interiorisme Barcelona\" \/><\/p>\n<\/div><\/section><br \/>\n<section  class='av_textblock_section av-2vxqb4-316b34dabcdf1c1ba379d284126060db '   itemscope=\"itemscope\" itemtype=\"https:\/\/schema.org\/CreativeWork\" ><div class='avia_textblock'  itemprop=\"text\" ><p>El nostre estudi es distingeix per la capacitat dels nostres arquitectes i interioristes d&#8217;analitzar i estudiar les necessitats de cada client i convertir-les en un projecte innovador adaptat a <a title=\"Estils d'interiorisme\" href=\"\/ca\/estudi\/estils\">l&#8217;estil<\/a> i pressupost de l&#8217;usuari. La nostra <a title=\"Filosofia de treball\" href=\"\/ca\/estudi\/com-treballem\/filosofia\">filosofia<\/a> ens s&#8217;autoexigeix \u200b\u200bcrear nous projectes, especials i de qualitat en cada cas.<\/p>\n<p>Des del principi del proc\u00e9s busquem sempre idees noves i adaptem els conceptes a la personalitat del client. A Estudio Romanelli se&#8217;ns caracteritza per l&#8217;originalitat i l&#8217;exclusivitat. Som \u00fanics i especials. Qui escull els serveis del nostre estudi, a m\u00e9s a m\u00e9s del disseny i de l&#8217;estil \u00fanic, tria una gran professionalitat i una <a title=\"Gestio de proyectes i reformes a Barcelona\" href=\"\/ca\/serveis\/gestio-de-projectes\">gesti\u00f3 de projecte<\/a> impecable que ens permet dur a terme els nostres projectes sota un estricte control i un assessorament continu que garanteixen el compliment dels pressupostos i terminis de lliurament pactats.<\/p>\n<p>El principal objectiu de cada treball \u00e9s la completa satisfacci\u00f3 dels nostres clients plasmant en cada projecte la seva pr\u00f2pia filosofia de vida i desenvolupant el proc\u00e9s en base a les seves exig\u00e8ncies i necessitats. A m\u00e9s Els serveis contractats amb el nostre estudi estan fets per durar al llarg dels anys comptant amb la m\u00e0xima garantia despr\u00e9s del lliurament de claus.<\/p>\n<\/div><\/section><br \/>\n\n<style type=\"text\/css\" data-created_by=\"avia_inline_auto\" id=\"style-css-av-kpic6hmy-77a3437148d5595c17ee9085e9b72f77\">\n#top .av-special-heading.av-kpic6hmy-77a3437148d5595c17ee9085e9b72f77{\npadding-bottom:10px;\ncolor:#ffffff;\n}\nbody .av-special-heading.av-kpic6hmy-77a3437148d5595c17ee9085e9b72f77 .av-special-heading-tag .heading-char{\nfont-size:25px;\n}\n.av-special-heading.av-kpic6hmy-77a3437148d5595c17ee9085e9b72f77 .special-heading-inner-border{\nborder-color:#ffffff;\n}\n.av-special-heading.av-kpic6hmy-77a3437148d5595c17ee9085e9b72f77 .av-subheading{\nfont-size:15px;\n}\n<\/style>\n<div  class='av-special-heading av-kpic6hmy-77a3437148d5595c17ee9085e9b72f77 av-special-heading-h2 custom-color-heading blockquote modern-quote modern-centered  avia-builder-el-7  el_after_av_textblock  el_before_av_textblock '><h2 class='av-special-heading-tag '  itemprop=\"headline\"  >REFORMES INTEGRALS CLAU EN M\u00c0<\/h2><div class=\"special-heading-border\"><div class=\"special-heading-inner-border\"><\/div><\/div><\/div><br \/>\n<section  class='av_textblock_section av-kpic7fit-5cc7124bf66df5d3670d1f461bb5b7e2 '   itemscope=\"itemscope\" itemtype=\"https:\/\/schema.org\/CreativeWork\" ><div class='avia_textblock'  itemprop=\"text\" ><p><img decoding=\"async\" class=\"alignnone size-full wp-image-16948\" src=\"https:\/\/estudioromanelli.es\/wp-content\/uploads\/2021\/09\/1_1440x650-1.jpg\" alt=\"\" width=\"1440\" height=\"650\" srcset=\"https:\/\/estudioromanelli.es\/wp-content\/uploads\/2021\/09\/1_1440x650-1.jpg 1440w, https:\/\/estudioromanelli.es\/wp-content\/uploads\/2021\/09\/1_1440x650-1-300x135.jpg 300w, https:\/\/estudioromanelli.es\/wp-content\/uploads\/2021\/09\/1_1440x650-1-1030x465.jpg 1030w, https:\/\/estudioromanelli.es\/wp-content\/uploads\/2021\/09\/1_1440x650-1-768x347.jpg 768w, https:\/\/estudioromanelli.es\/wp-content\/uploads\/2021\/09\/1_1440x650-1-705x318.jpg 705w\" sizes=\"(max-width: 1440px) 100vw, 1440px\" \/><\/p>\n<\/div><\/section><br \/>\n<section  class='av_textblock_section av-kpicdivq-0b0ddc8da61a984f08f37250ad521dd9 '   itemscope=\"itemscope\" itemtype=\"https:\/\/schema.org\/CreativeWork\" ><div class='avia_textblock'  itemprop=\"text\" ><p>A m\u00e9s Estudio Romanelli est\u00e0 especialitzat en <a title=\"Reformes integrals Barcelona\" href=\"\/ca\/serveis\/reformes\">reformes integrals<\/a> i treballem com a contractistes. D&#8217;aquesta manera, l&#8217;usuari tindr\u00e0 un \u00fanic intermediari. Treballem d&#8217;aquesta manera perqu\u00e8 sabem que la contractaci\u00f3 de diverses empreses provoca inconvenients i retards a l&#8217;hora de l&#8217;execuci\u00f3 d&#8217;obra. Gestionem tot el desenvolupament de l&#8217;obra des del principi fins al lliurament de claus. Disposem d&#8217;un equip d&#8217;industrials experts en diversos sectors en grau de satisfer les necessitats de cada projecte, estudiant i escollint en cada proc\u00e9s la millor opci\u00f3. La implicaci\u00f3 d&#8217;un \u00fanic interlocutor agilitza el proc\u00e9s de desenvolupament i execuci\u00f3 de l&#8217;obra. D&#8217;aquesta manera s&#8217;eviten problemes de coordinaci\u00f3 entre industrials i elimina els sobrecostos innecessaris que es poden originar d&#8217;una mala gesti\u00f3 de l&#8217;obra.<\/p>\n<p>El nostre equip d&#8217;arquitectes, interioristes, decoradors i els professionals de cada sector es dediquen des del primer moment a buscar les solucions m\u00e9s adequades per a cada cas. Els nostres serveis s&#8217;adapten no nom\u00e9s a les necessitats de cada client si no tamb\u00e9 a la funci\u00f3 i \u00fas de cada projecte, ia aquest sigui <a title=\"Interiorisme residencial\" href=\"\/ca\/serveis\/interiorisme\/residencial\">residencial<\/a> o <a title=\"Interiorisme de locals comercials\" href=\"\/ca\/serveis\/interiorisme\/comercial\">comercial<\/a>. Fusionem el costat funcional amb l&#8217;est\u00e8tic perqu\u00e8 \u00e9s la clau per garantir un resultat reeixit i l&#8217;\u00fanica manera de satisfer tamb\u00e9 el client m\u00e9s exigent.<\/p>\n<\/div><\/section><\/p><\/div>\n","protected":false},"excerpt":{"rendered":"","protected":false},"author":1,"featured_media":8604,"parent":0,"menu_order":0,"comment_status":"closed","ping_status":"closed","template":"","meta":{"footnotes":""},"categories":[],"tags":[],"class_list":["post-4192","page","type-page","status-publish","has-post-thumbnail","hentry"],"yoast_head":"<!-- This site is optimized with the Yoast SEO plugin v26.8 - https:\/\/yoast.com\/product\/yoast-seo-wordpress\/ -->\n<title>Projectes d&#039;Interiorisme i Arquitectura Interior | Estudio Romanelli Barcelona<\/title>\n<meta name=\"description\" content=\"Estudio Romanelli Estudi d&#039;interiorisme, decoraci\u00f3 i arquitectura a Barcelona \u2b50 Li mostrem alguns dels nostres projectes \u2b50 Podem ajudar-lo?\" \/>\n<meta name=\"robots\" content=\"index, follow, max-snippet:-1, max-image-preview:large, max-video-preview:-1\" \/>\n<link rel=\"canonical\" href=\"https:\/\/estudioromanelli.es\/ca\/projectes\" \/>\n<meta property=\"og:locale\" content=\"ca_ES\" \/>\n<meta property=\"og:type\" content=\"article\" \/>\n<meta property=\"og:title\" content=\"Projectes d&#039;Interiorisme i Arquitectura Interior | Estudio Romanelli Barcelona\" \/>\n<meta property=\"og:description\" content=\"Estudio Romanelli Estudi d&#039;interiorisme, decoraci\u00f3 i arquitectura a Barcelona \u2b50 Li mostrem alguns dels nostres projectes \u2b50 Podem ajudar-lo?\" \/>\n<meta property=\"og:url\" content=\"https:\/\/estudioromanelli.es\/ca\/projectes\" \/>\n<meta property=\"og:site_name\" content=\"Estudi d&#039;Interiorisme i Arquitectura a Barcelona\" \/>\n<meta property=\"article:modified_time\" content=\"2024-04-22T12:15:39+00:00\" \/>\n<meta property=\"og:image\" content=\"https:\/\/estudioromanelli.es\/wp-content\/uploads\/2019\/04\/diputacio\u0301425_0014.jpg\" \/>\n\t<meta property=\"og:image:width\" content=\"801\" \/>\n\t<meta property=\"og:image:height\" content=\"1200\" \/>\n\t<meta property=\"og:image:type\" content=\"image\/jpeg\" \/>\n<meta name=\"twitter:card\" content=\"summary_large_image\" \/>\n<meta name=\"twitter:label1\" content=\"Est. reading time\" \/>\n\t<meta name=\"twitter:data1\" content=\"3 minutes\" \/>\n<script type=\"application\/ld+json\" class=\"yoast-schema-graph\">{\"@context\":\"https:\/\/schema.org\",\"@graph\":[{\"@type\":\"WebPage\",\"@id\":\"https:\/\/estudioromanelli.es\/ca\/projectes\",\"url\":\"https:\/\/estudioromanelli.es\/ca\/projectes\",\"name\":\"Projectes d'Interiorisme i Arquitectura Interior | Estudio Romanelli Barcelona\",\"isPartOf\":{\"@id\":\"https:\/\/estudioromanelli.es\/ca#website\"},\"primaryImageOfPage\":{\"@id\":\"https:\/\/estudioromanelli.es\/ca\/projectes#primaryimage\"},\"image\":{\"@id\":\"https:\/\/estudioromanelli.es\/ca\/projectes#primaryimage\"},\"thumbnailUrl\":\"https:\/\/estudioromanelli.es\/wp-content\/uploads\/2019\/04\/diputacio\u0301425_0014.jpg\",\"datePublished\":\"2015-09-23T12:07:24+00:00\",\"dateModified\":\"2024-04-22T12:15:39+00:00\",\"description\":\"Estudio Romanelli Estudi d'interiorisme, decoraci\u00f3 i arquitectura a Barcelona \u2b50 Li mostrem alguns dels nostres projectes \u2b50 Podem ajudar-lo?\",\"breadcrumb\":{\"@id\":\"https:\/\/estudioromanelli.es\/ca\/projectes#breadcrumb\"},\"inLanguage\":\"ca-ES\",\"potentialAction\":[{\"@type\":\"ReadAction\",\"target\":[\"https:\/\/estudioromanelli.es\/ca\/projectes\"]}]},{\"@type\":\"ImageObject\",\"inLanguage\":\"ca-ES\",\"@id\":\"https:\/\/estudioromanelli.es\/ca\/projectes#primaryimage\",\"url\":\"https:\/\/estudioromanelli.es\/wp-content\/uploads\/2019\/04\/diputacio\u0301425_0014.jpg\",\"contentUrl\":\"https:\/\/estudioromanelli.es\/wp-content\/uploads\/2019\/04\/diputacio\u0301425_0014.jpg\",\"width\":801,\"height\":1200,\"caption\":\"Projectes d'interiorisme a Barcelona Estudio Romanelli\"},{\"@type\":\"BreadcrumbList\",\"@id\":\"https:\/\/estudioromanelli.es\/ca\/projectes#breadcrumb\",\"itemListElement\":[{\"@type\":\"ListItem\",\"position\":1,\"name\":\"LF24\",\"item\":\"https:\/\/estudioromanelli.es\/ca\/home\"},{\"@type\":\"ListItem\",\"position\":2,\"name\":\"Projectes\"}]},{\"@type\":\"WebSite\",\"@id\":\"https:\/\/estudioromanelli.es\/ca#website\",\"url\":\"https:\/\/estudioromanelli.es\/ca\",\"name\":\"Estudi d&#039;Interiorisme i Arquitectura a Barcelona\",\"description\":\"Estudio Romanelli\",\"potentialAction\":[{\"@type\":\"SearchAction\",\"target\":{\"@type\":\"EntryPoint\",\"urlTemplate\":\"https:\/\/estudioromanelli.es\/ca?s={search_term_string}\"},\"query-input\":{\"@type\":\"PropertyValueSpecification\",\"valueRequired\":true,\"valueName\":\"search_term_string\"}}],\"inLanguage\":\"ca-ES\"}]}<\/script>\n<!-- \/ Yoast SEO plugin. -->","yoast_head_json":{"title":"Projectes d'Interiorisme i Arquitectura Interior | Estudio Romanelli Barcelona","description":"Estudio Romanelli Estudi d'interiorisme, decoraci\u00f3 i arquitectura a Barcelona \u2b50 Li mostrem alguns dels nostres projectes \u2b50 Podem ajudar-lo?","robots":{"index":"index","follow":"follow","max-snippet":"max-snippet:-1","max-image-preview":"max-image-preview:large","max-video-preview":"max-video-preview:-1"},"canonical":"https:\/\/estudioromanelli.es\/ca\/projectes","og_locale":"ca_ES","og_type":"article","og_title":"Projectes d'Interiorisme i Arquitectura Interior | Estudio Romanelli Barcelona","og_description":"Estudio Romanelli Estudi d'interiorisme, decoraci\u00f3 i arquitectura a Barcelona \u2b50 Li mostrem alguns dels nostres projectes \u2b50 Podem ajudar-lo?","og_url":"https:\/\/estudioromanelli.es\/ca\/projectes","og_site_name":"Estudi d&#039;Interiorisme i Arquitectura a Barcelona","article_modified_time":"2024-04-22T12:15:39+00:00","og_image":[{"width":801,"height":1200,"url":"https:\/\/estudioromanelli.es\/wp-content\/uploads\/2019\/04\/diputacio\u0301425_0014.jpg","type":"image\/jpeg"}],"twitter_card":"summary_large_image","twitter_misc":{"Est. reading time":"3 minutes"},"schema":{"@context":"https:\/\/schema.org","@graph":[{"@type":"WebPage","@id":"https:\/\/estudioromanelli.es\/ca\/projectes","url":"https:\/\/estudioromanelli.es\/ca\/projectes","name":"Projectes d'Interiorisme i Arquitectura Interior | Estudio Romanelli Barcelona","isPartOf":{"@id":"https:\/\/estudioromanelli.es\/ca#website"},"primaryImageOfPage":{"@id":"https:\/\/estudioromanelli.es\/ca\/projectes#primaryimage"},"image":{"@id":"https:\/\/estudioromanelli.es\/ca\/projectes#primaryimage"},"thumbnailUrl":"https:\/\/estudioromanelli.es\/wp-content\/uploads\/2019\/04\/diputacio\u0301425_0014.jpg","datePublished":"2015-09-23T12:07:24+00:00","dateModified":"2024-04-22T12:15:39+00:00","description":"Estudio Romanelli Estudi d'interiorisme, decoraci\u00f3 i arquitectura a Barcelona \u2b50 Li mostrem alguns dels nostres projectes \u2b50 Podem ajudar-lo?","breadcrumb":{"@id":"https:\/\/estudioromanelli.es\/ca\/projectes#breadcrumb"},"inLanguage":"ca-ES","potentialAction":[{"@type":"ReadAction","target":["https:\/\/estudioromanelli.es\/ca\/projectes"]}]},{"@type":"ImageObject","inLanguage":"ca-ES","@id":"https:\/\/estudioromanelli.es\/ca\/projectes#primaryimage","url":"https:\/\/estudioromanelli.es\/wp-content\/uploads\/2019\/04\/diputacio\u0301425_0014.jpg","contentUrl":"https:\/\/estudioromanelli.es\/wp-content\/uploads\/2019\/04\/diputacio\u0301425_0014.jpg","width":801,"height":1200,"caption":"Projectes d'interiorisme a Barcelona Estudio Romanelli"},{"@type":"BreadcrumbList","@id":"https:\/\/estudioromanelli.es\/ca\/projectes#breadcrumb","itemListElement":[{"@type":"ListItem","position":1,"name":"LF24","item":"https:\/\/estudioromanelli.es\/ca\/home"},{"@type":"ListItem","position":2,"name":"Projectes"}]},{"@type":"WebSite","@id":"https:\/\/estudioromanelli.es\/ca#website","url":"https:\/\/estudioromanelli.es\/ca","name":"Estudi d&#039;Interiorisme i Arquitectura a Barcelona","description":"Estudio Romanelli","potentialAction":[{"@type":"SearchAction","target":{"@type":"EntryPoint","urlTemplate":"https:\/\/estudioromanelli.es\/ca?s={search_term_string}"},"query-input":{"@type":"PropertyValueSpecification","valueRequired":true,"valueName":"search_term_string"}}],"inLanguage":"ca-ES"}]}},"_links":{"self":[{"href":"https:\/\/estudioromanelli.es\/ca\/wp-json\/wp\/v2\/pages\/4192","targetHints":{"allow":["GET"]}}],"collection":[{"href":"https:\/\/estudioromanelli.es\/ca\/wp-json\/wp\/v2\/pages"}],"about":[{"href":"https:\/\/estudioromanelli.es\/ca\/wp-json\/wp\/v2\/types\/page"}],"author":[{"embeddable":true,"href":"https:\/\/estudioromanelli.es\/ca\/wp-json\/wp\/v2\/users\/1"}],"replies":[{"embeddable":true,"href":"https:\/\/estudioromanelli.es\/ca\/wp-json\/wp\/v2\/comments?post=4192"}],"version-history":[{"count":0,"href":"https:\/\/estudioromanelli.es\/ca\/wp-json\/wp\/v2\/pages\/4192\/revisions"}],"wp:featuredmedia":[{"embeddable":true,"href":"https:\/\/estudioromanelli.es\/ca\/wp-json\/wp\/v2\/media\/8604"}],"wp:attachment":[{"href":"https:\/\/estudioromanelli.es\/ca\/wp-json\/wp\/v2\/media?parent=4192"}],"wp:term":[{"taxonomy":"category","embeddable":true,"href":"https:\/\/estudioromanelli.es\/ca\/wp-json\/wp\/v2\/categories?post=4192"},{"taxonomy":"post_tag","embeddable":true,"href":"https:\/\/estudioromanelli.es\/ca\/wp-json\/wp\/v2\/tags?post=4192"}],"curies":[{"name":"wp","href":"https:\/\/api.w.org\/{rel}","templated":true}]}}