{"id":4189,"date":"2015-09-23T12:07:52","date_gmt":"2015-09-23T12:07:52","guid":{"rendered":"https:\/\/estudioromanelli.es\/?page_id=4189&#038;lang=ca"},"modified":"2022-05-19T07:05:50","modified_gmt":"2022-05-19T07:05:50","slug":"mobiliari-exterior","status":"publish","type":"page","link":"https:\/\/estudioromanelli.es\/ca\/mobiliari-exterior","title":{"rendered":"Mobiliari exterior"},"content":{"rendered":"\n<style type=\"text\/css\" data-created_by=\"avia_inline_auto\" id=\"style-css-av-esreh9-684ad9c6ac2dd12e049f4054af338e3d\">\n.flex_column.av-esreh9-684ad9c6ac2dd12e049f4054af338e3d{\nborder-radius:0px 0px 0px 0px;\npadding:0px 0px 0px 0px;\n}\n<\/style>\n<div  class='flex_column av-esreh9-684ad9c6ac2dd12e049f4054af338e3d av_one_full  avia-builder-el-0  el_before_av_one_full  avia-builder-el-first  first flex_column_div av-zero-column-padding  '     ><p>\n<style type=\"text\/css\" data-created_by=\"avia_inline_auto\" id=\"style-css-av-d3kgx9-1e462891a61b292a0dd6a8104292b3be\">\n#top .av-special-heading.av-d3kgx9-1e462891a61b292a0dd6a8104292b3be{\npadding-bottom:10px;\ncolor:#ffffff;\n}\nbody .av-special-heading.av-d3kgx9-1e462891a61b292a0dd6a8104292b3be .av-special-heading-tag .heading-char{\nfont-size:25px;\n}\n.av-special-heading.av-d3kgx9-1e462891a61b292a0dd6a8104292b3be .special-heading-inner-border{\nborder-color:#ffffff;\n}\n.av-special-heading.av-d3kgx9-1e462891a61b292a0dd6a8104292b3be .av-subheading{\nfont-size:15px;\n}\n<\/style>\n<div  class='av-special-heading av-d3kgx9-1e462891a61b292a0dd6a8104292b3be av-special-heading-h2 custom-color-heading blockquote modern-quote modern-centered  avia-builder-el-1  el_before_av_hr  avia-builder-el-first '><h2 class='av-special-heading-tag '  itemprop=\"headline\"  >MOBILIARI EXTERIOR<\/h2><div class=\"special-heading-border\"><div class=\"special-heading-inner-border\"><\/div><\/div><\/div><br \/>\n\n<style type=\"text\/css\" data-created_by=\"avia_inline_auto\" id=\"style-css-av-aa94wt-39f870ab1c90fe05eff4439961b42379\">\n#top .hr.hr-invisible.av-aa94wt-39f870ab1c90fe05eff4439961b42379{\nheight:20px;\n}\n<\/style>\n<div  class='hr av-aa94wt-39f870ab1c90fe05eff4439961b42379 hr-invisible  avia-builder-el-2  el_after_av_heading  el_before_av_textblock '><span class='hr-inner '><span class=\"hr-inner-style\"><\/span><\/span><\/div><br \/>\n<section  class='av_textblock_section av-9hnwfx-3b7c4aca721b844c270e11f5d512390f '   itemscope=\"itemscope\" itemtype=\"https:\/\/schema.org\/CreativeWork\" ><div class='avia_textblock'  itemprop=\"text\" ><p>En Estudio Romanelli disposem d&#8217;un cat\u00e0leg amb una \u00e0mplia varietat de <strong>mobiliari per jard\u00ed i exteriors<\/strong>, a m\u00e9s de complements.<br \/>\nSof\u00e0s d&#8217;exterior, butaques, gandules, taules, cadires, taules de centre, dutxes, barbacoes d&#8217;acer, zones relax, <a title=\"Jacuzzi exterior\" href=\"https:\/\/www.cataloniaaqua.com\/ca\/\">jacuzzis d&#8217;exterior<\/a>, il\u00b7luminaci\u00f3 de jard\u00ed, catifes per a exterior &#8230; Milers de refer\u00e8ncies disponibles.<\/p>\n<\/div><\/section><br \/>\n\n<style type=\"text\/css\" data-created_by=\"avia_inline_auto\" id=\"style-css-av-82uc8t-e31955a2015ca04dbc4374009e924eeb\">\n.avia-image-container.av-82uc8t-e31955a2015ca04dbc4374009e924eeb img.avia_image{\nbox-shadow:none;\n}\n.avia-image-container.av-82uc8t-e31955a2015ca04dbc4374009e924eeb .av-image-caption-overlay-center{\ncolor:#ffffff;\n}\n<\/style>\n<div  class='avia-image-container av-82uc8t-e31955a2015ca04dbc4374009e924eeb av-styling- avia-align-center  avia-builder-el-4  el_after_av_textblock  el_before_av_textblock '   itemprop=\"image\" itemscope=\"itemscope\" itemtype=\"https:\/\/schema.org\/ImageObject\" ><div class=\"avia-image-container-inner\"><div class=\"avia-image-overlay-wrap\"><img decoding=\"async\" fetchpriority=\"high\" class='wp-image-14220 avia-img-lazy-loading-not-14220 avia_image ' src=\"https:\/\/estudioromanelli.es\/wp-content\/uploads\/2015\/07\/2.jpg\" alt='' title='2'  height=\"200\" width=\"1425\"  itemprop=\"thumbnailUrl\" srcset=\"https:\/\/estudioromanelli.es\/wp-content\/uploads\/2015\/07\/2.jpg 1425w, https:\/\/estudioromanelli.es\/wp-content\/uploads\/2015\/07\/2-300x42.jpg 300w, https:\/\/estudioromanelli.es\/wp-content\/uploads\/2015\/07\/2-1030x145.jpg 1030w, https:\/\/estudioromanelli.es\/wp-content\/uploads\/2015\/07\/2-705x99.jpg 705w, https:\/\/estudioromanelli.es\/wp-content\/uploads\/2015\/07\/2-450x63.jpg 450w\" sizes=\"(max-width: 1425px) 100vw, 1425px\" \/><\/div><\/div><\/div><br \/>\n<section  class='av_textblock_section av-6lfyzx-4c8c00a47259686dfae078e30b922fe2 '   itemscope=\"itemscope\" itemtype=\"https:\/\/schema.org\/CreativeWork\" ><div class='avia_textblock'  itemprop=\"text\" ><p><span style=\"color: #ffffff;\">.<\/span><br \/>\nDistribu\u00efm mobles per al jard\u00ed i terrasses de les <strong>firmes m\u00e9s elegants i de la millor qualitat<\/strong>. Els factors meteorol\u00f2gics ens obliguen a considerar nom\u00e9s productes de m\u00e0xima qualitat a l&#8217;hora de decorar un espai exterior ia aix\u00f2 sigui una terrassa, un jard\u00ed o una piscina. \u00c9s imprescindible triar nom\u00e9s les millors marques per garantir la qualitat al llarg dels anys. A m\u00e9s cal saber triar mobles d&#8217;un alt nivell resistents i de disseny al mateix temps.<\/p>\n<p>Garantim l&#8217;alta qualitat de tots els<strong> mobles d&#8217;exterior i accessoris<\/strong> presents en el nostre cat\u00e0leg.<\/p>\n<p>Aqu\u00ed sota podeu trobar l&#8217;enlla\u00e7 a alguna de les nostres marques:<\/p>\n<\/div><\/section><\/p><\/div>\n\n<style type=\"text\/css\" data-created_by=\"avia_inline_auto\" id=\"style-css-av-3w0ta5-c5f13123025fa5fd0ef8a842bc2d6edf\">\n.flex_column.av-3w0ta5-c5f13123025fa5fd0ef8a842bc2d6edf{\nborder-radius:0px 0px 0px 0px;\npadding:0px 0px 0px 0px;\n}\n<\/style>\n<div  class='flex_column av-3w0ta5-c5f13123025fa5fd0ef8a842bc2d6edf av_one_full  avia-builder-el-6  el_after_av_one_full  avia-builder-el-last  first flex_column_div av-zero-column-padding  column-top-margin'     ><section  class='av_textblock_section av-370tl9-3551a39cc5a162434782eb961266a7df '   itemscope=\"itemscope\" itemtype=\"https:\/\/schema.org\/CreativeWork\" ><div class='avia_textblock'  itemprop=\"text\" ><h3>MOBILIARI EXTERIOR:<\/h3>\n<hr \/>\n<p><b><a href=\"http:\/\/www.kettal.com\/kettal\/index.php?IdiomaWeb=CAS\" target=\"_blank\" rel=\"noopener\">KETTAL<\/a> <\/b> (Mobles de disseny per a exterior i interior, p\u00e8rgoles, accessoris)<\/p>\n<p><b><a href=\"http:\/\/www.dedon.de\/es\/\" target=\"_blank\" rel=\"noopener\">DEDON<\/a><\/b> (Mobles de disseny per a exterior, accessoris)<\/p>\n<p><b><a href=\"http:\/\/www.gandiablasco.com\/\" target=\"_blank\" rel=\"noopener\">GANDIA BLASCO<\/a><\/b> (Mobles de disseny per a exterior, p\u00e8rgoles, accessoris, il\u00b7luminaci\u00f3 per a exterior)<\/p>\n<p><b><a href=\"http:\/\/www.bivaq.com\/en\/home\" target=\"_blank\" rel=\"noopener\">BIVAQ<\/a><\/b> (Mobles de disseny per a exterior)<\/p>\n<p><b><a href=\"http:\/\/www.ethimo.com\/\" target=\"_blank\" rel=\"noopener\">ETHIMO<\/a><\/b> (Mobles de disseny per a exterior, il\u00b7luminaci\u00f3 per a exterior)<\/p>\n<p><b><a href=\"http:\/\/www.viteo.com\/cms\/cms.php\" target=\"_blank\" rel=\"noopener\">VITEO <\/a><\/b>(Mobles per a exterior)<\/p>\n<p><b><a href=\"http:\/\/www.expormim.com\/es\" target=\"_blank\" rel=\"noopener\">EXPORMIM<\/a><\/b> (Mobles de disseny per a exterior i interior, accessoris)<\/p>\n<p><b><a href=\"http:\/\/www.tribu.com\/\" target=\"_blank\" rel=\"noopener\">TRUBU<\/a><\/b> (Mobles de disseny per a exterior, accessoris)<\/p>\n<\/div><\/section><\/div>\n","protected":false},"excerpt":{"rendered":"","protected":false},"author":1,"featured_media":0,"parent":0,"menu_order":0,"comment_status":"closed","ping_status":"closed","template":"","meta":{"footnotes":""},"categories":[],"tags":[],"class_list":["post-4189","page","type-page","status-publish","hentry"],"yoast_head":"<!-- This site is optimized with the Yoast SEO plugin v26.8 - https:\/\/yoast.com\/product\/yoast-seo-wordpress\/ -->\n<title>Marques de mobiliari de jard\u00ed<\/title>\n<meta name=\"description\" content=\"A Estudio Romanelli disposem de la m\u00e9s \u00e0mplia varietat de marques de mobles d&#039;exterior i de jard\u00ed. Descobriu-les a la nostra web.\" \/>\n<meta name=\"robots\" content=\"index, follow, max-snippet:-1, max-image-preview:large, max-video-preview:-1\" \/>\n<link rel=\"canonical\" href=\"https:\/\/estudioromanelli.es\/ca\/mobiliari-exterior\" \/>\n<meta property=\"og:locale\" content=\"ca_ES\" \/>\n<meta property=\"og:type\" content=\"article\" \/>\n<meta property=\"og:title\" content=\"Marques de mobiliari de jard\u00ed\" \/>\n<meta property=\"og:description\" content=\"A Estudio Romanelli disposem de la m\u00e9s \u00e0mplia varietat de marques de mobles d&#039;exterior i de jard\u00ed. Descobriu-les a la nostra web.\" \/>\n<meta property=\"og:url\" content=\"https:\/\/estudioromanelli.es\/ca\/mobiliari-exterior\" \/>\n<meta property=\"og:site_name\" content=\"Estudi d&#039;Interiorisme i Arquitectura a Barcelona\" \/>\n<meta property=\"article:modified_time\" content=\"2022-05-19T07:05:50+00:00\" \/>\n<meta name=\"twitter:card\" content=\"summary_large_image\" \/>\n<meta name=\"twitter:label1\" content=\"Est. reading time\" \/>\n\t<meta name=\"twitter:data1\" content=\"3 minutes\" \/>\n<script type=\"application\/ld+json\" class=\"yoast-schema-graph\">{\"@context\":\"https:\/\/schema.org\",\"@graph\":[{\"@type\":\"WebPage\",\"@id\":\"https:\/\/estudioromanelli.es\/ca\/mobiliari-exterior\",\"url\":\"https:\/\/estudioromanelli.es\/ca\/mobiliari-exterior\",\"name\":\"Marques de mobiliari de jard\u00ed\",\"isPartOf\":{\"@id\":\"https:\/\/estudioromanelli.es\/ca#website\"},\"datePublished\":\"2015-09-23T12:07:52+00:00\",\"dateModified\":\"2022-05-19T07:05:50+00:00\",\"description\":\"A Estudio Romanelli disposem de la m\u00e9s \u00e0mplia varietat de marques de mobles d'exterior i de jard\u00ed. Descobriu-les a la nostra web.\",\"breadcrumb\":{\"@id\":\"https:\/\/estudioromanelli.es\/ca\/mobiliari-exterior#breadcrumb\"},\"inLanguage\":\"ca-ES\",\"potentialAction\":[{\"@type\":\"ReadAction\",\"target\":[\"https:\/\/estudioromanelli.es\/ca\/mobiliari-exterior\"]}]},{\"@type\":\"BreadcrumbList\",\"@id\":\"https:\/\/estudioromanelli.es\/ca\/mobiliari-exterior#breadcrumb\",\"itemListElement\":[{\"@type\":\"ListItem\",\"position\":1,\"name\":\"LF24\",\"item\":\"https:\/\/estudioromanelli.es\/ca\/home\"},{\"@type\":\"ListItem\",\"position\":2,\"name\":\"MOBILIARI EXTERIOR\"}]},{\"@type\":\"WebSite\",\"@id\":\"https:\/\/estudioromanelli.es\/ca#website\",\"url\":\"https:\/\/estudioromanelli.es\/ca\",\"name\":\"Estudi d&#039;Interiorisme i Arquitectura a Barcelona\",\"description\":\"Estudio Romanelli\",\"potentialAction\":[{\"@type\":\"SearchAction\",\"target\":{\"@type\":\"EntryPoint\",\"urlTemplate\":\"https:\/\/estudioromanelli.es\/ca?s={search_term_string}\"},\"query-input\":{\"@type\":\"PropertyValueSpecification\",\"valueRequired\":true,\"valueName\":\"search_term_string\"}}],\"inLanguage\":\"ca-ES\"}]}<\/script>\n<!-- \/ Yoast SEO plugin. -->","yoast_head_json":{"title":"Marques de mobiliari de jard\u00ed","description":"A Estudio Romanelli disposem de la m\u00e9s \u00e0mplia varietat de marques de mobles d'exterior i de jard\u00ed. Descobriu-les a la nostra web.","robots":{"index":"index","follow":"follow","max-snippet":"max-snippet:-1","max-image-preview":"max-image-preview:large","max-video-preview":"max-video-preview:-1"},"canonical":"https:\/\/estudioromanelli.es\/ca\/mobiliari-exterior","og_locale":"ca_ES","og_type":"article","og_title":"Marques de mobiliari de jard\u00ed","og_description":"A Estudio Romanelli disposem de la m\u00e9s \u00e0mplia varietat de marques de mobles d'exterior i de jard\u00ed. Descobriu-les a la nostra web.","og_url":"https:\/\/estudioromanelli.es\/ca\/mobiliari-exterior","og_site_name":"Estudi d&#039;Interiorisme i Arquitectura a Barcelona","article_modified_time":"2022-05-19T07:05:50+00:00","twitter_card":"summary_large_image","twitter_misc":{"Est. reading time":"3 minutes"},"schema":{"@context":"https:\/\/schema.org","@graph":[{"@type":"WebPage","@id":"https:\/\/estudioromanelli.es\/ca\/mobiliari-exterior","url":"https:\/\/estudioromanelli.es\/ca\/mobiliari-exterior","name":"Marques de mobiliari de jard\u00ed","isPartOf":{"@id":"https:\/\/estudioromanelli.es\/ca#website"},"datePublished":"2015-09-23T12:07:52+00:00","dateModified":"2022-05-19T07:05:50+00:00","description":"A Estudio Romanelli disposem de la m\u00e9s \u00e0mplia varietat de marques de mobles d'exterior i de jard\u00ed. Descobriu-les a la nostra web.","breadcrumb":{"@id":"https:\/\/estudioromanelli.es\/ca\/mobiliari-exterior#breadcrumb"},"inLanguage":"ca-ES","potentialAction":[{"@type":"ReadAction","target":["https:\/\/estudioromanelli.es\/ca\/mobiliari-exterior"]}]},{"@type":"BreadcrumbList","@id":"https:\/\/estudioromanelli.es\/ca\/mobiliari-exterior#breadcrumb","itemListElement":[{"@type":"ListItem","position":1,"name":"LF24","item":"https:\/\/estudioromanelli.es\/ca\/home"},{"@type":"ListItem","position":2,"name":"MOBILIARI EXTERIOR"}]},{"@type":"WebSite","@id":"https:\/\/estudioromanelli.es\/ca#website","url":"https:\/\/estudioromanelli.es\/ca","name":"Estudi d&#039;Interiorisme i Arquitectura a Barcelona","description":"Estudio Romanelli","potentialAction":[{"@type":"SearchAction","target":{"@type":"EntryPoint","urlTemplate":"https:\/\/estudioromanelli.es\/ca?s={search_term_string}"},"query-input":{"@type":"PropertyValueSpecification","valueRequired":true,"valueName":"search_term_string"}}],"inLanguage":"ca-ES"}]}},"_links":{"self":[{"href":"https:\/\/estudioromanelli.es\/ca\/wp-json\/wp\/v2\/pages\/4189","targetHints":{"allow":["GET"]}}],"collection":[{"href":"https:\/\/estudioromanelli.es\/ca\/wp-json\/wp\/v2\/pages"}],"about":[{"href":"https:\/\/estudioromanelli.es\/ca\/wp-json\/wp\/v2\/types\/page"}],"author":[{"embeddable":true,"href":"https:\/\/estudioromanelli.es\/ca\/wp-json\/wp\/v2\/users\/1"}],"replies":[{"embeddable":true,"href":"https:\/\/estudioromanelli.es\/ca\/wp-json\/wp\/v2\/comments?post=4189"}],"version-history":[{"count":0,"href":"https:\/\/estudioromanelli.es\/ca\/wp-json\/wp\/v2\/pages\/4189\/revisions"}],"wp:attachment":[{"href":"https:\/\/estudioromanelli.es\/ca\/wp-json\/wp\/v2\/media?parent=4189"}],"wp:term":[{"taxonomy":"category","embeddable":true,"href":"https:\/\/estudioromanelli.es\/ca\/wp-json\/wp\/v2\/categories?post=4189"},{"taxonomy":"post_tag","embeddable":true,"href":"https:\/\/estudioromanelli.es\/ca\/wp-json\/wp\/v2\/tags?post=4189"}],"curies":[{"name":"wp","href":"https:\/\/api.w.org\/{rel}","templated":true}]}}