{"id":4188,"date":"2015-09-23T12:08:10","date_gmt":"2015-09-23T12:08:10","guid":{"rendered":"https:\/\/estudioromanelli.es\/?page_id=4188&#038;lang=ca"},"modified":"2024-02-09T13:15:15","modified_gmt":"2024-02-09T13:15:15","slug":"mobiliari-de-disseny","status":"publish","type":"page","link":"https:\/\/estudioromanelli.es\/ca\/mobiliari-de-disseny","title":{"rendered":"Mobiliari de disseny"},"content":{"rendered":"\n<style type=\"text\/css\" data-created_by=\"avia_inline_auto\" id=\"style-css-av-1cihlo-8c98e69e248887bccc8cd2bd150910b8\">\n.flex_column.av-1cihlo-8c98e69e248887bccc8cd2bd150910b8{\nborder-radius:0px 0px 0px 0px;\npadding:0px 0px 0px 0px;\n}\n<\/style>\n<div  class='flex_column av-1cihlo-8c98e69e248887bccc8cd2bd150910b8 av_one_full  avia-builder-el-0  el_before_av_one_full  avia-builder-el-first  first flex_column_div av-zero-column-padding  '     ><p>\n<style type=\"text\/css\" data-created_by=\"avia_inline_auto\" id=\"style-css-av-cf0zd8-d7fb4fb726374da25bf8dc0b6a487048\">\n#top .av-special-heading.av-cf0zd8-d7fb4fb726374da25bf8dc0b6a487048{\npadding-bottom:10px;\ncolor:#ffffff;\n}\nbody .av-special-heading.av-cf0zd8-d7fb4fb726374da25bf8dc0b6a487048 .av-special-heading-tag .heading-char{\nfont-size:25px;\n}\n.av-special-heading.av-cf0zd8-d7fb4fb726374da25bf8dc0b6a487048 .special-heading-inner-border{\nborder-color:#ffffff;\n}\n.av-special-heading.av-cf0zd8-d7fb4fb726374da25bf8dc0b6a487048 .av-subheading{\nfont-size:15px;\n}\n<\/style>\n<div  class='av-special-heading av-cf0zd8-d7fb4fb726374da25bf8dc0b6a487048 av-special-heading-h2 custom-color-heading blockquote modern-quote modern-centered  avia-builder-el-1  el_before_av_hr  avia-builder-el-first '><h2 class='av-special-heading-tag '  itemprop=\"headline\"  >MOBILIARI DE DISENY<\/h2><div class=\"special-heading-border\"><div class=\"special-heading-inner-border\"><\/div><\/div><\/div><br \/>\n\n<style type=\"text\/css\" data-created_by=\"avia_inline_auto\" id=\"style-css-av-ayh9ik-67a756cfb1abbe65d7912037bce8c67f\">\n#top .hr.hr-invisible.av-ayh9ik-67a756cfb1abbe65d7912037bce8c67f{\nheight:20px;\n}\n<\/style>\n<div  class='hr av-ayh9ik-67a756cfb1abbe65d7912037bce8c67f hr-invisible  avia-builder-el-2  el_after_av_heading  el_before_av_textblock '><span class='hr-inner '><span class=\"hr-inner-style\"><\/span><\/span><\/div><br \/>\n<section  class='av_textblock_section av-9d4d3g-3128cf2bc65d6f89ce7695890efe57f3 '   itemscope=\"itemscope\" itemtype=\"https:\/\/schema.org\/CreativeWork\" ><div class='avia_textblock'  itemprop=\"text\" ><p>No hi han <a title=\"Projectes interiorisme a Barcelona\" href=\"..\/\"> projectes d&#8217;interiorisme <\/a> complets en el qual no s&#8217;incloguin els mobles. En Estudio Romanelli som distribu\u00efdors de les millors <strong>marques de mobiliari de disseny<\/strong> del panorama nacional i internacional. A m\u00e9s disposem d&#8217;un <strong>servei de mobles a mida de fabricaci\u00f3 pr\u00f2pia<\/strong>. Disposem de les millors firmes del mercat i garantim una alta qualitat no nom\u00e9s en els materials sin\u00f3 tamb\u00e9 en el servei i assessorament. Distribu\u00efm elegants peces de disseny, modernes, contempor\u00e0nies, cl\u00e0ssiques i que s&#8217;adapten a l&#8217;estil propi de cada client gr\u00e0cies al nostre cat\u00e0leg de<strong> m\u00e9s de 5000 refer\u00e8ncies<\/strong>.<\/p>\n<\/div><\/section><br \/>\n\n<style type=\"text\/css\" data-created_by=\"avia_inline_auto\" id=\"style-css-av-7eccp8-e448029755822d143ef4f55eedcd108e\">\n.avia-image-container.av-7eccp8-e448029755822d143ef4f55eedcd108e img.avia_image{\nbox-shadow:none;\n}\n.avia-image-container.av-7eccp8-e448029755822d143ef4f55eedcd108e .av-image-caption-overlay-center{\ncolor:#ffffff;\n}\n<\/style>\n<div  class='avia-image-container av-7eccp8-e448029755822d143ef4f55eedcd108e av-styling- avia-align-center  avia-builder-el-4  el_after_av_textblock  el_before_av_textblock '   itemprop=\"image\" itemscope=\"itemscope\" itemtype=\"https:\/\/schema.org\/ImageObject\" ><div class=\"avia-image-container-inner\"><div class=\"avia-image-overlay-wrap\"><img decoding=\"async\" fetchpriority=\"high\" class='wp-image-14218 avia-img-lazy-loading-not-14218 avia_image ' src=\"https:\/\/estudioromanelli.es\/wp-content\/uploads\/2013\/04\/1.jpg\" alt='' title='1'  height=\"200\" width=\"1425\"  itemprop=\"thumbnailUrl\" srcset=\"https:\/\/estudioromanelli.es\/wp-content\/uploads\/2013\/04\/1.jpg 1425w, https:\/\/estudioromanelli.es\/wp-content\/uploads\/2013\/04\/1-300x42.jpg 300w, https:\/\/estudioromanelli.es\/wp-content\/uploads\/2013\/04\/1-1030x145.jpg 1030w, https:\/\/estudioromanelli.es\/wp-content\/uploads\/2013\/04\/1-705x99.jpg 705w, https:\/\/estudioromanelli.es\/wp-content\/uploads\/2013\/04\/1-450x63.jpg 450w\" sizes=\"(max-width: 1425px) 100vw, 1425px\" \/><\/div><\/div><\/div><br \/>\n<section  class='av_textblock_section av-6cu1l8-c4f704e59182e1bac1c69abe3d1d053b '   itemscope=\"itemscope\" itemtype=\"https:\/\/schema.org\/CreativeWork\" ><div class='avia_textblock'  itemprop=\"text\" ><p><span style=\"color: #ffffff;\">.<\/span><\/p>\n<p>Disposem de sof\u00e0s, butaques, taules, cadires, llibreries, aparadors, taules auxiliars, mobiliari en general amb un estil \u00fanic i diferent, i amb una infinita varietat de mides i acabats.<\/p>\n<p>El nostre cat\u00e0leg es compon d&#8217;una \u00e0mplia gamma de taules fixes o extensibles. Taules en fusta, acer, vidre, pl\u00e0stic, corian i diferents materials nobles. Disposem a m\u00e9s de les millors cadires d&#8217;alta qualitat, cadires de disseny amb la signatura dels millors dissenyadors del panorama internacional.<\/p>\n<p>Per completar un cat\u00e0leg amb infinites possibilitats, disposem d&#8217;un servei de <strong>fabricaci\u00f3 de mobles a mida<\/strong> que ens permet realitzar qualsevol tipus de moble que el client ens proposi. \u00c9s per a nosaltres un repte complir els desitjos dels nostres clients per m\u00e9s sofisticats i complexos que aquests siguin. Estem sempre al corrent de les \u00faltimes novetats del sector pel que fa a nous dissenys, marques, materials i acabats.<\/p>\n<\/div><\/section><br \/>\n\n<style type=\"text\/css\" data-created_by=\"avia_inline_auto\" id=\"style-css-av-k6grro0e-c9bf080046fff45ecb5994b192c0b08b\">\n#top .hr.hr-invisible.av-k6grro0e-c9bf080046fff45ecb5994b192c0b08b{\nheight:45px;\n}\n<\/style>\n<div  class='hr av-k6grro0e-c9bf080046fff45ecb5994b192c0b08b hr-invisible  avia-builder-el-6  el_after_av_textblock  el_before_av_button '><span class='hr-inner '><span class=\"hr-inner-style\"><\/span><\/span><\/div><br \/>\n<div  id=\"reformes-integrals-de-pisos-y-cases\"  class='avia-button-wrap av-k7kzi6p6-72cda93b9aedc2bb183d759065bb9323-wrap avia-button-center  avia-builder-el-7  el_after_av_hr  avia-builder-el-last  interiorismo-decoracion-reformas-barcelona'><a href='\/ca\/contacte'  class='avia-button av-k7kzi6p6-72cda93b9aedc2bb183d759065bb9323 av-link-btn avia-icon_select-yes-left-icon avia-size-medium avia-position-center avia-color-theme-color'  title=\"Proyectes de reformes integrals a Barcelona Estudio Romanelli\" aria-label=\"Proyectes de reformes integrals a Barcelona Estudio Romanelli\"><span class='avia_button_icon avia_button_icon_left avia-iconfont avia-font-entypo-fontello' data-av_icon='\ue800' data-av_iconfont='entypo-fontello' ><\/span><span class='avia_iconbox_title' >Confi\u00ef en la nostra experi\u00e8ncia!<\/span><\/a><\/div><\/p><\/div>\n\n<style type=\"text\/css\" data-created_by=\"avia_inline_auto\" id=\"style-css-av-4g04cc-31ebfbe3018516794ff01004d9c4e845\">\n.flex_column.av-4g04cc-31ebfbe3018516794ff01004d9c4e845{\nborder-radius:0px 0px 0px 0px;\npadding:0px 0px 0px 0px;\n}\n<\/style>\n<div  class='flex_column av-4g04cc-31ebfbe3018516794ff01004d9c4e845 av_one_full  avia-builder-el-8  el_after_av_one_full  el_before_av_hr  first flex_column_div av-zero-column-padding  column-top-margin'     ><section  class='av_textblock_section av-1y8dr0-10c32df926e9b8c846bd4fb011a6cfb0 '   itemscope=\"itemscope\" itemtype=\"https:\/\/schema.org\/CreativeWork\" ><div class='avia_textblock'  itemprop=\"text\" ><h3>MOBILIARI DE DISENY:<\/h3>\n<hr \/>\n<p><b><a href=\"http:\/\/www.rivoltaspa.com\/\" target=\"_blank\" rel=\"noopener\">RIVOLTA<\/a> <\/b>(Sofas en pell, butaques, cadires, tauletes auxiliars, complements)<\/p>\n<p><b><a href=\"http:\/\/www.meritalia.it\/\" target=\"_blank\" rel=\"noopener\">MERITALIA <\/a><\/b>(Sof\u00e0s, butaques, cadires, taules, complements molt especials)<\/p>\n<p><b><a href=\"http:\/\/www.labbateitalia.it\/\" target=\"_blank\" rel=\"noopener\">L\u2019ABBATE<\/a><\/b> (Sof\u00e0s, butaques, cadires, taules, complements)<\/p>\n<p><b><a href=\"http:\/\/www.vitra.com\/es-es\/living?c=ES&amp;u=\/es-es\/\" target=\"_blank\" rel=\"noopener\">VITRA<\/a><\/b> (Mobiliari de disseny, sof\u00e0s, butaques, taules, cadires)<\/p>\n<p><b><a href=\"http:\/\/www.porada.it\/\" target=\"_blank\" rel=\"noopener\">PORADA<\/a><\/b> (Sof\u00e0s, butaques, cadires, taules, complements)<\/p>\n<p><b><a href=\"http:\/\/www.kartell.com\/es\" target=\"_blank\" rel=\"noopener\">KARTELL<\/a><\/b> (Mobiliari pl\u00e0stic, il\u00b7luminaci\u00f3, butaques, cadires, taules, complements)<\/p>\n<p><b><a href=\"http:\/\/www.myyour.eu\/index.php\/es\/\" target=\"_blank\" rel=\"noopener\">MYYOUR<\/a><\/b> (Mobiliari pl\u00e0stic, sof\u00e0s, butaques, cadires, taules, complements)<\/p>\n<p><b><a href=\"http:\/\/www.casprini.it\/\" target=\"_blank\" rel=\"noopener\">CASPRINI<\/a><\/b> (Sof\u00e0s, butaques, taules, cadires, complements)<\/p>\n<p><b><a href=\"http:\/\/www.pedrali.it\/it\/\" target=\"_blank\" rel=\"noopener\">PEDRALI<\/a><\/b> (Sof\u00e0s, butaques, taules, cadires)<\/p>\n<p><b><a href=\"http:\/\/paolocastelli.com\/en\/\" target=\"_blank\" rel=\"noopener\">DOMODINAMICA<\/a><\/b> (Mobiliari modern, sof\u00e0s, butaques, taules, cadires)<\/p>\n<p><b><a href=\"http:\/\/www.xo-design.com\/\" target=\"_blank\" rel=\"noopener\">xO-DESIGN<\/a><\/b> (Sof\u00e0s, cadires, complements)<\/p>\n<p><b><a href=\"http:\/\/www.misuraemme.it\/home_en.html\" target=\"_blank\" rel=\"noopener\">MISURAEMME<\/a><\/b> (Sof\u00e0s, armaris, llits, complements)<\/p>\n<p><b><a href=\"http:\/\/jesse.it\/en\" target=\"_blank\" rel=\"noopener\">JESSE<\/a><\/b> (Mobiliari d&#8217;interior, sof\u00e0s, butaques, taules, cadires, llits, armaris)<\/p>\n<p><b><a href=\"http:\/\/www.gruppofeg.it\/\" target=\"_blank\" rel=\"noopener\">FEG<\/a><\/b> (Mobiliari d&#8217;interior, taules, cadires, llits, armaris, llibreries)<\/p>\n<p><b><a href=\"http:\/\/www.gallottiradice.it\/\" target=\"_blank\" rel=\"noopener\">GALLOTTI &amp; RADICE<\/a><\/b> (Mobiliari d&#8217;oficina, mobles d&#8217;interior, taules, cadires, miralls, llibreries)<\/p>\n<p><b><a href=\"http:\/\/www.meridiani.it\/en\/meridiani_en_0_9_0.html\" target=\"_blank\" rel=\"noopener\">MERIDIANI<\/a><\/b> (Mobiliari d&#8217;interior, sof\u00e0s, butaques, taules, cadires, llits, armaris)<\/p>\n<p><b>GERVASONI<\/b> (Sof\u00e0s, butaques, taules, cadires, complements)<\/p>\n<p><b><a href=\"http:\/\/www.longhi.it\/\" target=\"_blank\" rel=\"noopener\">LONGHI<\/a><\/b> (Mobiliari cl\u00e0ssic alternatiu, sof\u00e0s, butaques, taules, cadires, complements)<\/p>\n<p><b><a href=\"http:\/\/www.andreuworld.com\/workspaces\" target=\"_blank\" rel=\"noopener\">ANDREW WORLD<\/a><\/b> (Cadires, sof\u00e0s, butaques, taules, complements)<\/p>\n<p><b><a href=\"http:\/\/www.arketipo.com\/es\/\" target=\"_blank\" rel=\"noopener\">ARKETIPO<\/a><\/b> (Cadires, sof\u00e0s, butaques, taules, llits, complements)<\/p>\n<p><b><a href=\"http:\/\/www.casamilanohome.com\/\" target=\"_blank\" rel=\"noopener\">CASAMILANO<\/a><\/b>(Mobiliari cl\u00e0ssic, sof\u00e0s, butaques, taules, cadires, llits, il\u00b7luminaci\u00f3, complements)<\/p>\n<p><b>RAFEMAR<\/b> (Mobiliari d&#8217;interior, taules, cadires, llits, armaris, llibreries)<\/p>\n<p><b><a href=\"http:\/\/www.carmenes.eu\/\" target=\"_blank\" rel=\"noopener\">CARMENES<\/a><\/b> (Sof\u00e0s, butaques, complements)<\/p>\n<p><b><a href=\"http:\/\/www.cattelanitalia.com\/\" target=\"_blank\" rel=\"noopener\">CATTELAN<\/a><\/b>(Mobiliari d&#8217;interior, taules, cadires, llits, armaris, llibreries)<\/p>\n<p><b><a href=\"http:\/\/www.biessedivani.it\/\" target=\"_blank\" rel=\"noopener\">BIESSE<\/a><\/b> (Sof\u00e0s, butaques, llits, complements)<\/p>\n<p><b><a href=\"http:\/\/www.gubi.dk\/\" target=\"_blank\" rel=\"noopener\">GUBI <\/a><\/b>(Sof\u00e0s, butaques, taules, cadires, il\u00b7luminaci\u00f3, complements)<\/p>\n<p><b><a href=\"http:\/\/www.thonet.de\/startseite.html\" target=\"_blank\" rel=\"noopener\">THONET<\/a><\/b> (Mobiliari cl\u00e0ssic, butaques, taules, cadires)<\/p>\n<p><b><a href=\"http:\/\/www.viccarbe.com\/\" target=\"_blank\" rel=\"noopener\">VICCARBE<\/a><\/b> (Butaques, taules, cadires, llibreries)<\/p>\n<p><b><a href=\"http:\/\/www.glasitalia.com\/\" target=\"_blank\" rel=\"noopener\">GLAS<\/a><\/b> (Taules, taules auxiliars, miralls, llibreries)<\/p>\n<p><b><a href=\"http:\/\/www.kristalia.it\/\" target=\"_blank\" rel=\"noopener\">KRISTALIA<\/a><\/b> (Taules, taules auxiliars, cadires)<\/p>\n<p><b><a href=\"http:\/\/www.zirucontract.com\/\" target=\"_blank\" rel=\"noopener\">ZIRU<\/a><\/b> (Taules, taules auxiliars, cadires)<\/p>\n<p><b><a href=\"http:\/\/www.lapalma.it\/main\/home.aspx\" target=\"_blank\" rel=\"noopener\">LAPALMA<\/a><\/b> (Taules, taules auxiliars, cadires)<\/p>\n<p><b><a href=\"http:\/\/www.kallmar.com\/es\/\" target=\"_blank\" rel=\"noopener\">KALLMAR <\/a><\/b>(Armaris i vestidors a mida)<\/p>\n<\/div><\/section><\/div>\n<style type=\"text\/css\" data-created_by=\"avia_inline_auto\" id=\"style-css-av-k6grro0e-2-860ddc05f687c5c4dd381f256e69416b\">\n#top .hr.hr-invisible.av-k6grro0e-2-860ddc05f687c5c4dd381f256e69416b{\nheight:45px;\n}\n<\/style>\n<div  class='hr av-k6grro0e-2-860ddc05f687c5c4dd381f256e69416b hr-invisible  avia-builder-el-10  el_after_av_one_full  el_before_av_button '><span class='hr-inner '><span class=\"hr-inner-style\"><\/span><\/span><\/div><\/p>\n<div  id=\"Decorador-Barcelona\"  class='avia-button-wrap av-k7kzi6p6-1-730a9879a943f9d15db8c59319f729c8-wrap avia-button-center  avia-builder-el-11  el_after_av_hr  avia-builder-el-last  interiorismo-decoracion-reformas-barcelona'><a href='\/ca\/contacte'  class='avia-button av-k7kzi6p6-1-730a9879a943f9d15db8c59319f729c8 av-link-btn avia-icon_select-yes-left-icon avia-size-medium avia-position-center avia-color-theme-color'  title=\"Pressupost de projectes d\u2019interiorisme a Barcelona Estudio Romanelli\" aria-label=\"Pressupost de projectes d\u2019interiorisme a Barcelona Estudio Romanelli\"><span class='avia_button_icon avia_button_icon_left avia-iconfont avia-font-entypo-fontello' data-av_icon='\ue800' data-av_iconfont='entypo-fontello' ><\/span><span class='avia_iconbox_title' >Demani\u2019ns pressupost!<\/span><\/a><\/div>\n","protected":false},"excerpt":{"rendered":"","protected":false},"author":1,"featured_media":12124,"parent":0,"menu_order":0,"comment_status":"closed","ping_status":"closed","template":"","meta":{"footnotes":""},"categories":[],"tags":[],"class_list":["post-4188","page","type-page","status-publish","has-post-thumbnail","hentry"],"yoast_head":"<!-- This site is optimized with the Yoast SEO plugin v26.8 - https:\/\/yoast.com\/product\/yoast-seo-wordpress\/ -->\n<title>Marques de Mobiliari de Disseny | Estudio Romanelli Interiorista Barcelona<\/title>\n<meta name=\"description\" content=\"Estudio Romanelli Estudi d&#039;interiorisme \u2b50 Moblem casa amb les millors marques nacionals i internacionals \u2b50 Descobreixi com podem ajudar-li!\" \/>\n<meta name=\"robots\" content=\"index, follow, max-snippet:-1, max-image-preview:large, max-video-preview:-1\" \/>\n<link rel=\"canonical\" href=\"https:\/\/estudioromanelli.es\/ca\/mobiliari-de-disseny\" \/>\n<meta property=\"og:locale\" content=\"ca_ES\" \/>\n<meta property=\"og:type\" content=\"article\" \/>\n<meta property=\"og:title\" content=\"Marques de Mobiliari de Disseny | Estudio Romanelli Interiorista Barcelona\" \/>\n<meta property=\"og:description\" content=\"Estudio Romanelli Estudi d&#039;interiorisme \u2b50 Moblem casa amb les millors marques nacionals i internacionals \u2b50 Descobreixi com podem ajudar-li!\" \/>\n<meta property=\"og:url\" content=\"https:\/\/estudioromanelli.es\/ca\/mobiliari-de-disseny\" \/>\n<meta property=\"og:site_name\" content=\"Estudi d&#039;Interiorisme i Arquitectura a Barcelona\" \/>\n<meta property=\"article:modified_time\" content=\"2024-02-09T13:15:15+00:00\" \/>\n<meta property=\"og:image\" content=\"https:\/\/estudioromanelli.es\/wp-content\/uploads\/2014\/12\/rincon-lectura-casa-minimalista.jpg\" \/>\n\t<meta property=\"og:image:width\" content=\"750\" \/>\n\t<meta property=\"og:image:height\" content=\"1000\" \/>\n\t<meta property=\"og:image:type\" content=\"image\/jpeg\" \/>\n<meta name=\"twitter:card\" content=\"summary_large_image\" \/>\n<meta name=\"twitter:label1\" content=\"Est. reading time\" \/>\n\t<meta name=\"twitter:data1\" content=\"3 minutes\" \/>\n<script type=\"application\/ld+json\" class=\"yoast-schema-graph\">{\"@context\":\"https:\/\/schema.org\",\"@graph\":[{\"@type\":\"WebPage\",\"@id\":\"https:\/\/estudioromanelli.es\/ca\/mobiliari-de-disseny\",\"url\":\"https:\/\/estudioromanelli.es\/ca\/mobiliari-de-disseny\",\"name\":\"Marques de Mobiliari de Disseny | Estudio Romanelli Interiorista Barcelona\",\"isPartOf\":{\"@id\":\"https:\/\/estudioromanelli.es\/ca#website\"},\"primaryImageOfPage\":{\"@id\":\"https:\/\/estudioromanelli.es\/ca\/mobiliari-de-disseny#primaryimage\"},\"image\":{\"@id\":\"https:\/\/estudioromanelli.es\/ca\/mobiliari-de-disseny#primaryimage\"},\"thumbnailUrl\":\"https:\/\/estudioromanelli.es\/wp-content\/uploads\/2014\/12\/rincon-lectura-casa-minimalista.jpg\",\"datePublished\":\"2015-09-23T12:08:10+00:00\",\"dateModified\":\"2024-02-09T13:15:15+00:00\",\"description\":\"Estudio Romanelli Estudi d'interiorisme \u2b50 Moblem casa amb les millors marques nacionals i internacionals \u2b50 Descobreixi com podem ajudar-li!\",\"breadcrumb\":{\"@id\":\"https:\/\/estudioromanelli.es\/ca\/mobiliari-de-disseny#breadcrumb\"},\"inLanguage\":\"ca-ES\",\"potentialAction\":[{\"@type\":\"ReadAction\",\"target\":[\"https:\/\/estudioromanelli.es\/ca\/mobiliari-de-disseny\"]}]},{\"@type\":\"ImageObject\",\"inLanguage\":\"ca-ES\",\"@id\":\"https:\/\/estudioromanelli.es\/ca\/mobiliari-de-disseny#primaryimage\",\"url\":\"https:\/\/estudioromanelli.es\/wp-content\/uploads\/2014\/12\/rincon-lectura-casa-minimalista.jpg\",\"contentUrl\":\"https:\/\/estudioromanelli.es\/wp-content\/uploads\/2014\/12\/rincon-lectura-casa-minimalista.jpg\",\"width\":750,\"height\":1000,\"caption\":\"Rac\u00f3 minimalista de lectura a un habitatge contemporani\"},{\"@type\":\"BreadcrumbList\",\"@id\":\"https:\/\/estudioromanelli.es\/ca\/mobiliari-de-disseny#breadcrumb\",\"itemListElement\":[{\"@type\":\"ListItem\",\"position\":1,\"name\":\"LF24\",\"item\":\"https:\/\/estudioromanelli.es\/ca\/home\"},{\"@type\":\"ListItem\",\"position\":2,\"name\":\"Mobiliari de disseny\"}]},{\"@type\":\"WebSite\",\"@id\":\"https:\/\/estudioromanelli.es\/ca#website\",\"url\":\"https:\/\/estudioromanelli.es\/ca\",\"name\":\"Estudi d&#039;Interiorisme i Arquitectura a Barcelona\",\"description\":\"Estudio Romanelli\",\"potentialAction\":[{\"@type\":\"SearchAction\",\"target\":{\"@type\":\"EntryPoint\",\"urlTemplate\":\"https:\/\/estudioromanelli.es\/ca?s={search_term_string}\"},\"query-input\":{\"@type\":\"PropertyValueSpecification\",\"valueRequired\":true,\"valueName\":\"search_term_string\"}}],\"inLanguage\":\"ca-ES\"}]}<\/script>\n<!-- \/ Yoast SEO plugin. -->","yoast_head_json":{"title":"Marques de Mobiliari de Disseny | Estudio Romanelli Interiorista Barcelona","description":"Estudio Romanelli Estudi d'interiorisme \u2b50 Moblem casa amb les millors marques nacionals i internacionals \u2b50 Descobreixi com podem ajudar-li!","robots":{"index":"index","follow":"follow","max-snippet":"max-snippet:-1","max-image-preview":"max-image-preview:large","max-video-preview":"max-video-preview:-1"},"canonical":"https:\/\/estudioromanelli.es\/ca\/mobiliari-de-disseny","og_locale":"ca_ES","og_type":"article","og_title":"Marques de Mobiliari de Disseny | Estudio Romanelli Interiorista Barcelona","og_description":"Estudio Romanelli Estudi d'interiorisme \u2b50 Moblem casa amb les millors marques nacionals i internacionals \u2b50 Descobreixi com podem ajudar-li!","og_url":"https:\/\/estudioromanelli.es\/ca\/mobiliari-de-disseny","og_site_name":"Estudi d&#039;Interiorisme i Arquitectura a Barcelona","article_modified_time":"2024-02-09T13:15:15+00:00","og_image":[{"width":750,"height":1000,"url":"https:\/\/estudioromanelli.es\/wp-content\/uploads\/2014\/12\/rincon-lectura-casa-minimalista.jpg","type":"image\/jpeg"}],"twitter_card":"summary_large_image","twitter_misc":{"Est. reading time":"3 minutes"},"schema":{"@context":"https:\/\/schema.org","@graph":[{"@type":"WebPage","@id":"https:\/\/estudioromanelli.es\/ca\/mobiliari-de-disseny","url":"https:\/\/estudioromanelli.es\/ca\/mobiliari-de-disseny","name":"Marques de Mobiliari de Disseny | Estudio Romanelli Interiorista Barcelona","isPartOf":{"@id":"https:\/\/estudioromanelli.es\/ca#website"},"primaryImageOfPage":{"@id":"https:\/\/estudioromanelli.es\/ca\/mobiliari-de-disseny#primaryimage"},"image":{"@id":"https:\/\/estudioromanelli.es\/ca\/mobiliari-de-disseny#primaryimage"},"thumbnailUrl":"https:\/\/estudioromanelli.es\/wp-content\/uploads\/2014\/12\/rincon-lectura-casa-minimalista.jpg","datePublished":"2015-09-23T12:08:10+00:00","dateModified":"2024-02-09T13:15:15+00:00","description":"Estudio Romanelli Estudi d'interiorisme \u2b50 Moblem casa amb les millors marques nacionals i internacionals \u2b50 Descobreixi com podem ajudar-li!","breadcrumb":{"@id":"https:\/\/estudioromanelli.es\/ca\/mobiliari-de-disseny#breadcrumb"},"inLanguage":"ca-ES","potentialAction":[{"@type":"ReadAction","target":["https:\/\/estudioromanelli.es\/ca\/mobiliari-de-disseny"]}]},{"@type":"ImageObject","inLanguage":"ca-ES","@id":"https:\/\/estudioromanelli.es\/ca\/mobiliari-de-disseny#primaryimage","url":"https:\/\/estudioromanelli.es\/wp-content\/uploads\/2014\/12\/rincon-lectura-casa-minimalista.jpg","contentUrl":"https:\/\/estudioromanelli.es\/wp-content\/uploads\/2014\/12\/rincon-lectura-casa-minimalista.jpg","width":750,"height":1000,"caption":"Rac\u00f3 minimalista de lectura a un habitatge contemporani"},{"@type":"BreadcrumbList","@id":"https:\/\/estudioromanelli.es\/ca\/mobiliari-de-disseny#breadcrumb","itemListElement":[{"@type":"ListItem","position":1,"name":"LF24","item":"https:\/\/estudioromanelli.es\/ca\/home"},{"@type":"ListItem","position":2,"name":"Mobiliari de disseny"}]},{"@type":"WebSite","@id":"https:\/\/estudioromanelli.es\/ca#website","url":"https:\/\/estudioromanelli.es\/ca","name":"Estudi d&#039;Interiorisme i Arquitectura a Barcelona","description":"Estudio Romanelli","potentialAction":[{"@type":"SearchAction","target":{"@type":"EntryPoint","urlTemplate":"https:\/\/estudioromanelli.es\/ca?s={search_term_string}"},"query-input":{"@type":"PropertyValueSpecification","valueRequired":true,"valueName":"search_term_string"}}],"inLanguage":"ca-ES"}]}},"_links":{"self":[{"href":"https:\/\/estudioromanelli.es\/ca\/wp-json\/wp\/v2\/pages\/4188","targetHints":{"allow":["GET"]}}],"collection":[{"href":"https:\/\/estudioromanelli.es\/ca\/wp-json\/wp\/v2\/pages"}],"about":[{"href":"https:\/\/estudioromanelli.es\/ca\/wp-json\/wp\/v2\/types\/page"}],"author":[{"embeddable":true,"href":"https:\/\/estudioromanelli.es\/ca\/wp-json\/wp\/v2\/users\/1"}],"replies":[{"embeddable":true,"href":"https:\/\/estudioromanelli.es\/ca\/wp-json\/wp\/v2\/comments?post=4188"}],"version-history":[{"count":0,"href":"https:\/\/estudioromanelli.es\/ca\/wp-json\/wp\/v2\/pages\/4188\/revisions"}],"wp:featuredmedia":[{"embeddable":true,"href":"https:\/\/estudioromanelli.es\/ca\/wp-json\/wp\/v2\/media\/12124"}],"wp:attachment":[{"href":"https:\/\/estudioromanelli.es\/ca\/wp-json\/wp\/v2\/media?parent=4188"}],"wp:term":[{"taxonomy":"category","embeddable":true,"href":"https:\/\/estudioromanelli.es\/ca\/wp-json\/wp\/v2\/categories?post=4188"},{"taxonomy":"post_tag","embeddable":true,"href":"https:\/\/estudioromanelli.es\/ca\/wp-json\/wp\/v2\/tags?post=4188"}],"curies":[{"name":"wp","href":"https:\/\/api.w.org\/{rel}","templated":true}]}}