{"id":4186,"date":"2015-09-23T12:08:26","date_gmt":"2015-09-23T12:08:26","guid":{"rendered":"https:\/\/estudioromanelli.es\/?page_id=4186&#038;lang=ca"},"modified":"2021-02-05T10:47:16","modified_gmt":"2021-02-05T10:47:16","slug":"il%c2%b7luminacio","status":"publish","type":"page","link":"https:\/\/estudioromanelli.es\/ca\/il%c2%b7luminacio","title":{"rendered":"Il\u00b7luminaci\u00f3"},"content":{"rendered":"\n<style type=\"text\/css\" data-created_by=\"avia_inline_auto\" id=\"style-css-av-av_one_full-352b07ef7d3bc99b2e9f92e7a9e06bdb\">\n.flex_column.av-av_one_full-352b07ef7d3bc99b2e9f92e7a9e06bdb{\nborder-radius:0px 0px 0px 0px;\npadding:0px 0px 0px 0px;\n}\n<\/style>\n<div  class='flex_column av-av_one_full-352b07ef7d3bc99b2e9f92e7a9e06bdb av_one_full  avia-builder-el-0  el_before_av_one_full  avia-builder-el-first  first flex_column_div av-zero-column-padding  '     ><p>\n<style type=\"text\/css\" data-created_by=\"avia_inline_auto\" id=\"style-css-av-av_heading-cfdc33a4d15a6643ba87c420145a36d9\">\n#top .av-special-heading.av-av_heading-cfdc33a4d15a6643ba87c420145a36d9{\npadding-bottom:10px;\ncolor:#ffffff;\n}\nbody .av-special-heading.av-av_heading-cfdc33a4d15a6643ba87c420145a36d9 .av-special-heading-tag .heading-char{\nfont-size:25px;\n}\n.av-special-heading.av-av_heading-cfdc33a4d15a6643ba87c420145a36d9 .special-heading-inner-border{\nborder-color:#ffffff;\n}\n.av-special-heading.av-av_heading-cfdc33a4d15a6643ba87c420145a36d9 .av-subheading{\nfont-size:15px;\n}\n<\/style>\n<div  class='av-special-heading av-av_heading-cfdc33a4d15a6643ba87c420145a36d9 av-special-heading-h2 custom-color-heading blockquote modern-quote modern-centered  avia-builder-el-1  el_before_av_hr  avia-builder-el-first '><h2 class='av-special-heading-tag '  itemprop=\"headline\"  >IL\u00b7LUMINACI\u00d3<\/h2><div class=\"special-heading-border\"><div class=\"special-heading-inner-border\"><\/div><\/div><\/div><br \/>\n\n<style type=\"text\/css\" data-created_by=\"avia_inline_auto\" id=\"style-css-av-av_hr-a6de236e6c183bbbd700292deacd2b52\">\n#top .hr.hr-invisible.av-av_hr-a6de236e6c183bbbd700292deacd2b52{\nheight:20px;\n}\n<\/style>\n<div  class='hr av-av_hr-a6de236e6c183bbbd700292deacd2b52 hr-invisible  avia-builder-el-2  el_after_av_heading  el_before_av_textblock '><span class='hr-inner '><span class=\"hr-inner-style\"><\/span><\/span><\/div><br \/>\n<section  class='av_textblock_section av-av_textblock-0366cc7376be6c9e82a3e9cc8987b64f '   itemscope=\"itemscope\" itemtype=\"https:\/\/schema.org\/CreativeWork\" ><div class='avia_textblock'  itemprop=\"text\" ><p>En Estudio Romanelli som distribu\u00efdors de les millors<strong> marques d&#8217;il\u00b7luminaci\u00f3 interior i exterior<\/strong> a nivell nacional i internacional.<\/p>\n<p>Sabem que per a un bon projecte de <span class=\"decolor\">><strong><a class=\"decolor\"> href=&#8221;https:\/\/estudioromanelli.es\/caserveis\/decoracio\/&#8221;>decoraci\u00f3<\/a><\/strong><\/span> cal dedicar molta atenci\u00f3 a la il\u00b7luminaci\u00f3 dels ambients, vist que a trav\u00e9s de la il\u00b7luminaci\u00f3 podem afegir valor est\u00e8tic a les nostres estances. Disposem de personal expert en el sector il\u00b7luminaci\u00f3 que els assessorar\u00e0 en el desenvolupament del projecte del seu espai.<\/p>\n<\/div><\/section><br \/>\n\n<style type=\"text\/css\" data-created_by=\"avia_inline_auto\" id=\"style-css-av-av_image-0f5f897a598b1d312a8bd18656e47531\">\n.avia-image-container.av-av_image-0f5f897a598b1d312a8bd18656e47531 img.avia_image{\nbox-shadow:none;\n}\n.avia-image-container.av-av_image-0f5f897a598b1d312a8bd18656e47531 .av-image-caption-overlay-center{\ncolor:#ffffff;\n}\n<\/style>\n<div  class='avia-image-container av-av_image-0f5f897a598b1d312a8bd18656e47531 av-styling- avia-align-center  avia-builder-el-4  el_after_av_textblock  el_before_av_textblock '   itemprop=\"image\" itemscope=\"itemscope\" itemtype=\"https:\/\/schema.org\/ImageObject\" ><div class=\"avia-image-container-inner\"><div class=\"avia-image-overlay-wrap\"><img decoding=\"async\" fetchpriority=\"high\" class='wp-image-14228 avia-img-lazy-loading-not-14228 avia_image ' src=\"https:\/\/estudioromanelli.es\/wp-content\/uploads\/2015\/07\/3.jpg\" alt='' title='3'  height=\"200\" width=\"1425\"  itemprop=\"thumbnailUrl\" srcset=\"https:\/\/estudioromanelli.es\/wp-content\/uploads\/2015\/07\/3.jpg 1425w, https:\/\/estudioromanelli.es\/wp-content\/uploads\/2015\/07\/3-300x42.jpg 300w, https:\/\/estudioromanelli.es\/wp-content\/uploads\/2015\/07\/3-1030x145.jpg 1030w, https:\/\/estudioromanelli.es\/wp-content\/uploads\/2015\/07\/3-705x99.jpg 705w, https:\/\/estudioromanelli.es\/wp-content\/uploads\/2015\/07\/3-450x63.jpg 450w\" sizes=\"(max-width: 1425px) 100vw, 1425px\" \/><\/div><\/div><\/div><br \/>\n<section  class='av_textblock_section av-av_textblock-0366cc7376be6c9e82a3e9cc8987b64f '   itemscope=\"itemscope\" itemtype=\"https:\/\/schema.org\/CreativeWork\" ><div class='avia_textblock'  itemprop=\"text\" ><p>Il\u00b7luminem els espais de manera elegant i c\u00e0lida, treballem amb <strong>firmes d&#8217;il\u00b7luminaci\u00f3 de qualitat p<\/strong>er a interior i exterior. Els nostres professionals estudien les caracter\u00edstiques de cada projecte per poder aplicar la intensitat i tipologia de llum m\u00e9s apropiada a cada projecte per obtenir ambients acollidors, elegants i sobretot valoritzant els espais i la decoraci\u00f3.<\/p>\n<p>Al nostre cat\u00e0leg disposem d&#8217;una \u00e0mplia gamma de l\u00e0mpades de sostre i de peu, llums de taula i aplics. Il\u00b7luminaci\u00f3 t\u00e8cnica i llumin\u00e0ries per a exterior.<\/p>\n<p>Aqu\u00ed sota podeu trobar l&#8217;enlla\u00e7 d&#8217;alguna de les nostres marques:<\/p>\n<\/div><\/section><\/p><\/div>\n<style type=\"text\/css\" data-created_by=\"avia_inline_auto\" id=\"style-css-av-av_one_full-352b07ef7d3bc99b2e9f92e7a9e06bdb\">\n.flex_column.av-av_one_full-352b07ef7d3bc99b2e9f92e7a9e06bdb{\nborder-radius:0px 0px 0px 0px;\npadding:0px 0px 0px 0px;\n}\n<\/style>\n<div  class='flex_column av-av_one_full-352b07ef7d3bc99b2e9f92e7a9e06bdb av_one_full  avia-builder-el-6  el_after_av_one_full  avia-builder-el-last  first flex_column_div av-zero-column-padding  column-top-margin'     ><section  class='av_textblock_section av-av_textblock-0366cc7376be6c9e82a3e9cc8987b64f '   itemscope=\"itemscope\" itemtype=\"https:\/\/schema.org\/CreativeWork\" ><div class='avia_textblock'  itemprop=\"text\" ><h3><strong>IL\u00b7LUMINACI\u00d3<\/strong><\/h3>\n<hr \/>\n<p><b><a href=\"http:\/\/www.artemide.com\/home\/index.action\" target=\"_blank\" rel=\"noopener\">ARTEMIDE<\/a> <\/b>(Il\u00b7luminaci\u00f3 de disseny, il\u00b7luminaci\u00f3 t\u00e8cnica i d&#8217;exterior)<\/p>\n<p><b><a href=\"http:\/\/www.foscarini.com\/es\/\" target=\"_blank\" rel=\"noopener\">FOSCARINI <\/a><\/b>(Il\u00b7luminaci\u00f3 de disseny)<\/p>\n<p><b><a href=\"http:\/\/www.andtradition.com\/\" target=\"_blank\" rel=\"noopener\">&amp; TRADITION<\/a><\/b> (Llumin\u00e0ries retro, vintage, n\u00f2rdiques)<\/p>\n<p><b><a href=\"http:\/\/www.kreon.com\/en\/catalogue\" target=\"_blank\" rel=\"noopener\">KREON<\/a><\/b> (Il\u00b7luminaci\u00f3 t\u00e8cnica)<\/p>\n<p><b><a href=\"http:\/\/www.pallucco.com\/\" target=\"_blank\" rel=\"noopener\">PALLUCO <\/a><\/b>(Il\u00b7luminaci\u00f3 de disseny)<\/p>\n<p><b><a href=\"http:\/\/www.troll.es\/\" target=\"_blank\" rel=\"noopener\">TROLL<\/a><\/b> (Il\u00b7luminaci\u00f3 t\u00e8cnica)<\/p>\n<p><b><a href=\"http:\/\/www.karmanitalia.it\/en\" target=\"_blank\" rel=\"noopener\">KARMAN<\/a><\/b> (Il\u00b7luminaci\u00f3 de disseny, il\u00b7luminaci\u00f3 d&#8217;exterior)<\/p>\n<p><b><a href=\"http:\/\/www.fontanaarte.com\/es#\" target=\"_blank\" rel=\"noopener\">FONTANA ARTE<\/a><\/b> ((Il\u00b7luminaci\u00f3 de disseny, il\u00b7luminaci\u00f3 t\u00e8cnica i d&#8217;exterior)<\/p>\n<p><b><a href=\"http:\/\/www.penta-light.com\/\" target=\"_blank\" rel=\"noopener\">PENTA<\/a><\/b> (Il\u00b7luminaci\u00f3 de disseny, il\u00b7luminaci\u00f3 d&#8217;exterior)<\/p>\n<p><b><a href=\"http:\/\/www.lucente.eu\/\" target=\"_blank\" rel=\"noopener\">LUCENTE<\/a><\/b> (Il\u00b7luminaci\u00f3 de disseny, il\u00b7luminaci\u00f3 t\u00e8cnica)<\/p>\n<p><b><a href=\"http:\/\/www.vibia.com\/\" target=\"_blank\" rel=\"noopener\">VIBIA<\/a><\/b> (Il\u00b7luminaci\u00f3 de disseny, il\u00b7luminaci\u00f3 d&#8217;exterior)<\/p>\n<\/div><\/section><\/div><\/p>\n","protected":false},"excerpt":{"rendered":"","protected":false},"author":1,"featured_media":0,"parent":0,"menu_order":0,"comment_status":"closed","ping_status":"closed","template":"","meta":{"footnotes":""},"categories":[],"tags":[],"class_list":["post-4186","page","type-page","status-publish","hentry"],"yoast_head":"<!-- This site is optimized with the Yoast SEO plugin v26.8 - https:\/\/yoast.com\/product\/yoast-seo-wordpress\/ -->\n<title>Marques d&#039;il\u00b7luminaci\u00f3 de disseny<\/title>\n<meta name=\"description\" content=\"A Estudio Romanelli disposem de la m\u00e9s \u00e0mplia varietat de marques d&#039;il\u00b7luminaci\u00f3 i llums de disseny. Descobreixi-les a la nostra web.\" \/>\n<meta name=\"robots\" content=\"index, follow, max-snippet:-1, max-image-preview:large, max-video-preview:-1\" \/>\n<link rel=\"canonical\" href=\"https:\/\/estudioromanelli.es\/ca\/il%c2%b7luminacio\" \/>\n<meta property=\"og:locale\" content=\"ca_ES\" \/>\n<meta property=\"og:type\" content=\"article\" \/>\n<meta property=\"og:title\" content=\"Marques d&#039;il\u00b7luminaci\u00f3 de disseny\" \/>\n<meta property=\"og:description\" content=\"A Estudio Romanelli disposem de la m\u00e9s \u00e0mplia varietat de marques d&#039;il\u00b7luminaci\u00f3 i llums de disseny. Descobreixi-les a la nostra web.\" \/>\n<meta property=\"og:url\" content=\"https:\/\/estudioromanelli.es\/ca\/il%c2%b7luminacio\" \/>\n<meta property=\"og:site_name\" content=\"Estudi d&#039;Interiorisme i Arquitectura a Barcelona\" \/>\n<meta property=\"article:modified_time\" content=\"2021-02-05T10:47:16+00:00\" \/>\n<meta name=\"twitter:card\" content=\"summary_large_image\" \/>\n<meta name=\"twitter:label1\" content=\"Est. reading time\" \/>\n\t<meta name=\"twitter:data1\" content=\"3 minutes\" \/>\n<script type=\"application\/ld+json\" class=\"yoast-schema-graph\">{\"@context\":\"https:\/\/schema.org\",\"@graph\":[{\"@type\":\"WebPage\",\"@id\":\"https:\/\/estudioromanelli.es\/ca\/il%c2%b7luminacio\",\"url\":\"https:\/\/estudioromanelli.es\/ca\/il%c2%b7luminacio\",\"name\":\"Marques d'il\u00b7luminaci\u00f3 de disseny\",\"isPartOf\":{\"@id\":\"https:\/\/estudioromanelli.es\/ca#website\"},\"datePublished\":\"2015-09-23T12:08:26+00:00\",\"dateModified\":\"2021-02-05T10:47:16+00:00\",\"description\":\"A Estudio Romanelli disposem de la m\u00e9s \u00e0mplia varietat de marques d'il\u00b7luminaci\u00f3 i llums de disseny. Descobreixi-les a la nostra web.\",\"breadcrumb\":{\"@id\":\"https:\/\/estudioromanelli.es\/ca\/il%c2%b7luminacio#breadcrumb\"},\"inLanguage\":\"ca-ES\",\"potentialAction\":[{\"@type\":\"ReadAction\",\"target\":[\"https:\/\/estudioromanelli.es\/ca\/il%c2%b7luminacio\"]}]},{\"@type\":\"BreadcrumbList\",\"@id\":\"https:\/\/estudioromanelli.es\/ca\/il%c2%b7luminacio#breadcrumb\",\"itemListElement\":[{\"@type\":\"ListItem\",\"position\":1,\"name\":\"LF24\",\"item\":\"https:\/\/estudioromanelli.es\/ca\/home\"},{\"@type\":\"ListItem\",\"position\":2,\"name\":\"IL\u00b7LUMINACI\u00d3\"}]},{\"@type\":\"WebSite\",\"@id\":\"https:\/\/estudioromanelli.es\/ca#website\",\"url\":\"https:\/\/estudioromanelli.es\/ca\",\"name\":\"Estudi d&#039;Interiorisme i Arquitectura a Barcelona\",\"description\":\"Estudio Romanelli\",\"potentialAction\":[{\"@type\":\"SearchAction\",\"target\":{\"@type\":\"EntryPoint\",\"urlTemplate\":\"https:\/\/estudioromanelli.es\/ca?s={search_term_string}\"},\"query-input\":{\"@type\":\"PropertyValueSpecification\",\"valueRequired\":true,\"valueName\":\"search_term_string\"}}],\"inLanguage\":\"ca-ES\"}]}<\/script>\n<!-- \/ Yoast SEO plugin. -->","yoast_head_json":{"title":"Marques d'il\u00b7luminaci\u00f3 de disseny","description":"A Estudio Romanelli disposem de la m\u00e9s \u00e0mplia varietat de marques d'il\u00b7luminaci\u00f3 i llums de disseny. Descobreixi-les a la nostra web.","robots":{"index":"index","follow":"follow","max-snippet":"max-snippet:-1","max-image-preview":"max-image-preview:large","max-video-preview":"max-video-preview:-1"},"canonical":"https:\/\/estudioromanelli.es\/ca\/il%c2%b7luminacio","og_locale":"ca_ES","og_type":"article","og_title":"Marques d'il\u00b7luminaci\u00f3 de disseny","og_description":"A Estudio Romanelli disposem de la m\u00e9s \u00e0mplia varietat de marques d'il\u00b7luminaci\u00f3 i llums de disseny. Descobreixi-les a la nostra web.","og_url":"https:\/\/estudioromanelli.es\/ca\/il%c2%b7luminacio","og_site_name":"Estudi d&#039;Interiorisme i Arquitectura a Barcelona","article_modified_time":"2021-02-05T10:47:16+00:00","twitter_card":"summary_large_image","twitter_misc":{"Est. reading time":"3 minutes"},"schema":{"@context":"https:\/\/schema.org","@graph":[{"@type":"WebPage","@id":"https:\/\/estudioromanelli.es\/ca\/il%c2%b7luminacio","url":"https:\/\/estudioromanelli.es\/ca\/il%c2%b7luminacio","name":"Marques d'il\u00b7luminaci\u00f3 de disseny","isPartOf":{"@id":"https:\/\/estudioromanelli.es\/ca#website"},"datePublished":"2015-09-23T12:08:26+00:00","dateModified":"2021-02-05T10:47:16+00:00","description":"A Estudio Romanelli disposem de la m\u00e9s \u00e0mplia varietat de marques d'il\u00b7luminaci\u00f3 i llums de disseny. Descobreixi-les a la nostra web.","breadcrumb":{"@id":"https:\/\/estudioromanelli.es\/ca\/il%c2%b7luminacio#breadcrumb"},"inLanguage":"ca-ES","potentialAction":[{"@type":"ReadAction","target":["https:\/\/estudioromanelli.es\/ca\/il%c2%b7luminacio"]}]},{"@type":"BreadcrumbList","@id":"https:\/\/estudioromanelli.es\/ca\/il%c2%b7luminacio#breadcrumb","itemListElement":[{"@type":"ListItem","position":1,"name":"LF24","item":"https:\/\/estudioromanelli.es\/ca\/home"},{"@type":"ListItem","position":2,"name":"IL\u00b7LUMINACI\u00d3"}]},{"@type":"WebSite","@id":"https:\/\/estudioromanelli.es\/ca#website","url":"https:\/\/estudioromanelli.es\/ca","name":"Estudi d&#039;Interiorisme i Arquitectura a Barcelona","description":"Estudio Romanelli","potentialAction":[{"@type":"SearchAction","target":{"@type":"EntryPoint","urlTemplate":"https:\/\/estudioromanelli.es\/ca?s={search_term_string}"},"query-input":{"@type":"PropertyValueSpecification","valueRequired":true,"valueName":"search_term_string"}}],"inLanguage":"ca-ES"}]}},"_links":{"self":[{"href":"https:\/\/estudioromanelli.es\/ca\/wp-json\/wp\/v2\/pages\/4186","targetHints":{"allow":["GET"]}}],"collection":[{"href":"https:\/\/estudioromanelli.es\/ca\/wp-json\/wp\/v2\/pages"}],"about":[{"href":"https:\/\/estudioromanelli.es\/ca\/wp-json\/wp\/v2\/types\/page"}],"author":[{"embeddable":true,"href":"https:\/\/estudioromanelli.es\/ca\/wp-json\/wp\/v2\/users\/1"}],"replies":[{"embeddable":true,"href":"https:\/\/estudioromanelli.es\/ca\/wp-json\/wp\/v2\/comments?post=4186"}],"version-history":[{"count":0,"href":"https:\/\/estudioromanelli.es\/ca\/wp-json\/wp\/v2\/pages\/4186\/revisions"}],"wp:attachment":[{"href":"https:\/\/estudioromanelli.es\/ca\/wp-json\/wp\/v2\/media?parent=4186"}],"wp:term":[{"taxonomy":"category","embeddable":true,"href":"https:\/\/estudioromanelli.es\/ca\/wp-json\/wp\/v2\/categories?post=4186"},{"taxonomy":"post_tag","embeddable":true,"href":"https:\/\/estudioromanelli.es\/ca\/wp-json\/wp\/v2\/tags?post=4186"}],"curies":[{"name":"wp","href":"https:\/\/api.w.org\/{rel}","templated":true}]}}