{"id":4170,"date":"2015-09-23T12:02:51","date_gmt":"2015-09-23T12:02:51","guid":{"rendered":"https:\/\/estudioromanelli.es\/?page_id=4170&#038;lang=ca"},"modified":"2024-06-06T09:43:21","modified_gmt":"2024-06-06T09:43:21","slug":"sobre-nosaltres","status":"publish","type":"page","link":"https:\/\/estudioromanelli.es\/ca\/estudi\/sobre-nosaltres","title":{"rendered":"Sobre nosaltres"},"content":{"rendered":"\n<style type=\"text\/css\" data-created_by=\"avia_inline_auto\" id=\"style-css-av-5lx916-dd3c7507c580dcc12c79880a4f5f5ace\">\n.flex_column.av-5lx916-dd3c7507c580dcc12c79880a4f5f5ace{\nborder-radius:0px 0px 0px 0px;\npadding:0px 0px 0px 0px;\n}\n<\/style>\n<div  class='flex_column av-5lx916-dd3c7507c580dcc12c79880a4f5f5ace av_one_full  avia-builder-el-0  avia-builder-el-no-sibling  first flex_column_div av-zero-column-padding  '     ><p>\n<style type=\"text\/css\" data-created_by=\"avia_inline_auto\" id=\"style-css-av-3piz22-5278b3facf0db0666b6aed913b22f6e1\">\n#top .av-special-heading.av-3piz22-5278b3facf0db0666b6aed913b22f6e1{\npadding-bottom:10px;\ncolor:#ffffff;\n}\nbody .av-special-heading.av-3piz22-5278b3facf0db0666b6aed913b22f6e1 .av-special-heading-tag .heading-char{\nfont-size:25px;\n}\n.av-special-heading.av-3piz22-5278b3facf0db0666b6aed913b22f6e1 .special-heading-inner-border{\nborder-color:#ffffff;\n}\n.av-special-heading.av-3piz22-5278b3facf0db0666b6aed913b22f6e1 .av-subheading{\nfont-size:15px;\n}\n<\/style>\n<div  class='av-special-heading av-3piz22-5278b3facf0db0666b6aed913b22f6e1 av-special-heading-h2 custom-color-heading blockquote modern-quote modern-centered  avia-builder-el-1  el_before_av_textblock  avia-builder-el-first '><h2 class='av-special-heading-tag '  itemprop=\"headline\"  >SOBRE NOSALTRES<\/h2><div class=\"special-heading-border\"><div class=\"special-heading-inner-border\"><\/div><\/div><\/div><br \/>\n<section  class='av_textblock_section av-lx32abjq-183d1d61a88f2c319d4486a0fbd12c5d '   itemscope=\"itemscope\" itemtype=\"https:\/\/schema.org\/CreativeWork\" ><div class='avia_textblock'  itemprop=\"text\" ><p><img decoding=\"async\" class=\"alignnone wp-image-30069 size-full\" src=\"https:\/\/estudioromanelli.es\/wp-content\/uploads\/2024\/06\/interiorista-barcelona.jpg\" alt=\"Interiorista\" width=\"2500\" height=\"1663\" srcset=\"https:\/\/estudioromanelli.es\/wp-content\/uploads\/2024\/06\/interiorista-barcelona.jpg 2500w, https:\/\/estudioromanelli.es\/wp-content\/uploads\/2024\/06\/interiorista-barcelona-300x200.jpg 300w, https:\/\/estudioromanelli.es\/wp-content\/uploads\/2024\/06\/interiorista-barcelona-1030x685.jpg 1030w, https:\/\/estudioromanelli.es\/wp-content\/uploads\/2024\/06\/interiorista-barcelona-768x511.jpg 768w, https:\/\/estudioromanelli.es\/wp-content\/uploads\/2024\/06\/interiorista-barcelona-1536x1022.jpg 1536w, https:\/\/estudioromanelli.es\/wp-content\/uploads\/2024\/06\/interiorista-barcelona-2048x1362.jpg 2048w, https:\/\/estudioromanelli.es\/wp-content\/uploads\/2024\/06\/interiorista-barcelona-1500x998.jpg 1500w, https:\/\/estudioromanelli.es\/wp-content\/uploads\/2024\/06\/interiorista-barcelona-705x469.jpg 705w\" sizes=\"(max-width: 2500px) 100vw, 2500px\" \/><\/p>\n<\/div><\/section><br \/>\n<section  class='av_textblock_section av-2uykuy-401293ab4551b9475b4e34fd66695099 '   itemscope=\"itemscope\" itemtype=\"https:\/\/schema.org\/CreativeWork\" ><div class='avia_textblock'  itemprop=\"text\" ><p>Quan un client encarrega a Estudio Romanelli un projecte, ja sigui aquest <span class=\"enlaces-subrayado-color\"><strong><a class=\"enlaces-subrayado-color\" href=\"https:\/\/estudioromanelli.es\/caserveis\/arquitectura\/\">d&#8217;arquitectura<\/a><\/strong><\/span>, <span class=\"enlaces-subrayado-color\"><strong><a class=\"enlaces-subrayado-color\" href=\"https:\/\/estudioromanelli.es\/caserveis\/interiorisme\/\">interiorisme<\/a> <\/strong><\/span>o <span class=\"enlaces-subrayado-color\"><strong><a class=\"enlaces-subrayado-color\" href=\"https:\/\/estudioromanelli.es\/caserveis\/decoracio\/\">decoraci\u00f3<\/a><\/strong><\/span>, compta amb la garantia d&#8217;un \u00e8xit segur. Ens dediquem a desenvolupar projectes ajustats a les necessitats de cada client, per\u00f2 el m\u00e9s important \u00e9s que disposem d&#8217;un s\u00f2lid equip de professionals que investiga i est\u00e0 sempre al corrent de les principals novetats del sector per poder donar resposta i trobar la millor soluci\u00f3 al client , amb un alt est\u00e0ndard de qualitat, a part de la gran experi\u00e8ncia consolidada al llarg dels anys en l&#8217;\u00e0mbit nacional i internacional.<\/p>\n<p>La direcci\u00f3 de l&#8217;estudi Estudio Romanelli \u00e9s portada per l&#8217;Arquitecte i Interiorista <strong>Daniele Romanelli<\/strong> que ha portat a terme al llarg dels anys projectes nacionals i internacionals en col\u00b7laboraci\u00f3 amb estudis de fama mundial com ara EMBT (Miralles Tagliabue &#8211; Barcelona) o Terragni Studio ( Com &#8211; It\u00e0lia).<\/p>\n<p>Som conscients de la necessitat de con\u00e8ixer diferents cultures i estils constructius i aix\u00f2 nom\u00e9s s&#8217;aconsegueix amb l&#8217;experi\u00e8ncia adquirida al llarg dels anys a partir del dur treball, la passi\u00f3, la investigaci\u00f3 i l&#8217;inter\u00e8s per descobrir nous conceptes i desenvolupar noves idees per integrar-les en la nostra vida quotidiana.<\/p>\n<p>Afrontem cada projecte de forma personalitzada, sabem que els nostres clients necessiten un servei que s&#8217;adapti a les seves necessitats.<\/p>\n<p>Triar el nostre estudi no vol nom\u00e9s dir triar el millor disseny, sin\u00f3 que significa tamb\u00e9 triar la m\u00e0xima qualitat.<\/p>\n<p>Estudio Romanelli distribueix <strong>les millors marques en l&#8217;\u00e0mbit nacional i internacional<\/strong> i el nostre equip de professionals experts en el sector de la decoraci\u00f3 i mobiliari podran assessorar i guiar-lo en la correcta elecci\u00f3 de les peces que m\u00e9s s&#8217;adaptin al seu estil ia les seves necessitats, perqu\u00e8 no \u00e9s tasca f\u00e0cil buscar entre l&#8217;enorme quantitat de propostes que el mercat ens ofereix.<\/p>\n<p>Disposem de la millor selecci\u00f3 de firmes que produeixen mobles cl\u00e0ssics, moderns i contemporanis: salons, dormitoris, banys, cuines, mobles per a exterior i tamb\u00e9 per a oficines i tots les peces necess\u00e0ries per moblar i decorar el seu espai amb un estil \u00fanic i inimitable, t\u00edpic del disseny itali\u00e0 garantit amb el segell &#8220;Made in Italy&#8221;.<\/p>\n<p>Ens diferencia la creativitat d&#8217;un projecte a mida, complementat per una <span class=\"enlaces-subrayado-color\"><strong><a class=\"enlaces-subrayado-color\" href=\"https:\/\/estudioromanelli.es\/caserveis\/gestio-de-projectes\/\">gesti\u00f3 de projecte<\/a><\/strong><\/span> ben organitzada que \u00e9s la clau de l&#8217;\u00e8xit en el desenvolupament del proc\u00e9s i l&#8217;execuci\u00f3 del treball.<\/p>\n<\/div><\/section><\/p><\/div>\n","protected":false},"excerpt":{"rendered":"","protected":false},"author":1,"featured_media":0,"parent":4153,"menu_order":0,"comment_status":"closed","ping_status":"closed","template":"","meta":{"footnotes":""},"categories":[],"tags":[],"class_list":["post-4170","page","type-page","status-publish","hentry"],"yoast_head":"<!-- This site is optimized with the Yoast SEO plugin v26.8 - https:\/\/yoast.com\/product\/yoast-seo-wordpress\/ -->\n<title>Sobre Estudio Romanelli<\/title>\n<meta name=\"description\" content=\"Descobreixi m\u00e9s sobre Estudio Romanelli. El seu estudi d&#039;interiorisme, decoraci\u00f3 i arquitectures a Barcelona sobre nosaltres\" \/>\n<meta name=\"robots\" content=\"index, follow, max-snippet:-1, max-image-preview:large, max-video-preview:-1\" \/>\n<link rel=\"canonical\" href=\"https:\/\/estudioromanelli.es\/ca\/estudi\/sobre-nosaltres\" \/>\n<meta property=\"og:locale\" content=\"ca_ES\" \/>\n<meta property=\"og:type\" content=\"article\" \/>\n<meta property=\"og:title\" content=\"Sobre Estudio Romanelli\" \/>\n<meta property=\"og:description\" content=\"Descobreixi m\u00e9s sobre Estudio Romanelli. El seu estudi d&#039;interiorisme, decoraci\u00f3 i arquitectures a Barcelona sobre nosaltres\" \/>\n<meta property=\"og:url\" content=\"https:\/\/estudioromanelli.es\/ca\/estudi\/sobre-nosaltres\" \/>\n<meta property=\"og:site_name\" content=\"Estudi d&#039;Interiorisme i Arquitectura a Barcelona\" \/>\n<meta property=\"article:modified_time\" content=\"2024-06-06T09:43:21+00:00\" \/>\n<meta property=\"og:image\" content=\"https:\/\/estudioromanelli.es\/wp-content\/uploads\/2024\/06\/interiorista-barcelona.jpg\" \/>\n<meta name=\"twitter:card\" content=\"summary_large_image\" \/>\n<meta name=\"twitter:label1\" content=\"Est. reading time\" \/>\n\t<meta name=\"twitter:data1\" content=\"2 minutes\" \/>\n<script type=\"application\/ld+json\" class=\"yoast-schema-graph\">{\"@context\":\"https:\/\/schema.org\",\"@graph\":[{\"@type\":\"WebPage\",\"@id\":\"https:\/\/estudioromanelli.es\/ca\/estudi\/sobre-nosaltres\",\"url\":\"https:\/\/estudioromanelli.es\/ca\/estudi\/sobre-nosaltres\",\"name\":\"Sobre Estudio Romanelli\",\"isPartOf\":{\"@id\":\"https:\/\/estudioromanelli.es\/ca#website\"},\"primaryImageOfPage\":{\"@id\":\"https:\/\/estudioromanelli.es\/ca\/estudi\/sobre-nosaltres#primaryimage\"},\"image\":{\"@id\":\"https:\/\/estudioromanelli.es\/ca\/estudi\/sobre-nosaltres#primaryimage\"},\"thumbnailUrl\":\"https:\/\/estudioromanelli.es\/wp-content\/uploads\/2024\/06\/interiorista-barcelona.jpg\",\"datePublished\":\"2015-09-23T12:02:51+00:00\",\"dateModified\":\"2024-06-06T09:43:21+00:00\",\"description\":\"Descobreixi m\u00e9s sobre Estudio Romanelli. El seu estudi d'interiorisme, decoraci\u00f3 i arquitectures a Barcelona sobre nosaltres\",\"breadcrumb\":{\"@id\":\"https:\/\/estudioromanelli.es\/ca\/estudi\/sobre-nosaltres#breadcrumb\"},\"inLanguage\":\"ca-ES\",\"potentialAction\":[{\"@type\":\"ReadAction\",\"target\":[\"https:\/\/estudioromanelli.es\/ca\/estudi\/sobre-nosaltres\"]}]},{\"@type\":\"ImageObject\",\"inLanguage\":\"ca-ES\",\"@id\":\"https:\/\/estudioromanelli.es\/ca\/estudi\/sobre-nosaltres#primaryimage\",\"url\":\"https:\/\/estudioromanelli.es\/wp-content\/uploads\/2024\/06\/interiorista-barcelona.jpg\",\"contentUrl\":\"https:\/\/estudioromanelli.es\/wp-content\/uploads\/2024\/06\/interiorista-barcelona.jpg\"},{\"@type\":\"BreadcrumbList\",\"@id\":\"https:\/\/estudioromanelli.es\/ca\/estudi\/sobre-nosaltres#breadcrumb\",\"itemListElement\":[{\"@type\":\"ListItem\",\"position\":1,\"name\":\"LF24\",\"item\":\"https:\/\/estudioromanelli.es\/ca\/home\"},{\"@type\":\"ListItem\",\"position\":2,\"name\":\"Estudi\",\"item\":\"https:\/\/estudioromanelli.es\/ca\/estudi\"},{\"@type\":\"ListItem\",\"position\":3,\"name\":\"Sobre nosaltres\"}]},{\"@type\":\"WebSite\",\"@id\":\"https:\/\/estudioromanelli.es\/ca#website\",\"url\":\"https:\/\/estudioromanelli.es\/ca\",\"name\":\"Estudi d&#039;Interiorisme i Arquitectura a Barcelona\",\"description\":\"Estudio Romanelli\",\"potentialAction\":[{\"@type\":\"SearchAction\",\"target\":{\"@type\":\"EntryPoint\",\"urlTemplate\":\"https:\/\/estudioromanelli.es\/ca?s={search_term_string}\"},\"query-input\":{\"@type\":\"PropertyValueSpecification\",\"valueRequired\":true,\"valueName\":\"search_term_string\"}}],\"inLanguage\":\"ca-ES\"}]}<\/script>\n<!-- \/ Yoast SEO plugin. -->","yoast_head_json":{"title":"Sobre Estudio Romanelli","description":"Descobreixi m\u00e9s sobre Estudio Romanelli. El seu estudi d'interiorisme, decoraci\u00f3 i arquitectures a Barcelona sobre nosaltres","robots":{"index":"index","follow":"follow","max-snippet":"max-snippet:-1","max-image-preview":"max-image-preview:large","max-video-preview":"max-video-preview:-1"},"canonical":"https:\/\/estudioromanelli.es\/ca\/estudi\/sobre-nosaltres","og_locale":"ca_ES","og_type":"article","og_title":"Sobre Estudio Romanelli","og_description":"Descobreixi m\u00e9s sobre Estudio Romanelli. El seu estudi d'interiorisme, decoraci\u00f3 i arquitectures a Barcelona sobre nosaltres","og_url":"https:\/\/estudioromanelli.es\/ca\/estudi\/sobre-nosaltres","og_site_name":"Estudi d&#039;Interiorisme i Arquitectura a Barcelona","article_modified_time":"2024-06-06T09:43:21+00:00","og_image":[{"url":"https:\/\/estudioromanelli.es\/wp-content\/uploads\/2024\/06\/interiorista-barcelona.jpg","type":"","width":"","height":""}],"twitter_card":"summary_large_image","twitter_misc":{"Est. reading time":"2 minutes"},"schema":{"@context":"https:\/\/schema.org","@graph":[{"@type":"WebPage","@id":"https:\/\/estudioromanelli.es\/ca\/estudi\/sobre-nosaltres","url":"https:\/\/estudioromanelli.es\/ca\/estudi\/sobre-nosaltres","name":"Sobre Estudio Romanelli","isPartOf":{"@id":"https:\/\/estudioromanelli.es\/ca#website"},"primaryImageOfPage":{"@id":"https:\/\/estudioromanelli.es\/ca\/estudi\/sobre-nosaltres#primaryimage"},"image":{"@id":"https:\/\/estudioromanelli.es\/ca\/estudi\/sobre-nosaltres#primaryimage"},"thumbnailUrl":"https:\/\/estudioromanelli.es\/wp-content\/uploads\/2024\/06\/interiorista-barcelona.jpg","datePublished":"2015-09-23T12:02:51+00:00","dateModified":"2024-06-06T09:43:21+00:00","description":"Descobreixi m\u00e9s sobre Estudio Romanelli. El seu estudi d'interiorisme, decoraci\u00f3 i arquitectures a Barcelona sobre nosaltres","breadcrumb":{"@id":"https:\/\/estudioromanelli.es\/ca\/estudi\/sobre-nosaltres#breadcrumb"},"inLanguage":"ca-ES","potentialAction":[{"@type":"ReadAction","target":["https:\/\/estudioromanelli.es\/ca\/estudi\/sobre-nosaltres"]}]},{"@type":"ImageObject","inLanguage":"ca-ES","@id":"https:\/\/estudioromanelli.es\/ca\/estudi\/sobre-nosaltres#primaryimage","url":"https:\/\/estudioromanelli.es\/wp-content\/uploads\/2024\/06\/interiorista-barcelona.jpg","contentUrl":"https:\/\/estudioromanelli.es\/wp-content\/uploads\/2024\/06\/interiorista-barcelona.jpg"},{"@type":"BreadcrumbList","@id":"https:\/\/estudioromanelli.es\/ca\/estudi\/sobre-nosaltres#breadcrumb","itemListElement":[{"@type":"ListItem","position":1,"name":"LF24","item":"https:\/\/estudioromanelli.es\/ca\/home"},{"@type":"ListItem","position":2,"name":"Estudi","item":"https:\/\/estudioromanelli.es\/ca\/estudi"},{"@type":"ListItem","position":3,"name":"Sobre nosaltres"}]},{"@type":"WebSite","@id":"https:\/\/estudioromanelli.es\/ca#website","url":"https:\/\/estudioromanelli.es\/ca","name":"Estudi d&#039;Interiorisme i Arquitectura a Barcelona","description":"Estudio Romanelli","potentialAction":[{"@type":"SearchAction","target":{"@type":"EntryPoint","urlTemplate":"https:\/\/estudioromanelli.es\/ca?s={search_term_string}"},"query-input":{"@type":"PropertyValueSpecification","valueRequired":true,"valueName":"search_term_string"}}],"inLanguage":"ca-ES"}]}},"_links":{"self":[{"href":"https:\/\/estudioromanelli.es\/ca\/wp-json\/wp\/v2\/pages\/4170","targetHints":{"allow":["GET"]}}],"collection":[{"href":"https:\/\/estudioromanelli.es\/ca\/wp-json\/wp\/v2\/pages"}],"about":[{"href":"https:\/\/estudioromanelli.es\/ca\/wp-json\/wp\/v2\/types\/page"}],"author":[{"embeddable":true,"href":"https:\/\/estudioromanelli.es\/ca\/wp-json\/wp\/v2\/users\/1"}],"replies":[{"embeddable":true,"href":"https:\/\/estudioromanelli.es\/ca\/wp-json\/wp\/v2\/comments?post=4170"}],"version-history":[{"count":0,"href":"https:\/\/estudioromanelli.es\/ca\/wp-json\/wp\/v2\/pages\/4170\/revisions"}],"up":[{"embeddable":true,"href":"https:\/\/estudioromanelli.es\/ca\/wp-json\/wp\/v2\/pages\/4153"}],"wp:attachment":[{"href":"https:\/\/estudioromanelli.es\/ca\/wp-json\/wp\/v2\/media?parent=4170"}],"wp:term":[{"taxonomy":"category","embeddable":true,"href":"https:\/\/estudioromanelli.es\/ca\/wp-json\/wp\/v2\/categories?post=4170"},{"taxonomy":"post_tag","embeddable":true,"href":"https:\/\/estudioromanelli.es\/ca\/wp-json\/wp\/v2\/tags?post=4170"}],"curies":[{"name":"wp","href":"https:\/\/api.w.org\/{rel}","templated":true}]}}