{"id":4169,"date":"2015-09-23T12:02:56","date_gmt":"2015-09-23T12:02:56","guid":{"rendered":"https:\/\/estudioromanelli.es\/?page_id=4169&#038;lang=ca"},"modified":"2021-02-02T18:35:53","modified_gmt":"2021-02-02T18:35:53","slug":"estil-vintage","status":"publish","type":"page","link":"https:\/\/estudioromanelli.es\/ca\/estudi\/estils\/estil-vintage","title":{"rendered":"Estil vintage"},"content":{"rendered":"\n<style type=\"text\/css\" data-created_by=\"avia_inline_auto\" id=\"style-css-av-5gkkax-21a0435f8f24bba25354dcf82917859a\">\n.flex_column.av-5gkkax-21a0435f8f24bba25354dcf82917859a{\nborder-radius:0px 0px 0px 0px;\npadding:0px 0px 0px 0px;\n}\n<\/style>\n<div  class='flex_column av-5gkkax-21a0435f8f24bba25354dcf82917859a av_one_full  avia-builder-el-0  el_before_av_textblock  avia-builder-el-first  first flex_column_div av-zero-column-padding  '     ><p>\n<style type=\"text\/css\" data-created_by=\"avia_inline_auto\" id=\"style-css-av-av_heading-9f5c1b5cfc88b458018c87b8ab1631e6\">\n#top .av-special-heading.av-av_heading-9f5c1b5cfc88b458018c87b8ab1631e6{\npadding-bottom:10px;\ncolor:#ffffff;\n}\nbody .av-special-heading.av-av_heading-9f5c1b5cfc88b458018c87b8ab1631e6 .av-special-heading-tag .heading-char{\nfont-size:25px;\n}\n.av-special-heading.av-av_heading-9f5c1b5cfc88b458018c87b8ab1631e6 .special-heading-inner-border{\nborder-color:#ffffff;\n}\n.av-special-heading.av-av_heading-9f5c1b5cfc88b458018c87b8ab1631e6 .av-subheading{\nfont-size:15px;\n}\n<\/style>\n<div  id=\"estil-vintage\"  class='av-special-heading av-av_heading-9f5c1b5cfc88b458018c87b8ab1631e6 av-special-heading-h1 custom-color-heading blockquote modern-quote modern-centered  avia-builder-el-1  el_before_av_textblock  avia-builder-el-first  decoracio-estil-vintage'><h1 class='av-special-heading-tag '  itemprop=\"headline\"  >INTERIORISME VINTAGE<\/h1><div class=\"special-heading-border\"><div class=\"special-heading-inner-border\"><\/div><\/div><\/div><br \/>\n<section  class='av_textblock_section av-k5z5v7xo-c9cfa7e4fb1ba99549c56343e0827094 '   itemscope=\"itemscope\" itemtype=\"https:\/\/schema.org\/CreativeWork\" ><div class='avia_textblock'  itemprop=\"text\" ><p><img decoding=\"async\" title=\"Exemple de pis decoraci\u00f3 vintage\" src=\"\/wp-content\/uploads\/2020\/01\/decoracion-estilo-rustico-barcelona-1.jpg\" alt=\"Pis decoraci\u00f3 vintage\" \/><\/p>\n<\/div><\/section><br \/>\n<section  class='av_textblock_section av-2b9rvt-f60d5723c6f73860fedb7ef0963bef75 '   itemscope=\"itemscope\" itemtype=\"https:\/\/schema.org\/CreativeWork\" ><div class='avia_textblock'  itemprop=\"text\" ><p>La<strong> decoraci\u00f3 vintage<\/strong> est\u00e0 molt de moda avui en dia, es tracta de <a title=\"Decorador d'ambients\" href=\"\/\">decorar ambients<\/a> amb refer\u00e8ncies als anys 50 i 60, prestant particular atenci\u00f3 a la sala utilitzant butaques i sof\u00e0s de pell, llums d&#8217;aranya, elements decoratius antics tipus maletes antigues i gerros, tamb\u00e9 es poden utilitzar com a decoraci\u00f3 r\u00e0dios i televisors vells de la d\u00e8cada dels 50.<\/p>\n<p>Tots aquests objectes es poden trobar en mercats, per\u00f2 cal ser realment curosos i cal trobar el temps necessari en l&#8217;elecci\u00f3 de tots aquests elements ja que una sola elecci\u00f3 incorrecta pot destrossar tota la decoraci\u00f3.<\/p>\n<\/div><\/section><br \/>\n\n<style type=\"text\/css\" data-created_by=\"avia_inline_auto\" id=\"style-css-av-av_heading-1011af297f1d7131660fef42c93b0d53\">\n#top .av-special-heading.av-av_heading-1011af297f1d7131660fef42c93b0d53{\npadding-bottom:10px;\ncolor:#ffffff;\n}\nbody .av-special-heading.av-av_heading-1011af297f1d7131660fef42c93b0d53 .av-special-heading-tag .heading-char{\nfont-size:25px;\n}\n.av-special-heading.av-av_heading-1011af297f1d7131660fef42c93b0d53 .special-heading-inner-border{\nborder-color:#ffffff;\n}\n.av-special-heading.av-av_heading-1011af297f1d7131660fef42c93b0d53 .av-subheading{\nfont-size:15px;\n}\n<\/style>\n<div  id=\"decoracio-estil-60\"  class='av-special-heading av-av_heading-1011af297f1d7131660fef42c93b0d53 av-special-heading-h2 custom-color-heading blockquote modern-quote modern-centered  avia-builder-el-4  el_after_av_textblock  el_before_av_hr  pisos-estil-vintage'><h2 class='av-special-heading-tag '  itemprop=\"headline\"  >CARACTER\u00cdSTIQUES DEL INTERIORISME VINTAGE<\/h2><div class=\"special-heading-border\"><div class=\"special-heading-inner-border\"><\/div><\/div><\/div><br \/>\n\n<style type=\"text\/css\" data-created_by=\"avia_inline_auto\" id=\"style-css-av-d4uzah-262afca1309bcdc2b55b189d7f4f2707\">\n#top .hr.hr-invisible.av-d4uzah-262afca1309bcdc2b55b189d7f4f2707{\nheight:45px;\n}\n<\/style>\n<div  class='hr av-d4uzah-262afca1309bcdc2b55b189d7f4f2707 hr-invisible  avia-builder-el-5  el_after_av_heading  el_before_av_textblock '><span class='hr-inner '><span class=\"hr-inner-style\"><\/span><\/span><\/div><br \/>\n<section  class='av_textblock_section av-2b9rvt-f60d5723c6f73860fedb7ef0963bef75 '   itemscope=\"itemscope\" itemtype=\"https:\/\/schema.org\/CreativeWork\" ><div class='avia_textblock'  itemprop=\"text\" ><p>Els papers pintats s\u00f3n elements b\u00e0sics per instaurar les bases d&#8217;un ambient vintage. Cal tenir molt clar quin tipus de <strong>mobles i que accessoris<\/strong> anem a col\u00b7locar, cal estar segurs del que triem vist que aquests elements s\u00f3n vells per\u00f2 no s\u00f3n antiguitats. Per exemple, un accessori dels anys 50 \u00e9s vintage i un moble de segle XVII \u00e9s una antiguitat.<\/p>\n<p>El <strong>color blanc<\/strong> i les tonalitats past\u00eds s\u00f3n propis d&#8217;aquest estil, els quadres retro amb marcs vells donen un toc especial a les estances. \u00c9s molt important prestar especial atenci\u00f3 als detalls, cal buscar accessoris i objectes de decoraci\u00f3 rom\u00e0ntic i amb una certa nost\u00e0lgia cap al passat. Tamb\u00e9 es poden incorporar a la decoraci\u00f3 vintage llibres antics amb cobertes en cuir, llums met\u00e0l\u00b7liques de coure o daurades i amb tons negres o marrons. Podem a m\u00e9s afegir elements decoratius simples com c\u00e0meres fotogr\u00e0fiques antigues, postals i p\u00f2sters anys 50. El m\u00e9s important encara que ajuntem elements de d\u00e8cades diferents tot el conjunt ha de donar una sensaci\u00f3 de simple harmonia. Els dissenys geom\u00e8trics i florals s\u00f3n \u00f2ptims per a aquest tipus de <a title=\"Decoraci\u00f3 d'stil vintage\" href=\"\/ca\/serveis\/decoracio\"><strong>decoraci\u00f3<\/strong><\/a>.<\/p>\n<p><a href=\"\/ca\/contacte\" rel=\"nofollow noopener noreferrer\"><strong>Li agradaria saber m\u00e9s sobre els nostres serveis d&#8217;interiorisme? Contacti amb nosaltres Estarem encantats d&#8217;ajudar-li!<\/strong><\/a><\/p>\n<\/div><\/section><br \/>\n\n<style type=\"text\/css\" data-created_by=\"avia_inline_auto\" id=\"style-css-av-biy5a1-5262870cf01c59ced3ab6f40d3a7d842\">\n#top .hr.hr-invisible.av-biy5a1-5262870cf01c59ced3ab6f40d3a7d842{\nheight:45px;\n}\n<\/style>\n<div  class='hr av-biy5a1-5262870cf01c59ced3ab6f40d3a7d842 hr-invisible  avia-builder-el-7  el_after_av_textblock  el_before_av_button '><span class='hr-inner '><span class=\"hr-inner-style\"><\/span><\/span><\/div><br \/>\n<div  id=\"interiorisme-estil-vintage\"  class='avia-button-wrap av-k7kzi6p6-15af15dfdf8679545904435075ad8585-wrap avia-button-center  avia-builder-el-8  el_after_av_hr  el_before_av_hr  interiorismo-decoracion-reformas-barcelona'><a href='\/contacto'  class='avia-button av-k7kzi6p6-15af15dfdf8679545904435075ad8585 av-link-btn avia-icon_select-yes-left-icon avia-size-medium avia-position-center avia-color-theme-color'  title=\"Proyectes d\u2019interiorisme a Barcelona Estudio Romanelli\" aria-label=\"Proyectes d\u2019interiorisme a Barcelona Estudio Romanelli\"><span class='avia_button_icon avia_button_icon_left avia-iconfont avia-font-entypo-fontello' data-av_icon='\ue800' data-av_iconfont='entypo-fontello' ><\/span><span class='avia_iconbox_title' >T\u00e9 una idea?<\/span><\/a><\/div><br \/>\n\n<style type=\"text\/css\" data-created_by=\"avia_inline_auto\" id=\"style-css-av-8is43d-e8ac621e3e7ccc4207004596b9ca7090\">\n#top .hr.hr-invisible.av-8is43d-e8ac621e3e7ccc4207004596b9ca7090{\nheight:45px;\n}\n<\/style>\n<div  class='hr av-8is43d-e8ac621e3e7ccc4207004596b9ca7090 hr-invisible  avia-builder-el-9  el_after_av_button  avia-builder-el-last '><span class='hr-inner '><span class=\"hr-inner-style\"><\/span><\/span><\/div><\/p><\/div><section  class='av_textblock_section av-k5z5xs45-347a17a89a7e721767895c909e5b6a01 '   itemscope=\"itemscope\" itemtype=\"https:\/\/schema.org\/CreativeWork\" ><div class='avia_textblock'  itemprop=\"text\" ><p><img decoding=\"async\" title=\"Exemple d'ambient estil vintage\" src=\"\/wp-content\/uploads\/2020\/01\/interiorismo-estilo-vintage-barcelona.jpg\" alt=\"Ambients estil vintage\" \/><\/p>\n<\/div><\/section><\/p>\n<section  class='av_textblock_section av-2b9rvt-f60d5723c6f73860fedb7ef0963bef75 '   itemscope=\"itemscope\" itemtype=\"https:\/\/schema.org\/CreativeWork\" ><div class='avia_textblock'  itemprop=\"text\" ><p>L&#8217;<strong>estil vintage<\/strong> \u00e9s una de les tend\u00e8ncies m\u00e9s vigents en l&#8217;actualitat. L&#8217;interiorisme vintage <strong>est\u00e0 molt de moda en la decoraci\u00f3 d&#8217;interiors<\/strong>, \u00e9s un estil basat en la fusi\u00f3 d&#8217;elements decoratius o mobiliari de diferents d\u00e8cades amb elements actuals. Una de les caracter\u00edstiques de l&#8217;estil vintage \u00e9s usar elements d&#8217;\u00e8poques anteriors per donar-los una nova vida, combinats amb elements actuals per crear ambients d&#8217;una est\u00e8tica \u00fanica.<\/p>\n<\/div><\/section>\n\n<style type=\"text\/css\" data-created_by=\"avia_inline_auto\" id=\"style-css-av-7vopjd-2f752943ba59535a56182ed09c3ef841\">\n#top .hr.hr-invisible.av-7vopjd-2f752943ba59535a56182ed09c3ef841{\nheight:45px;\n}\n<\/style>\n<div  class='hr av-7vopjd-2f752943ba59535a56182ed09c3ef841 hr-invisible  avia-builder-el-12  el_after_av_textblock  el_before_av_button '><span class='hr-inner '><span class=\"hr-inner-style\"><\/span><\/span><\/div>\n<div  id=\"reformes-de-pisos-vintage\"  class='avia-button-wrap av-k7kzi6p6-62a6e50000897ea5d0f5dd03a19998f5-wrap avia-button-center  avia-builder-el-13  el_after_av_hr  el_before_av_hr  interiorismo-decoracion-reformas-barcelona'><a href='\/contacto'  class='avia-button av-k7kzi6p6-62a6e50000897ea5d0f5dd03a19998f5 av-link-btn avia-icon_select-yes-left-icon avia-size-medium avia-position-center avia-color-theme-color'  title=\"Estudi d\u2019interiorisme vintage a Barcelona Estudio Romanelli\" aria-label=\"Estudi d\u2019interiorisme vintage a Barcelona Estudio Romanelli\"><span class='avia_button_icon avia_button_icon_left avia-iconfont avia-font-entypo-fontello' data-av_icon='\ue800' data-av_iconfont='entypo-fontello' ><\/span><span class='avia_iconbox_title' >Expliqui\u2019ns el seu projecte?<\/span><\/a><\/div>\n\n<style type=\"text\/css\" data-created_by=\"avia_inline_auto\" id=\"style-css-av-lnmhl-5e78dc841484270dc7785b8f7de62236\">\n#top .hr.hr-invisible.av-lnmhl-5e78dc841484270dc7785b8f7de62236{\nheight:45px;\n}\n<\/style>\n<div  class='hr av-lnmhl-5e78dc841484270dc7785b8f7de62236 hr-invisible  avia-builder-el-14  el_after_av_button  el_before_av_textblock '><span class='hr-inner '><span class=\"hr-inner-style\"><\/span><\/span><\/div>\n<section  class='av_textblock_section av-k5z5xs45-347a17a89a7e721767895c909e5b6a01 '   itemscope=\"itemscope\" itemtype=\"https:\/\/schema.org\/CreativeWork\" ><div class='avia_textblock'  itemprop=\"text\" ><p><img decoding=\"async\" title=\"Exemple de pis de tipus loft - Interiorisme Vintage\" src=\"\/wp-content\/uploads\/2020\/06\/casa-piso-loft-estilo-vintage-barcelona.jpg\" alt=\"Pis de tipus loft - Interiorisme Vintage\" \/><\/p>\n<\/div><\/section>\n<section  class='av_textblock_section av-2b9rvt-f60d5723c6f73860fedb7ef0963bef75 '   itemscope=\"itemscope\" itemtype=\"https:\/\/schema.org\/CreativeWork\" ><div class='avia_textblock'  itemprop=\"text\" ><p>La decoraci\u00f3 vintage pueder inspirar-se en una \u00e8poca o d\u00e8cada concreta. O per contra, fusionar elements <strong>moderns<\/strong> o <strong>contemporanis<\/strong>, amb diferents tipus de mobiliari o elements d&#8217;\u00e8poques diferents, combinats entre si per crear un ambient m\u00e9s <a title=\"Interiorisme d'estil ecl\u00e8ctic\" href=\"\/ca\/estudi\/estils\/estil-eclectic\"><strong>ecl\u00e8ctic<\/strong><\/a> i personal.<\/p>\n<\/div><\/section>\n\n<style type=\"text\/css\" data-created_by=\"avia_inline_auto\" id=\"style-css-av-3ssn61-6c1b560c5d06fe0225b1b59959d166c2\">\n#top .hr.hr-invisible.av-3ssn61-6c1b560c5d06fe0225b1b59959d166c2{\nheight:45px;\n}\n<\/style>\n<div  class='hr av-3ssn61-6c1b560c5d06fe0225b1b59959d166c2 hr-invisible  avia-builder-el-17  el_after_av_textblock  el_before_av_button '><span class='hr-inner '><span class=\"hr-inner-style\"><\/span><\/span><\/div>\n<div  id=\"Decoracio-estil-vintage\"  class='avia-button-wrap av-k7kzi6p6-d330f303e5c566203429615d910546cb-wrap avia-button-center  avia-builder-el-18  el_after_av_hr  el_before_av_hr  interiorismo-decoracion-reformas-barcelona'><a href='\/contacto'  class='avia-button av-k7kzi6p6-d330f303e5c566203429615d910546cb av-link-btn avia-icon_select-yes-left-icon avia-size-medium avia-position-center avia-color-theme-color'  title=\"Pressupost de projectes d\u2019interiorisme a Barcelona Estudio Romanelli\" aria-label=\"Pressupost de projectes d\u2019interiorisme a Barcelona Estudio Romanelli\"><span class='avia_button_icon avia_button_icon_left avia-iconfont avia-font-entypo-fontello' data-av_icon='\ue800' data-av_iconfont='entypo-fontello' ><\/span><span class='avia_iconbox_title' >Demani\u2019ns pressupost!<\/span><\/a><\/div>\n\n<style type=\"text\/css\" data-created_by=\"avia_inline_auto\" id=\"style-css-av-2zqwk9-7a5ae3cf7c45a29fb5fd0a429ea15ec8\">\n#top .hr.hr-invisible.av-2zqwk9-7a5ae3cf7c45a29fb5fd0a429ea15ec8{\nheight:45px;\n}\n<\/style>\n<div  class='hr av-2zqwk9-7a5ae3cf7c45a29fb5fd0a429ea15ec8 hr-invisible  avia-builder-el-19  el_after_av_button  avia-builder-el-last '><span class='hr-inner '><span class=\"hr-inner-style\"><\/span><\/span><\/div>\n","protected":false},"excerpt":{"rendered":"","protected":false},"author":1,"featured_media":12233,"parent":4162,"menu_order":0,"comment_status":"closed","ping_status":"closed","template":"","meta":{"footnotes":""},"categories":[],"tags":[],"class_list":["post-4169","page","type-page","status-publish","has-post-thumbnail","hentry"],"yoast_head":"<!-- This site is optimized with the Yoast SEO plugin v26.8 - https:\/\/yoast.com\/product\/yoast-seo-wordpress\/ -->\n<title>Projectes d&#039;Interiorisme d&#039;Estil Vintage | Estudio Romanelli<\/title>\n<meta name=\"description\" content=\"Busca un interiorista per crear un espai \u00fanic d&#039;estil vintage? \u2b50 Descobreixi el que els professionals de Estudio Romanelli podem fer per vost\u00e8 \u2705 Visiteu-nos!\" \/>\n<meta name=\"robots\" content=\"index, follow, max-snippet:-1, max-image-preview:large, max-video-preview:-1\" \/>\n<link rel=\"canonical\" href=\"https:\/\/estudioromanelli.es\/ca\/estudi\/estils\/estil-vintage\" \/>\n<meta property=\"og:locale\" content=\"ca_ES\" \/>\n<meta property=\"og:type\" content=\"article\" \/>\n<meta property=\"og:title\" content=\"Projectes d&#039;Interiorisme d&#039;Estil Vintage | Estudio Romanelli\" \/>\n<meta property=\"og:description\" content=\"Busca un interiorista per crear un espai \u00fanic d&#039;estil vintage? \u2b50 Descobreixi el que els professionals de Estudio Romanelli podem fer per vost\u00e8 \u2705 Visiteu-nos!\" \/>\n<meta property=\"og:url\" content=\"https:\/\/estudioromanelli.es\/ca\/estudi\/estils\/estil-vintage\" \/>\n<meta property=\"og:site_name\" content=\"Estudi d&#039;Interiorisme i Arquitectura a Barcelona\" \/>\n<meta property=\"article:modified_time\" content=\"2021-02-02T18:35:53+00:00\" \/>\n<meta property=\"og:image\" content=\"https:\/\/estudioromanelli.es\/wp-content\/uploads\/2020\/06\/decoracion-estilo-vintage-barcelona.jpg\" \/>\n\t<meta property=\"og:image:width\" content=\"1500\" \/>\n\t<meta property=\"og:image:height\" content=\"601\" \/>\n\t<meta property=\"og:image:type\" content=\"image\/jpeg\" \/>\n<meta name=\"twitter:card\" content=\"summary_large_image\" \/>\n<meta name=\"twitter:label1\" content=\"Est. reading time\" \/>\n\t<meta name=\"twitter:data1\" content=\"3 minutes\" \/>\n<script type=\"application\/ld+json\" class=\"yoast-schema-graph\">{\"@context\":\"https:\/\/schema.org\",\"@graph\":[{\"@type\":\"WebPage\",\"@id\":\"https:\/\/estudioromanelli.es\/ca\/estudi\/estils\/estil-vintage\",\"url\":\"https:\/\/estudioromanelli.es\/ca\/estudi\/estils\/estil-vintage\",\"name\":\"Projectes d'Interiorisme d'Estil Vintage | Estudio Romanelli\",\"isPartOf\":{\"@id\":\"https:\/\/estudioromanelli.es\/ca#website\"},\"primaryImageOfPage\":{\"@id\":\"https:\/\/estudioromanelli.es\/ca\/estudi\/estils\/estil-vintage#primaryimage\"},\"image\":{\"@id\":\"https:\/\/estudioromanelli.es\/ca\/estudi\/estils\/estil-vintage#primaryimage\"},\"thumbnailUrl\":\"https:\/\/estudioromanelli.es\/wp-content\/uploads\/2020\/06\/decoracion-estilo-vintage-barcelona.jpg\",\"datePublished\":\"2015-09-23T12:02:56+00:00\",\"dateModified\":\"2021-02-02T18:35:53+00:00\",\"description\":\"Busca un interiorista per crear un espai \u00fanic d'estil vintage? \u2b50 Descobreixi el que els professionals de Estudio Romanelli podem fer per vost\u00e8 \u2705 Visiteu-nos!\",\"breadcrumb\":{\"@id\":\"https:\/\/estudioromanelli.es\/ca\/estudi\/estils\/estil-vintage#breadcrumb\"},\"inLanguage\":\"ca-ES\",\"potentialAction\":[{\"@type\":\"ReadAction\",\"target\":[\"https:\/\/estudioromanelli.es\/ca\/estudi\/estils\/estil-vintage\"]}]},{\"@type\":\"ImageObject\",\"inLanguage\":\"ca-ES\",\"@id\":\"https:\/\/estudioromanelli.es\/ca\/estudi\/estils\/estil-vintage#primaryimage\",\"url\":\"https:\/\/estudioromanelli.es\/wp-content\/uploads\/2020\/06\/decoracion-estilo-vintage-barcelona.jpg\",\"contentUrl\":\"https:\/\/estudioromanelli.es\/wp-content\/uploads\/2020\/06\/decoracion-estilo-vintage-barcelona.jpg\",\"width\":1500,\"height\":601,\"caption\":\"Piso con decoraci\u00f3n vintage\"},{\"@type\":\"BreadcrumbList\",\"@id\":\"https:\/\/estudioromanelli.es\/ca\/estudi\/estils\/estil-vintage#breadcrumb\",\"itemListElement\":[{\"@type\":\"ListItem\",\"position\":1,\"name\":\"LF24\",\"item\":\"https:\/\/estudioromanelli.es\/ca\/home\"},{\"@type\":\"ListItem\",\"position\":2,\"name\":\"Estudi\",\"item\":\"https:\/\/estudioromanelli.es\/ca\/estudi\"},{\"@type\":\"ListItem\",\"position\":3,\"name\":\"ESTILS\",\"item\":\"https:\/\/estudioromanelli.es\/ca\/estudi\/estils\"},{\"@type\":\"ListItem\",\"position\":4,\"name\":\"ESTIL VINTAGE\"}]},{\"@type\":\"WebSite\",\"@id\":\"https:\/\/estudioromanelli.es\/ca#website\",\"url\":\"https:\/\/estudioromanelli.es\/ca\",\"name\":\"Estudi d&#039;Interiorisme i Arquitectura a Barcelona\",\"description\":\"Estudio Romanelli\",\"potentialAction\":[{\"@type\":\"SearchAction\",\"target\":{\"@type\":\"EntryPoint\",\"urlTemplate\":\"https:\/\/estudioromanelli.es\/ca?s={search_term_string}\"},\"query-input\":{\"@type\":\"PropertyValueSpecification\",\"valueRequired\":true,\"valueName\":\"search_term_string\"}}],\"inLanguage\":\"ca-ES\"}]}<\/script>\n<!-- \/ Yoast SEO plugin. -->","yoast_head_json":{"title":"Projectes d'Interiorisme d'Estil Vintage | Estudio Romanelli","description":"Busca un interiorista per crear un espai \u00fanic d'estil vintage? \u2b50 Descobreixi el que els professionals de Estudio Romanelli podem fer per vost\u00e8 \u2705 Visiteu-nos!","robots":{"index":"index","follow":"follow","max-snippet":"max-snippet:-1","max-image-preview":"max-image-preview:large","max-video-preview":"max-video-preview:-1"},"canonical":"https:\/\/estudioromanelli.es\/ca\/estudi\/estils\/estil-vintage","og_locale":"ca_ES","og_type":"article","og_title":"Projectes d'Interiorisme d'Estil Vintage | Estudio Romanelli","og_description":"Busca un interiorista per crear un espai \u00fanic d'estil vintage? \u2b50 Descobreixi el que els professionals de Estudio Romanelli podem fer per vost\u00e8 \u2705 Visiteu-nos!","og_url":"https:\/\/estudioromanelli.es\/ca\/estudi\/estils\/estil-vintage","og_site_name":"Estudi d&#039;Interiorisme i Arquitectura a Barcelona","article_modified_time":"2021-02-02T18:35:53+00:00","og_image":[{"width":1500,"height":601,"url":"https:\/\/estudioromanelli.es\/wp-content\/uploads\/2020\/06\/decoracion-estilo-vintage-barcelona.jpg","type":"image\/jpeg"}],"twitter_card":"summary_large_image","twitter_misc":{"Est. reading time":"3 minutes"},"schema":{"@context":"https:\/\/schema.org","@graph":[{"@type":"WebPage","@id":"https:\/\/estudioromanelli.es\/ca\/estudi\/estils\/estil-vintage","url":"https:\/\/estudioromanelli.es\/ca\/estudi\/estils\/estil-vintage","name":"Projectes d'Interiorisme d'Estil Vintage | Estudio Romanelli","isPartOf":{"@id":"https:\/\/estudioromanelli.es\/ca#website"},"primaryImageOfPage":{"@id":"https:\/\/estudioromanelli.es\/ca\/estudi\/estils\/estil-vintage#primaryimage"},"image":{"@id":"https:\/\/estudioromanelli.es\/ca\/estudi\/estils\/estil-vintage#primaryimage"},"thumbnailUrl":"https:\/\/estudioromanelli.es\/wp-content\/uploads\/2020\/06\/decoracion-estilo-vintage-barcelona.jpg","datePublished":"2015-09-23T12:02:56+00:00","dateModified":"2021-02-02T18:35:53+00:00","description":"Busca un interiorista per crear un espai \u00fanic d'estil vintage? \u2b50 Descobreixi el que els professionals de Estudio Romanelli podem fer per vost\u00e8 \u2705 Visiteu-nos!","breadcrumb":{"@id":"https:\/\/estudioromanelli.es\/ca\/estudi\/estils\/estil-vintage#breadcrumb"},"inLanguage":"ca-ES","potentialAction":[{"@type":"ReadAction","target":["https:\/\/estudioromanelli.es\/ca\/estudi\/estils\/estil-vintage"]}]},{"@type":"ImageObject","inLanguage":"ca-ES","@id":"https:\/\/estudioromanelli.es\/ca\/estudi\/estils\/estil-vintage#primaryimage","url":"https:\/\/estudioromanelli.es\/wp-content\/uploads\/2020\/06\/decoracion-estilo-vintage-barcelona.jpg","contentUrl":"https:\/\/estudioromanelli.es\/wp-content\/uploads\/2020\/06\/decoracion-estilo-vintage-barcelona.jpg","width":1500,"height":601,"caption":"Piso con decoraci\u00f3n vintage"},{"@type":"BreadcrumbList","@id":"https:\/\/estudioromanelli.es\/ca\/estudi\/estils\/estil-vintage#breadcrumb","itemListElement":[{"@type":"ListItem","position":1,"name":"LF24","item":"https:\/\/estudioromanelli.es\/ca\/home"},{"@type":"ListItem","position":2,"name":"Estudi","item":"https:\/\/estudioromanelli.es\/ca\/estudi"},{"@type":"ListItem","position":3,"name":"ESTILS","item":"https:\/\/estudioromanelli.es\/ca\/estudi\/estils"},{"@type":"ListItem","position":4,"name":"ESTIL VINTAGE"}]},{"@type":"WebSite","@id":"https:\/\/estudioromanelli.es\/ca#website","url":"https:\/\/estudioromanelli.es\/ca","name":"Estudi d&#039;Interiorisme i Arquitectura a Barcelona","description":"Estudio Romanelli","potentialAction":[{"@type":"SearchAction","target":{"@type":"EntryPoint","urlTemplate":"https:\/\/estudioromanelli.es\/ca?s={search_term_string}"},"query-input":{"@type":"PropertyValueSpecification","valueRequired":true,"valueName":"search_term_string"}}],"inLanguage":"ca-ES"}]}},"_links":{"self":[{"href":"https:\/\/estudioromanelli.es\/ca\/wp-json\/wp\/v2\/pages\/4169","targetHints":{"allow":["GET"]}}],"collection":[{"href":"https:\/\/estudioromanelli.es\/ca\/wp-json\/wp\/v2\/pages"}],"about":[{"href":"https:\/\/estudioromanelli.es\/ca\/wp-json\/wp\/v2\/types\/page"}],"author":[{"embeddable":true,"href":"https:\/\/estudioromanelli.es\/ca\/wp-json\/wp\/v2\/users\/1"}],"replies":[{"embeddable":true,"href":"https:\/\/estudioromanelli.es\/ca\/wp-json\/wp\/v2\/comments?post=4169"}],"version-history":[{"count":0,"href":"https:\/\/estudioromanelli.es\/ca\/wp-json\/wp\/v2\/pages\/4169\/revisions"}],"up":[{"embeddable":true,"href":"https:\/\/estudioromanelli.es\/ca\/wp-json\/wp\/v2\/pages\/4162"}],"wp:featuredmedia":[{"embeddable":true,"href":"https:\/\/estudioromanelli.es\/ca\/wp-json\/wp\/v2\/media\/12233"}],"wp:attachment":[{"href":"https:\/\/estudioromanelli.es\/ca\/wp-json\/wp\/v2\/media?parent=4169"}],"wp:term":[{"taxonomy":"category","embeddable":true,"href":"https:\/\/estudioromanelli.es\/ca\/wp-json\/wp\/v2\/categories?post=4169"},{"taxonomy":"post_tag","embeddable":true,"href":"https:\/\/estudioromanelli.es\/ca\/wp-json\/wp\/v2\/tags?post=4169"}],"curies":[{"name":"wp","href":"https:\/\/api.w.org\/{rel}","templated":true}]}}