{"id":4167,"date":"2015-09-23T12:03:16","date_gmt":"2015-09-23T12:03:16","guid":{"rendered":"https:\/\/estudioromanelli.es\/?page_id=4167&#038;lang=ca"},"modified":"2020-01-29T09:59:09","modified_gmt":"2020-01-29T09:59:09","slug":"estil-modern","status":"publish","type":"page","link":"https:\/\/estudioromanelli.es\/ca\/estudi\/estils\/estil-modern","title":{"rendered":"Estil modern"},"content":{"rendered":"\n<style type=\"text\/css\" data-created_by=\"avia_inline_auto\" id=\"style-css-av-av_one_full-352b07ef7d3bc99b2e9f92e7a9e06bdb\">\n.flex_column.av-av_one_full-352b07ef7d3bc99b2e9f92e7a9e06bdb{\nborder-radius:0px 0px 0px 0px;\npadding:0px 0px 0px 0px;\n}\n<\/style>\n<div  class='flex_column av-av_one_full-352b07ef7d3bc99b2e9f92e7a9e06bdb av_one_full  avia-builder-el-0  el_before_av_textblock  avia-builder-el-first  first flex_column_div av-zero-column-padding  '     ><p>\n<style type=\"text\/css\" data-created_by=\"avia_inline_auto\" id=\"style-css-av-av_heading-57f3bc1b94bac69c12a5309ac4ece72c\">\n#top .av-special-heading.av-av_heading-57f3bc1b94bac69c12a5309ac4ece72c{\npadding-bottom:10px;\ncolor:#ffffff;\n}\nbody .av-special-heading.av-av_heading-57f3bc1b94bac69c12a5309ac4ece72c .av-special-heading-tag .heading-char{\nfont-size:25px;\n}\n.av-special-heading.av-av_heading-57f3bc1b94bac69c12a5309ac4ece72c .special-heading-inner-border{\nborder-color:#ffffff;\n}\n.av-special-heading.av-av_heading-57f3bc1b94bac69c12a5309ac4ece72c .av-subheading{\nfont-size:15px;\n}\n<\/style>\n<div  class='av-special-heading av-av_heading-57f3bc1b94bac69c12a5309ac4ece72c av-special-heading-h2 custom-color-heading blockquote modern-quote modern-centered  avia-builder-el-1  el_before_av_textblock  avia-builder-el-first '><h2 class='av-special-heading-tag '  itemprop=\"headline\"  >INTERIORISME MODERN<\/h2><div class=\"special-heading-border\"><div class=\"special-heading-inner-border\"><\/div><\/div><\/div><br \/>\n<section  class='av_textblock_section av-k5z502dr-31d27e2ac6d266a19622f68bc3209bc2 '   itemscope=\"itemscope\" itemtype=\"https:\/\/schema.org\/CreativeWork\" ><div class='avia_textblock'  itemprop=\"text\" ><p><img decoding=\"async\" class=\"alignnone size-full wp-image-10047\" src=\"https:\/\/estudioromanelli.es\/wp-content\/uploads\/2020\/01\/interiorismo-estilo-moderno-barcelona.jpg\" alt=\"\" width=\"1500\" height=\"500\" srcset=\"https:\/\/estudioromanelli.es\/wp-content\/uploads\/2020\/01\/interiorismo-estilo-moderno-barcelona.jpg 1500w, https:\/\/estudioromanelli.es\/wp-content\/uploads\/2020\/01\/interiorismo-estilo-moderno-barcelona-300x100.jpg 300w, https:\/\/estudioromanelli.es\/wp-content\/uploads\/2020\/01\/interiorismo-estilo-moderno-barcelona-1030x343.jpg 1030w, https:\/\/estudioromanelli.es\/wp-content\/uploads\/2020\/01\/interiorismo-estilo-moderno-barcelona-768x256.jpg 768w, https:\/\/estudioromanelli.es\/wp-content\/uploads\/2020\/01\/interiorismo-estilo-moderno-barcelona-705x235.jpg 705w\" sizes=\"(max-width: 1500px) 100vw, 1500px\" \/><\/p>\n<\/div><\/section><br \/>\n<section  class='av_textblock_section av-av_textblock-0366cc7376be6c9e82a3e9cc8987b64f '   itemscope=\"itemscope\" itemtype=\"https:\/\/schema.org\/CreativeWork\" ><div class='avia_textblock'  itemprop=\"text\" ><p>La <strong>decoraci\u00f3 moderna<\/strong> utilitza materials sint\u00e8tics i superf\u00edcies tecnol\u00f2giques i \u00e9s caracteritzada per l\u00ednies pures, netes i simples. S&#8217;utilitzen colors neutres i mai extravagants.<\/p>\n<p>L&#8217;<strong>estil d&#8217;interiorisme modern<\/strong> \u00e9s bastant personal i vers\u00e0til, no hi ha unes directrius fixes a seguir, dins del que anomenem estil modern podem trobar variants cl\u00e0ssiques, contempor\u00e0nies, minimalistes, vintage, r\u00fastic, ecl\u00e8ctic, n\u00f2rdic, etc.<\/p>\n<p><span class=\"enlaces-subrayado\"><strong>Elements de l&#8217;interiorisme d&#8217;estil contemporani<\/strong><\/span><\/p>\n<p><strong>Llums<\/strong> tipus leds o ne\u00f3 que creen contrastos suaus sobretot per a les zona de dormitoris. Tamb\u00e9 es poden col\u00b7locar blocs de <strong>colors<\/strong> forts i tocs m\u00e9s elaborats per exemple en groc o vermell. Aquests colors poden real\u00e7ar el disseny modern i eviten convertir-lo en un estil massa fred i nu. Es poden col\u00b7locar mobles reutilitzats o r\u00fastics a m\u00e9s de peces t\u00edpiques de la hist\u00f2ria del disseny.<\/p>\n<p>Cal treballar molt b\u00e9 la llum dels ambients, cal aconseguir espais lluminosos i amb llum natural. Es poden col\u00b7locar <strong>mobles<\/strong> tipus industrial, llums de peu o de sostre en metall, escriptoris i armaris estil vintage, tot aix\u00f2 segons els gustos personals de client. Els llums de peu poden ser utilitzades per a crear ambients amplis i alts, ara caixes apilades poden servir de prestatgeries i solucionar problemes d&#8217;espai. Mobles componibles poden ser utilitzats en diferents configuracions i ajuden a fer m\u00e9s flexible el mobiliari.<\/p>\n<p><strong>Li agradaria saber m\u00e9s sobre els nostres serveis d&#8217;interiorisme? Contacti amb nosaltres. Estarem encantats d&#8217;ajudar.<\/strong><\/p>\n<p><span class=\"enlaces-subrayado-color\"><strong><a class=\"enlaces-subrayado-color\" href=\"https:\/\/estudioromanelli.es\/cacontacte\/\">Sol\u00b7liciti una visita amb Estudio Romanelli sense cap comprom\u00eds<\/a><\/strong><\/span><\/p>\n<p><span style=\"color: #ffffff;\">.<\/span><\/p>\n<\/div><\/section><\/p><\/div><section  class='av_textblock_section av-k5z509na-4c2904fcd9c5d70d8cf09c85fb3d0059 '   itemscope=\"itemscope\" itemtype=\"https:\/\/schema.org\/CreativeWork\" ><div class='avia_textblock'  itemprop=\"text\" ><p><img decoding=\"async\" class=\"alignnone size-full wp-image-10044\" src=\"https:\/\/estudioromanelli.es\/wp-content\/uploads\/2020\/01\/decoracion-estilo-moderno-barcelona.jpg\" alt=\"\" width=\"1500\" height=\"1500\" srcset=\"https:\/\/estudioromanelli.es\/wp-content\/uploads\/2020\/01\/decoracion-estilo-moderno-barcelona.jpg 1500w, https:\/\/estudioromanelli.es\/wp-content\/uploads\/2020\/01\/decoracion-estilo-moderno-barcelona-300x300.jpg 300w, https:\/\/estudioromanelli.es\/wp-content\/uploads\/2020\/01\/decoracion-estilo-moderno-barcelona-1030x1030.jpg 1030w, https:\/\/estudioromanelli.es\/wp-content\/uploads\/2020\/01\/decoracion-estilo-moderno-barcelona-80x80.jpg 80w, https:\/\/estudioromanelli.es\/wp-content\/uploads\/2020\/01\/decoracion-estilo-moderno-barcelona-768x768.jpg 768w, https:\/\/estudioromanelli.es\/wp-content\/uploads\/2020\/01\/decoracion-estilo-moderno-barcelona-36x36.jpg 36w, https:\/\/estudioromanelli.es\/wp-content\/uploads\/2020\/01\/decoracion-estilo-moderno-barcelona-180x180.jpg 180w, https:\/\/estudioromanelli.es\/wp-content\/uploads\/2020\/01\/decoracion-estilo-moderno-barcelona-705x705.jpg 705w\" sizes=\"(max-width: 1500px) 100vw, 1500px\" \/><\/p>\n<\/div><\/section><\/p>\n<section  class='av_textblock_section av-k5z509na-4c2904fcd9c5d70d8cf09c85fb3d0059 '   itemscope=\"itemscope\" itemtype=\"https:\/\/schema.org\/CreativeWork\" ><div class='avia_textblock'  itemprop=\"text\" ><p><img decoding=\"async\" class=\"alignnone size-full wp-image-10050\" src=\"https:\/\/estudioromanelli.es\/wp-content\/uploads\/2020\/01\/piso-loft-estilo-moderno-barcelona.jpg\" alt=\"\" width=\"1500\" height=\"961\" srcset=\"https:\/\/estudioromanelli.es\/wp-content\/uploads\/2020\/01\/piso-loft-estilo-moderno-barcelona.jpg 1500w, https:\/\/estudioromanelli.es\/wp-content\/uploads\/2020\/01\/piso-loft-estilo-moderno-barcelona-300x192.jpg 300w, https:\/\/estudioromanelli.es\/wp-content\/uploads\/2020\/01\/piso-loft-estilo-moderno-barcelona-1030x660.jpg 1030w, https:\/\/estudioromanelli.es\/wp-content\/uploads\/2020\/01\/piso-loft-estilo-moderno-barcelona-768x492.jpg 768w, https:\/\/estudioromanelli.es\/wp-content\/uploads\/2020\/01\/piso-loft-estilo-moderno-barcelona-705x452.jpg 705w\" sizes=\"(max-width: 1500px) 100vw, 1500px\" \/><\/p>\n<\/div><\/section>\n<section  class='av_textblock_section av-k5z509na-4c2904fcd9c5d70d8cf09c85fb3d0059 '   itemscope=\"itemscope\" itemtype=\"https:\/\/schema.org\/CreativeWork\" ><div class='avia_textblock'  itemprop=\"text\" ><p><img decoding=\"async\" class=\"alignnone size-full wp-image-10041\" src=\"https:\/\/estudioromanelli.es\/wp-content\/uploads\/2020\/01\/casa-estilo-moderno-barcelona.jpg\" alt=\"\" width=\"1500\" height=\"954\" srcset=\"https:\/\/estudioromanelli.es\/wp-content\/uploads\/2020\/01\/casa-estilo-moderno-barcelona.jpg 1500w, https:\/\/estudioromanelli.es\/wp-content\/uploads\/2020\/01\/casa-estilo-moderno-barcelona-300x191.jpg 300w, https:\/\/estudioromanelli.es\/wp-content\/uploads\/2020\/01\/casa-estilo-moderno-barcelona-1030x655.jpg 1030w, https:\/\/estudioromanelli.es\/wp-content\/uploads\/2020\/01\/casa-estilo-moderno-barcelona-768x488.jpg 768w, https:\/\/estudioromanelli.es\/wp-content\/uploads\/2020\/01\/casa-estilo-moderno-barcelona-705x448.jpg 705w\" sizes=\"(max-width: 1500px) 100vw, 1500px\" \/><\/p>\n<\/div><\/section>\n","protected":false},"excerpt":{"rendered":"","protected":false},"author":1,"featured_media":0,"parent":4162,"menu_order":0,"comment_status":"closed","ping_status":"closed","template":"","meta":{"footnotes":""},"categories":[],"tags":[],"class_list":["post-4167","page","type-page","status-publish","hentry"],"yoast_head":"<!-- This site is optimized with the Yoast SEO plugin v26.8 - https:\/\/yoast.com\/product\/yoast-seo-wordpress\/ -->\n<title>Projectes d&#039;interiorisme d&#039;estil modern<\/title>\n<meta name=\"description\" content=\"Buscant un interiorista d&#039;estil modern? Descobreixi tot el que l&#039;expert equip de professionals de Estudio Romanelli pot fer per vost\u00e8.\" \/>\n<meta name=\"robots\" content=\"index, follow, max-snippet:-1, max-image-preview:large, max-video-preview:-1\" \/>\n<link rel=\"canonical\" href=\"https:\/\/estudioromanelli.es\/ca\/estudi\/estils\/estil-modern\" \/>\n<meta property=\"og:locale\" content=\"ca_ES\" \/>\n<meta property=\"og:type\" content=\"article\" \/>\n<meta property=\"og:title\" content=\"Projectes d&#039;interiorisme d&#039;estil modern\" \/>\n<meta property=\"og:description\" content=\"Buscant un interiorista d&#039;estil modern? Descobreixi tot el que l&#039;expert equip de professionals de Estudio Romanelli pot fer per vost\u00e8.\" \/>\n<meta property=\"og:url\" content=\"https:\/\/estudioromanelli.es\/ca\/estudi\/estils\/estil-modern\" \/>\n<meta property=\"og:site_name\" content=\"Estudi d&#039;Interiorisme i Arquitectura a Barcelona\" \/>\n<meta property=\"article:modified_time\" content=\"2020-01-29T09:59:09+00:00\" \/>\n<meta property=\"og:image\" content=\"https:\/\/estudioromanelli.es\/wp-content\/uploads\/2020\/01\/interiorismo-estilo-moderno-barcelona.jpg\" \/>\n<meta name=\"twitter:card\" content=\"summary_large_image\" \/>\n<meta name=\"twitter:label1\" content=\"Est. reading time\" \/>\n\t<meta name=\"twitter:data1\" content=\"3 minutes\" \/>\n<script type=\"application\/ld+json\" class=\"yoast-schema-graph\">{\"@context\":\"https:\/\/schema.org\",\"@graph\":[{\"@type\":\"WebPage\",\"@id\":\"https:\/\/estudioromanelli.es\/ca\/estudi\/estils\/estil-modern\",\"url\":\"https:\/\/estudioromanelli.es\/ca\/estudi\/estils\/estil-modern\",\"name\":\"Projectes d'interiorisme d'estil modern\",\"isPartOf\":{\"@id\":\"https:\/\/estudioromanelli.es\/ca#website\"},\"primaryImageOfPage\":{\"@id\":\"https:\/\/estudioromanelli.es\/ca\/estudi\/estils\/estil-modern#primaryimage\"},\"image\":{\"@id\":\"https:\/\/estudioromanelli.es\/ca\/estudi\/estils\/estil-modern#primaryimage\"},\"thumbnailUrl\":\"https:\/\/estudioromanelli.es\/wp-content\/uploads\/2020\/01\/interiorismo-estilo-moderno-barcelona.jpg\",\"datePublished\":\"2015-09-23T12:03:16+00:00\",\"dateModified\":\"2020-01-29T09:59:09+00:00\",\"description\":\"Buscant un interiorista d'estil modern? Descobreixi tot el que l'expert equip de professionals de Estudio Romanelli pot fer per vost\u00e8.\",\"breadcrumb\":{\"@id\":\"https:\/\/estudioromanelli.es\/ca\/estudi\/estils\/estil-modern#breadcrumb\"},\"inLanguage\":\"ca-ES\",\"potentialAction\":[{\"@type\":\"ReadAction\",\"target\":[\"https:\/\/estudioromanelli.es\/ca\/estudi\/estils\/estil-modern\"]}]},{\"@type\":\"ImageObject\",\"inLanguage\":\"ca-ES\",\"@id\":\"https:\/\/estudioromanelli.es\/ca\/estudi\/estils\/estil-modern#primaryimage\",\"url\":\"https:\/\/estudioromanelli.es\/wp-content\/uploads\/2020\/01\/interiorismo-estilo-moderno-barcelona.jpg\",\"contentUrl\":\"https:\/\/estudioromanelli.es\/wp-content\/uploads\/2020\/01\/interiorismo-estilo-moderno-barcelona.jpg\"},{\"@type\":\"BreadcrumbList\",\"@id\":\"https:\/\/estudioromanelli.es\/ca\/estudi\/estils\/estil-modern#breadcrumb\",\"itemListElement\":[{\"@type\":\"ListItem\",\"position\":1,\"name\":\"LF24\",\"item\":\"https:\/\/estudioromanelli.es\/ca\/home\"},{\"@type\":\"ListItem\",\"position\":2,\"name\":\"Estudi\",\"item\":\"https:\/\/estudioromanelli.es\/ca\/estudi\"},{\"@type\":\"ListItem\",\"position\":3,\"name\":\"ESTILS\",\"item\":\"https:\/\/estudioromanelli.es\/ca\/estudi\/estils\"},{\"@type\":\"ListItem\",\"position\":4,\"name\":\"ESTIL MODERN\"}]},{\"@type\":\"WebSite\",\"@id\":\"https:\/\/estudioromanelli.es\/ca#website\",\"url\":\"https:\/\/estudioromanelli.es\/ca\",\"name\":\"Estudi d&#039;Interiorisme i Arquitectura a Barcelona\",\"description\":\"Estudio Romanelli\",\"potentialAction\":[{\"@type\":\"SearchAction\",\"target\":{\"@type\":\"EntryPoint\",\"urlTemplate\":\"https:\/\/estudioromanelli.es\/ca?s={search_term_string}\"},\"query-input\":{\"@type\":\"PropertyValueSpecification\",\"valueRequired\":true,\"valueName\":\"search_term_string\"}}],\"inLanguage\":\"ca-ES\"}]}<\/script>\n<!-- \/ Yoast SEO plugin. -->","yoast_head_json":{"title":"Projectes d'interiorisme d'estil modern","description":"Buscant un interiorista d'estil modern? Descobreixi tot el que l'expert equip de professionals de Estudio Romanelli pot fer per vost\u00e8.","robots":{"index":"index","follow":"follow","max-snippet":"max-snippet:-1","max-image-preview":"max-image-preview:large","max-video-preview":"max-video-preview:-1"},"canonical":"https:\/\/estudioromanelli.es\/ca\/estudi\/estils\/estil-modern","og_locale":"ca_ES","og_type":"article","og_title":"Projectes d'interiorisme d'estil modern","og_description":"Buscant un interiorista d'estil modern? Descobreixi tot el que l'expert equip de professionals de Estudio Romanelli pot fer per vost\u00e8.","og_url":"https:\/\/estudioromanelli.es\/ca\/estudi\/estils\/estil-modern","og_site_name":"Estudi d&#039;Interiorisme i Arquitectura a Barcelona","article_modified_time":"2020-01-29T09:59:09+00:00","og_image":[{"url":"https:\/\/estudioromanelli.es\/wp-content\/uploads\/2020\/01\/interiorismo-estilo-moderno-barcelona.jpg","type":"","width":"","height":""}],"twitter_card":"summary_large_image","twitter_misc":{"Est. reading time":"3 minutes"},"schema":{"@context":"https:\/\/schema.org","@graph":[{"@type":"WebPage","@id":"https:\/\/estudioromanelli.es\/ca\/estudi\/estils\/estil-modern","url":"https:\/\/estudioromanelli.es\/ca\/estudi\/estils\/estil-modern","name":"Projectes d'interiorisme d'estil modern","isPartOf":{"@id":"https:\/\/estudioromanelli.es\/ca#website"},"primaryImageOfPage":{"@id":"https:\/\/estudioromanelli.es\/ca\/estudi\/estils\/estil-modern#primaryimage"},"image":{"@id":"https:\/\/estudioromanelli.es\/ca\/estudi\/estils\/estil-modern#primaryimage"},"thumbnailUrl":"https:\/\/estudioromanelli.es\/wp-content\/uploads\/2020\/01\/interiorismo-estilo-moderno-barcelona.jpg","datePublished":"2015-09-23T12:03:16+00:00","dateModified":"2020-01-29T09:59:09+00:00","description":"Buscant un interiorista d'estil modern? Descobreixi tot el que l'expert equip de professionals de Estudio Romanelli pot fer per vost\u00e8.","breadcrumb":{"@id":"https:\/\/estudioromanelli.es\/ca\/estudi\/estils\/estil-modern#breadcrumb"},"inLanguage":"ca-ES","potentialAction":[{"@type":"ReadAction","target":["https:\/\/estudioromanelli.es\/ca\/estudi\/estils\/estil-modern"]}]},{"@type":"ImageObject","inLanguage":"ca-ES","@id":"https:\/\/estudioromanelli.es\/ca\/estudi\/estils\/estil-modern#primaryimage","url":"https:\/\/estudioromanelli.es\/wp-content\/uploads\/2020\/01\/interiorismo-estilo-moderno-barcelona.jpg","contentUrl":"https:\/\/estudioromanelli.es\/wp-content\/uploads\/2020\/01\/interiorismo-estilo-moderno-barcelona.jpg"},{"@type":"BreadcrumbList","@id":"https:\/\/estudioromanelli.es\/ca\/estudi\/estils\/estil-modern#breadcrumb","itemListElement":[{"@type":"ListItem","position":1,"name":"LF24","item":"https:\/\/estudioromanelli.es\/ca\/home"},{"@type":"ListItem","position":2,"name":"Estudi","item":"https:\/\/estudioromanelli.es\/ca\/estudi"},{"@type":"ListItem","position":3,"name":"ESTILS","item":"https:\/\/estudioromanelli.es\/ca\/estudi\/estils"},{"@type":"ListItem","position":4,"name":"ESTIL MODERN"}]},{"@type":"WebSite","@id":"https:\/\/estudioromanelli.es\/ca#website","url":"https:\/\/estudioromanelli.es\/ca","name":"Estudi d&#039;Interiorisme i Arquitectura a Barcelona","description":"Estudio Romanelli","potentialAction":[{"@type":"SearchAction","target":{"@type":"EntryPoint","urlTemplate":"https:\/\/estudioromanelli.es\/ca?s={search_term_string}"},"query-input":{"@type":"PropertyValueSpecification","valueRequired":true,"valueName":"search_term_string"}}],"inLanguage":"ca-ES"}]}},"_links":{"self":[{"href":"https:\/\/estudioromanelli.es\/ca\/wp-json\/wp\/v2\/pages\/4167","targetHints":{"allow":["GET"]}}],"collection":[{"href":"https:\/\/estudioromanelli.es\/ca\/wp-json\/wp\/v2\/pages"}],"about":[{"href":"https:\/\/estudioromanelli.es\/ca\/wp-json\/wp\/v2\/types\/page"}],"author":[{"embeddable":true,"href":"https:\/\/estudioromanelli.es\/ca\/wp-json\/wp\/v2\/users\/1"}],"replies":[{"embeddable":true,"href":"https:\/\/estudioromanelli.es\/ca\/wp-json\/wp\/v2\/comments?post=4167"}],"version-history":[{"count":0,"href":"https:\/\/estudioromanelli.es\/ca\/wp-json\/wp\/v2\/pages\/4167\/revisions"}],"up":[{"embeddable":true,"href":"https:\/\/estudioromanelli.es\/ca\/wp-json\/wp\/v2\/pages\/4162"}],"wp:attachment":[{"href":"https:\/\/estudioromanelli.es\/ca\/wp-json\/wp\/v2\/media?parent=4167"}],"wp:term":[{"taxonomy":"category","embeddable":true,"href":"https:\/\/estudioromanelli.es\/ca\/wp-json\/wp\/v2\/categories?post=4167"},{"taxonomy":"post_tag","embeddable":true,"href":"https:\/\/estudioromanelli.es\/ca\/wp-json\/wp\/v2\/tags?post=4167"}],"curies":[{"name":"wp","href":"https:\/\/api.w.org\/{rel}","templated":true}]}}