{"id":4166,"date":"2015-09-23T12:03:28","date_gmt":"2015-09-23T12:03:28","guid":{"rendered":"https:\/\/estudioromanelli.es\/?page_id=4166&#038;lang=ca"},"modified":"2020-01-29T09:52:13","modified_gmt":"2020-01-29T09:52:13","slug":"estil-minimalista","status":"publish","type":"page","link":"https:\/\/estudioromanelli.es\/ca\/estudi\/estils\/estil-minimalista","title":{"rendered":"Estil minimalista"},"content":{"rendered":"\n<style type=\"text\/css\" data-created_by=\"avia_inline_auto\" id=\"style-css-av-av_one_full-352b07ef7d3bc99b2e9f92e7a9e06bdb\">\n.flex_column.av-av_one_full-352b07ef7d3bc99b2e9f92e7a9e06bdb{\nborder-radius:0px 0px 0px 0px;\npadding:0px 0px 0px 0px;\n}\n<\/style>\n<div  class='flex_column av-av_one_full-352b07ef7d3bc99b2e9f92e7a9e06bdb av_one_full  avia-builder-el-0  el_before_av_textblock  avia-builder-el-first  first flex_column_div av-zero-column-padding  '     ><p>\n<style type=\"text\/css\" data-created_by=\"avia_inline_auto\" id=\"style-css-av-av_heading-533d95909164c6c9a0a78bf149073cfb\">\n#top .av-special-heading.av-av_heading-533d95909164c6c9a0a78bf149073cfb{\npadding-bottom:10px;\ncolor:#ffffff;\n}\nbody .av-special-heading.av-av_heading-533d95909164c6c9a0a78bf149073cfb .av-special-heading-tag .heading-char{\nfont-size:25px;\n}\n.av-special-heading.av-av_heading-533d95909164c6c9a0a78bf149073cfb .special-heading-inner-border{\nborder-color:#ffffff;\n}\n.av-special-heading.av-av_heading-533d95909164c6c9a0a78bf149073cfb .av-subheading{\nfont-size:15px;\n}\n<\/style>\n<div  class='av-special-heading av-av_heading-533d95909164c6c9a0a78bf149073cfb av-special-heading-h2 custom-color-heading blockquote modern-quote modern-centered  avia-builder-el-1  el_before_av_textblock  avia-builder-el-first '><h2 class='av-special-heading-tag '  itemprop=\"headline\"  >INTERIORISME MINIMALISTA<\/h2><div class=\"special-heading-border\"><div class=\"special-heading-inner-border\"><\/div><\/div><\/div><br \/>\n<section  class='av_textblock_section av-k5z4rovc-fc318263f18b5d70882fb20b32d8be19 '   itemscope=\"itemscope\" itemtype=\"https:\/\/schema.org\/CreativeWork\" ><div class='avia_textblock'  itemprop=\"text\" ><p><img decoding=\"async\" class=\"alignnone size-full wp-image-10028\" src=\"https:\/\/estudioromanelli.es\/wp-content\/uploads\/2020\/01\/decoracion-estilo-minimalista-barcelona.jpg\" alt=\"\" width=\"1500\" height=\"699\" srcset=\"https:\/\/estudioromanelli.es\/wp-content\/uploads\/2020\/01\/decoracion-estilo-minimalista-barcelona.jpg 1500w, https:\/\/estudioromanelli.es\/wp-content\/uploads\/2020\/01\/decoracion-estilo-minimalista-barcelona-300x140.jpg 300w, https:\/\/estudioromanelli.es\/wp-content\/uploads\/2020\/01\/decoracion-estilo-minimalista-barcelona-1030x480.jpg 1030w, https:\/\/estudioromanelli.es\/wp-content\/uploads\/2020\/01\/decoracion-estilo-minimalista-barcelona-768x358.jpg 768w, https:\/\/estudioromanelli.es\/wp-content\/uploads\/2020\/01\/decoracion-estilo-minimalista-barcelona-705x329.jpg 705w\" sizes=\"(max-width: 1500px) 100vw, 1500px\" \/><\/p>\n<\/div><\/section><br \/>\n<section  class='av_textblock_section av-av_textblock-0366cc7376be6c9e82a3e9cc8987b64f '   itemscope=\"itemscope\" itemtype=\"https:\/\/schema.org\/CreativeWork\" ><div class='avia_textblock'  itemprop=\"text\" ><p>La decoraci\u00f3 minimalista fa part de l&#8217;estil <span class=\"enlaces-subrayado-color\"><strong><a class=\"enlaces-subrayado-color\" href=\"https:\/\/estudioromanelli.es\/caestudi\/estils\/estil-modern\/\">modern<\/a><\/strong><\/span> i <span class=\"enlaces-subrayado-color\"><strong><a class=\"enlaces-subrayado-color\" href=\"https:\/\/estudioromanelli.es\/caestudi\/estils\/estil-contemporani\">contemporani<\/a><\/strong><\/span>, i reflecteix en part la personalitat dels habitants de l&#8217;habitatge. \u00c9s propi d&#8217;aquelles persones amants de l&#8217;ordre i el rigor geom\u00e8tric. L&#8217;eleg\u00e0ncia \u00e9s sin\u00f2nim de sobrietat i cada exc\u00e9s ve eliminat.<\/p>\n<p>L&#8217;<strong>estil d&#8217;interiorisme minimalista<\/strong> evoca la puresa de l&#8217;essencial en colors, formes i quantitats. S&#8217;elimina qualsevol tipus de decoraci\u00f3, perqu\u00e8 el m\u00e9s important del minimalista \u00e9s l&#8217;espai que significa llibertat de moviment i d&#8217;observaci\u00f3, la llum \u00e9s fonamental per estimular l&#8217;observaci\u00f3 i el moviment. El mobiliari \u00e9s extremadament pr\u00e0ctic i funcional, es redueix al m\u00ednim i els objectes de decoraci\u00f3 s\u00f3n pr\u00e0cticament inexistents, l&#8217;ordre \u00e9s rigor\u00f3s. Els habitatges minimalistes s\u00f3n pr\u00e0ctiques de gestionar i de viure.<\/p>\n<p><span class=\"enlaces-subrayado\"><strong>Elements de l&#8217;interiorisme d&#8217;estil minimalista<\/strong><\/span><\/p>\n<p>Els <strong>materials<\/strong> utilitzats s\u00f3n innovadors, ins\u00f2lits, curiosos i originals (pl\u00e0stic, vidre, pedra o marbres i materials h\u00edbrids de nova generaci\u00f3 com el Corian o silestone). Les <strong>formes<\/strong> s\u00f3n simples i lineals, r\u00edgidament geom\u00e8triques sense cap tipus de corbes ni decoracions. <strong>Colors<\/strong> neutres i sobris, de tant en tant es pot trobar una pe\u00e7a especial de color brillant que cre\u00ef un contrast crom\u00e0tic. Mobles multi-funcionals i que estalvien espai. La integraci\u00f3 amb els <strong>sistemes tecnol\u00f2gics<\/strong> i automatitzats tipus <span class=\"enlaces-subrayado-color\"><strong><a class=\"enlaces-subrayado-color\" href=\"https:\/\/estudioromanelli.es\/caserveis\/domotica\/\">dom\u00f2tica<\/a> <\/strong><\/span>s\u00f3n presents i portats a l&#8217;extrem. La decoraci\u00f3 est\u00e0 pr\u00e0cticament absent, cada objecte exposat haur\u00e0 de tenir una funci\u00f3 precisa o haur\u00e0 de ser eliminada.<\/p>\n<p><strong>Li agradaria saber m\u00e9s sobre els nostres serveis d&#8217;interiorisme? Contacti amb nosaltres. Estarem encantats d&#8217;ajudar.<\/strong><\/p>\n<p><span class=\"enlaces-subrayado-color\"><strong><a class=\"enlaces-subrayado-color\" href=\"https:\/\/estudioromanelli.es\/cacontacte\/\">Sol\u00b7liciti una visita amb Estudio Romanelli sense cap comprom\u00eds<\/a><\/strong><\/span><\/p>\n<p><span style=\"color: #ffffff;\">.<\/span><\/p>\n<\/div><\/section><\/p><\/div><section  class='av_textblock_section av-k5z4rv09-d411621b2fa476ffed175bf0246f0e76 '   itemscope=\"itemscope\" itemtype=\"https:\/\/schema.org\/CreativeWork\" ><div class='avia_textblock'  itemprop=\"text\" ><p><img decoding=\"async\" class=\"alignnone size-full wp-image-10031\" src=\"https:\/\/estudioromanelli.es\/wp-content\/uploads\/2020\/01\/interiorismo-estilo-minimalista-barcelona.jpg\" alt=\"\" width=\"1500\" height=\"1000\" srcset=\"https:\/\/estudioromanelli.es\/wp-content\/uploads\/2020\/01\/interiorismo-estilo-minimalista-barcelona.jpg 1500w, https:\/\/estudioromanelli.es\/wp-content\/uploads\/2020\/01\/interiorismo-estilo-minimalista-barcelona-300x200.jpg 300w, https:\/\/estudioromanelli.es\/wp-content\/uploads\/2020\/01\/interiorismo-estilo-minimalista-barcelona-1030x687.jpg 1030w, https:\/\/estudioromanelli.es\/wp-content\/uploads\/2020\/01\/interiorismo-estilo-minimalista-barcelona-768x512.jpg 768w, https:\/\/estudioromanelli.es\/wp-content\/uploads\/2020\/01\/interiorismo-estilo-minimalista-barcelona-705x470.jpg 705w\" sizes=\"(max-width: 1500px) 100vw, 1500px\" \/><\/p>\n<\/div><\/section><\/p>\n","protected":false},"excerpt":{"rendered":"","protected":false},"author":1,"featured_media":0,"parent":4162,"menu_order":0,"comment_status":"closed","ping_status":"closed","template":"","meta":{"footnotes":""},"categories":[],"tags":[],"class_list":["post-4166","page","type-page","status-publish","hentry"],"yoast_head":"<!-- This site is optimized with the Yoast SEO plugin v26.8 - https:\/\/yoast.com\/product\/yoast-seo-wordpress\/ -->\n<title>Projectes d&#039;interiorisme d&#039;estil minimalista<\/title>\n<meta name=\"description\" content=\"Buscant un interiorista d&#039;estil minimalista? Descobreixi tot el que l&#039;expert equip de professionals de Estudio Romanelli pot fer per vost\u00e8.\" \/>\n<meta name=\"robots\" content=\"index, follow, max-snippet:-1, max-image-preview:large, max-video-preview:-1\" \/>\n<link rel=\"canonical\" href=\"https:\/\/estudioromanelli.es\/ca\/estudi\/estils\/estil-minimalista\" \/>\n<meta property=\"og:locale\" content=\"ca_ES\" \/>\n<meta property=\"og:type\" content=\"article\" \/>\n<meta property=\"og:title\" content=\"Projectes d&#039;interiorisme d&#039;estil minimalista\" \/>\n<meta property=\"og:description\" content=\"Buscant un interiorista d&#039;estil minimalista? Descobreixi tot el que l&#039;expert equip de professionals de Estudio Romanelli pot fer per vost\u00e8.\" \/>\n<meta property=\"og:url\" content=\"https:\/\/estudioromanelli.es\/ca\/estudi\/estils\/estil-minimalista\" \/>\n<meta property=\"og:site_name\" content=\"Estudi d&#039;Interiorisme i Arquitectura a Barcelona\" \/>\n<meta property=\"article:modified_time\" content=\"2020-01-29T09:52:13+00:00\" \/>\n<meta property=\"og:image\" content=\"https:\/\/estudioromanelli.es\/wp-content\/uploads\/2020\/01\/decoracion-estilo-minimalista-barcelona.jpg\" \/>\n<meta name=\"twitter:card\" content=\"summary_large_image\" \/>\n<meta name=\"twitter:label1\" content=\"Est. reading time\" \/>\n\t<meta name=\"twitter:data1\" content=\"2 minutes\" \/>\n<script type=\"application\/ld+json\" class=\"yoast-schema-graph\">{\"@context\":\"https:\/\/schema.org\",\"@graph\":[{\"@type\":\"WebPage\",\"@id\":\"https:\/\/estudioromanelli.es\/ca\/estudi\/estils\/estil-minimalista\",\"url\":\"https:\/\/estudioromanelli.es\/ca\/estudi\/estils\/estil-minimalista\",\"name\":\"Projectes d'interiorisme d'estil minimalista\",\"isPartOf\":{\"@id\":\"https:\/\/estudioromanelli.es\/ca#website\"},\"primaryImageOfPage\":{\"@id\":\"https:\/\/estudioromanelli.es\/ca\/estudi\/estils\/estil-minimalista#primaryimage\"},\"image\":{\"@id\":\"https:\/\/estudioromanelli.es\/ca\/estudi\/estils\/estil-minimalista#primaryimage\"},\"thumbnailUrl\":\"https:\/\/estudioromanelli.es\/wp-content\/uploads\/2020\/01\/decoracion-estilo-minimalista-barcelona.jpg\",\"datePublished\":\"2015-09-23T12:03:28+00:00\",\"dateModified\":\"2020-01-29T09:52:13+00:00\",\"description\":\"Buscant un interiorista d'estil minimalista? Descobreixi tot el que l'expert equip de professionals de Estudio Romanelli pot fer per vost\u00e8.\",\"breadcrumb\":{\"@id\":\"https:\/\/estudioromanelli.es\/ca\/estudi\/estils\/estil-minimalista#breadcrumb\"},\"inLanguage\":\"ca-ES\",\"potentialAction\":[{\"@type\":\"ReadAction\",\"target\":[\"https:\/\/estudioromanelli.es\/ca\/estudi\/estils\/estil-minimalista\"]}]},{\"@type\":\"ImageObject\",\"inLanguage\":\"ca-ES\",\"@id\":\"https:\/\/estudioromanelli.es\/ca\/estudi\/estils\/estil-minimalista#primaryimage\",\"url\":\"https:\/\/estudioromanelli.es\/wp-content\/uploads\/2020\/01\/decoracion-estilo-minimalista-barcelona.jpg\",\"contentUrl\":\"https:\/\/estudioromanelli.es\/wp-content\/uploads\/2020\/01\/decoracion-estilo-minimalista-barcelona.jpg\"},{\"@type\":\"BreadcrumbList\",\"@id\":\"https:\/\/estudioromanelli.es\/ca\/estudi\/estils\/estil-minimalista#breadcrumb\",\"itemListElement\":[{\"@type\":\"ListItem\",\"position\":1,\"name\":\"LF24\",\"item\":\"https:\/\/estudioromanelli.es\/ca\/home\"},{\"@type\":\"ListItem\",\"position\":2,\"name\":\"Estudi\",\"item\":\"https:\/\/estudioromanelli.es\/ca\/estudi\"},{\"@type\":\"ListItem\",\"position\":3,\"name\":\"ESTILS\",\"item\":\"https:\/\/estudioromanelli.es\/ca\/estudi\/estils\"},{\"@type\":\"ListItem\",\"position\":4,\"name\":\"ESTIL MINIMALISTA\"}]},{\"@type\":\"WebSite\",\"@id\":\"https:\/\/estudioromanelli.es\/ca#website\",\"url\":\"https:\/\/estudioromanelli.es\/ca\",\"name\":\"Estudi d&#039;Interiorisme i Arquitectura a Barcelona\",\"description\":\"Estudio Romanelli\",\"potentialAction\":[{\"@type\":\"SearchAction\",\"target\":{\"@type\":\"EntryPoint\",\"urlTemplate\":\"https:\/\/estudioromanelli.es\/ca?s={search_term_string}\"},\"query-input\":{\"@type\":\"PropertyValueSpecification\",\"valueRequired\":true,\"valueName\":\"search_term_string\"}}],\"inLanguage\":\"ca-ES\"}]}<\/script>\n<!-- \/ Yoast SEO plugin. -->","yoast_head_json":{"title":"Projectes d'interiorisme d'estil minimalista","description":"Buscant un interiorista d'estil minimalista? Descobreixi tot el que l'expert equip de professionals de Estudio Romanelli pot fer per vost\u00e8.","robots":{"index":"index","follow":"follow","max-snippet":"max-snippet:-1","max-image-preview":"max-image-preview:large","max-video-preview":"max-video-preview:-1"},"canonical":"https:\/\/estudioromanelli.es\/ca\/estudi\/estils\/estil-minimalista","og_locale":"ca_ES","og_type":"article","og_title":"Projectes d'interiorisme d'estil minimalista","og_description":"Buscant un interiorista d'estil minimalista? Descobreixi tot el que l'expert equip de professionals de Estudio Romanelli pot fer per vost\u00e8.","og_url":"https:\/\/estudioromanelli.es\/ca\/estudi\/estils\/estil-minimalista","og_site_name":"Estudi d&#039;Interiorisme i Arquitectura a Barcelona","article_modified_time":"2020-01-29T09:52:13+00:00","og_image":[{"url":"https:\/\/estudioromanelli.es\/wp-content\/uploads\/2020\/01\/decoracion-estilo-minimalista-barcelona.jpg","type":"","width":"","height":""}],"twitter_card":"summary_large_image","twitter_misc":{"Est. reading time":"2 minutes"},"schema":{"@context":"https:\/\/schema.org","@graph":[{"@type":"WebPage","@id":"https:\/\/estudioromanelli.es\/ca\/estudi\/estils\/estil-minimalista","url":"https:\/\/estudioromanelli.es\/ca\/estudi\/estils\/estil-minimalista","name":"Projectes d'interiorisme d'estil minimalista","isPartOf":{"@id":"https:\/\/estudioromanelli.es\/ca#website"},"primaryImageOfPage":{"@id":"https:\/\/estudioromanelli.es\/ca\/estudi\/estils\/estil-minimalista#primaryimage"},"image":{"@id":"https:\/\/estudioromanelli.es\/ca\/estudi\/estils\/estil-minimalista#primaryimage"},"thumbnailUrl":"https:\/\/estudioromanelli.es\/wp-content\/uploads\/2020\/01\/decoracion-estilo-minimalista-barcelona.jpg","datePublished":"2015-09-23T12:03:28+00:00","dateModified":"2020-01-29T09:52:13+00:00","description":"Buscant un interiorista d'estil minimalista? Descobreixi tot el que l'expert equip de professionals de Estudio Romanelli pot fer per vost\u00e8.","breadcrumb":{"@id":"https:\/\/estudioromanelli.es\/ca\/estudi\/estils\/estil-minimalista#breadcrumb"},"inLanguage":"ca-ES","potentialAction":[{"@type":"ReadAction","target":["https:\/\/estudioromanelli.es\/ca\/estudi\/estils\/estil-minimalista"]}]},{"@type":"ImageObject","inLanguage":"ca-ES","@id":"https:\/\/estudioromanelli.es\/ca\/estudi\/estils\/estil-minimalista#primaryimage","url":"https:\/\/estudioromanelli.es\/wp-content\/uploads\/2020\/01\/decoracion-estilo-minimalista-barcelona.jpg","contentUrl":"https:\/\/estudioromanelli.es\/wp-content\/uploads\/2020\/01\/decoracion-estilo-minimalista-barcelona.jpg"},{"@type":"BreadcrumbList","@id":"https:\/\/estudioromanelli.es\/ca\/estudi\/estils\/estil-minimalista#breadcrumb","itemListElement":[{"@type":"ListItem","position":1,"name":"LF24","item":"https:\/\/estudioromanelli.es\/ca\/home"},{"@type":"ListItem","position":2,"name":"Estudi","item":"https:\/\/estudioromanelli.es\/ca\/estudi"},{"@type":"ListItem","position":3,"name":"ESTILS","item":"https:\/\/estudioromanelli.es\/ca\/estudi\/estils"},{"@type":"ListItem","position":4,"name":"ESTIL MINIMALISTA"}]},{"@type":"WebSite","@id":"https:\/\/estudioromanelli.es\/ca#website","url":"https:\/\/estudioromanelli.es\/ca","name":"Estudi d&#039;Interiorisme i Arquitectura a Barcelona","description":"Estudio Romanelli","potentialAction":[{"@type":"SearchAction","target":{"@type":"EntryPoint","urlTemplate":"https:\/\/estudioromanelli.es\/ca?s={search_term_string}"},"query-input":{"@type":"PropertyValueSpecification","valueRequired":true,"valueName":"search_term_string"}}],"inLanguage":"ca-ES"}]}},"_links":{"self":[{"href":"https:\/\/estudioromanelli.es\/ca\/wp-json\/wp\/v2\/pages\/4166","targetHints":{"allow":["GET"]}}],"collection":[{"href":"https:\/\/estudioromanelli.es\/ca\/wp-json\/wp\/v2\/pages"}],"about":[{"href":"https:\/\/estudioromanelli.es\/ca\/wp-json\/wp\/v2\/types\/page"}],"author":[{"embeddable":true,"href":"https:\/\/estudioromanelli.es\/ca\/wp-json\/wp\/v2\/users\/1"}],"replies":[{"embeddable":true,"href":"https:\/\/estudioromanelli.es\/ca\/wp-json\/wp\/v2\/comments?post=4166"}],"version-history":[{"count":0,"href":"https:\/\/estudioromanelli.es\/ca\/wp-json\/wp\/v2\/pages\/4166\/revisions"}],"up":[{"embeddable":true,"href":"https:\/\/estudioromanelli.es\/ca\/wp-json\/wp\/v2\/pages\/4162"}],"wp:attachment":[{"href":"https:\/\/estudioromanelli.es\/ca\/wp-json\/wp\/v2\/media?parent=4166"}],"wp:term":[{"taxonomy":"category","embeddable":true,"href":"https:\/\/estudioromanelli.es\/ca\/wp-json\/wp\/v2\/categories?post=4166"},{"taxonomy":"post_tag","embeddable":true,"href":"https:\/\/estudioromanelli.es\/ca\/wp-json\/wp\/v2\/tags?post=4166"}],"curies":[{"name":"wp","href":"https:\/\/api.w.org\/{rel}","templated":true}]}}