{"id":4165,"date":"2015-09-23T12:03:36","date_gmt":"2015-09-23T12:03:36","guid":{"rendered":"https:\/\/estudioromanelli.es\/?page_id=4165&#038;lang=ca"},"modified":"2020-01-29T09:46:32","modified_gmt":"2020-01-29T09:46:32","slug":"estil-eclectic","status":"publish","type":"page","link":"https:\/\/estudioromanelli.es\/ca\/estudi\/estils\/estil-eclectic","title":{"rendered":"Estil ecl\u00e8ctic"},"content":{"rendered":"\n<style type=\"text\/css\" data-created_by=\"avia_inline_auto\" id=\"style-css-av-av_one_full-352b07ef7d3bc99b2e9f92e7a9e06bdb\">\n.flex_column.av-av_one_full-352b07ef7d3bc99b2e9f92e7a9e06bdb{\nborder-radius:0px 0px 0px 0px;\npadding:0px 0px 0px 0px;\n}\n<\/style>\n<div  class='flex_column av-av_one_full-352b07ef7d3bc99b2e9f92e7a9e06bdb av_one_full  avia-builder-el-0  avia-builder-el-no-sibling  first flex_column_div av-zero-column-padding  '     ><p>\n<style type=\"text\/css\" data-created_by=\"avia_inline_auto\" id=\"style-css-av-av_heading-ec90aeeaaec8e8dba578df13b61af23a\">\n#top .av-special-heading.av-av_heading-ec90aeeaaec8e8dba578df13b61af23a{\npadding-bottom:10px;\ncolor:#ffffff;\n}\nbody .av-special-heading.av-av_heading-ec90aeeaaec8e8dba578df13b61af23a .av-special-heading-tag .heading-char{\nfont-size:25px;\n}\n.av-special-heading.av-av_heading-ec90aeeaaec8e8dba578df13b61af23a .special-heading-inner-border{\nborder-color:#ffffff;\n}\n.av-special-heading.av-av_heading-ec90aeeaaec8e8dba578df13b61af23a .av-subheading{\nfont-size:15px;\n}\n<\/style>\n<div  class='av-special-heading av-av_heading-ec90aeeaaec8e8dba578df13b61af23a av-special-heading-h2 custom-color-heading blockquote modern-quote modern-centered  avia-builder-el-1  el_before_av_textblock  avia-builder-el-first '><h2 class='av-special-heading-tag '  itemprop=\"headline\"  >INTERIORISME ECL\u00c8CTIC<\/h2><div class=\"special-heading-border\"><div class=\"special-heading-inner-border\"><\/div><\/div><\/div><br \/>\n<section  class='av_textblock_section av-k5z4k836-33a2bbf1d853c50fbcc06788678c92cb '   itemscope=\"itemscope\" itemtype=\"https:\/\/schema.org\/CreativeWork\" ><div class='avia_textblock'  itemprop=\"text\" ><p><img decoding=\"async\" class=\"alignnone size-full wp-image-10019\" src=\"https:\/\/estudioromanelli.es\/wp-content\/uploads\/2020\/01\/piso-loft-estilo-eclectico-barcelona.jpg\" alt=\"\" width=\"1500\" height=\"1000\" srcset=\"https:\/\/estudioromanelli.es\/wp-content\/uploads\/2020\/01\/piso-loft-estilo-eclectico-barcelona.jpg 1500w, https:\/\/estudioromanelli.es\/wp-content\/uploads\/2020\/01\/piso-loft-estilo-eclectico-barcelona-300x200.jpg 300w, https:\/\/estudioromanelli.es\/wp-content\/uploads\/2020\/01\/piso-loft-estilo-eclectico-barcelona-1030x687.jpg 1030w, https:\/\/estudioromanelli.es\/wp-content\/uploads\/2020\/01\/piso-loft-estilo-eclectico-barcelona-768x512.jpg 768w, https:\/\/estudioromanelli.es\/wp-content\/uploads\/2020\/01\/piso-loft-estilo-eclectico-barcelona-705x470.jpg 705w\" sizes=\"(max-width: 1500px) 100vw, 1500px\" \/><\/p>\n<\/div><\/section><br \/>\n<section  class='av_textblock_section av-av_textblock-0366cc7376be6c9e82a3e9cc8987b64f '   itemscope=\"itemscope\" itemtype=\"https:\/\/schema.org\/CreativeWork\" ><div class='avia_textblock'  itemprop=\"text\" ><p>La <strong>decoraci\u00f3 ecl\u00e8ctica<\/strong> \u00e9s caracteritzada per la personalitat de les persones que viuen a la casa. Aquest estil no es basa en una pautes a seguir a l&#8217;hora de decorar, els mobles i els objectes de decoraci\u00f3 tenen un origen variat i combinen elements d&#8217;\u00e8poques diferents en el mateix ambient.<\/p>\n<p>Cal posar atenci\u00f3 a la <span class=\"enlaces-subrayado-color\"><strong><a class=\"enlaces-subrayado-color\" href=\"https:\/\/estudioromanelli.es\/caserveis\/decoracio\/\">decoraci\u00f3<\/a><\/strong><\/span>, perqu\u00e8 no pot ser una barreja sense criteri i desorganitzada. \u00c9s important triar peces de mobiliari i decoraci\u00f3 que es complementin entre elles encara que siguin d&#8217;estils diferents. L&#8217;<strong>estil ecl\u00e8ctic<\/strong> creant un versi\u00f3 personalitzada del que l&#8217;habitant considera com un estil propi. \u00c9s un estil dif\u00edcil d&#8217;aconseguir ja que cal evitar que sembli que s&#8217;hagin col\u00b7locat elements a l&#8217;atzar, les combinacions han d&#8217;estar calculades meticulosament dins d&#8217;un patr\u00f3 espec\u00edfic.<\/p>\n<p><span class=\"enlaces-subrayado\"><strong>Elements de l&#8217;interiorisme d&#8217;estil ecl\u00e8ctic<\/strong><\/span><\/p>\n<p>Els <strong>ambients<\/strong> han de ser harm\u00f2nics i les l\u00ednies millor si s\u00f3n simples i netes. \u00c9s important l&#8217;\u00fas de la tapisseria, textures i estampats. Els <strong>colors<\/strong> poden ser contrastants.<\/p>\n<p>Si s&#8217;utilitzen elements en metall, fusta o pl\u00e0stic caldr\u00e0 combinar aquests mateixos materials amb objectes de decoraci\u00f3 i acabats en el mateix espai. Els <strong>t\u00e8xtils<\/strong> com cortines, catifes i teles hauran de barrejar textures i estampats. En la decoraci\u00f3 ecl\u00e8ctica \u00e9s fonamental \u00e9s \u00fas del color, la paleta de colors ha d&#8217;estar molt ben definida des del principi, vist que ha de ser l&#8217;element d&#8217;uni\u00f3 de tots els espais i far\u00e0 que tots els ambients combinin a la perfecci\u00f3 tot i que haguem escollit peces de diferents estils i \u00e8poques.<\/p>\n<p>Si desitja un estil de decoraci\u00f3 que diferenci\u00ef la seva casa de les altres aquest \u00e9s un estil perfecte per aconseguir aquest prop\u00f2sit.<\/p>\n<p><strong>Li agradaria saber m\u00e9s sobre els nostres serveis d&#8217;interiorisme? Contacti amb nosaltres. Estarem encantats d&#8217;ajudar.<\/strong><\/p>\n<p><span class=\"enlaces-subrayado-color\"><strong><a class=\"enlaces-subrayado-color\" href=\"https:\/\/estudioromanelli.es\/cacontacte\/\">Sol\u00b7liciti una visita amb Estudio Romanelli sense cap comprom\u00eds<\/a><\/strong><\/span><\/p>\n<p><span style=\"color: #ffffff;\">.<\/span><\/p>\n<\/div><\/section><br \/>\n<section  class='av_textblock_section av-k5z4keyo-8e588eceb33523f75ba7c5f6a65c2e08 '   itemscope=\"itemscope\" itemtype=\"https:\/\/schema.org\/CreativeWork\" ><div class='avia_textblock'  itemprop=\"text\" ><p><img decoding=\"async\" class=\"alignnone size-full wp-image-10013\" src=\"https:\/\/estudioromanelli.es\/wp-content\/uploads\/2020\/01\/decoracion-estilo-eclectico-barcelona.jpg\" alt=\"\" width=\"1500\" height=\"887\" srcset=\"https:\/\/estudioromanelli.es\/wp-content\/uploads\/2020\/01\/decoracion-estilo-eclectico-barcelona.jpg 1500w, https:\/\/estudioromanelli.es\/wp-content\/uploads\/2020\/01\/decoracion-estilo-eclectico-barcelona-300x177.jpg 300w, https:\/\/estudioromanelli.es\/wp-content\/uploads\/2020\/01\/decoracion-estilo-eclectico-barcelona-1030x609.jpg 1030w, https:\/\/estudioromanelli.es\/wp-content\/uploads\/2020\/01\/decoracion-estilo-eclectico-barcelona-768x454.jpg 768w, https:\/\/estudioromanelli.es\/wp-content\/uploads\/2020\/01\/decoracion-estilo-eclectico-barcelona-705x417.jpg 705w\" sizes=\"(max-width: 1500px) 100vw, 1500px\" \/><\/p>\n<\/div><\/section><br \/>\n<section  class='av_textblock_section av-k5z4keyo-8e588eceb33523f75ba7c5f6a65c2e08 '   itemscope=\"itemscope\" itemtype=\"https:\/\/schema.org\/CreativeWork\" ><div class='avia_textblock'  itemprop=\"text\" ><p><img decoding=\"async\" class=\"alignnone size-full wp-image-10016\" src=\"https:\/\/estudioromanelli.es\/wp-content\/uploads\/2020\/01\/interiorismo-estilo-eclectico-barcelona.jpg\" alt=\"\" width=\"1500\" height=\"1385\" srcset=\"https:\/\/estudioromanelli.es\/wp-content\/uploads\/2020\/01\/interiorismo-estilo-eclectico-barcelona.jpg 1500w, https:\/\/estudioromanelli.es\/wp-content\/uploads\/2020\/01\/interiorismo-estilo-eclectico-barcelona-300x277.jpg 300w, https:\/\/estudioromanelli.es\/wp-content\/uploads\/2020\/01\/interiorismo-estilo-eclectico-barcelona-1030x951.jpg 1030w, https:\/\/estudioromanelli.es\/wp-content\/uploads\/2020\/01\/interiorismo-estilo-eclectico-barcelona-768x709.jpg 768w, https:\/\/estudioromanelli.es\/wp-content\/uploads\/2020\/01\/interiorismo-estilo-eclectico-barcelona-705x651.jpg 705w\" sizes=\"(max-width: 1500px) 100vw, 1500px\" \/><\/p>\n<\/div><\/section><\/p><\/div>\n","protected":false},"excerpt":{"rendered":"","protected":false},"author":1,"featured_media":0,"parent":4162,"menu_order":0,"comment_status":"closed","ping_status":"closed","template":"","meta":{"footnotes":""},"categories":[],"tags":[],"class_list":["post-4165","page","type-page","status-publish","hentry"],"yoast_head":"<!-- This site is optimized with the Yoast SEO plugin v26.8 - https:\/\/yoast.com\/product\/yoast-seo-wordpress\/ -->\n<title>Projectes d&#039;interiorisme d&#039;estil ecl\u00e8ctic<\/title>\n<meta name=\"description\" content=\"Buscant un interiorista d&#039;estil ecl\u00e8ctic? Descobreixi tot el que l&#039;expert equip de professionals de Estudio Romanelli pot fer per vost\u00e8.\" \/>\n<meta name=\"robots\" content=\"index, follow, max-snippet:-1, max-image-preview:large, max-video-preview:-1\" \/>\n<link rel=\"canonical\" href=\"https:\/\/estudioromanelli.es\/ca\/estudi\/estils\/estil-eclectic\" \/>\n<meta property=\"og:locale\" content=\"ca_ES\" \/>\n<meta property=\"og:type\" content=\"article\" \/>\n<meta property=\"og:title\" content=\"Projectes d&#039;interiorisme d&#039;estil ecl\u00e8ctic\" \/>\n<meta property=\"og:description\" content=\"Buscant un interiorista d&#039;estil ecl\u00e8ctic? Descobreixi tot el que l&#039;expert equip de professionals de Estudio Romanelli pot fer per vost\u00e8.\" \/>\n<meta property=\"og:url\" content=\"https:\/\/estudioromanelli.es\/ca\/estudi\/estils\/estil-eclectic\" \/>\n<meta property=\"og:site_name\" content=\"Estudi d&#039;Interiorisme i Arquitectura a Barcelona\" \/>\n<meta property=\"article:modified_time\" content=\"2020-01-29T09:46:32+00:00\" \/>\n<meta property=\"og:image\" content=\"https:\/\/estudioromanelli.es\/wp-content\/uploads\/2020\/01\/piso-loft-estilo-eclectico-barcelona.jpg\" \/>\n<meta name=\"twitter:card\" content=\"summary_large_image\" \/>\n<meta name=\"twitter:label1\" content=\"Est. reading time\" \/>\n\t<meta name=\"twitter:data1\" content=\"3 minutes\" \/>\n<script type=\"application\/ld+json\" class=\"yoast-schema-graph\">{\"@context\":\"https:\/\/schema.org\",\"@graph\":[{\"@type\":\"WebPage\",\"@id\":\"https:\/\/estudioromanelli.es\/ca\/estudi\/estils\/estil-eclectic\",\"url\":\"https:\/\/estudioromanelli.es\/ca\/estudi\/estils\/estil-eclectic\",\"name\":\"Projectes d'interiorisme d'estil ecl\u00e8ctic\",\"isPartOf\":{\"@id\":\"https:\/\/estudioromanelli.es\/ca#website\"},\"primaryImageOfPage\":{\"@id\":\"https:\/\/estudioromanelli.es\/ca\/estudi\/estils\/estil-eclectic#primaryimage\"},\"image\":{\"@id\":\"https:\/\/estudioromanelli.es\/ca\/estudi\/estils\/estil-eclectic#primaryimage\"},\"thumbnailUrl\":\"https:\/\/estudioromanelli.es\/wp-content\/uploads\/2020\/01\/piso-loft-estilo-eclectico-barcelona.jpg\",\"datePublished\":\"2015-09-23T12:03:36+00:00\",\"dateModified\":\"2020-01-29T09:46:32+00:00\",\"description\":\"Buscant un interiorista d'estil ecl\u00e8ctic? Descobreixi tot el que l'expert equip de professionals de Estudio Romanelli pot fer per vost\u00e8.\",\"breadcrumb\":{\"@id\":\"https:\/\/estudioromanelli.es\/ca\/estudi\/estils\/estil-eclectic#breadcrumb\"},\"inLanguage\":\"ca-ES\",\"potentialAction\":[{\"@type\":\"ReadAction\",\"target\":[\"https:\/\/estudioromanelli.es\/ca\/estudi\/estils\/estil-eclectic\"]}]},{\"@type\":\"ImageObject\",\"inLanguage\":\"ca-ES\",\"@id\":\"https:\/\/estudioromanelli.es\/ca\/estudi\/estils\/estil-eclectic#primaryimage\",\"url\":\"https:\/\/estudioromanelli.es\/wp-content\/uploads\/2020\/01\/piso-loft-estilo-eclectico-barcelona.jpg\",\"contentUrl\":\"https:\/\/estudioromanelli.es\/wp-content\/uploads\/2020\/01\/piso-loft-estilo-eclectico-barcelona.jpg\"},{\"@type\":\"BreadcrumbList\",\"@id\":\"https:\/\/estudioromanelli.es\/ca\/estudi\/estils\/estil-eclectic#breadcrumb\",\"itemListElement\":[{\"@type\":\"ListItem\",\"position\":1,\"name\":\"LF24\",\"item\":\"https:\/\/estudioromanelli.es\/ca\/home\"},{\"@type\":\"ListItem\",\"position\":2,\"name\":\"Estudi\",\"item\":\"https:\/\/estudioromanelli.es\/ca\/estudi\"},{\"@type\":\"ListItem\",\"position\":3,\"name\":\"ESTILS\",\"item\":\"https:\/\/estudioromanelli.es\/ca\/estudi\/estils\"},{\"@type\":\"ListItem\",\"position\":4,\"name\":\"ESTIL ECL\u00c8CTIC\"}]},{\"@type\":\"WebSite\",\"@id\":\"https:\/\/estudioromanelli.es\/ca#website\",\"url\":\"https:\/\/estudioromanelli.es\/ca\",\"name\":\"Estudi d&#039;Interiorisme i Arquitectura a Barcelona\",\"description\":\"Estudio Romanelli\",\"potentialAction\":[{\"@type\":\"SearchAction\",\"target\":{\"@type\":\"EntryPoint\",\"urlTemplate\":\"https:\/\/estudioromanelli.es\/ca?s={search_term_string}\"},\"query-input\":{\"@type\":\"PropertyValueSpecification\",\"valueRequired\":true,\"valueName\":\"search_term_string\"}}],\"inLanguage\":\"ca-ES\"}]}<\/script>\n<!-- \/ Yoast SEO plugin. -->","yoast_head_json":{"title":"Projectes d'interiorisme d'estil ecl\u00e8ctic","description":"Buscant un interiorista d'estil ecl\u00e8ctic? Descobreixi tot el que l'expert equip de professionals de Estudio Romanelli pot fer per vost\u00e8.","robots":{"index":"index","follow":"follow","max-snippet":"max-snippet:-1","max-image-preview":"max-image-preview:large","max-video-preview":"max-video-preview:-1"},"canonical":"https:\/\/estudioromanelli.es\/ca\/estudi\/estils\/estil-eclectic","og_locale":"ca_ES","og_type":"article","og_title":"Projectes d'interiorisme d'estil ecl\u00e8ctic","og_description":"Buscant un interiorista d'estil ecl\u00e8ctic? Descobreixi tot el que l'expert equip de professionals de Estudio Romanelli pot fer per vost\u00e8.","og_url":"https:\/\/estudioromanelli.es\/ca\/estudi\/estils\/estil-eclectic","og_site_name":"Estudi d&#039;Interiorisme i Arquitectura a Barcelona","article_modified_time":"2020-01-29T09:46:32+00:00","og_image":[{"url":"https:\/\/estudioromanelli.es\/wp-content\/uploads\/2020\/01\/piso-loft-estilo-eclectico-barcelona.jpg","type":"","width":"","height":""}],"twitter_card":"summary_large_image","twitter_misc":{"Est. reading time":"3 minutes"},"schema":{"@context":"https:\/\/schema.org","@graph":[{"@type":"WebPage","@id":"https:\/\/estudioromanelli.es\/ca\/estudi\/estils\/estil-eclectic","url":"https:\/\/estudioromanelli.es\/ca\/estudi\/estils\/estil-eclectic","name":"Projectes d'interiorisme d'estil ecl\u00e8ctic","isPartOf":{"@id":"https:\/\/estudioromanelli.es\/ca#website"},"primaryImageOfPage":{"@id":"https:\/\/estudioromanelli.es\/ca\/estudi\/estils\/estil-eclectic#primaryimage"},"image":{"@id":"https:\/\/estudioromanelli.es\/ca\/estudi\/estils\/estil-eclectic#primaryimage"},"thumbnailUrl":"https:\/\/estudioromanelli.es\/wp-content\/uploads\/2020\/01\/piso-loft-estilo-eclectico-barcelona.jpg","datePublished":"2015-09-23T12:03:36+00:00","dateModified":"2020-01-29T09:46:32+00:00","description":"Buscant un interiorista d'estil ecl\u00e8ctic? Descobreixi tot el que l'expert equip de professionals de Estudio Romanelli pot fer per vost\u00e8.","breadcrumb":{"@id":"https:\/\/estudioromanelli.es\/ca\/estudi\/estils\/estil-eclectic#breadcrumb"},"inLanguage":"ca-ES","potentialAction":[{"@type":"ReadAction","target":["https:\/\/estudioromanelli.es\/ca\/estudi\/estils\/estil-eclectic"]}]},{"@type":"ImageObject","inLanguage":"ca-ES","@id":"https:\/\/estudioromanelli.es\/ca\/estudi\/estils\/estil-eclectic#primaryimage","url":"https:\/\/estudioromanelli.es\/wp-content\/uploads\/2020\/01\/piso-loft-estilo-eclectico-barcelona.jpg","contentUrl":"https:\/\/estudioromanelli.es\/wp-content\/uploads\/2020\/01\/piso-loft-estilo-eclectico-barcelona.jpg"},{"@type":"BreadcrumbList","@id":"https:\/\/estudioromanelli.es\/ca\/estudi\/estils\/estil-eclectic#breadcrumb","itemListElement":[{"@type":"ListItem","position":1,"name":"LF24","item":"https:\/\/estudioromanelli.es\/ca\/home"},{"@type":"ListItem","position":2,"name":"Estudi","item":"https:\/\/estudioromanelli.es\/ca\/estudi"},{"@type":"ListItem","position":3,"name":"ESTILS","item":"https:\/\/estudioromanelli.es\/ca\/estudi\/estils"},{"@type":"ListItem","position":4,"name":"ESTIL ECL\u00c8CTIC"}]},{"@type":"WebSite","@id":"https:\/\/estudioromanelli.es\/ca#website","url":"https:\/\/estudioromanelli.es\/ca","name":"Estudi d&#039;Interiorisme i Arquitectura a Barcelona","description":"Estudio Romanelli","potentialAction":[{"@type":"SearchAction","target":{"@type":"EntryPoint","urlTemplate":"https:\/\/estudioromanelli.es\/ca?s={search_term_string}"},"query-input":{"@type":"PropertyValueSpecification","valueRequired":true,"valueName":"search_term_string"}}],"inLanguage":"ca-ES"}]}},"_links":{"self":[{"href":"https:\/\/estudioromanelli.es\/ca\/wp-json\/wp\/v2\/pages\/4165","targetHints":{"allow":["GET"]}}],"collection":[{"href":"https:\/\/estudioromanelli.es\/ca\/wp-json\/wp\/v2\/pages"}],"about":[{"href":"https:\/\/estudioromanelli.es\/ca\/wp-json\/wp\/v2\/types\/page"}],"author":[{"embeddable":true,"href":"https:\/\/estudioromanelli.es\/ca\/wp-json\/wp\/v2\/users\/1"}],"replies":[{"embeddable":true,"href":"https:\/\/estudioromanelli.es\/ca\/wp-json\/wp\/v2\/comments?post=4165"}],"version-history":[{"count":0,"href":"https:\/\/estudioromanelli.es\/ca\/wp-json\/wp\/v2\/pages\/4165\/revisions"}],"up":[{"embeddable":true,"href":"https:\/\/estudioromanelli.es\/ca\/wp-json\/wp\/v2\/pages\/4162"}],"wp:attachment":[{"href":"https:\/\/estudioromanelli.es\/ca\/wp-json\/wp\/v2\/media?parent=4165"}],"wp:term":[{"taxonomy":"category","embeddable":true,"href":"https:\/\/estudioromanelli.es\/ca\/wp-json\/wp\/v2\/categories?post=4165"},{"taxonomy":"post_tag","embeddable":true,"href":"https:\/\/estudioromanelli.es\/ca\/wp-json\/wp\/v2\/tags?post=4165"}],"curies":[{"name":"wp","href":"https:\/\/api.w.org\/{rel}","templated":true}]}}