{"id":4164,"date":"2015-09-23T12:03:48","date_gmt":"2015-09-23T12:03:48","guid":{"rendered":"https:\/\/estudioromanelli.es\/?page_id=4164&#038;lang=ca"},"modified":"2020-01-29T09:40:34","modified_gmt":"2020-01-29T09:40:34","slug":"estil-contemporani","status":"publish","type":"page","link":"https:\/\/estudioromanelli.es\/ca\/estudi\/estils\/estil-contemporani","title":{"rendered":"Estil contemporani"},"content":{"rendered":"\n<style type=\"text\/css\" data-created_by=\"avia_inline_auto\" id=\"style-css-av-av_one_full-352b07ef7d3bc99b2e9f92e7a9e06bdb\">\n.flex_column.av-av_one_full-352b07ef7d3bc99b2e9f92e7a9e06bdb{\nborder-radius:0px 0px 0px 0px;\npadding:0px 0px 0px 0px;\n}\n<\/style>\n<div  class='flex_column av-av_one_full-352b07ef7d3bc99b2e9f92e7a9e06bdb av_one_full  avia-builder-el-0  el_before_av_textblock  avia-builder-el-first  first flex_column_div av-zero-column-padding  '     ><p>\n<style type=\"text\/css\" data-created_by=\"avia_inline_auto\" id=\"style-css-av-av_heading-2ddd9c84c473d30c0b55a3dfceb33572\">\n#top .av-special-heading.av-av_heading-2ddd9c84c473d30c0b55a3dfceb33572{\npadding-bottom:10px;\ncolor:#ffffff;\n}\nbody .av-special-heading.av-av_heading-2ddd9c84c473d30c0b55a3dfceb33572 .av-special-heading-tag .heading-char{\nfont-size:25px;\n}\n.av-special-heading.av-av_heading-2ddd9c84c473d30c0b55a3dfceb33572 .special-heading-inner-border{\nborder-color:#ffffff;\n}\n.av-special-heading.av-av_heading-2ddd9c84c473d30c0b55a3dfceb33572 .av-subheading{\nfont-size:15px;\n}\n<\/style>\n<div  class='av-special-heading av-av_heading-2ddd9c84c473d30c0b55a3dfceb33572 av-special-heading-h2 custom-color-heading blockquote modern-quote modern-centered  avia-builder-el-1  el_before_av_textblock  avia-builder-el-first '><h2 class='av-special-heading-tag '  itemprop=\"headline\"  >INTERIORISME CONTEMPORANI<\/h2><div class=\"special-heading-border\"><div class=\"special-heading-inner-border\"><\/div><\/div><\/div><br \/>\n<section  class='av_textblock_section av-k5z4c8qk-619d36a32d9bc0b5bb825abe62dd751b '   itemscope=\"itemscope\" itemtype=\"https:\/\/schema.org\/CreativeWork\" ><div class='avia_textblock'  itemprop=\"text\" ><p><img decoding=\"async\" class=\"alignnone size-full wp-image-9996\" src=\"https:\/\/estudioromanelli.es\/wp-content\/uploads\/2020\/01\/interiorismo-estilo-contemporaneo-barcelona.jpg\" alt=\"\" width=\"1500\" height=\"1000\" srcset=\"https:\/\/estudioromanelli.es\/wp-content\/uploads\/2020\/01\/interiorismo-estilo-contemporaneo-barcelona.jpg 1500w, https:\/\/estudioromanelli.es\/wp-content\/uploads\/2020\/01\/interiorismo-estilo-contemporaneo-barcelona-300x200.jpg 300w, https:\/\/estudioromanelli.es\/wp-content\/uploads\/2020\/01\/interiorismo-estilo-contemporaneo-barcelona-1030x687.jpg 1030w, https:\/\/estudioromanelli.es\/wp-content\/uploads\/2020\/01\/interiorismo-estilo-contemporaneo-barcelona-768x512.jpg 768w, https:\/\/estudioromanelli.es\/wp-content\/uploads\/2020\/01\/interiorismo-estilo-contemporaneo-barcelona-705x470.jpg 705w\" sizes=\"(max-width: 1500px) 100vw, 1500px\" \/><\/p>\n<\/div><\/section><br \/>\n<section  class='av_textblock_section av-av_textblock-0366cc7376be6c9e82a3e9cc8987b64f '   itemscope=\"itemscope\" itemtype=\"https:\/\/schema.org\/CreativeWork\" ><div class='avia_textblock'  itemprop=\"text\" ><p>La <strong>decoraci\u00f3 contempor\u00e0nia<\/strong> fa part de l<span class=\"enlaces-subrayado-color\"><strong><a class=\"enlaces-subrayado-color\" href=\"https:\/\/estudioromanelli.es\/caestudi\/estils\/estil-modern\/\">&#8216;estil modern<\/a><\/strong><\/span>, caracteritzat per les l\u00ednies netes i colors clars amb mobles de les ultimes d\u00e8cades o tipus n\u00f2rdic. Tamb\u00e9 s&#8217;utilitzen peces de fusta i materials tipus pedra o marbres.<\/p>\n<p>Aquest tipus de decoraci\u00f3 s&#8217;adapta perfectament a l&#8217;estil de vida d&#8217;avui en dia, sent caracteritzat per <strong>elements funcionals, vers\u00e0tils i moderns<\/strong>. La seva principal caracter\u00edstica \u00e9s la d&#8217;estar al corrent de totes les innovacions tecnologies que influeixen en la vida moderna, canviant les nostres rutines i h\u00e0bits. Resumint els conceptes d&#8217;una decoraci\u00f3 moderna s\u00f3n: la simplicitat, la comoditat i el disseny.<\/p>\n<p><span class=\"enlaces-subrayado\"><strong>Elements de l&#8217;interiorisme d&#8217;estil contemporani<\/strong><\/span><\/p>\n<p>Els <strong>materials<\/strong> que millor representen aquest estil s\u00f3n les superf\u00edcies lacades brillants o mat, superf\u00edcies serigrafiades, per als s\u00f2ls s&#8217;utilitzaran rajoles amb tonalitats planes o microciment. Tots els materials utilitzats seran de f\u00e0cil manteniment i neteja per adaptar-se als fren\u00e8tics temps moderns.<\/p>\n<p>Les l\u00ednies dels <strong>mobles<\/strong> seran simples i s&#8217;eliminar\u00e0 qualsevol tipus de decoraci\u00f3. Cal buscar la simplicitat dels detalls per crear espais elegants i els mobles de disseny seran una part fonamental de la decoraci\u00f3.<\/p>\n<p>L&#8217;\u00fas de la <strong>tecnologia<\/strong> \u00e9s important, cal utilitzar elements d&#8217;ultima generaci\u00f3 com la <span class=\"enlaces-subrayado-color\"><strong><a class=\"enlaces-subrayado-color\" href=\"https:\/\/estudioromanelli.es\/caserveis\/domotica\/\">dom\u00f2tica<\/a><\/strong><\/span> i els mateixos elements han de tenir un disseny atractiu i modern. Els espais han de ser funcionals i la <strong>il\u00b7luminaci\u00f3<\/strong> \u00e9s clau en la decoraci\u00f3, els llums solen tenir llum blanca i els elements decoratius s\u00f3n de disseny i de color preferiblement clars.<\/p>\n<p>Els <strong>colors<\/strong> dels espais s\u00f3n clars i el blanc \u00e9s for\u00e7a habitual. Es poden utilitzar combinacions de blanc amb tons marrons o grisos. Tamb\u00e9 es poden aplicar tocs de color negre. Els t\u00e8xtils que s&#8217;utilitzen per a un estil contemporani s\u00f3n sobris i les tonalitats de color s\u00f3n llises. Cal evitar estampats molt recarregats o amb moltes floritures. Els espais han de donar la sensaci\u00f3 d&#8217;amplitud i han de ser funcionals.<\/p>\n<p><strong>Li agradaria saber m\u00e9s sobre els nostres serveis d&#8217;interiorisme? Contacti amb nosaltres. Estarem encantats d&#8217;ajudar.<\/strong><\/p>\n<p><span class=\"enlaces-subrayado-color\"><strong><a class=\"enlaces-subrayado-color\" href=\"https:\/\/estudioromanelli.es\/cacontacte\/\">Sol\u00b7liciti una visita amb Estudio Romanelli sense cap comprom\u00eds<\/a><\/strong><\/span><\/p>\n<p><span style=\"color: #ffffff;\">.<\/span><\/p>\n<\/div><\/section><\/p><\/div><section  class='av_textblock_section av-k5z4cfu6-01c895527718094222b4d0f00c95d9c1 '   itemscope=\"itemscope\" itemtype=\"https:\/\/schema.org\/CreativeWork\" ><div class='avia_textblock'  itemprop=\"text\" ><p><img decoding=\"async\" class=\"alignnone size-full wp-image-9999\" src=\"https:\/\/estudioromanelli.es\/wp-content\/uploads\/2020\/01\/piso-atico-estilo-contemporaneo-barcelona.jpg\" alt=\"\" width=\"1500\" height=\"1000\" srcset=\"https:\/\/estudioromanelli.es\/wp-content\/uploads\/2020\/01\/piso-atico-estilo-contemporaneo-barcelona.jpg 1500w, https:\/\/estudioromanelli.es\/wp-content\/uploads\/2020\/01\/piso-atico-estilo-contemporaneo-barcelona-300x200.jpg 300w, https:\/\/estudioromanelli.es\/wp-content\/uploads\/2020\/01\/piso-atico-estilo-contemporaneo-barcelona-1030x687.jpg 1030w, https:\/\/estudioromanelli.es\/wp-content\/uploads\/2020\/01\/piso-atico-estilo-contemporaneo-barcelona-768x512.jpg 768w, https:\/\/estudioromanelli.es\/wp-content\/uploads\/2020\/01\/piso-atico-estilo-contemporaneo-barcelona-705x470.jpg 705w\" sizes=\"(max-width: 1500px) 100vw, 1500px\" \/><\/p>\n<\/div><\/section><\/p>\n<section  class='av_textblock_section av-k5z4cfu6-01c895527718094222b4d0f00c95d9c1 '   itemscope=\"itemscope\" itemtype=\"https:\/\/schema.org\/CreativeWork\" ><div class='avia_textblock'  itemprop=\"text\" ><p><img decoding=\"async\" class=\"alignnone size-full wp-image-9990\" src=\"https:\/\/estudioromanelli.es\/wp-content\/uploads\/2020\/01\/decoracion-estilo-contemporaneo-barcelona.jpg\" alt=\"\" width=\"1500\" height=\"1000\" srcset=\"https:\/\/estudioromanelli.es\/wp-content\/uploads\/2020\/01\/decoracion-estilo-contemporaneo-barcelona.jpg 1500w, https:\/\/estudioromanelli.es\/wp-content\/uploads\/2020\/01\/decoracion-estilo-contemporaneo-barcelona-300x200.jpg 300w, https:\/\/estudioromanelli.es\/wp-content\/uploads\/2020\/01\/decoracion-estilo-contemporaneo-barcelona-1030x687.jpg 1030w, https:\/\/estudioromanelli.es\/wp-content\/uploads\/2020\/01\/decoracion-estilo-contemporaneo-barcelona-768x512.jpg 768w, https:\/\/estudioromanelli.es\/wp-content\/uploads\/2020\/01\/decoracion-estilo-contemporaneo-barcelona-705x470.jpg 705w\" sizes=\"(max-width: 1500px) 100vw, 1500px\" \/><\/p>\n<\/div><\/section>\n<section  class='av_textblock_section av-k5z4cfu6-01c895527718094222b4d0f00c95d9c1 '   itemscope=\"itemscope\" itemtype=\"https:\/\/schema.org\/CreativeWork\" ><div class='avia_textblock'  itemprop=\"text\" ><p><img decoding=\"async\" class=\"alignnone size-full wp-image-9993\" src=\"https:\/\/estudioromanelli.es\/wp-content\/uploads\/2020\/01\/estilo-contemporaneo-diseno-interiores-barcelona.jpg\" alt=\"\" width=\"1500\" height=\"1000\" srcset=\"https:\/\/estudioromanelli.es\/wp-content\/uploads\/2020\/01\/estilo-contemporaneo-diseno-interiores-barcelona.jpg 1500w, https:\/\/estudioromanelli.es\/wp-content\/uploads\/2020\/01\/estilo-contemporaneo-diseno-interiores-barcelona-300x200.jpg 300w, https:\/\/estudioromanelli.es\/wp-content\/uploads\/2020\/01\/estilo-contemporaneo-diseno-interiores-barcelona-1030x687.jpg 1030w, https:\/\/estudioromanelli.es\/wp-content\/uploads\/2020\/01\/estilo-contemporaneo-diseno-interiores-barcelona-768x512.jpg 768w, https:\/\/estudioromanelli.es\/wp-content\/uploads\/2020\/01\/estilo-contemporaneo-diseno-interiores-barcelona-705x470.jpg 705w\" sizes=\"(max-width: 1500px) 100vw, 1500px\" \/><\/p>\n<\/div><\/section>\n","protected":false},"excerpt":{"rendered":"","protected":false},"author":1,"featured_media":0,"parent":4162,"menu_order":0,"comment_status":"closed","ping_status":"closed","template":"","meta":{"footnotes":""},"categories":[],"tags":[],"class_list":["post-4164","page","type-page","status-publish","hentry"],"yoast_head":"<!-- This site is optimized with the Yoast SEO plugin v26.8 - https:\/\/yoast.com\/product\/yoast-seo-wordpress\/ -->\n<title>Projectes d&#039;interiorisme d&#039;estil contemporani<\/title>\n<meta name=\"description\" content=\"Buscant un interiorista d&#039;estil contemporani? Descobreixi tot el que l&#039;expert equip de professionals de Estudio Romanelli pot fer per vost\u00e8.\" \/>\n<meta name=\"robots\" content=\"index, follow, max-snippet:-1, max-image-preview:large, max-video-preview:-1\" \/>\n<link rel=\"canonical\" href=\"https:\/\/estudioromanelli.es\/ca\/estudi\/estils\/estil-contemporani\" \/>\n<meta property=\"og:locale\" content=\"ca_ES\" \/>\n<meta property=\"og:type\" content=\"article\" \/>\n<meta property=\"og:title\" content=\"Projectes d&#039;interiorisme d&#039;estil contemporani\" \/>\n<meta property=\"og:description\" content=\"Buscant un interiorista d&#039;estil contemporani? Descobreixi tot el que l&#039;expert equip de professionals de Estudio Romanelli pot fer per vost\u00e8.\" \/>\n<meta property=\"og:url\" content=\"https:\/\/estudioromanelli.es\/ca\/estudi\/estils\/estil-contemporani\" \/>\n<meta property=\"og:site_name\" content=\"Estudi d&#039;Interiorisme i Arquitectura a Barcelona\" \/>\n<meta property=\"article:modified_time\" content=\"2020-01-29T09:40:34+00:00\" \/>\n<meta property=\"og:image\" content=\"https:\/\/estudioromanelli.es\/wp-content\/uploads\/2020\/01\/interiorismo-estilo-contemporaneo-barcelona.jpg\" \/>\n<meta name=\"twitter:card\" content=\"summary_large_image\" \/>\n<meta name=\"twitter:label1\" content=\"Est. reading time\" \/>\n\t<meta name=\"twitter:data1\" content=\"3 minutes\" \/>\n<script type=\"application\/ld+json\" class=\"yoast-schema-graph\">{\"@context\":\"https:\/\/schema.org\",\"@graph\":[{\"@type\":\"WebPage\",\"@id\":\"https:\/\/estudioromanelli.es\/ca\/estudi\/estils\/estil-contemporani\",\"url\":\"https:\/\/estudioromanelli.es\/ca\/estudi\/estils\/estil-contemporani\",\"name\":\"Projectes d'interiorisme d'estil contemporani\",\"isPartOf\":{\"@id\":\"https:\/\/estudioromanelli.es\/ca#website\"},\"primaryImageOfPage\":{\"@id\":\"https:\/\/estudioromanelli.es\/ca\/estudi\/estils\/estil-contemporani#primaryimage\"},\"image\":{\"@id\":\"https:\/\/estudioromanelli.es\/ca\/estudi\/estils\/estil-contemporani#primaryimage\"},\"thumbnailUrl\":\"https:\/\/estudioromanelli.es\/wp-content\/uploads\/2020\/01\/interiorismo-estilo-contemporaneo-barcelona.jpg\",\"datePublished\":\"2015-09-23T12:03:48+00:00\",\"dateModified\":\"2020-01-29T09:40:34+00:00\",\"description\":\"Buscant un interiorista d'estil contemporani? Descobreixi tot el que l'expert equip de professionals de Estudio Romanelli pot fer per vost\u00e8.\",\"breadcrumb\":{\"@id\":\"https:\/\/estudioromanelli.es\/ca\/estudi\/estils\/estil-contemporani#breadcrumb\"},\"inLanguage\":\"ca-ES\",\"potentialAction\":[{\"@type\":\"ReadAction\",\"target\":[\"https:\/\/estudioromanelli.es\/ca\/estudi\/estils\/estil-contemporani\"]}]},{\"@type\":\"ImageObject\",\"inLanguage\":\"ca-ES\",\"@id\":\"https:\/\/estudioromanelli.es\/ca\/estudi\/estils\/estil-contemporani#primaryimage\",\"url\":\"https:\/\/estudioromanelli.es\/wp-content\/uploads\/2020\/01\/interiorismo-estilo-contemporaneo-barcelona.jpg\",\"contentUrl\":\"https:\/\/estudioromanelli.es\/wp-content\/uploads\/2020\/01\/interiorismo-estilo-contemporaneo-barcelona.jpg\"},{\"@type\":\"BreadcrumbList\",\"@id\":\"https:\/\/estudioromanelli.es\/ca\/estudi\/estils\/estil-contemporani#breadcrumb\",\"itemListElement\":[{\"@type\":\"ListItem\",\"position\":1,\"name\":\"LF24\",\"item\":\"https:\/\/estudioromanelli.es\/ca\/home\"},{\"@type\":\"ListItem\",\"position\":2,\"name\":\"Estudi\",\"item\":\"https:\/\/estudioromanelli.es\/ca\/estudi\"},{\"@type\":\"ListItem\",\"position\":3,\"name\":\"ESTILS\",\"item\":\"https:\/\/estudioromanelli.es\/ca\/estudi\/estils\"},{\"@type\":\"ListItem\",\"position\":4,\"name\":\"ESTIL CONTEMPORANI\"}]},{\"@type\":\"WebSite\",\"@id\":\"https:\/\/estudioromanelli.es\/ca#website\",\"url\":\"https:\/\/estudioromanelli.es\/ca\",\"name\":\"Estudi d&#039;Interiorisme i Arquitectura a Barcelona\",\"description\":\"Estudio Romanelli\",\"potentialAction\":[{\"@type\":\"SearchAction\",\"target\":{\"@type\":\"EntryPoint\",\"urlTemplate\":\"https:\/\/estudioromanelli.es\/ca?s={search_term_string}\"},\"query-input\":{\"@type\":\"PropertyValueSpecification\",\"valueRequired\":true,\"valueName\":\"search_term_string\"}}],\"inLanguage\":\"ca-ES\"}]}<\/script>\n<!-- \/ Yoast SEO plugin. -->","yoast_head_json":{"title":"Projectes d'interiorisme d'estil contemporani","description":"Buscant un interiorista d'estil contemporani? Descobreixi tot el que l'expert equip de professionals de Estudio Romanelli pot fer per vost\u00e8.","robots":{"index":"index","follow":"follow","max-snippet":"max-snippet:-1","max-image-preview":"max-image-preview:large","max-video-preview":"max-video-preview:-1"},"canonical":"https:\/\/estudioromanelli.es\/ca\/estudi\/estils\/estil-contemporani","og_locale":"ca_ES","og_type":"article","og_title":"Projectes d'interiorisme d'estil contemporani","og_description":"Buscant un interiorista d'estil contemporani? Descobreixi tot el que l'expert equip de professionals de Estudio Romanelli pot fer per vost\u00e8.","og_url":"https:\/\/estudioromanelli.es\/ca\/estudi\/estils\/estil-contemporani","og_site_name":"Estudi d&#039;Interiorisme i Arquitectura a Barcelona","article_modified_time":"2020-01-29T09:40:34+00:00","og_image":[{"url":"https:\/\/estudioromanelli.es\/wp-content\/uploads\/2020\/01\/interiorismo-estilo-contemporaneo-barcelona.jpg","type":"","width":"","height":""}],"twitter_card":"summary_large_image","twitter_misc":{"Est. reading time":"3 minutes"},"schema":{"@context":"https:\/\/schema.org","@graph":[{"@type":"WebPage","@id":"https:\/\/estudioromanelli.es\/ca\/estudi\/estils\/estil-contemporani","url":"https:\/\/estudioromanelli.es\/ca\/estudi\/estils\/estil-contemporani","name":"Projectes d'interiorisme d'estil contemporani","isPartOf":{"@id":"https:\/\/estudioromanelli.es\/ca#website"},"primaryImageOfPage":{"@id":"https:\/\/estudioromanelli.es\/ca\/estudi\/estils\/estil-contemporani#primaryimage"},"image":{"@id":"https:\/\/estudioromanelli.es\/ca\/estudi\/estils\/estil-contemporani#primaryimage"},"thumbnailUrl":"https:\/\/estudioromanelli.es\/wp-content\/uploads\/2020\/01\/interiorismo-estilo-contemporaneo-barcelona.jpg","datePublished":"2015-09-23T12:03:48+00:00","dateModified":"2020-01-29T09:40:34+00:00","description":"Buscant un interiorista d'estil contemporani? Descobreixi tot el que l'expert equip de professionals de Estudio Romanelli pot fer per vost\u00e8.","breadcrumb":{"@id":"https:\/\/estudioromanelli.es\/ca\/estudi\/estils\/estil-contemporani#breadcrumb"},"inLanguage":"ca-ES","potentialAction":[{"@type":"ReadAction","target":["https:\/\/estudioromanelli.es\/ca\/estudi\/estils\/estil-contemporani"]}]},{"@type":"ImageObject","inLanguage":"ca-ES","@id":"https:\/\/estudioromanelli.es\/ca\/estudi\/estils\/estil-contemporani#primaryimage","url":"https:\/\/estudioromanelli.es\/wp-content\/uploads\/2020\/01\/interiorismo-estilo-contemporaneo-barcelona.jpg","contentUrl":"https:\/\/estudioromanelli.es\/wp-content\/uploads\/2020\/01\/interiorismo-estilo-contemporaneo-barcelona.jpg"},{"@type":"BreadcrumbList","@id":"https:\/\/estudioromanelli.es\/ca\/estudi\/estils\/estil-contemporani#breadcrumb","itemListElement":[{"@type":"ListItem","position":1,"name":"LF24","item":"https:\/\/estudioromanelli.es\/ca\/home"},{"@type":"ListItem","position":2,"name":"Estudi","item":"https:\/\/estudioromanelli.es\/ca\/estudi"},{"@type":"ListItem","position":3,"name":"ESTILS","item":"https:\/\/estudioromanelli.es\/ca\/estudi\/estils"},{"@type":"ListItem","position":4,"name":"ESTIL CONTEMPORANI"}]},{"@type":"WebSite","@id":"https:\/\/estudioromanelli.es\/ca#website","url":"https:\/\/estudioromanelli.es\/ca","name":"Estudi d&#039;Interiorisme i Arquitectura a Barcelona","description":"Estudio Romanelli","potentialAction":[{"@type":"SearchAction","target":{"@type":"EntryPoint","urlTemplate":"https:\/\/estudioromanelli.es\/ca?s={search_term_string}"},"query-input":{"@type":"PropertyValueSpecification","valueRequired":true,"valueName":"search_term_string"}}],"inLanguage":"ca-ES"}]}},"_links":{"self":[{"href":"https:\/\/estudioromanelli.es\/ca\/wp-json\/wp\/v2\/pages\/4164","targetHints":{"allow":["GET"]}}],"collection":[{"href":"https:\/\/estudioromanelli.es\/ca\/wp-json\/wp\/v2\/pages"}],"about":[{"href":"https:\/\/estudioromanelli.es\/ca\/wp-json\/wp\/v2\/types\/page"}],"author":[{"embeddable":true,"href":"https:\/\/estudioromanelli.es\/ca\/wp-json\/wp\/v2\/users\/1"}],"replies":[{"embeddable":true,"href":"https:\/\/estudioromanelli.es\/ca\/wp-json\/wp\/v2\/comments?post=4164"}],"version-history":[{"count":0,"href":"https:\/\/estudioromanelli.es\/ca\/wp-json\/wp\/v2\/pages\/4164\/revisions"}],"up":[{"embeddable":true,"href":"https:\/\/estudioromanelli.es\/ca\/wp-json\/wp\/v2\/pages\/4162"}],"wp:attachment":[{"href":"https:\/\/estudioromanelli.es\/ca\/wp-json\/wp\/v2\/media?parent=4164"}],"wp:term":[{"taxonomy":"category","embeddable":true,"href":"https:\/\/estudioromanelli.es\/ca\/wp-json\/wp\/v2\/categories?post=4164"},{"taxonomy":"post_tag","embeddable":true,"href":"https:\/\/estudioromanelli.es\/ca\/wp-json\/wp\/v2\/tags?post=4164"}],"curies":[{"name":"wp","href":"https:\/\/api.w.org\/{rel}","templated":true}]}}