{"id":4163,"date":"2015-09-23T12:04:00","date_gmt":"2015-09-23T12:04:00","guid":{"rendered":"https:\/\/estudioromanelli.es\/?page_id=4163&#038;lang=ca"},"modified":"2020-01-29T09:29:49","modified_gmt":"2020-01-29T09:29:49","slug":"estil-classic","status":"publish","type":"page","link":"https:\/\/estudioromanelli.es\/ca\/estudi\/estils\/estil-classic","title":{"rendered":"Estil cl\u00e0ssic"},"content":{"rendered":"\n<style type=\"text\/css\" data-created_by=\"avia_inline_auto\" id=\"style-css-av-av_one_full-352b07ef7d3bc99b2e9f92e7a9e06bdb\">\n.flex_column.av-av_one_full-352b07ef7d3bc99b2e9f92e7a9e06bdb{\nborder-radius:0px 0px 0px 0px;\npadding:0px 0px 0px 0px;\n}\n<\/style>\n<div  class='flex_column av-av_one_full-352b07ef7d3bc99b2e9f92e7a9e06bdb av_one_full  avia-builder-el-0  el_before_av_textblock  avia-builder-el-first  first flex_column_div av-zero-column-padding  '     ><p>\n<style type=\"text\/css\" data-created_by=\"avia_inline_auto\" id=\"style-css-av-av_heading-b7df5ea80a3cdb5a0a1b21e07fee4fb9\">\n#top .av-special-heading.av-av_heading-b7df5ea80a3cdb5a0a1b21e07fee4fb9{\npadding-bottom:10px;\ncolor:#ffffff;\n}\nbody .av-special-heading.av-av_heading-b7df5ea80a3cdb5a0a1b21e07fee4fb9 .av-special-heading-tag .heading-char{\nfont-size:25px;\n}\n.av-special-heading.av-av_heading-b7df5ea80a3cdb5a0a1b21e07fee4fb9 .special-heading-inner-border{\nborder-color:#ffffff;\n}\n.av-special-heading.av-av_heading-b7df5ea80a3cdb5a0a1b21e07fee4fb9 .av-subheading{\nfont-size:15px;\n}\n<\/style>\n<div  class='av-special-heading av-av_heading-b7df5ea80a3cdb5a0a1b21e07fee4fb9 av-special-heading-h2 custom-color-heading blockquote modern-quote modern-centered  avia-builder-el-1  el_before_av_textblock  avia-builder-el-first '><h2 class='av-special-heading-tag '  itemprop=\"headline\"  >INTERIORISME CL\u00c0SSIC<\/h2><div class=\"special-heading-border\"><div class=\"special-heading-inner-border\"><\/div><\/div><\/div><br \/>\n<section  class='av_textblock_section av-k5z3y11p-5913df5c5ea99a9ddd53785317f8233a '   itemscope=\"itemscope\" itemtype=\"https:\/\/schema.org\/CreativeWork\" ><div class='avia_textblock'  itemprop=\"text\" ><p><img decoding=\"async\" class=\"alignnone size-full wp-image-9977\" src=\"https:\/\/estudioromanelli.es\/wp-content\/uploads\/2020\/01\/pisos-estilo-clasico.jpg\" alt=\"\" width=\"1500\" height=\"1001\" srcset=\"https:\/\/estudioromanelli.es\/wp-content\/uploads\/2020\/01\/pisos-estilo-clasico.jpg 1500w, https:\/\/estudioromanelli.es\/wp-content\/uploads\/2020\/01\/pisos-estilo-clasico-300x200.jpg 300w, https:\/\/estudioromanelli.es\/wp-content\/uploads\/2020\/01\/pisos-estilo-clasico-1030x687.jpg 1030w, https:\/\/estudioromanelli.es\/wp-content\/uploads\/2020\/01\/pisos-estilo-clasico-768x513.jpg 768w, https:\/\/estudioromanelli.es\/wp-content\/uploads\/2020\/01\/pisos-estilo-clasico-705x470.jpg 705w\" sizes=\"(max-width: 1500px) 100vw, 1500px\" \/><\/p>\n<\/div><\/section><br \/>\n<section  class='av_textblock_section av-av_textblock-0366cc7376be6c9e82a3e9cc8987b64f '   itemscope=\"itemscope\" itemtype=\"https:\/\/schema.org\/CreativeWork\" ><div class='avia_textblock'  itemprop=\"text\" ><p>La <strong>decoraci\u00f3 cl\u00e0ssica<\/strong> es caracteritza pel gust al passat, i el mobiliari refinat i elegant. Els materials han de ser de qualitat, les fustes massisses i precioses. Es fa refer\u00e8ncia a \u00e8poques antigues i estils passats com el Liberty, el Victoriano o el Barroc.<\/p>\n<p>Aquest estil no t\u00e9 perqu\u00e8 ser un estil de luxe. Si se saben escollir les peces de mobiliari amb un cert gust podem aconseguir una decoraci\u00f3 cl\u00e0ssica sense elevar els costos per\u00f2 sempre mantenint una certa qualitat en els materials. Es pot moblar una casa en estil cl\u00e0ssic basant-se en peces d&#8217;antiquari, per\u00f2 si volem reduir els costos, podem escollir elements de <span class=\"enlaces-subrayado-color\"><strong><a class=\"enlaces-subrayado-color\" href=\"https:\/\/estudioromanelli.es\/caserveis\/decoracio\/\">decoraci\u00f3<\/a><\/strong><\/span> de nova producci\u00f3, creats sobre la base d&#8217;estils passats i realitzats amb t\u00e8cniques similars. La funcionalitat de les peces \u00e9s molt important com el gust i l&#8217;est\u00e8tica dels ambients en el seu conjunt.<\/p>\n<p><span class=\"enlaces-subrayado\"><strong>Elements de l&#8217;interiorisme d&#8217;estil cl\u00e0ssic<\/strong><\/span><\/p>\n<p>Els <strong>espais<\/strong> han de ser refinats, elegants, c\u00e0lids i familiars. Els <strong>colors<\/strong> neutres i els materials naturals. Les parets caldr\u00e0 pintar-les amb tonalitats clares i s\u00f2bries. Els s\u00f2ls seran de cer\u00e0mica, marbres o tarimes de fusta massissa brillant depenent de les estades en consideraci\u00f3.<\/p>\n<p>Pel que fa als <strong>mobles i objectes de decoraci\u00f3<\/strong> cal triar fustes massisses, ferro forjat, marbres, granits i vidres. Els mobles tindran un estil retro preferiblement de manufactura artesanal, els elements decoratius seran tradicionals i cal evitar reproduccions modernes de peces antigues. S&#8217;utilitza paper pintat amb motius florals o abstractes d&#8217;estil antic. Es poden afegir pintures decoratives tipus estucs, baixos relleus i motllures en sostres i parets. Cortinatge tipus vellutat i teixits pesats i que vesteixen els espais.<\/p>\n<p>Cal triar amb molt de gust els colors i \u00e9s fonamental la combinaci\u00f3 d&#8217;aquests per objectes decoratius. Cal inspirar-se en la hist\u00f2ria de la pintura, en la viles antigues o palauets hist\u00f2rics. Aquests \u00faltims seran d&#8217;inspiraci\u00f3 per a les idees de decoraci\u00f3. \u00c9s important l&#8217;\u00fas del color combinat, la llum dels ambients ia l&#8217;hora d&#8217;escollir els objectes de decoraci\u00f3 ens basarem en el gust personal de cada client.<\/p>\n<p><strong>Li agradaria saber m\u00e9s sobre els nostres serveis d&#8217;interiorisme? Contacti amb nosaltres. Estarem encantats d&#8217;ajudar.<\/strong><\/p>\n<p><span class=\"enlaces-subrayado-color\"><strong><a class=\"enlaces-subrayado-color\" href=\"https:\/\/estudioromanelli.es\/cacontacte\/\">Sol\u00b7liciti una visita amb Estudio Romanelli sense cap comprom\u00eds<\/a><\/strong><\/span><\/p>\n<p><span style=\"color: #ffffff;\">.<\/span><\/p>\n<\/div><\/section><\/p><\/div><section  class='av_textblock_section av-k5z3ybrv-a2ead6ebb9daf829cc4ab1a78494971d '   itemscope=\"itemscope\" itemtype=\"https:\/\/schema.org\/CreativeWork\" ><div class='avia_textblock'  itemprop=\"text\" ><p><img decoding=\"async\" class=\"alignnone size-full wp-image-9971\" src=\"https:\/\/estudioromanelli.es\/wp-content\/uploads\/2020\/01\/decoracion-estilo-clasico-barcelona.jpg\" alt=\"\" width=\"1500\" height=\"1000\" srcset=\"https:\/\/estudioromanelli.es\/wp-content\/uploads\/2020\/01\/decoracion-estilo-clasico-barcelona.jpg 1500w, https:\/\/estudioromanelli.es\/wp-content\/uploads\/2020\/01\/decoracion-estilo-clasico-barcelona-300x200.jpg 300w, https:\/\/estudioromanelli.es\/wp-content\/uploads\/2020\/01\/decoracion-estilo-clasico-barcelona-1030x687.jpg 1030w, https:\/\/estudioromanelli.es\/wp-content\/uploads\/2020\/01\/decoracion-estilo-clasico-barcelona-768x512.jpg 768w, https:\/\/estudioromanelli.es\/wp-content\/uploads\/2020\/01\/decoracion-estilo-clasico-barcelona-705x470.jpg 705w\" sizes=\"(max-width: 1500px) 100vw, 1500px\" \/><\/p>\n<\/div><\/section><\/p>\n<section  class='av_textblock_section av-k5z3ybrv-a2ead6ebb9daf829cc4ab1a78494971d '   itemscope=\"itemscope\" itemtype=\"https:\/\/schema.org\/CreativeWork\" ><div class='avia_textblock'  itemprop=\"text\" ><p><img decoding=\"async\" class=\"alignnone size-full wp-image-9968\" src=\"https:\/\/estudioromanelli.es\/wp-content\/uploads\/2020\/01\/casas-estilo-clasico.jpg\" alt=\"\" width=\"1500\" height=\"997\" srcset=\"https:\/\/estudioromanelli.es\/wp-content\/uploads\/2020\/01\/casas-estilo-clasico.jpg 1500w, https:\/\/estudioromanelli.es\/wp-content\/uploads\/2020\/01\/casas-estilo-clasico-300x199.jpg 300w, https:\/\/estudioromanelli.es\/wp-content\/uploads\/2020\/01\/casas-estilo-clasico-1030x685.jpg 1030w, https:\/\/estudioromanelli.es\/wp-content\/uploads\/2020\/01\/casas-estilo-clasico-768x510.jpg 768w, https:\/\/estudioromanelli.es\/wp-content\/uploads\/2020\/01\/casas-estilo-clasico-705x469.jpg 705w\" sizes=\"(max-width: 1500px) 100vw, 1500px\" \/><\/p>\n<\/div><\/section>\n<section  class='av_textblock_section av-k5z3ybrv-a2ead6ebb9daf829cc4ab1a78494971d '   itemscope=\"itemscope\" itemtype=\"https:\/\/schema.org\/CreativeWork\" ><div class='avia_textblock'  itemprop=\"text\" ><p><img decoding=\"async\" class=\"alignnone size-full wp-image-9974\" src=\"https:\/\/estudioromanelli.es\/wp-content\/uploads\/2020\/01\/interiorismo-estilo-clasico-barcelona.jpg\" alt=\"\" width=\"1500\" height=\"1000\" srcset=\"https:\/\/estudioromanelli.es\/wp-content\/uploads\/2020\/01\/interiorismo-estilo-clasico-barcelona.jpg 1500w, https:\/\/estudioromanelli.es\/wp-content\/uploads\/2020\/01\/interiorismo-estilo-clasico-barcelona-300x200.jpg 300w, https:\/\/estudioromanelli.es\/wp-content\/uploads\/2020\/01\/interiorismo-estilo-clasico-barcelona-1030x687.jpg 1030w, https:\/\/estudioromanelli.es\/wp-content\/uploads\/2020\/01\/interiorismo-estilo-clasico-barcelona-768x512.jpg 768w, https:\/\/estudioromanelli.es\/wp-content\/uploads\/2020\/01\/interiorismo-estilo-clasico-barcelona-705x470.jpg 705w\" sizes=\"(max-width: 1500px) 100vw, 1500px\" \/><\/p>\n<\/div><\/section>\n","protected":false},"excerpt":{"rendered":"","protected":false},"author":1,"featured_media":0,"parent":4162,"menu_order":0,"comment_status":"closed","ping_status":"closed","template":"","meta":{"footnotes":""},"categories":[],"tags":[],"class_list":["post-4163","page","type-page","status-publish","hentry"],"yoast_head":"<!-- This site is optimized with the Yoast SEO plugin v26.8 - https:\/\/yoast.com\/product\/yoast-seo-wordpress\/ -->\n<title>Projectes d&#039;interiorisme d&#039;estil cl\u00e0ssic<\/title>\n<meta name=\"description\" content=\"Buscant un interiorista d&#039;estil cl\u00e0ssic? Descobreixi tot el que l&#039;expert equip de professionals de Estudio Romanelli pot fer per vost\u00e8.\" \/>\n<meta name=\"robots\" content=\"index, follow, max-snippet:-1, max-image-preview:large, max-video-preview:-1\" \/>\n<link rel=\"canonical\" href=\"https:\/\/estudioromanelli.es\/ca\/estudi\/estils\/estil-classic\" \/>\n<meta property=\"og:locale\" content=\"ca_ES\" \/>\n<meta property=\"og:type\" content=\"article\" \/>\n<meta property=\"og:title\" content=\"Projectes d&#039;interiorisme d&#039;estil cl\u00e0ssic\" \/>\n<meta property=\"og:description\" content=\"Buscant un interiorista d&#039;estil cl\u00e0ssic? Descobreixi tot el que l&#039;expert equip de professionals de Estudio Romanelli pot fer per vost\u00e8.\" \/>\n<meta property=\"og:url\" content=\"https:\/\/estudioromanelli.es\/ca\/estudi\/estils\/estil-classic\" \/>\n<meta property=\"og:site_name\" content=\"Estudi d&#039;Interiorisme i Arquitectura a Barcelona\" \/>\n<meta property=\"article:modified_time\" content=\"2020-01-29T09:29:49+00:00\" \/>\n<meta property=\"og:image\" content=\"https:\/\/estudioromanelli.es\/wp-content\/uploads\/2020\/01\/pisos-estilo-clasico.jpg\" \/>\n<meta name=\"twitter:card\" content=\"summary_large_image\" \/>\n<meta name=\"twitter:label1\" content=\"Est. reading time\" \/>\n\t<meta name=\"twitter:data1\" content=\"3 minutes\" \/>\n<script type=\"application\/ld+json\" class=\"yoast-schema-graph\">{\"@context\":\"https:\/\/schema.org\",\"@graph\":[{\"@type\":\"WebPage\",\"@id\":\"https:\/\/estudioromanelli.es\/ca\/estudi\/estils\/estil-classic\",\"url\":\"https:\/\/estudioromanelli.es\/ca\/estudi\/estils\/estil-classic\",\"name\":\"Projectes d'interiorisme d'estil cl\u00e0ssic\",\"isPartOf\":{\"@id\":\"https:\/\/estudioromanelli.es\/ca#website\"},\"primaryImageOfPage\":{\"@id\":\"https:\/\/estudioromanelli.es\/ca\/estudi\/estils\/estil-classic#primaryimage\"},\"image\":{\"@id\":\"https:\/\/estudioromanelli.es\/ca\/estudi\/estils\/estil-classic#primaryimage\"},\"thumbnailUrl\":\"https:\/\/estudioromanelli.es\/wp-content\/uploads\/2020\/01\/pisos-estilo-clasico.jpg\",\"datePublished\":\"2015-09-23T12:04:00+00:00\",\"dateModified\":\"2020-01-29T09:29:49+00:00\",\"description\":\"Buscant un interiorista d'estil cl\u00e0ssic? Descobreixi tot el que l'expert equip de professionals de Estudio Romanelli pot fer per vost\u00e8.\",\"breadcrumb\":{\"@id\":\"https:\/\/estudioromanelli.es\/ca\/estudi\/estils\/estil-classic#breadcrumb\"},\"inLanguage\":\"ca-ES\",\"potentialAction\":[{\"@type\":\"ReadAction\",\"target\":[\"https:\/\/estudioromanelli.es\/ca\/estudi\/estils\/estil-classic\"]}]},{\"@type\":\"ImageObject\",\"inLanguage\":\"ca-ES\",\"@id\":\"https:\/\/estudioromanelli.es\/ca\/estudi\/estils\/estil-classic#primaryimage\",\"url\":\"https:\/\/estudioromanelli.es\/wp-content\/uploads\/2020\/01\/pisos-estilo-clasico.jpg\",\"contentUrl\":\"https:\/\/estudioromanelli.es\/wp-content\/uploads\/2020\/01\/pisos-estilo-clasico.jpg\"},{\"@type\":\"BreadcrumbList\",\"@id\":\"https:\/\/estudioromanelli.es\/ca\/estudi\/estils\/estil-classic#breadcrumb\",\"itemListElement\":[{\"@type\":\"ListItem\",\"position\":1,\"name\":\"LF24\",\"item\":\"https:\/\/estudioromanelli.es\/ca\/home\"},{\"@type\":\"ListItem\",\"position\":2,\"name\":\"Estudi\",\"item\":\"https:\/\/estudioromanelli.es\/ca\/estudi\"},{\"@type\":\"ListItem\",\"position\":3,\"name\":\"ESTILS\",\"item\":\"https:\/\/estudioromanelli.es\/ca\/estudi\/estils\"},{\"@type\":\"ListItem\",\"position\":4,\"name\":\"ESTIL CL\u00c0SSIC\"}]},{\"@type\":\"WebSite\",\"@id\":\"https:\/\/estudioromanelli.es\/ca#website\",\"url\":\"https:\/\/estudioromanelli.es\/ca\",\"name\":\"Estudi d&#039;Interiorisme i Arquitectura a Barcelona\",\"description\":\"Estudio Romanelli\",\"potentialAction\":[{\"@type\":\"SearchAction\",\"target\":{\"@type\":\"EntryPoint\",\"urlTemplate\":\"https:\/\/estudioromanelli.es\/ca?s={search_term_string}\"},\"query-input\":{\"@type\":\"PropertyValueSpecification\",\"valueRequired\":true,\"valueName\":\"search_term_string\"}}],\"inLanguage\":\"ca-ES\"}]}<\/script>\n<!-- \/ Yoast SEO plugin. -->","yoast_head_json":{"title":"Projectes d'interiorisme d'estil cl\u00e0ssic","description":"Buscant un interiorista d'estil cl\u00e0ssic? Descobreixi tot el que l'expert equip de professionals de Estudio Romanelli pot fer per vost\u00e8.","robots":{"index":"index","follow":"follow","max-snippet":"max-snippet:-1","max-image-preview":"max-image-preview:large","max-video-preview":"max-video-preview:-1"},"canonical":"https:\/\/estudioromanelli.es\/ca\/estudi\/estils\/estil-classic","og_locale":"ca_ES","og_type":"article","og_title":"Projectes d'interiorisme d'estil cl\u00e0ssic","og_description":"Buscant un interiorista d'estil cl\u00e0ssic? Descobreixi tot el que l'expert equip de professionals de Estudio Romanelli pot fer per vost\u00e8.","og_url":"https:\/\/estudioromanelli.es\/ca\/estudi\/estils\/estil-classic","og_site_name":"Estudi d&#039;Interiorisme i Arquitectura a Barcelona","article_modified_time":"2020-01-29T09:29:49+00:00","og_image":[{"url":"https:\/\/estudioromanelli.es\/wp-content\/uploads\/2020\/01\/pisos-estilo-clasico.jpg","type":"","width":"","height":""}],"twitter_card":"summary_large_image","twitter_misc":{"Est. reading time":"3 minutes"},"schema":{"@context":"https:\/\/schema.org","@graph":[{"@type":"WebPage","@id":"https:\/\/estudioromanelli.es\/ca\/estudi\/estils\/estil-classic","url":"https:\/\/estudioromanelli.es\/ca\/estudi\/estils\/estil-classic","name":"Projectes d'interiorisme d'estil cl\u00e0ssic","isPartOf":{"@id":"https:\/\/estudioromanelli.es\/ca#website"},"primaryImageOfPage":{"@id":"https:\/\/estudioromanelli.es\/ca\/estudi\/estils\/estil-classic#primaryimage"},"image":{"@id":"https:\/\/estudioromanelli.es\/ca\/estudi\/estils\/estil-classic#primaryimage"},"thumbnailUrl":"https:\/\/estudioromanelli.es\/wp-content\/uploads\/2020\/01\/pisos-estilo-clasico.jpg","datePublished":"2015-09-23T12:04:00+00:00","dateModified":"2020-01-29T09:29:49+00:00","description":"Buscant un interiorista d'estil cl\u00e0ssic? Descobreixi tot el que l'expert equip de professionals de Estudio Romanelli pot fer per vost\u00e8.","breadcrumb":{"@id":"https:\/\/estudioromanelli.es\/ca\/estudi\/estils\/estil-classic#breadcrumb"},"inLanguage":"ca-ES","potentialAction":[{"@type":"ReadAction","target":["https:\/\/estudioromanelli.es\/ca\/estudi\/estils\/estil-classic"]}]},{"@type":"ImageObject","inLanguage":"ca-ES","@id":"https:\/\/estudioromanelli.es\/ca\/estudi\/estils\/estil-classic#primaryimage","url":"https:\/\/estudioromanelli.es\/wp-content\/uploads\/2020\/01\/pisos-estilo-clasico.jpg","contentUrl":"https:\/\/estudioromanelli.es\/wp-content\/uploads\/2020\/01\/pisos-estilo-clasico.jpg"},{"@type":"BreadcrumbList","@id":"https:\/\/estudioromanelli.es\/ca\/estudi\/estils\/estil-classic#breadcrumb","itemListElement":[{"@type":"ListItem","position":1,"name":"LF24","item":"https:\/\/estudioromanelli.es\/ca\/home"},{"@type":"ListItem","position":2,"name":"Estudi","item":"https:\/\/estudioromanelli.es\/ca\/estudi"},{"@type":"ListItem","position":3,"name":"ESTILS","item":"https:\/\/estudioromanelli.es\/ca\/estudi\/estils"},{"@type":"ListItem","position":4,"name":"ESTIL CL\u00c0SSIC"}]},{"@type":"WebSite","@id":"https:\/\/estudioromanelli.es\/ca#website","url":"https:\/\/estudioromanelli.es\/ca","name":"Estudi d&#039;Interiorisme i Arquitectura a Barcelona","description":"Estudio Romanelli","potentialAction":[{"@type":"SearchAction","target":{"@type":"EntryPoint","urlTemplate":"https:\/\/estudioromanelli.es\/ca?s={search_term_string}"},"query-input":{"@type":"PropertyValueSpecification","valueRequired":true,"valueName":"search_term_string"}}],"inLanguage":"ca-ES"}]}},"_links":{"self":[{"href":"https:\/\/estudioromanelli.es\/ca\/wp-json\/wp\/v2\/pages\/4163","targetHints":{"allow":["GET"]}}],"collection":[{"href":"https:\/\/estudioromanelli.es\/ca\/wp-json\/wp\/v2\/pages"}],"about":[{"href":"https:\/\/estudioromanelli.es\/ca\/wp-json\/wp\/v2\/types\/page"}],"author":[{"embeddable":true,"href":"https:\/\/estudioromanelli.es\/ca\/wp-json\/wp\/v2\/users\/1"}],"replies":[{"embeddable":true,"href":"https:\/\/estudioromanelli.es\/ca\/wp-json\/wp\/v2\/comments?post=4163"}],"version-history":[{"count":0,"href":"https:\/\/estudioromanelli.es\/ca\/wp-json\/wp\/v2\/pages\/4163\/revisions"}],"up":[{"embeddable":true,"href":"https:\/\/estudioromanelli.es\/ca\/wp-json\/wp\/v2\/pages\/4162"}],"wp:attachment":[{"href":"https:\/\/estudioromanelli.es\/ca\/wp-json\/wp\/v2\/media?parent=4163"}],"wp:term":[{"taxonomy":"category","embeddable":true,"href":"https:\/\/estudioromanelli.es\/ca\/wp-json\/wp\/v2\/categories?post=4163"},{"taxonomy":"post_tag","embeddable":true,"href":"https:\/\/estudioromanelli.es\/ca\/wp-json\/wp\/v2\/tags?post=4163"}],"curies":[{"name":"wp","href":"https:\/\/api.w.org\/{rel}","templated":true}]}}