{"id":4162,"date":"2015-09-23T12:04:18","date_gmt":"2015-09-23T12:04:18","guid":{"rendered":"https:\/\/estudioromanelli.es\/?page_id=4162&#038;lang=ca"},"modified":"2020-01-28T16:52:40","modified_gmt":"2020-01-28T16:52:40","slug":"estils","status":"publish","type":"page","link":"https:\/\/estudioromanelli.es\/ca\/estudi\/estils","title":{"rendered":"Estils"},"content":{"rendered":"\n<style type=\"text\/css\" data-created_by=\"avia_inline_auto\" id=\"style-css-av-av_one_full-352b07ef7d3bc99b2e9f92e7a9e06bdb\">\n.flex_column.av-av_one_full-352b07ef7d3bc99b2e9f92e7a9e06bdb{\nborder-radius:0px 0px 0px 0px;\npadding:0px 0px 0px 0px;\n}\n<\/style>\n<div  class='flex_column av-av_one_full-352b07ef7d3bc99b2e9f92e7a9e06bdb av_one_full  avia-builder-el-0  el_before_av_textblock  avia-builder-el-first  first flex_column_div av-zero-column-padding  '     ><p>\n<style type=\"text\/css\" data-created_by=\"avia_inline_auto\" id=\"style-css-av-av_heading-3588377d495dbdf069dd76648fc19921\">\n#top .av-special-heading.av-av_heading-3588377d495dbdf069dd76648fc19921{\npadding-bottom:10px;\ncolor:#ffffff;\n}\nbody .av-special-heading.av-av_heading-3588377d495dbdf069dd76648fc19921 .av-special-heading-tag .heading-char{\nfont-size:25px;\n}\n.av-special-heading.av-av_heading-3588377d495dbdf069dd76648fc19921 .special-heading-inner-border{\nborder-color:#ffffff;\n}\n.av-special-heading.av-av_heading-3588377d495dbdf069dd76648fc19921 .av-subheading{\nfont-size:15px;\n}\n<\/style>\n<div  class='av-special-heading av-av_heading-3588377d495dbdf069dd76648fc19921 av-special-heading-h2 custom-color-heading blockquote modern-quote modern-centered  avia-builder-el-1  el_before_av_textblock  avia-builder-el-first '><h2 class='av-special-heading-tag '  itemprop=\"headline\"  >ESTILS DE DECORACI\u00d3<\/h2><div class=\"special-heading-border\"><div class=\"special-heading-inner-border\"><\/div><\/div><\/div><br \/>\n<section  class='av_textblock_section av-k5y4c96v-b8514c9a5f4f9808a0759dde79d4fc24 '   itemscope=\"itemscope\" itemtype=\"https:\/\/schema.org\/CreativeWork\" ><div class='avia_textblock'  itemprop=\"text\" ><p><img decoding=\"async\" class=\"alignnone wp-image-9951 size-full\" src=\"https:\/\/estudioromanelli.es\/wp-content\/uploads\/2020\/01\/estilos-interiorismo-barcelona.jpg\" alt=\"\" width=\"1500\" height=\"735\" srcset=\"https:\/\/estudioromanelli.es\/wp-content\/uploads\/2020\/01\/estilos-interiorismo-barcelona.jpg 1500w, https:\/\/estudioromanelli.es\/wp-content\/uploads\/2020\/01\/estilos-interiorismo-barcelona-300x147.jpg 300w, https:\/\/estudioromanelli.es\/wp-content\/uploads\/2020\/01\/estilos-interiorismo-barcelona-1030x505.jpg 1030w, https:\/\/estudioromanelli.es\/wp-content\/uploads\/2020\/01\/estilos-interiorismo-barcelona-768x376.jpg 768w, https:\/\/estudioromanelli.es\/wp-content\/uploads\/2020\/01\/estilos-interiorismo-barcelona-705x345.jpg 705w\" sizes=\"(max-width: 1500px) 100vw, 1500px\" \/><\/p>\n<\/div><\/section><br \/>\n<section  class='av_textblock_section av-av_textblock-0366cc7376be6c9e82a3e9cc8987b64f '   itemscope=\"itemscope\" itemtype=\"https:\/\/schema.org\/CreativeWork\" ><div class='avia_textblock'  itemprop=\"text\" ><p>El nostre estudi es distingeix per la capacitat dels nostres arquitectes i interioristes d&#8217;adaptar a l&#8217;estil propi del client. No som un despatx amb un estil \u00fanic en el qual el client s&#8217;ha d&#8217;adaptar, si no tot el contrari. Tenim un m\u00e8tode i una mentalitat molt obertes, i som capa\u00e7os d&#8217;adaptar el nostre estil a qu\u00e8 busca el nostre client.<\/p>\n<p>A la primera visita amb el client \u00e9s important <strong>definir l&#8217;estil base del projecte<\/strong> i, en el cas el client no ho tingui clar, els professionals que componen Estudio Romanelli els guiaran per triar l&#8217;estil que m\u00e9s s&#8217;adapta a la seva personalitat. Sabem que l&#8217;estil \u00e9s una cosa molt personal, per aix\u00f2 necessitem con\u00e8ixer l&#8217;usuari per proposar el projecte mes acord als seus gustos.<\/p>\n<p>Hem seleccionat diversos estils i exemples diferents perqu\u00e8 els nostres clients puguin escollir entre les <strong>idees de decoraci\u00f3<\/strong> i poder treballar i desenvolupar el projecte amb la seguretat d&#8217;encertar en el gust de l&#8217;usuari. A m\u00e9s estem oberts a qualsevol proposta per part del client, cada nova idea \u00e9s un repte que afrontarem amb passi\u00f3 i dedicaci\u00f3.<\/p>\n<p><strong>L&#8217;estil de cada projecte<\/strong> es tradueix en peces de mobiliari i objectes de decoraci\u00f3 basats en el gust per les coses belles.<\/p>\n<p>Cada membre del nostre equip comparteix en cada proc\u00e9s del projecte l&#8217;amor per l&#8217;est\u00e8tica. Tenim un profund coneixement dels materials i les t\u00e8cniques. A m\u00e9s l&#8217;efici\u00e8ncia en la gesti\u00f3 de projectes ens permet controlar els temps de lliurament i el pressupost.<\/p>\n<p>A\u00a0Estudio Romanelli som capa\u00e7os de trobar la millor soluci\u00f3 i de realitzar qualsevol tipus de projecte ja sigui aquest d&#8217;arquitectura, interiorisme o decoraci\u00f3, sigui quin sigui el gust personal del client, l&#8217;estil, la forma de viure o de treballar i independentment la dimensi\u00f3 del espai.<\/p>\n<p><strong>Aquests s\u00f3n els principals estils de decoraci\u00f3 que es solen treballar en Estudio Romanelli:<\/strong><\/p>\n<p>&#8211; <span class=\"enlaces-subrayado-color\"><strong><a class=\"enlaces-subrayado-color\" href=\"https:\/\/estudioromanelli.es\/caestudi\/estils\/estil-classic\/\">Decoraci\u00f3 Cl\u00e0ssica<\/a><\/strong><\/span>: Mobles antics i antiguitats, ambients refinats, elegants, c\u00e0lids i familiars. Colors sobris i tonalitats clares.<\/p>\n<p>&#8211; <span class=\"enlaces-subrayado-color\"><strong><a class=\"enlaces-subrayado-color\" href=\"https:\/\/estudioromanelli.es\/caestudi\/estils\/estil-modern\/\">Decoraci\u00f3 moderna<\/a><\/strong><\/span>: Mobles de disseny, materials sint\u00e8tics i tecnol\u00f2gics, l\u00ednia pures, netes i simples. Colors neutres. Espais lluminosos.<\/p>\n<p>&#8211; <span class=\"enlaces-subrayado-color\"><strong><a class=\"enlaces-subrayado-color\" href=\"https:\/\/estudioromanelli.es\/caestudi\/estils\/estil-contemporani\">Decoraci\u00f3 Contempor\u00e0nia<\/a><\/strong><\/span>: Mobles moderns, elements funcionals, simples i vers\u00e0tils. \u00das de les ultimes tecnologies com la dom\u00f2tica. Important ocupaci\u00f3 de la il\u00b7luminaci\u00f3 artificial.<\/p>\n<p>&#8211; <span class=\"enlaces-subrayado-color\"><strong><a class=\"enlaces-subrayado-color\" href=\"https:\/\/estudioromanelli.es\/caestudi\/estils\/estil-minimalista\/\">Decoraci\u00f3 Minimalista<\/a><\/strong><\/span>: Espais rigorosos i geom\u00e8trics per\u00f2 elegants i funcionals. S&#8217;elimina qualsevol exc\u00e9s. S&#8217;evoca la puresa de l&#8217;essencial en colors i formes.<\/p>\n<p>&#8211; <span class=\"enlaces-subrayado\"><strong><span class=\"enlaces-color\"><a class=\"enlaces-subrayado-color\" href=\"https:\/\/estudioromanelli.es\/caestudi\/estils\/estil-rustic\/\">Decoraci\u00f3 R\u00fastica<\/a><\/span><\/strong><\/span>: Ambients acollidors, rom\u00e0ntics i relaxats t\u00edpics de les cases de camp. Important \u00fas de la fusta i elements naturals. Elements decoratius artesanals.<\/p>\n<p>&#8211; <strong><span class=\"enlaces-subrayado\"><span class=\"enlaces-color\"><a class=\"enlaces-subrayado-color\" href=\"https:\/\/estudioromanelli.es\/caestudi\/estils\/estil-vintage\/\">Decoraci\u00f3 Vintage<\/a><\/span><\/span><\/strong>: Mobles i elements decoratius t\u00edpics de la dedada dels 50 &#8216;si 60&#8217; s. Dissenys geom\u00e8trics i florals. \u00das d&#8217;estampats i papers pintats. Colors past\u00eds o clars. Objectes retro.<\/p>\n<p>&#8211; <strong><span class=\"enlaces-subrayado\"><span class=\"enlaces-color\"><a class=\"enlaces-subrayado-color\" href=\"https:\/\/estudioromanelli.es\/caestudi\/estils\/estil-eclectic\/\">Decoraci\u00f3 Ecl\u00e8ctica<\/a><\/span><\/span><\/strong>: Mescles d&#8217;estils diferents, objectes de decoraci\u00f3 d&#8217;origen variat i combinaci\u00f3 d&#8217;elements d&#8217;\u00e8poques diferents. Estil molt personal per\u00f2 amb combinacions molt calculades.<\/p>\n<p><span class=\"enlaces-subrayado-color\"><strong><a class=\"enlaces-subrayado-color\" href=\"https:\/\/estudioromanelli.es\/cacontacte\/\">Contacti amb nosaltres i demani el seu pressupost gratu\u00eft sense cap comprom\u00eds<\/a><\/strong><\/span><\/p>\n<p><span style=\"color: #ffffff;\">.<\/span><\/p>\n<\/div><\/section><\/p><\/div><section  class='av_textblock_section av-k5y4co31-003204ffc6673c22bd4b285f20c957a9 '   itemscope=\"itemscope\" itemtype=\"https:\/\/schema.org\/CreativeWork\" ><div class='avia_textblock'  itemprop=\"text\" ><p><img decoding=\"async\" class=\"alignnone wp-image-9948 size-full\" src=\"https:\/\/estudioromanelli.es\/wp-content\/uploads\/2020\/01\/estilos-decoracion-barcelona.jpg\" alt=\"\" width=\"1500\" height=\"735\" srcset=\"https:\/\/estudioromanelli.es\/wp-content\/uploads\/2020\/01\/estilos-decoracion-barcelona.jpg 1500w, https:\/\/estudioromanelli.es\/wp-content\/uploads\/2020\/01\/estilos-decoracion-barcelona-300x147.jpg 300w, https:\/\/estudioromanelli.es\/wp-content\/uploads\/2020\/01\/estilos-decoracion-barcelona-1030x505.jpg 1030w, https:\/\/estudioromanelli.es\/wp-content\/uploads\/2020\/01\/estilos-decoracion-barcelona-768x376.jpg 768w, https:\/\/estudioromanelli.es\/wp-content\/uploads\/2020\/01\/estilos-decoracion-barcelona-705x345.jpg 705w\" sizes=\"(max-width: 1500px) 100vw, 1500px\" \/><\/p>\n<\/div><\/section><\/p>\n","protected":false},"excerpt":{"rendered":"","protected":false},"author":1,"featured_media":0,"parent":4153,"menu_order":0,"comment_status":"closed","ping_status":"closed","template":"","meta":{"footnotes":""},"categories":[],"tags":[],"class_list":["post-4162","page","type-page","status-publish","hentry"],"yoast_head":"<!-- This site is optimized with the Yoast SEO plugin v26.8 - https:\/\/yoast.com\/product\/yoast-seo-wordpress\/ -->\n<title>Estils d&#039;arquitectura i interiorisme<\/title>\n<meta name=\"description\" content=\"El nostre estudi d&#039;interiorisme es distingeix per la capacitat dels nostres arquitectes i interioristes d&#039;adaptar a l&#039;estil propi del client.\" \/>\n<meta name=\"robots\" content=\"index, follow, max-snippet:-1, max-image-preview:large, max-video-preview:-1\" \/>\n<link rel=\"canonical\" href=\"https:\/\/estudioromanelli.es\/ca\/estudi\/estils\" \/>\n<meta property=\"og:locale\" content=\"ca_ES\" \/>\n<meta property=\"og:type\" content=\"article\" \/>\n<meta property=\"og:title\" content=\"Estils d&#039;arquitectura i interiorisme\" \/>\n<meta property=\"og:description\" content=\"El nostre estudi d&#039;interiorisme es distingeix per la capacitat dels nostres arquitectes i interioristes d&#039;adaptar a l&#039;estil propi del client.\" \/>\n<meta property=\"og:url\" content=\"https:\/\/estudioromanelli.es\/ca\/estudi\/estils\" \/>\n<meta property=\"og:site_name\" content=\"Estudi d&#039;Interiorisme i Arquitectura a Barcelona\" \/>\n<meta property=\"article:modified_time\" content=\"2020-01-28T16:52:40+00:00\" \/>\n<meta property=\"og:image\" content=\"https:\/\/estudioromanelli.es\/wp-content\/uploads\/2020\/01\/estilos-interiorismo-barcelona.jpg\" \/>\n<meta name=\"twitter:card\" content=\"summary_large_image\" \/>\n<meta name=\"twitter:label1\" content=\"Est. reading time\" \/>\n\t<meta name=\"twitter:data1\" content=\"4 minutes\" \/>\n<script type=\"application\/ld+json\" class=\"yoast-schema-graph\">{\"@context\":\"https:\/\/schema.org\",\"@graph\":[{\"@type\":\"WebPage\",\"@id\":\"https:\/\/estudioromanelli.es\/ca\/estudi\/estils\",\"url\":\"https:\/\/estudioromanelli.es\/ca\/estudi\/estils\",\"name\":\"Estils d'arquitectura i interiorisme\",\"isPartOf\":{\"@id\":\"https:\/\/estudioromanelli.es\/ca#website\"},\"primaryImageOfPage\":{\"@id\":\"https:\/\/estudioromanelli.es\/ca\/estudi\/estils#primaryimage\"},\"image\":{\"@id\":\"https:\/\/estudioromanelli.es\/ca\/estudi\/estils#primaryimage\"},\"thumbnailUrl\":\"https:\/\/estudioromanelli.es\/wp-content\/uploads\/2020\/01\/estilos-interiorismo-barcelona.jpg\",\"datePublished\":\"2015-09-23T12:04:18+00:00\",\"dateModified\":\"2020-01-28T16:52:40+00:00\",\"description\":\"El nostre estudi d'interiorisme es distingeix per la capacitat dels nostres arquitectes i interioristes d'adaptar a l'estil propi del client.\",\"breadcrumb\":{\"@id\":\"https:\/\/estudioromanelli.es\/ca\/estudi\/estils#breadcrumb\"},\"inLanguage\":\"ca-ES\",\"potentialAction\":[{\"@type\":\"ReadAction\",\"target\":[\"https:\/\/estudioromanelli.es\/ca\/estudi\/estils\"]}]},{\"@type\":\"ImageObject\",\"inLanguage\":\"ca-ES\",\"@id\":\"https:\/\/estudioromanelli.es\/ca\/estudi\/estils#primaryimage\",\"url\":\"https:\/\/estudioromanelli.es\/wp-content\/uploads\/2020\/01\/estilos-interiorismo-barcelona.jpg\",\"contentUrl\":\"https:\/\/estudioromanelli.es\/wp-content\/uploads\/2020\/01\/estilos-interiorismo-barcelona.jpg\"},{\"@type\":\"BreadcrumbList\",\"@id\":\"https:\/\/estudioromanelli.es\/ca\/estudi\/estils#breadcrumb\",\"itemListElement\":[{\"@type\":\"ListItem\",\"position\":1,\"name\":\"LF24\",\"item\":\"https:\/\/estudioromanelli.es\/ca\/home\"},{\"@type\":\"ListItem\",\"position\":2,\"name\":\"Estudi\",\"item\":\"https:\/\/estudioromanelli.es\/ca\/estudi\"},{\"@type\":\"ListItem\",\"position\":3,\"name\":\"ESTILS\"}]},{\"@type\":\"WebSite\",\"@id\":\"https:\/\/estudioromanelli.es\/ca#website\",\"url\":\"https:\/\/estudioromanelli.es\/ca\",\"name\":\"Estudi d&#039;Interiorisme i Arquitectura a Barcelona\",\"description\":\"Estudio Romanelli\",\"potentialAction\":[{\"@type\":\"SearchAction\",\"target\":{\"@type\":\"EntryPoint\",\"urlTemplate\":\"https:\/\/estudioromanelli.es\/ca?s={search_term_string}\"},\"query-input\":{\"@type\":\"PropertyValueSpecification\",\"valueRequired\":true,\"valueName\":\"search_term_string\"}}],\"inLanguage\":\"ca-ES\"}]}<\/script>\n<!-- \/ Yoast SEO plugin. -->","yoast_head_json":{"title":"Estils d'arquitectura i interiorisme","description":"El nostre estudi d'interiorisme es distingeix per la capacitat dels nostres arquitectes i interioristes d'adaptar a l'estil propi del client.","robots":{"index":"index","follow":"follow","max-snippet":"max-snippet:-1","max-image-preview":"max-image-preview:large","max-video-preview":"max-video-preview:-1"},"canonical":"https:\/\/estudioromanelli.es\/ca\/estudi\/estils","og_locale":"ca_ES","og_type":"article","og_title":"Estils d'arquitectura i interiorisme","og_description":"El nostre estudi d'interiorisme es distingeix per la capacitat dels nostres arquitectes i interioristes d'adaptar a l'estil propi del client.","og_url":"https:\/\/estudioromanelli.es\/ca\/estudi\/estils","og_site_name":"Estudi d&#039;Interiorisme i Arquitectura a Barcelona","article_modified_time":"2020-01-28T16:52:40+00:00","og_image":[{"url":"https:\/\/estudioromanelli.es\/wp-content\/uploads\/2020\/01\/estilos-interiorismo-barcelona.jpg","type":"","width":"","height":""}],"twitter_card":"summary_large_image","twitter_misc":{"Est. reading time":"4 minutes"},"schema":{"@context":"https:\/\/schema.org","@graph":[{"@type":"WebPage","@id":"https:\/\/estudioromanelli.es\/ca\/estudi\/estils","url":"https:\/\/estudioromanelli.es\/ca\/estudi\/estils","name":"Estils d'arquitectura i interiorisme","isPartOf":{"@id":"https:\/\/estudioromanelli.es\/ca#website"},"primaryImageOfPage":{"@id":"https:\/\/estudioromanelli.es\/ca\/estudi\/estils#primaryimage"},"image":{"@id":"https:\/\/estudioromanelli.es\/ca\/estudi\/estils#primaryimage"},"thumbnailUrl":"https:\/\/estudioromanelli.es\/wp-content\/uploads\/2020\/01\/estilos-interiorismo-barcelona.jpg","datePublished":"2015-09-23T12:04:18+00:00","dateModified":"2020-01-28T16:52:40+00:00","description":"El nostre estudi d'interiorisme es distingeix per la capacitat dels nostres arquitectes i interioristes d'adaptar a l'estil propi del client.","breadcrumb":{"@id":"https:\/\/estudioromanelli.es\/ca\/estudi\/estils#breadcrumb"},"inLanguage":"ca-ES","potentialAction":[{"@type":"ReadAction","target":["https:\/\/estudioromanelli.es\/ca\/estudi\/estils"]}]},{"@type":"ImageObject","inLanguage":"ca-ES","@id":"https:\/\/estudioromanelli.es\/ca\/estudi\/estils#primaryimage","url":"https:\/\/estudioromanelli.es\/wp-content\/uploads\/2020\/01\/estilos-interiorismo-barcelona.jpg","contentUrl":"https:\/\/estudioromanelli.es\/wp-content\/uploads\/2020\/01\/estilos-interiorismo-barcelona.jpg"},{"@type":"BreadcrumbList","@id":"https:\/\/estudioromanelli.es\/ca\/estudi\/estils#breadcrumb","itemListElement":[{"@type":"ListItem","position":1,"name":"LF24","item":"https:\/\/estudioromanelli.es\/ca\/home"},{"@type":"ListItem","position":2,"name":"Estudi","item":"https:\/\/estudioromanelli.es\/ca\/estudi"},{"@type":"ListItem","position":3,"name":"ESTILS"}]},{"@type":"WebSite","@id":"https:\/\/estudioromanelli.es\/ca#website","url":"https:\/\/estudioromanelli.es\/ca","name":"Estudi d&#039;Interiorisme i Arquitectura a Barcelona","description":"Estudio Romanelli","potentialAction":[{"@type":"SearchAction","target":{"@type":"EntryPoint","urlTemplate":"https:\/\/estudioromanelli.es\/ca?s={search_term_string}"},"query-input":{"@type":"PropertyValueSpecification","valueRequired":true,"valueName":"search_term_string"}}],"inLanguage":"ca-ES"}]}},"_links":{"self":[{"href":"https:\/\/estudioromanelli.es\/ca\/wp-json\/wp\/v2\/pages\/4162","targetHints":{"allow":["GET"]}}],"collection":[{"href":"https:\/\/estudioromanelli.es\/ca\/wp-json\/wp\/v2\/pages"}],"about":[{"href":"https:\/\/estudioromanelli.es\/ca\/wp-json\/wp\/v2\/types\/page"}],"author":[{"embeddable":true,"href":"https:\/\/estudioromanelli.es\/ca\/wp-json\/wp\/v2\/users\/1"}],"replies":[{"embeddable":true,"href":"https:\/\/estudioromanelli.es\/ca\/wp-json\/wp\/v2\/comments?post=4162"}],"version-history":[{"count":0,"href":"https:\/\/estudioromanelli.es\/ca\/wp-json\/wp\/v2\/pages\/4162\/revisions"}],"up":[{"embeddable":true,"href":"https:\/\/estudioromanelli.es\/ca\/wp-json\/wp\/v2\/pages\/4153"}],"wp:attachment":[{"href":"https:\/\/estudioromanelli.es\/ca\/wp-json\/wp\/v2\/media?parent=4162"}],"wp:term":[{"taxonomy":"category","embeddable":true,"href":"https:\/\/estudioromanelli.es\/ca\/wp-json\/wp\/v2\/categories?post=4162"},{"taxonomy":"post_tag","embeddable":true,"href":"https:\/\/estudioromanelli.es\/ca\/wp-json\/wp\/v2\/tags?post=4162"}],"curies":[{"name":"wp","href":"https:\/\/api.w.org\/{rel}","templated":true}]}}