{"id":4161,"date":"2015-09-23T12:04:22","date_gmt":"2015-09-23T12:04:22","guid":{"rendered":"https:\/\/estudioromanelli.es\/?page_id=4161&#038;lang=ca"},"modified":"2024-06-06T09:59:31","modified_gmt":"2024-06-06T09:59:31","slug":"metode","status":"publish","type":"page","link":"https:\/\/estudioromanelli.es\/ca\/estudi\/com-treballem\/metode","title":{"rendered":"M\u00e8tode"},"content":{"rendered":"\n<style type=\"text\/css\" data-created_by=\"avia_inline_auto\" id=\"style-css-av-av_one_full-352b07ef7d3bc99b2e9f92e7a9e06bdb\">\n.flex_column.av-av_one_full-352b07ef7d3bc99b2e9f92e7a9e06bdb{\nborder-radius:0px 0px 0px 0px;\npadding:0px 0px 0px 0px;\n}\n<\/style>\n<div  class='flex_column av-av_one_full-352b07ef7d3bc99b2e9f92e7a9e06bdb av_one_full  avia-builder-el-0  avia-builder-el-no-sibling  first flex_column_div av-zero-column-padding  '     ><p>\n<style type=\"text\/css\" data-created_by=\"avia_inline_auto\" id=\"style-css-av-av_heading-024a9698f072769310282efc8442a752\">\n#top .av-special-heading.av-av_heading-024a9698f072769310282efc8442a752{\npadding-bottom:10px;\ncolor:#ffffff;\n}\nbody .av-special-heading.av-av_heading-024a9698f072769310282efc8442a752 .av-special-heading-tag .heading-char{\nfont-size:25px;\n}\n.av-special-heading.av-av_heading-024a9698f072769310282efc8442a752 .special-heading-inner-border{\nborder-color:#ffffff;\n}\n.av-special-heading.av-av_heading-024a9698f072769310282efc8442a752 .av-subheading{\nfont-size:15px;\n}\n<\/style>\n<div  class='av-special-heading av-av_heading-024a9698f072769310282efc8442a752 av-special-heading-h2 custom-color-heading blockquote modern-quote modern-centered  avia-builder-el-1  el_before_av_textblock  avia-builder-el-first '><h2 class='av-special-heading-tag '  itemprop=\"headline\"  >M\u00c8TODE DE TREBALL<\/h2><div class=\"special-heading-border\"><div class=\"special-heading-inner-border\"><\/div><\/div><\/div><br \/>\n<section  class='av_textblock_section av-lx334t0c-be1107b16ed0ada0af2cbebc26158308 '   itemscope=\"itemscope\" itemtype=\"https:\/\/schema.org\/CreativeWork\" ><div class='avia_textblock'  itemprop=\"text\" ><p><img decoding=\"async\" class=\"alignnone wp-image-30109 size-full\" src=\"https:\/\/estudioromanelli.es\/wp-content\/uploads\/2024\/06\/estudio-interiorismo-daniele-romanelli.jpg\" alt=\"Estudio Interiorismo Daniele Romanelli\" width=\"2500\" height=\"1663\" srcset=\"https:\/\/estudioromanelli.es\/wp-content\/uploads\/2024\/06\/estudio-interiorismo-daniele-romanelli.jpg 2500w, https:\/\/estudioromanelli.es\/wp-content\/uploads\/2024\/06\/estudio-interiorismo-daniele-romanelli-300x200.jpg 300w, https:\/\/estudioromanelli.es\/wp-content\/uploads\/2024\/06\/estudio-interiorismo-daniele-romanelli-1030x685.jpg 1030w, https:\/\/estudioromanelli.es\/wp-content\/uploads\/2024\/06\/estudio-interiorismo-daniele-romanelli-768x511.jpg 768w, https:\/\/estudioromanelli.es\/wp-content\/uploads\/2024\/06\/estudio-interiorismo-daniele-romanelli-1536x1022.jpg 1536w, https:\/\/estudioromanelli.es\/wp-content\/uploads\/2024\/06\/estudio-interiorismo-daniele-romanelli-2048x1362.jpg 2048w, https:\/\/estudioromanelli.es\/wp-content\/uploads\/2024\/06\/estudio-interiorismo-daniele-romanelli-1500x998.jpg 1500w, https:\/\/estudioromanelli.es\/wp-content\/uploads\/2024\/06\/estudio-interiorismo-daniele-romanelli-705x469.jpg 705w\" sizes=\"(max-width: 2500px) 100vw, 2500px\" \/><\/p>\n<\/div><\/section><br \/>\n<section  class='av_textblock_section av-av_textblock-0366cc7376be6c9e82a3e9cc8987b64f '   itemscope=\"itemscope\" itemtype=\"https:\/\/schema.org\/CreativeWork\" ><div class='avia_textblock'  itemprop=\"text\" ><p>A Estudio Romanelli creiem que per a un bon<span class=\"enlaces-subrayado-color\"><strong> <a class=\"enlaces-subrayado-color\" href=\"https:\/\/estudioromanelli.es\/caserveis\/interiorisme\/\">projecte d&#8217;interiorisme<\/a><\/strong><\/span> cal un bon <strong>m\u00e8tode de treball<\/strong> basat en una estricta organitzaci\u00f3 i planificaci\u00f3 que es desenvolupa des del primer contacte amb el client fins al lliurament de l&#8217;obra acabada.<\/p>\n<p>Per dur a terme el complet desenvolupament del projecte de la forma correcta i evitar imprevistos, p\u00e8rdues de temps i sobrecostos cal comen\u00e7ar amb un acurat an\u00e0lisi dels factors bases d&#8217;un projecte.<\/p>\n<p>Les bases d&#8217;un projecte solen ser el factor hum\u00e0 barrejat amb el lloc. Segons aix\u00f2, el primer pas a analitzar s\u00f3n les necessitats i els gustos del client o usuaris, \u00e9s a dir, de qui habitar\u00e0 l&#8217;habitatge o treballar\u00e0 en una oficina o en una botiga. Cal diferenciar entre un projecte <span class=\"enlaces-subrayado-color\"><a class=\"enlaces-subrayado-color\" href=\"https:\/\/estudioromanelli.es\/caserveis\/interiorisme\/residencial\/\"><strong>residencial<\/strong> <\/a><\/span>o un projecte <span class=\"enlaces-subrayado-color\"><strong><a class=\"enlaces-subrayado-color\" href=\"https:\/\/estudioromanelli.es\/caserveis\/interiorisme\/comercial\/\">comercial <\/a><\/strong><\/span>perqu\u00e8 encara que el desenvolupament del projecte \u00e9s semblant les necessitats s\u00f3n completament diferents.<\/p>\n<p>Despr\u00e9s de la <strong>fase d&#8217;an\u00e0lis<\/strong>i es procedeix a la fase m\u00e9s art\u00edstica d&#8217;un projecte, cal transformar les idees i els conceptes en propostes concretes. El nostre equip d&#8217;arquitectes, interioristes i decoradors solen treballar diferents solucions que s&#8217;adapten a les necessitats i <span class=\"enlaces-subrayado-color\"><a class=\"enlaces-subrayado-color\" href=\"https:\/\/estudioromanelli.es\/caestudi\/estils\/\"><strong>estil<\/strong> <\/a><\/span>de l&#8217;usuari que se solen acompanyar per pressupostos que quantifiquen els imports dels treballs a realitzar. Tot aquest proc\u00e9s evoluciona sota una estreta relaci\u00f3 amb el client. Tamb\u00e9 hi ha la possibilitat de tramitar tot el projecte amb l&#8217;opci\u00f3 &#8220;claus en m\u00e0&#8221; on el client pot despreocupar completament i simplement entrar a viure un cop acabada l&#8217;obra.<\/p>\n<p>Un cop determinada la soluci\u00f3 m\u00e9s apropiada conjuntament amb el pressupost idoni, es procedir\u00e0 a la preparaci\u00f3 dels <strong>dibuixos i pl\u00e0nols<\/strong> que serviran al seg\u00fcent desenvolupament de l&#8217;obra.<\/p>\n<p>Mentrestant cal planificar totes les feines, temps i organitzar la <strong>contractaci\u00f3 del personal<\/strong> i dels subministraments. \u00c9s molt important planificar totes aquestes tasques des del principi per evitar in\u00fatils p\u00e8rdues de temps que retardarien el lliurament de l&#8217;obra.<\/p>\n<p>Depenent del tipus d&#8217;obra i de les necessitats de cada cas caldr\u00e0 tramitar la documentaci\u00f3 necess\u00e0ria per a l&#8217;obtenci\u00f3 dels permisos d&#8217;obra, els nostres arquitectes s&#8217;encarreguessin de tramitar de la forma mes r\u00e0pida possible per poder comen\u00e7ar els treballs amb la major brevetat.<\/p>\n<p>Un cop comen\u00e7ats els treballs i les obres nostre estudi s&#8217;encarrega de dur a terme un meticul\u00f3s <strong>seguiment i control dels processos<\/strong> constructius. Aquesta fase \u00e9s fonamental per a la correcta execuci\u00f3 del projecte ja que un adequat seguiment de totes les activitats permet evitar desviacions en els terminis de lliurament i controlar els costos.<\/p>\n<p>Al llarg dels anys hem afinat el nostre m\u00e8tode de treball i creiem que una part fonamental de tot el proc\u00e9s \u00e9s la <a href=\"https:\/\/estudioromanelli.es\/caserveis\/gestio-de-projectes\/\">gesti\u00f3 de projecte <\/a>ja que t\u00e9 la finalitat de planificar tot el desenvolupament constructiu i totes les activitats que componen aquest complex procediment.<\/p>\n<p><span class=\"enlaces-subrayado-color\"><strong><a class=\"enlaces-subrayado-color\" href=\"https:\/\/estudioromanelli.es\/cacontacte\/\">Contacti amb nosaltres i demani el seu pressupost gratu\u00eft sense cap comprom\u00eds<\/a><\/strong><\/span><\/p>\n<p><span style=\"color: #ffffff;\">.<\/span><\/p>\n<\/div><\/section><br \/>\n<section  class='av_textblock_section av-lx335jyr-e13fa169dae7bd5a3dea3bb70a2c850f '   itemscope=\"itemscope\" itemtype=\"https:\/\/schema.org\/CreativeWork\" ><div class='avia_textblock'  itemprop=\"text\" ><p><img decoding=\"async\" class=\"alignnone wp-image-30072 size-full\" src=\"https:\/\/estudioromanelli.es\/wp-content\/uploads\/2024\/06\/estudios-interiorismo-barcelona.jpg\" alt=\"Estudios de interiorismo Barcelona\" width=\"2500\" height=\"1663\" srcset=\"https:\/\/estudioromanelli.es\/wp-content\/uploads\/2024\/06\/estudios-interiorismo-barcelona.jpg 2500w, https:\/\/estudioromanelli.es\/wp-content\/uploads\/2024\/06\/estudios-interiorismo-barcelona-300x200.jpg 300w, https:\/\/estudioromanelli.es\/wp-content\/uploads\/2024\/06\/estudios-interiorismo-barcelona-1030x685.jpg 1030w, https:\/\/estudioromanelli.es\/wp-content\/uploads\/2024\/06\/estudios-interiorismo-barcelona-768x511.jpg 768w, https:\/\/estudioromanelli.es\/wp-content\/uploads\/2024\/06\/estudios-interiorismo-barcelona-1536x1022.jpg 1536w, https:\/\/estudioromanelli.es\/wp-content\/uploads\/2024\/06\/estudios-interiorismo-barcelona-2048x1362.jpg 2048w, https:\/\/estudioromanelli.es\/wp-content\/uploads\/2024\/06\/estudios-interiorismo-barcelona-1500x998.jpg 1500w, https:\/\/estudioromanelli.es\/wp-content\/uploads\/2024\/06\/estudios-interiorismo-barcelona-705x469.jpg 705w\" sizes=\"(max-width: 2500px) 100vw, 2500px\" \/><\/p>\n<\/div><\/section><\/p><\/div>\n","protected":false},"excerpt":{"rendered":"","protected":false},"author":1,"featured_media":0,"parent":4154,"menu_order":0,"comment_status":"closed","ping_status":"closed","template":"","meta":{"footnotes":""},"categories":[],"tags":[],"class_list":["post-4161","page","type-page","status-publish","hentry"],"yoast_head":"<!-- This site is optimized with the Yoast SEO plugin v26.8 - https:\/\/yoast.com\/product\/yoast-seo-wordpress\/ -->\n<title>M\u00e8tode de treball<\/title>\n<meta name=\"description\" content=\"Descobreixi el m\u00e8tode de treball de Estudio Romanelli. El seu estudi d&#039;arquitectura i interiorisme a Barcelona.\" \/>\n<meta name=\"robots\" content=\"index, follow, max-snippet:-1, max-image-preview:large, max-video-preview:-1\" \/>\n<link rel=\"canonical\" href=\"https:\/\/estudioromanelli.es\/ca\/estudi\/com-treballem\/metode\" \/>\n<meta property=\"og:locale\" content=\"ca_ES\" \/>\n<meta property=\"og:type\" content=\"article\" \/>\n<meta property=\"og:title\" content=\"M\u00e8tode de treball\" \/>\n<meta property=\"og:description\" content=\"Descobreixi el m\u00e8tode de treball de Estudio Romanelli. El seu estudi d&#039;arquitectura i interiorisme a Barcelona.\" \/>\n<meta property=\"og:url\" content=\"https:\/\/estudioromanelli.es\/ca\/estudi\/com-treballem\/metode\" \/>\n<meta property=\"og:site_name\" content=\"Estudi d&#039;Interiorisme i Arquitectura a Barcelona\" \/>\n<meta property=\"article:modified_time\" content=\"2024-06-06T09:59:31+00:00\" \/>\n<meta property=\"og:image\" content=\"https:\/\/estudioromanelli.es\/wp-content\/uploads\/2024\/06\/estudio-interiorismo-daniele-romanelli.jpg\" \/>\n<meta name=\"twitter:card\" content=\"summary_large_image\" \/>\n<meta name=\"twitter:label1\" content=\"Est. reading time\" \/>\n\t<meta name=\"twitter:data1\" content=\"3 minutes\" \/>\n<script type=\"application\/ld+json\" class=\"yoast-schema-graph\">{\"@context\":\"https:\/\/schema.org\",\"@graph\":[{\"@type\":\"WebPage\",\"@id\":\"https:\/\/estudioromanelli.es\/ca\/estudi\/com-treballem\/metode\",\"url\":\"https:\/\/estudioromanelli.es\/ca\/estudi\/com-treballem\/metode\",\"name\":\"M\u00e8tode de treball\",\"isPartOf\":{\"@id\":\"https:\/\/estudioromanelli.es\/ca#website\"},\"primaryImageOfPage\":{\"@id\":\"https:\/\/estudioromanelli.es\/ca\/estudi\/com-treballem\/metode#primaryimage\"},\"image\":{\"@id\":\"https:\/\/estudioromanelli.es\/ca\/estudi\/com-treballem\/metode#primaryimage\"},\"thumbnailUrl\":\"https:\/\/estudioromanelli.es\/wp-content\/uploads\/2024\/06\/estudio-interiorismo-daniele-romanelli.jpg\",\"datePublished\":\"2015-09-23T12:04:22+00:00\",\"dateModified\":\"2024-06-06T09:59:31+00:00\",\"description\":\"Descobreixi el m\u00e8tode de treball de Estudio Romanelli. El seu estudi d'arquitectura i interiorisme a Barcelona.\",\"breadcrumb\":{\"@id\":\"https:\/\/estudioromanelli.es\/ca\/estudi\/com-treballem\/metode#breadcrumb\"},\"inLanguage\":\"ca-ES\",\"potentialAction\":[{\"@type\":\"ReadAction\",\"target\":[\"https:\/\/estudioromanelli.es\/ca\/estudi\/com-treballem\/metode\"]}]},{\"@type\":\"ImageObject\",\"inLanguage\":\"ca-ES\",\"@id\":\"https:\/\/estudioromanelli.es\/ca\/estudi\/com-treballem\/metode#primaryimage\",\"url\":\"https:\/\/estudioromanelli.es\/wp-content\/uploads\/2024\/06\/estudio-interiorismo-daniele-romanelli.jpg\",\"contentUrl\":\"https:\/\/estudioromanelli.es\/wp-content\/uploads\/2024\/06\/estudio-interiorismo-daniele-romanelli.jpg\"},{\"@type\":\"BreadcrumbList\",\"@id\":\"https:\/\/estudioromanelli.es\/ca\/estudi\/com-treballem\/metode#breadcrumb\",\"itemListElement\":[{\"@type\":\"ListItem\",\"position\":1,\"name\":\"LF24\",\"item\":\"https:\/\/estudioromanelli.es\/ca\/home\"},{\"@type\":\"ListItem\",\"position\":2,\"name\":\"Estudi\",\"item\":\"https:\/\/estudioromanelli.es\/ca\/estudi\"},{\"@type\":\"ListItem\",\"position\":3,\"name\":\"Com treballem\",\"item\":\"https:\/\/estudioromanelli.es\/ca\/estudi\/com-treballem\"},{\"@type\":\"ListItem\",\"position\":4,\"name\":\"M\u00e8tode\"}]},{\"@type\":\"WebSite\",\"@id\":\"https:\/\/estudioromanelli.es\/ca#website\",\"url\":\"https:\/\/estudioromanelli.es\/ca\",\"name\":\"Estudi d&#039;Interiorisme i Arquitectura a Barcelona\",\"description\":\"Estudio Romanelli\",\"potentialAction\":[{\"@type\":\"SearchAction\",\"target\":{\"@type\":\"EntryPoint\",\"urlTemplate\":\"https:\/\/estudioromanelli.es\/ca?s={search_term_string}\"},\"query-input\":{\"@type\":\"PropertyValueSpecification\",\"valueRequired\":true,\"valueName\":\"search_term_string\"}}],\"inLanguage\":\"ca-ES\"}]}<\/script>\n<!-- \/ Yoast SEO plugin. -->","yoast_head_json":{"title":"M\u00e8tode de treball","description":"Descobreixi el m\u00e8tode de treball de Estudio Romanelli. El seu estudi d'arquitectura i interiorisme a Barcelona.","robots":{"index":"index","follow":"follow","max-snippet":"max-snippet:-1","max-image-preview":"max-image-preview:large","max-video-preview":"max-video-preview:-1"},"canonical":"https:\/\/estudioromanelli.es\/ca\/estudi\/com-treballem\/metode","og_locale":"ca_ES","og_type":"article","og_title":"M\u00e8tode de treball","og_description":"Descobreixi el m\u00e8tode de treball de Estudio Romanelli. El seu estudi d'arquitectura i interiorisme a Barcelona.","og_url":"https:\/\/estudioromanelli.es\/ca\/estudi\/com-treballem\/metode","og_site_name":"Estudi d&#039;Interiorisme i Arquitectura a Barcelona","article_modified_time":"2024-06-06T09:59:31+00:00","og_image":[{"url":"https:\/\/estudioromanelli.es\/wp-content\/uploads\/2024\/06\/estudio-interiorismo-daniele-romanelli.jpg","type":"","width":"","height":""}],"twitter_card":"summary_large_image","twitter_misc":{"Est. reading time":"3 minutes"},"schema":{"@context":"https:\/\/schema.org","@graph":[{"@type":"WebPage","@id":"https:\/\/estudioromanelli.es\/ca\/estudi\/com-treballem\/metode","url":"https:\/\/estudioromanelli.es\/ca\/estudi\/com-treballem\/metode","name":"M\u00e8tode de treball","isPartOf":{"@id":"https:\/\/estudioromanelli.es\/ca#website"},"primaryImageOfPage":{"@id":"https:\/\/estudioromanelli.es\/ca\/estudi\/com-treballem\/metode#primaryimage"},"image":{"@id":"https:\/\/estudioromanelli.es\/ca\/estudi\/com-treballem\/metode#primaryimage"},"thumbnailUrl":"https:\/\/estudioromanelli.es\/wp-content\/uploads\/2024\/06\/estudio-interiorismo-daniele-romanelli.jpg","datePublished":"2015-09-23T12:04:22+00:00","dateModified":"2024-06-06T09:59:31+00:00","description":"Descobreixi el m\u00e8tode de treball de Estudio Romanelli. El seu estudi d'arquitectura i interiorisme a Barcelona.","breadcrumb":{"@id":"https:\/\/estudioromanelli.es\/ca\/estudi\/com-treballem\/metode#breadcrumb"},"inLanguage":"ca-ES","potentialAction":[{"@type":"ReadAction","target":["https:\/\/estudioromanelli.es\/ca\/estudi\/com-treballem\/metode"]}]},{"@type":"ImageObject","inLanguage":"ca-ES","@id":"https:\/\/estudioromanelli.es\/ca\/estudi\/com-treballem\/metode#primaryimage","url":"https:\/\/estudioromanelli.es\/wp-content\/uploads\/2024\/06\/estudio-interiorismo-daniele-romanelli.jpg","contentUrl":"https:\/\/estudioromanelli.es\/wp-content\/uploads\/2024\/06\/estudio-interiorismo-daniele-romanelli.jpg"},{"@type":"BreadcrumbList","@id":"https:\/\/estudioromanelli.es\/ca\/estudi\/com-treballem\/metode#breadcrumb","itemListElement":[{"@type":"ListItem","position":1,"name":"LF24","item":"https:\/\/estudioromanelli.es\/ca\/home"},{"@type":"ListItem","position":2,"name":"Estudi","item":"https:\/\/estudioromanelli.es\/ca\/estudi"},{"@type":"ListItem","position":3,"name":"Com treballem","item":"https:\/\/estudioromanelli.es\/ca\/estudi\/com-treballem"},{"@type":"ListItem","position":4,"name":"M\u00e8tode"}]},{"@type":"WebSite","@id":"https:\/\/estudioromanelli.es\/ca#website","url":"https:\/\/estudioromanelli.es\/ca","name":"Estudi d&#039;Interiorisme i Arquitectura a Barcelona","description":"Estudio Romanelli","potentialAction":[{"@type":"SearchAction","target":{"@type":"EntryPoint","urlTemplate":"https:\/\/estudioromanelli.es\/ca?s={search_term_string}"},"query-input":{"@type":"PropertyValueSpecification","valueRequired":true,"valueName":"search_term_string"}}],"inLanguage":"ca-ES"}]}},"_links":{"self":[{"href":"https:\/\/estudioromanelli.es\/ca\/wp-json\/wp\/v2\/pages\/4161","targetHints":{"allow":["GET"]}}],"collection":[{"href":"https:\/\/estudioromanelli.es\/ca\/wp-json\/wp\/v2\/pages"}],"about":[{"href":"https:\/\/estudioromanelli.es\/ca\/wp-json\/wp\/v2\/types\/page"}],"author":[{"embeddable":true,"href":"https:\/\/estudioromanelli.es\/ca\/wp-json\/wp\/v2\/users\/1"}],"replies":[{"embeddable":true,"href":"https:\/\/estudioromanelli.es\/ca\/wp-json\/wp\/v2\/comments?post=4161"}],"version-history":[{"count":0,"href":"https:\/\/estudioromanelli.es\/ca\/wp-json\/wp\/v2\/pages\/4161\/revisions"}],"up":[{"embeddable":true,"href":"https:\/\/estudioromanelli.es\/ca\/wp-json\/wp\/v2\/pages\/4154"}],"wp:attachment":[{"href":"https:\/\/estudioromanelli.es\/ca\/wp-json\/wp\/v2\/media?parent=4161"}],"wp:term":[{"taxonomy":"category","embeddable":true,"href":"https:\/\/estudioromanelli.es\/ca\/wp-json\/wp\/v2\/categories?post=4161"},{"taxonomy":"post_tag","embeddable":true,"href":"https:\/\/estudioromanelli.es\/ca\/wp-json\/wp\/v2\/tags?post=4161"}],"curies":[{"name":"wp","href":"https:\/\/api.w.org\/{rel}","templated":true}]}}