{"id":4155,"date":"2015-09-23T12:01:43","date_gmt":"2015-09-23T12:01:43","guid":{"rendered":"https:\/\/estudioromanelli.es\/?page_id=4155&#038;lang=ca"},"modified":"2024-06-06T10:37:34","modified_gmt":"2024-06-06T10:37:34","slug":"filosofia","status":"publish","type":"page","link":"https:\/\/estudioromanelli.es\/ca\/estudi\/com-treballem\/filosofia","title":{"rendered":"Filosofia"},"content":{"rendered":"\n<style type=\"text\/css\" data-created_by=\"avia_inline_auto\" id=\"style-css-av-j9gmj-9d65fa236c7aacf1b43ed7235daa884e\">\n.flex_column.av-j9gmj-9d65fa236c7aacf1b43ed7235daa884e{\nborder-radius:0px 0px 0px 0px;\npadding:0px 0px 0px 0px;\n}\n<\/style>\n<div  class='flex_column av-j9gmj-9d65fa236c7aacf1b43ed7235daa884e av_one_full  avia-builder-el-0  el_before_av_textblock  avia-builder-el-first  first flex_column_div av-zero-column-padding  '     ><p>\n<style type=\"text\/css\" data-created_by=\"avia_inline_auto\" id=\"style-css-av-3xgw97-e24fdfbc084cc8de7b991a105b4babbf\">\n#top .av-special-heading.av-3xgw97-e24fdfbc084cc8de7b991a105b4babbf{\npadding-bottom:10px;\ncolor:#ffffff;\n}\nbody .av-special-heading.av-3xgw97-e24fdfbc084cc8de7b991a105b4babbf .av-special-heading-tag .heading-char{\nfont-size:25px;\n}\n.av-special-heading.av-3xgw97-e24fdfbc084cc8de7b991a105b4babbf .special-heading-inner-border{\nborder-color:#ffffff;\n}\n.av-special-heading.av-3xgw97-e24fdfbc084cc8de7b991a105b4babbf .av-subheading{\nfont-size:15px;\n}\n<\/style>\n<div  class='av-special-heading av-3xgw97-e24fdfbc084cc8de7b991a105b4babbf av-special-heading-h2 custom-color-heading blockquote modern-quote modern-centered  avia-builder-el-1  el_before_av_textblock  avia-builder-el-first '><h2 class='av-special-heading-tag '  itemprop=\"headline\"  >FILOSOFIA DE TREBALL<\/h2><div class=\"special-heading-border\"><div class=\"special-heading-inner-border\"><\/div><\/div><\/div><br \/>\n<section  class='av_textblock_section av-lx3460ip-ba264eada11d6a54ce3f5d2f4358b69e '   itemscope=\"itemscope\" itemtype=\"https:\/\/schema.org\/CreativeWork\" ><div class='avia_textblock'  itemprop=\"text\" ><p><img decoding=\"async\" class=\"alignnone wp-image-30118 size-full\" src=\"https:\/\/estudioromanelli.es\/wp-content\/uploads\/2024\/06\/reformas-barcelona.jpg\" alt=\"Reformas Barcelona\" width=\"1663\" height=\"2500\" srcset=\"https:\/\/estudioromanelli.es\/wp-content\/uploads\/2024\/06\/reformas-barcelona.jpg 1663w, https:\/\/estudioromanelli.es\/wp-content\/uploads\/2024\/06\/reformas-barcelona-200x300.jpg 200w, https:\/\/estudioromanelli.es\/wp-content\/uploads\/2024\/06\/reformas-barcelona-685x1030.jpg 685w, https:\/\/estudioromanelli.es\/wp-content\/uploads\/2024\/06\/reformas-barcelona-768x1155.jpg 768w, https:\/\/estudioromanelli.es\/wp-content\/uploads\/2024\/06\/reformas-barcelona-1022x1536.jpg 1022w, https:\/\/estudioromanelli.es\/wp-content\/uploads\/2024\/06\/reformas-barcelona-1362x2048.jpg 1362w, https:\/\/estudioromanelli.es\/wp-content\/uploads\/2024\/06\/reformas-barcelona-998x1500.jpg 998w, https:\/\/estudioromanelli.es\/wp-content\/uploads\/2024\/06\/reformas-barcelona-469x705.jpg 469w\" sizes=\"(max-width: 1663px) 100vw, 1663px\" \/><\/p>\n<\/div><\/section><br \/>\n<section  class='av_textblock_section av-2jmwx7-4c9eefc38b0e5ba2c6dea0776972206c '   itemscope=\"itemscope\" itemtype=\"https:\/\/schema.org\/CreativeWork\" ><div class='avia_textblock'  itemprop=\"text\" ><p>La filosofia en la qual ens basem \u00e9s treballar amb els desitjos i somnis dels nostres clients, ser part\u00edcips d&#8217;ells. I a partir d&#8217;aquests somnis, crear i desenvolupar il\u00b7lusions.<\/p>\n<p>El nostre <span class=\"enlaces-subrayado-color\"><strong><a class=\"enlaces-subrayado-color\" href=\"https:\/\/estudioromanelli.es\/caestudi\/com-treballem\/metode\/\">m\u00e8tode<\/a><\/strong><\/span> de treball est\u00e0 basat en el disseny personalitzat i l&#8217;atenci\u00f3 al detall. Creiem fermament que tot projecte ha de ser \u00fanic i especial: Cada client es mereix el millor i per aix\u00f2 estudiem detingudament cada cas per poder donar una soluci\u00f3 est\u00e8tica personalitzada i innovadora.<\/p>\n<p>Aquest factor distintiu fa que afrontem cada projecte com un <strong>repte personal<\/strong> que ens porta a analitzar constantment les ultimes novetats de cada sector per oferir als nostres clients el millor i la m\u00e9s <strong>alta qualitat est\u00e8tica i constructiva<\/strong>. Comptem amb un s\u00f2lid equip de professionals que treballen de forma meticulosa prestant la m\u00e0xima atenci\u00f3 als detalls i els acabats.<\/p>\n<p>Independentment que treballem en un projecte <span class=\"enlaces-subrayado-color\"><strong><a class=\"enlaces-subrayado-color\" href=\"https:\/\/estudioromanelli.es\/caserveis\/arquitectura\/\">d&#8217;arquitectura<\/a><\/strong><\/span>, <span class=\"enlaces-subrayado-color\"><strong><a class=\"enlaces-subrayado-color\" href=\"https:\/\/estudioromanelli.es\/caserveis\/interiorisme\/\">interiorisme <\/a><\/strong><\/span>o <span class=\"enlaces-subrayado-color\"><a class=\"enlaces-subrayado-color\" href=\"https:\/\/estudioromanelli.es\/caserveis\/decoracio\/\"><strong>decoraci\u00f3<\/strong> <\/a><\/span>apostem sempre per la satisfacci\u00f3 dels nostres clients i ho vam aconseguir amb una estricta planificaci\u00f3 de les tasques i organitzant tot el proc\u00e9s des del principi fins al lliurament de l&#8217;obra finalitzada.<\/p>\n<p>Sabem que la millor manera de treballar en el sector de la construcci\u00f3 \u00e9s la de l&#8217;interlocutor \u00fanic, oferim tots els serveis necessaris per a un desenvolupament complet d&#8217;un projecte.<\/p>\n<p>AEstudio Romanelli <strong>som contractistes<\/strong>, d&#8217;aquesta manera podem gestionar el projecte amb la seguretat i la garantia d&#8217;un equip d&#8217;industrials eficient i consolidat al llarg dels anys. D&#8217;aquesta manera el client obtindr\u00e0 un servei m\u00e9s f\u00e0cil i r\u00e0pid de gestionar, el nostre equip podr\u00e0 assessorar el client de forma senzilla sense la necessitat de p\u00e8rdues de temps i sobretot sense haver-se de fer c\u00e0rrec dels inconvenients que puguin sorgir durant el transcurs d&#8217;una obra.<\/p>\n<p>Aix\u00ed mateix, aomos conscients que cada client t\u00e9 un pressupost disponible diferent i per aix\u00f2 adaptem el servei en funci\u00f3 d&#8217;aquest pressupost, adaptant-nos a les seves necessitats sense descuidar la important\u00edssima atenci\u00f3 als detalls. Perqu\u00e8 un bon treball no sempre requereix d&#8217;un pressupost desorbitat.<\/p>\n<p>Els canvis s\u00f3n positius i volem ser part d&#8217;aquests canvis. Volem ajudar-lo a posar les bases d&#8217;un nou comen\u00e7ament.<\/p>\n<p><span class=\"enlaces-subrayado-color\"><strong><a class=\"enlaces-subrayado-color\" href=\"https:\/\/estudioromanelli.es\/cacontacte\/\">Contacti amb nosaltres i demani el seu pressupost gratu\u00eft sense cap comprom\u00eds<\/a><\/strong><\/span><\/p>\n<p><span style=\"color: #ffffff;\">.<\/span><\/p>\n<\/div><\/section><\/p><\/div>\n<section  class='av_textblock_section av-lx3474j5-57261a65c6a7f197d845684dd2218771 '   itemscope=\"itemscope\" itemtype=\"https:\/\/schema.org\/CreativeWork\" ><div class='avia_textblock'  itemprop=\"text\" ><p><img decoding=\"async\" class=\"alignnone wp-image-30079 size-full\" src=\"https:\/\/estudioromanelli.es\/wp-content\/uploads\/2024\/06\/estudio-interiorismo-enric-granados-barcelona.jpg\" alt=\"Estudio interiorismo en Enric Granados, Barcelona\" width=\"2500\" height=\"1663\" srcset=\"https:\/\/estudioromanelli.es\/wp-content\/uploads\/2024\/06\/estudio-interiorismo-enric-granados-barcelona.jpg 2500w, https:\/\/estudioromanelli.es\/wp-content\/uploads\/2024\/06\/estudio-interiorismo-enric-granados-barcelona-300x200.jpg 300w, https:\/\/estudioromanelli.es\/wp-content\/uploads\/2024\/06\/estudio-interiorismo-enric-granados-barcelona-1030x685.jpg 1030w, https:\/\/estudioromanelli.es\/wp-content\/uploads\/2024\/06\/estudio-interiorismo-enric-granados-barcelona-768x511.jpg 768w, https:\/\/estudioromanelli.es\/wp-content\/uploads\/2024\/06\/estudio-interiorismo-enric-granados-barcelona-1536x1022.jpg 1536w, https:\/\/estudioromanelli.es\/wp-content\/uploads\/2024\/06\/estudio-interiorismo-enric-granados-barcelona-2048x1362.jpg 2048w, https:\/\/estudioromanelli.es\/wp-content\/uploads\/2024\/06\/estudio-interiorismo-enric-granados-barcelona-1500x998.jpg 1500w, https:\/\/estudioromanelli.es\/wp-content\/uploads\/2024\/06\/estudio-interiorismo-enric-granados-barcelona-705x469.jpg 705w\" sizes=\"(max-width: 2500px) 100vw, 2500px\" \/><\/p>\n<\/div><\/section>\n","protected":false},"excerpt":{"rendered":"","protected":false},"author":1,"featured_media":0,"parent":4154,"menu_order":0,"comment_status":"closed","ping_status":"closed","template":"","meta":{"footnotes":""},"categories":[],"tags":[],"class_list":["post-4155","page","type-page","status-publish","hentry"],"yoast_head":"<!-- This site is optimized with the Yoast SEO plugin v26.8 - https:\/\/yoast.com\/product\/yoast-seo-wordpress\/ -->\n<title>Filosofia de treball<\/title>\n<meta name=\"description\" content=\"Descobreixi la filosofia de treball de treball de Estudio Romanelli. El seu estudi d&#039;arquitectura i interiorisme a Barcelona.\" \/>\n<meta name=\"robots\" content=\"index, follow, max-snippet:-1, max-image-preview:large, max-video-preview:-1\" \/>\n<link rel=\"canonical\" href=\"https:\/\/estudioromanelli.es\/ca\/estudi\/com-treballem\/filosofia\" \/>\n<meta property=\"og:locale\" content=\"ca_ES\" \/>\n<meta property=\"og:type\" content=\"article\" \/>\n<meta property=\"og:title\" content=\"Filosofia de treball\" \/>\n<meta property=\"og:description\" content=\"Descobreixi la filosofia de treball de treball de Estudio Romanelli. El seu estudi d&#039;arquitectura i interiorisme a Barcelona.\" \/>\n<meta property=\"og:url\" content=\"https:\/\/estudioromanelli.es\/ca\/estudi\/com-treballem\/filosofia\" \/>\n<meta property=\"og:site_name\" content=\"Estudi d&#039;Interiorisme i Arquitectura a Barcelona\" \/>\n<meta property=\"article:modified_time\" content=\"2024-06-06T10:37:34+00:00\" \/>\n<meta property=\"og:image\" content=\"https:\/\/estudioromanelli.es\/wp-content\/uploads\/2024\/06\/reformas-barcelona.jpg\" \/>\n<meta name=\"twitter:card\" content=\"summary_large_image\" \/>\n<meta name=\"twitter:label1\" content=\"Est. reading time\" \/>\n\t<meta name=\"twitter:data1\" content=\"3 minutes\" \/>\n<script type=\"application\/ld+json\" class=\"yoast-schema-graph\">{\"@context\":\"https:\/\/schema.org\",\"@graph\":[{\"@type\":\"WebPage\",\"@id\":\"https:\/\/estudioromanelli.es\/ca\/estudi\/com-treballem\/filosofia\",\"url\":\"https:\/\/estudioromanelli.es\/ca\/estudi\/com-treballem\/filosofia\",\"name\":\"Filosofia de treball\",\"isPartOf\":{\"@id\":\"https:\/\/estudioromanelli.es\/ca#website\"},\"primaryImageOfPage\":{\"@id\":\"https:\/\/estudioromanelli.es\/ca\/estudi\/com-treballem\/filosofia#primaryimage\"},\"image\":{\"@id\":\"https:\/\/estudioromanelli.es\/ca\/estudi\/com-treballem\/filosofia#primaryimage\"},\"thumbnailUrl\":\"https:\/\/estudioromanelli.es\/wp-content\/uploads\/2024\/06\/reformas-barcelona.jpg\",\"datePublished\":\"2015-09-23T12:01:43+00:00\",\"dateModified\":\"2024-06-06T10:37:34+00:00\",\"description\":\"Descobreixi la filosofia de treball de treball de Estudio Romanelli. El seu estudi d'arquitectura i interiorisme a Barcelona.\",\"breadcrumb\":{\"@id\":\"https:\/\/estudioromanelli.es\/ca\/estudi\/com-treballem\/filosofia#breadcrumb\"},\"inLanguage\":\"ca-ES\",\"potentialAction\":[{\"@type\":\"ReadAction\",\"target\":[\"https:\/\/estudioromanelli.es\/ca\/estudi\/com-treballem\/filosofia\"]}]},{\"@type\":\"ImageObject\",\"inLanguage\":\"ca-ES\",\"@id\":\"https:\/\/estudioromanelli.es\/ca\/estudi\/com-treballem\/filosofia#primaryimage\",\"url\":\"https:\/\/estudioromanelli.es\/wp-content\/uploads\/2024\/06\/reformas-barcelona.jpg\",\"contentUrl\":\"https:\/\/estudioromanelli.es\/wp-content\/uploads\/2024\/06\/reformas-barcelona.jpg\"},{\"@type\":\"BreadcrumbList\",\"@id\":\"https:\/\/estudioromanelli.es\/ca\/estudi\/com-treballem\/filosofia#breadcrumb\",\"itemListElement\":[{\"@type\":\"ListItem\",\"position\":1,\"name\":\"LF24\",\"item\":\"https:\/\/estudioromanelli.es\/ca\/home\"},{\"@type\":\"ListItem\",\"position\":2,\"name\":\"Estudi\",\"item\":\"https:\/\/estudioromanelli.es\/ca\/estudi\"},{\"@type\":\"ListItem\",\"position\":3,\"name\":\"Com treballem\",\"item\":\"https:\/\/estudioromanelli.es\/ca\/estudi\/com-treballem\"},{\"@type\":\"ListItem\",\"position\":4,\"name\":\"Filosofia\"}]},{\"@type\":\"WebSite\",\"@id\":\"https:\/\/estudioromanelli.es\/ca#website\",\"url\":\"https:\/\/estudioromanelli.es\/ca\",\"name\":\"Estudi d&#039;Interiorisme i Arquitectura a Barcelona\",\"description\":\"Estudio Romanelli\",\"potentialAction\":[{\"@type\":\"SearchAction\",\"target\":{\"@type\":\"EntryPoint\",\"urlTemplate\":\"https:\/\/estudioromanelli.es\/ca?s={search_term_string}\"},\"query-input\":{\"@type\":\"PropertyValueSpecification\",\"valueRequired\":true,\"valueName\":\"search_term_string\"}}],\"inLanguage\":\"ca-ES\"}]}<\/script>\n<!-- \/ Yoast SEO plugin. -->","yoast_head_json":{"title":"Filosofia de treball","description":"Descobreixi la filosofia de treball de treball de Estudio Romanelli. El seu estudi d'arquitectura i interiorisme a Barcelona.","robots":{"index":"index","follow":"follow","max-snippet":"max-snippet:-1","max-image-preview":"max-image-preview:large","max-video-preview":"max-video-preview:-1"},"canonical":"https:\/\/estudioromanelli.es\/ca\/estudi\/com-treballem\/filosofia","og_locale":"ca_ES","og_type":"article","og_title":"Filosofia de treball","og_description":"Descobreixi la filosofia de treball de treball de Estudio Romanelli. El seu estudi d'arquitectura i interiorisme a Barcelona.","og_url":"https:\/\/estudioromanelli.es\/ca\/estudi\/com-treballem\/filosofia","og_site_name":"Estudi d&#039;Interiorisme i Arquitectura a Barcelona","article_modified_time":"2024-06-06T10:37:34+00:00","og_image":[{"url":"https:\/\/estudioromanelli.es\/wp-content\/uploads\/2024\/06\/reformas-barcelona.jpg","type":"","width":"","height":""}],"twitter_card":"summary_large_image","twitter_misc":{"Est. reading time":"3 minutes"},"schema":{"@context":"https:\/\/schema.org","@graph":[{"@type":"WebPage","@id":"https:\/\/estudioromanelli.es\/ca\/estudi\/com-treballem\/filosofia","url":"https:\/\/estudioromanelli.es\/ca\/estudi\/com-treballem\/filosofia","name":"Filosofia de treball","isPartOf":{"@id":"https:\/\/estudioromanelli.es\/ca#website"},"primaryImageOfPage":{"@id":"https:\/\/estudioromanelli.es\/ca\/estudi\/com-treballem\/filosofia#primaryimage"},"image":{"@id":"https:\/\/estudioromanelli.es\/ca\/estudi\/com-treballem\/filosofia#primaryimage"},"thumbnailUrl":"https:\/\/estudioromanelli.es\/wp-content\/uploads\/2024\/06\/reformas-barcelona.jpg","datePublished":"2015-09-23T12:01:43+00:00","dateModified":"2024-06-06T10:37:34+00:00","description":"Descobreixi la filosofia de treball de treball de Estudio Romanelli. El seu estudi d'arquitectura i interiorisme a Barcelona.","breadcrumb":{"@id":"https:\/\/estudioromanelli.es\/ca\/estudi\/com-treballem\/filosofia#breadcrumb"},"inLanguage":"ca-ES","potentialAction":[{"@type":"ReadAction","target":["https:\/\/estudioromanelli.es\/ca\/estudi\/com-treballem\/filosofia"]}]},{"@type":"ImageObject","inLanguage":"ca-ES","@id":"https:\/\/estudioromanelli.es\/ca\/estudi\/com-treballem\/filosofia#primaryimage","url":"https:\/\/estudioromanelli.es\/wp-content\/uploads\/2024\/06\/reformas-barcelona.jpg","contentUrl":"https:\/\/estudioromanelli.es\/wp-content\/uploads\/2024\/06\/reformas-barcelona.jpg"},{"@type":"BreadcrumbList","@id":"https:\/\/estudioromanelli.es\/ca\/estudi\/com-treballem\/filosofia#breadcrumb","itemListElement":[{"@type":"ListItem","position":1,"name":"LF24","item":"https:\/\/estudioromanelli.es\/ca\/home"},{"@type":"ListItem","position":2,"name":"Estudi","item":"https:\/\/estudioromanelli.es\/ca\/estudi"},{"@type":"ListItem","position":3,"name":"Com treballem","item":"https:\/\/estudioromanelli.es\/ca\/estudi\/com-treballem"},{"@type":"ListItem","position":4,"name":"Filosofia"}]},{"@type":"WebSite","@id":"https:\/\/estudioromanelli.es\/ca#website","url":"https:\/\/estudioromanelli.es\/ca","name":"Estudi d&#039;Interiorisme i Arquitectura a Barcelona","description":"Estudio Romanelli","potentialAction":[{"@type":"SearchAction","target":{"@type":"EntryPoint","urlTemplate":"https:\/\/estudioromanelli.es\/ca?s={search_term_string}"},"query-input":{"@type":"PropertyValueSpecification","valueRequired":true,"valueName":"search_term_string"}}],"inLanguage":"ca-ES"}]}},"_links":{"self":[{"href":"https:\/\/estudioromanelli.es\/ca\/wp-json\/wp\/v2\/pages\/4155","targetHints":{"allow":["GET"]}}],"collection":[{"href":"https:\/\/estudioromanelli.es\/ca\/wp-json\/wp\/v2\/pages"}],"about":[{"href":"https:\/\/estudioromanelli.es\/ca\/wp-json\/wp\/v2\/types\/page"}],"author":[{"embeddable":true,"href":"https:\/\/estudioromanelli.es\/ca\/wp-json\/wp\/v2\/users\/1"}],"replies":[{"embeddable":true,"href":"https:\/\/estudioromanelli.es\/ca\/wp-json\/wp\/v2\/comments?post=4155"}],"version-history":[{"count":0,"href":"https:\/\/estudioromanelli.es\/ca\/wp-json\/wp\/v2\/pages\/4155\/revisions"}],"up":[{"embeddable":true,"href":"https:\/\/estudioromanelli.es\/ca\/wp-json\/wp\/v2\/pages\/4154"}],"wp:attachment":[{"href":"https:\/\/estudioromanelli.es\/ca\/wp-json\/wp\/v2\/media?parent=4155"}],"wp:term":[{"taxonomy":"category","embeddable":true,"href":"https:\/\/estudioromanelli.es\/ca\/wp-json\/wp\/v2\/categories?post=4155"},{"taxonomy":"post_tag","embeddable":true,"href":"https:\/\/estudioromanelli.es\/ca\/wp-json\/wp\/v2\/tags?post=4155"}],"curies":[{"name":"wp","href":"https:\/\/api.w.org\/{rel}","templated":true}]}}