{"id":4153,"date":"2015-09-23T12:01:24","date_gmt":"2015-09-23T12:01:24","guid":{"rendered":"https:\/\/estudioromanelli.es\/?page_id=4153&#038;lang=ca"},"modified":"2024-04-22T10:24:27","modified_gmt":"2024-04-22T10:24:27","slug":"estudi","status":"publish","type":"page","link":"https:\/\/estudioromanelli.es\/ca\/estudi","title":{"rendered":"Estudi"},"content":{"rendered":"\n<style type=\"text\/css\" data-created_by=\"avia_inline_auto\" id=\"style-css-av-8iwm49-07ba61216e3dc9a3797973cd075a392a\">\n.flex_column.av-8iwm49-07ba61216e3dc9a3797973cd075a392a{\nborder-radius:0px 0px 0px 0px;\npadding:0px 0px 0px 0px;\n}\n<\/style>\n<div  class='flex_column av-8iwm49-07ba61216e3dc9a3797973cd075a392a av_one_full  avia-builder-el-0  avia-builder-el-no-sibling  first flex_column_div av-zero-column-padding  '     ><p>\n<style type=\"text\/css\" data-created_by=\"avia_inline_auto\" id=\"style-css-av-9kqm1-30c3c457c7ff5ef9816f186ab6f4f01c\">\n#top .av-special-heading.av-9kqm1-30c3c457c7ff5ef9816f186ab6f4f01c{\npadding-bottom:10px;\ncolor:#ffffff;\n}\nbody .av-special-heading.av-9kqm1-30c3c457c7ff5ef9816f186ab6f4f01c .av-special-heading-tag .heading-char{\nfont-size:25px;\n}\n.av-special-heading.av-9kqm1-30c3c457c7ff5ef9816f186ab6f4f01c .special-heading-inner-border{\nborder-color:#ffffff;\n}\n.av-special-heading.av-9kqm1-30c3c457c7ff5ef9816f186ab6f4f01c .av-subheading{\nfont-size:15px;\n}\n<\/style>\n<div  class='av-special-heading av-9kqm1-30c3c457c7ff5ef9816f186ab6f4f01c av-special-heading-h2 custom-color-heading blockquote modern-quote modern-centered  avia-builder-el-1  el_before_av_textblock  avia-builder-el-first '><h2 class='av-special-heading-tag '  itemprop=\"headline\"  >ESTUDI<\/h2><div class=\"special-heading-border\"><div class=\"special-heading-inner-border\"><\/div><\/div><\/div><br \/>\n<section  class='av_textblock_section av-5gpph5-72e7d20f727b985a521203f4c705a8d1 '   itemscope=\"itemscope\" itemtype=\"https:\/\/schema.org\/CreativeWork\" ><div class='avia_textblock'  itemprop=\"text\" ><p><img decoding=\"async\" class=\"alignnone size-full wp-image-29718\" title=\"Estudi interiorisme Barcelona\" src=\"\/wp-content\/uploads\/2024\/04\/estudio-interiorismo-romanelli.jpg\" alt=\"Estudi interiorisme Barcelona\" \/><\/p>\n<\/div><\/section><br \/>\n\n<style type=\"text\/css\" data-created_by=\"avia_inline_auto\" id=\"style-css-av-km6aacmo-4c96d3a991fa5ff75e4245139acc8da0\">\n#top .av-special-heading.av-km6aacmo-4c96d3a991fa5ff75e4245139acc8da0{\npadding-bottom:10px;\ncolor:#ffffff;\n}\nbody .av-special-heading.av-km6aacmo-4c96d3a991fa5ff75e4245139acc8da0 .av-special-heading-tag .heading-char{\nfont-size:25px;\n}\n.av-special-heading.av-km6aacmo-4c96d3a991fa5ff75e4245139acc8da0 .special-heading-inner-border{\nborder-color:#ffffff;\n}\n.av-special-heading.av-km6aacmo-4c96d3a991fa5ff75e4245139acc8da0 .av-subheading{\nfont-size:15px;\n}\n<\/style>\n<div  class='av-special-heading av-km6aacmo-4c96d3a991fa5ff75e4245139acc8da0 av-special-heading-h2 custom-color-heading blockquote modern-quote modern-centered  avia-builder-el-3  el_after_av_textblock  el_before_av_textblock '><h2 class='av-special-heading-tag '  itemprop=\"headline\"  >ESTUDI DE DISSENY D\u2019INTERIORS<\/h2><div class=\"special-heading-border\"><div class=\"special-heading-inner-border\"><\/div><\/div><\/div><br \/>\n<section  class='av_textblock_section av-4vlod5-c8c026931e897b2e140db2dfab41129a '   itemscope=\"itemscope\" itemtype=\"https:\/\/schema.org\/CreativeWork\" ><div class='avia_textblock'  itemprop=\"text\" ><p>Estudio Romanelli \u00e9s un<strong> estudi interiorisme situat al barri de Sant Gervasi<\/strong>, Barcelona dedicat a <span class=\"enlaces-subrayado-color\"><strong><a class=\"enlaces-subrayado-color\" href=\"\/ca\/serveis\/arquitectura\/\">l&#8217;arquitectura<\/a><\/strong><\/span>, <span class=\"enlaces-subrayado-color\"><a class=\"enlaces-subrayado-color\" href=\"\/ca\/serveis\/interiorisme\/\"><strong>l&#8217;interiorisme<\/strong> <\/a><\/span>i la <span class=\"enlaces-subrayado-color\"><strong><a class=\"enlaces-subrayado-color\" href=\"\/ca\/serveis\/decoracio\/\">decoraci\u00f3<\/a><\/strong><\/span>.<\/p>\n<\/div><\/section><br \/>\n<section  class='av_textblock_section av-km6abzl1-cd1fd6184dfeda092c94c90a2704602f '   itemscope=\"itemscope\" itemtype=\"https:\/\/schema.org\/CreativeWork\" ><div class='avia_textblock'  itemprop=\"text\" ><p>Som un equip s\u00f2lid de professionals complementat per col\u00b7laboradors externs i t\u00e8cnics experts, que ens encarreguem de desenvolupar tot tipus de projecte, reformes, rehabilitacions i obra nova.<\/p>\n<p>El nostre fort \u00e9s el <strong>disseny d&#8217;interiors<\/strong> i la<strong> gesti\u00f3 integral de projectes<\/strong>, \u00e9s a dir, controlem tots els processos del treball, des de la idea inicial, passant pel desenvolupament fins a l&#8217;execuci\u00f3 de l&#8217;obra. Oferim als nostres clients tots els serveis necessaris per dur a terme el proc\u00e9s complet, estudiem cada cas de manera diferent i ens adaptem a les necessitats i possibilitats de cada client.<\/p>\n<\/div><\/section><br \/>\n<section  class='av_textblock_section av-962l9l-57ed0e55795fa0e5d999e974a9ec4c89 '   itemscope=\"itemscope\" itemtype=\"https:\/\/schema.org\/CreativeWork\" ><div class='avia_textblock'  itemprop=\"text\" ><p>Som capa\u00e7os de donar resposta a les necessitats m\u00e9s exigents, donem sempre el millor de nosaltres per aconseguir el millor servei i fer front als dubtes i inquietuds que cada cas ens planteja.<\/p>\n<p>Si est\u00e0 interessat \u00e9s saber el preu de la seva reforma, no dubti en pr\u00e9mer el bot\u00f3 de demanar pressupost, nom\u00e9s haur\u00e0 d&#8217;omplir un formulari i ens posarem en contacte amb vost\u00e8 i acordar una visita per con\u00e8ixer les seves necessitats.<\/p>\n<\/div><\/section><br \/>\n<section  class='av_textblock_section av-4u0vm1-826a108d48fcf408043cce2e1c69c3e5 '   itemscope=\"itemscope\" itemtype=\"https:\/\/schema.org\/CreativeWork\" ><div class='avia_textblock'  itemprop=\"text\" ><p>Ens encarreguem de la <span class=\"enlaces-subrayado-color\"><a class=\"enlaces-subrayado-color\" href=\"\/ca\/serveis\/reformes\/\"><strong>reformes<\/strong> <\/a><\/span>del seu habitatge, oficina o local comercial. En tots els processos del treball garantim completament la satisfacci\u00f3 del client i un alt est\u00e0ndard de qualitat.<\/p>\n<p>La nostra vocaci\u00f3 i passi\u00f3 per la nostra professi\u00f3, ens porta a investigar sobre les \u00faltimes novetats i tend\u00e8ncies, per poder oferir als nostres clients solucions innovadores i contempor\u00e0nies, desenvolupem projectes \u00f2ptims i ajustats als seus requisits.<\/p>\n<p>Estudio Romanelli est\u00e0 dirigit per l&#8217;arquitecte i interiorista <strong>Daniele Romanelli<\/strong>. Si vol con\u00e8ixer el backgroud professional, podr\u00e0 trobar el seu curr\u00edculum a la seg\u00fcent p\u00e0gina del nostre site.<strong><br \/>\n<\/strong><\/p>\n<p><span style=\"color: #ffffff;\">.<\/span><\/p>\n<\/div><\/section><br \/>\n<div  class='avia-button-wrap av-k42u7evz-51522fc38c5fd0f69d16165912925c92-wrap avia-button-center  avia-builder-el-8  el_after_av_textblock  avia-builder-el-last  interiorismo-decoracion-reformas-barcelona'><a href='https:\/\/estudioromanelli.es\/ca\/daniele-cv'  class='avia-button av-k42u7evz-51522fc38c5fd0f69d16165912925c92 av-link-btn avia-icon_select-no avia-size-small avia-position-center avia-color-theme-color'  title=\"boton-lf24\" aria-label=\"boton-lf24\"><span class='avia_iconbox_title' >Daniele Romanelli - CV<\/span><\/a><\/div><\/p><\/div>\n","protected":false},"excerpt":{"rendered":"","protected":false},"author":1,"featured_media":14593,"parent":0,"menu_order":0,"comment_status":"closed","ping_status":"closed","template":"","meta":{"footnotes":""},"categories":[],"tags":[],"class_list":["post-4153","page","type-page","status-publish","has-post-thumbnail","hentry"],"yoast_head":"<!-- This site is optimized with the Yoast SEO plugin v26.8 - https:\/\/yoast.com\/product\/yoast-seo-wordpress\/ -->\n<title>Estudi de Disseny d&#039;Interiors a Gr\u00e0cia, Barcelona<\/title>\n<meta name=\"description\" content=\"Estudio Romanelli Estudi de disseny d&#039;interiors a Barcelona \u2b50 Equip s\u00f2lid de professionals per la seva reforma integral \u2b50 Descobreixi com podem ajudar-li!\" \/>\n<meta name=\"robots\" content=\"index, follow, max-snippet:-1, max-image-preview:large, max-video-preview:-1\" \/>\n<link rel=\"canonical\" href=\"https:\/\/estudioromanelli.es\/ca\/estudi\" \/>\n<meta property=\"og:locale\" content=\"ca_ES\" \/>\n<meta property=\"og:type\" content=\"article\" \/>\n<meta property=\"og:title\" content=\"Estudi de Disseny d&#039;Interiors a Gr\u00e0cia, Barcelona\" \/>\n<meta property=\"og:description\" content=\"Estudio Romanelli Estudi de disseny d&#039;interiors a Barcelona \u2b50 Equip s\u00f2lid de professionals per la seva reforma integral \u2b50 Descobreixi com podem ajudar-li!\" \/>\n<meta property=\"og:url\" content=\"https:\/\/estudioromanelli.es\/ca\/estudi\" \/>\n<meta property=\"og:site_name\" content=\"Estudi d&#039;Interiorisme i Arquitectura a Barcelona\" \/>\n<meta property=\"article:modified_time\" content=\"2024-04-22T10:24:27+00:00\" \/>\n<meta property=\"og:image\" content=\"https:\/\/estudioromanelli.es\/wp-content\/uploads\/2015\/07\/SLIDE12.jpg\" \/>\n\t<meta property=\"og:image:width\" content=\"1000\" \/>\n\t<meta property=\"og:image:height\" content=\"480\" \/>\n\t<meta property=\"og:image:type\" content=\"image\/jpeg\" \/>\n<meta name=\"twitter:card\" content=\"summary_large_image\" \/>\n<meta name=\"twitter:label1\" content=\"Est. reading time\" \/>\n\t<meta name=\"twitter:data1\" content=\"2 minutes\" \/>\n<script type=\"application\/ld+json\" class=\"yoast-schema-graph\">{\"@context\":\"https:\/\/schema.org\",\"@graph\":[{\"@type\":\"WebPage\",\"@id\":\"https:\/\/estudioromanelli.es\/ca\/estudi\",\"url\":\"https:\/\/estudioromanelli.es\/ca\/estudi\",\"name\":\"Estudi de Disseny d'Interiors a Gr\u00e0cia, Barcelona\",\"isPartOf\":{\"@id\":\"https:\/\/estudioromanelli.es\/ca#website\"},\"primaryImageOfPage\":{\"@id\":\"https:\/\/estudioromanelli.es\/ca\/estudi#primaryimage\"},\"image\":{\"@id\":\"https:\/\/estudioromanelli.es\/ca\/estudi#primaryimage\"},\"thumbnailUrl\":\"https:\/\/estudioromanelli.es\/wp-content\/uploads\/2015\/07\/SLIDE12.jpg\",\"datePublished\":\"2015-09-23T12:01:24+00:00\",\"dateModified\":\"2024-04-22T10:24:27+00:00\",\"description\":\"Estudio Romanelli Estudi de disseny d'interiors a Barcelona \u2b50 Equip s\u00f2lid de professionals per la seva reforma integral \u2b50 Descobreixi com podem ajudar-li!\",\"breadcrumb\":{\"@id\":\"https:\/\/estudioromanelli.es\/ca\/estudi#breadcrumb\"},\"inLanguage\":\"ca-ES\",\"potentialAction\":[{\"@type\":\"ReadAction\",\"target\":[\"https:\/\/estudioromanelli.es\/ca\/estudi\"]}]},{\"@type\":\"ImageObject\",\"inLanguage\":\"ca-ES\",\"@id\":\"https:\/\/estudioromanelli.es\/ca\/estudi#primaryimage\",\"url\":\"https:\/\/estudioromanelli.es\/wp-content\/uploads\/2015\/07\/SLIDE12.jpg\",\"contentUrl\":\"https:\/\/estudioromanelli.es\/wp-content\/uploads\/2015\/07\/SLIDE12.jpg\",\"width\":1000,\"height\":480,\"caption\":\"decorador Barcelona\"},{\"@type\":\"BreadcrumbList\",\"@id\":\"https:\/\/estudioromanelli.es\/ca\/estudi#breadcrumb\",\"itemListElement\":[{\"@type\":\"ListItem\",\"position\":1,\"name\":\"LF24\",\"item\":\"https:\/\/estudioromanelli.es\/ca\/home\"},{\"@type\":\"ListItem\",\"position\":2,\"name\":\"Estudi\"}]},{\"@type\":\"WebSite\",\"@id\":\"https:\/\/estudioromanelli.es\/ca#website\",\"url\":\"https:\/\/estudioromanelli.es\/ca\",\"name\":\"Estudi d&#039;Interiorisme i Arquitectura a Barcelona\",\"description\":\"Estudio Romanelli\",\"potentialAction\":[{\"@type\":\"SearchAction\",\"target\":{\"@type\":\"EntryPoint\",\"urlTemplate\":\"https:\/\/estudioromanelli.es\/ca?s={search_term_string}\"},\"query-input\":{\"@type\":\"PropertyValueSpecification\",\"valueRequired\":true,\"valueName\":\"search_term_string\"}}],\"inLanguage\":\"ca-ES\"}]}<\/script>\n<!-- \/ Yoast SEO plugin. -->","yoast_head_json":{"title":"Estudi de Disseny d'Interiors a Gr\u00e0cia, Barcelona","description":"Estudio Romanelli Estudi de disseny d'interiors a Barcelona \u2b50 Equip s\u00f2lid de professionals per la seva reforma integral \u2b50 Descobreixi com podem ajudar-li!","robots":{"index":"index","follow":"follow","max-snippet":"max-snippet:-1","max-image-preview":"max-image-preview:large","max-video-preview":"max-video-preview:-1"},"canonical":"https:\/\/estudioromanelli.es\/ca\/estudi","og_locale":"ca_ES","og_type":"article","og_title":"Estudi de Disseny d'Interiors a Gr\u00e0cia, Barcelona","og_description":"Estudio Romanelli Estudi de disseny d'interiors a Barcelona \u2b50 Equip s\u00f2lid de professionals per la seva reforma integral \u2b50 Descobreixi com podem ajudar-li!","og_url":"https:\/\/estudioromanelli.es\/ca\/estudi","og_site_name":"Estudi d&#039;Interiorisme i Arquitectura a Barcelona","article_modified_time":"2024-04-22T10:24:27+00:00","og_image":[{"width":1000,"height":480,"url":"https:\/\/estudioromanelli.es\/wp-content\/uploads\/2015\/07\/SLIDE12.jpg","type":"image\/jpeg"}],"twitter_card":"summary_large_image","twitter_misc":{"Est. reading time":"2 minutes"},"schema":{"@context":"https:\/\/schema.org","@graph":[{"@type":"WebPage","@id":"https:\/\/estudioromanelli.es\/ca\/estudi","url":"https:\/\/estudioromanelli.es\/ca\/estudi","name":"Estudi de Disseny d'Interiors a Gr\u00e0cia, Barcelona","isPartOf":{"@id":"https:\/\/estudioromanelli.es\/ca#website"},"primaryImageOfPage":{"@id":"https:\/\/estudioromanelli.es\/ca\/estudi#primaryimage"},"image":{"@id":"https:\/\/estudioromanelli.es\/ca\/estudi#primaryimage"},"thumbnailUrl":"https:\/\/estudioromanelli.es\/wp-content\/uploads\/2015\/07\/SLIDE12.jpg","datePublished":"2015-09-23T12:01:24+00:00","dateModified":"2024-04-22T10:24:27+00:00","description":"Estudio Romanelli Estudi de disseny d'interiors a Barcelona \u2b50 Equip s\u00f2lid de professionals per la seva reforma integral \u2b50 Descobreixi com podem ajudar-li!","breadcrumb":{"@id":"https:\/\/estudioromanelli.es\/ca\/estudi#breadcrumb"},"inLanguage":"ca-ES","potentialAction":[{"@type":"ReadAction","target":["https:\/\/estudioromanelli.es\/ca\/estudi"]}]},{"@type":"ImageObject","inLanguage":"ca-ES","@id":"https:\/\/estudioromanelli.es\/ca\/estudi#primaryimage","url":"https:\/\/estudioromanelli.es\/wp-content\/uploads\/2015\/07\/SLIDE12.jpg","contentUrl":"https:\/\/estudioromanelli.es\/wp-content\/uploads\/2015\/07\/SLIDE12.jpg","width":1000,"height":480,"caption":"decorador Barcelona"},{"@type":"BreadcrumbList","@id":"https:\/\/estudioromanelli.es\/ca\/estudi#breadcrumb","itemListElement":[{"@type":"ListItem","position":1,"name":"LF24","item":"https:\/\/estudioromanelli.es\/ca\/home"},{"@type":"ListItem","position":2,"name":"Estudi"}]},{"@type":"WebSite","@id":"https:\/\/estudioromanelli.es\/ca#website","url":"https:\/\/estudioromanelli.es\/ca","name":"Estudi d&#039;Interiorisme i Arquitectura a Barcelona","description":"Estudio Romanelli","potentialAction":[{"@type":"SearchAction","target":{"@type":"EntryPoint","urlTemplate":"https:\/\/estudioromanelli.es\/ca?s={search_term_string}"},"query-input":{"@type":"PropertyValueSpecification","valueRequired":true,"valueName":"search_term_string"}}],"inLanguage":"ca-ES"}]}},"_links":{"self":[{"href":"https:\/\/estudioromanelli.es\/ca\/wp-json\/wp\/v2\/pages\/4153","targetHints":{"allow":["GET"]}}],"collection":[{"href":"https:\/\/estudioromanelli.es\/ca\/wp-json\/wp\/v2\/pages"}],"about":[{"href":"https:\/\/estudioromanelli.es\/ca\/wp-json\/wp\/v2\/types\/page"}],"author":[{"embeddable":true,"href":"https:\/\/estudioromanelli.es\/ca\/wp-json\/wp\/v2\/users\/1"}],"replies":[{"embeddable":true,"href":"https:\/\/estudioromanelli.es\/ca\/wp-json\/wp\/v2\/comments?post=4153"}],"version-history":[{"count":0,"href":"https:\/\/estudioromanelli.es\/ca\/wp-json\/wp\/v2\/pages\/4153\/revisions"}],"wp:featuredmedia":[{"embeddable":true,"href":"https:\/\/estudioromanelli.es\/ca\/wp-json\/wp\/v2\/media\/14593"}],"wp:attachment":[{"href":"https:\/\/estudioromanelli.es\/ca\/wp-json\/wp\/v2\/media?parent=4153"}],"wp:term":[{"taxonomy":"category","embeddable":true,"href":"https:\/\/estudioromanelli.es\/ca\/wp-json\/wp\/v2\/categories?post=4153"},{"taxonomy":"post_tag","embeddable":true,"href":"https:\/\/estudioromanelli.es\/ca\/wp-json\/wp\/v2\/tags?post=4153"}],"curies":[{"name":"wp","href":"https:\/\/api.w.org\/{rel}","templated":true}]}}