{"id":4152,"date":"2015-09-23T12:01:13","date_gmt":"2015-09-23T12:01:13","guid":{"rendered":"https:\/\/estudioromanelli.es\/?page_id=4152&#038;lang=ca"},"modified":"2021-09-29T13:05:18","modified_gmt":"2021-09-29T13:05:18","slug":"daniele-cv","status":"publish","type":"page","link":"https:\/\/estudioromanelli.es\/ca\/daniele-cv","title":{"rendered":"Daniele cv"},"content":{"rendered":"\n<style type=\"text\/css\" data-created_by=\"avia_inline_auto\" id=\"style-css-av-42gal4-5af57d008fe7b979f109b9321dfa5eff\">\n.flex_column.av-42gal4-5af57d008fe7b979f109b9321dfa5eff{\nborder-radius:0px 0px 0px 0px;\npadding:0px 0px 0px 0px;\n}\n<\/style>\n<div  class='flex_column av-42gal4-5af57d008fe7b979f109b9321dfa5eff av_one_full  avia-builder-el-0  avia-builder-el-no-sibling  first flex_column_div av-zero-column-padding  '     ><p>\n<style type=\"text\/css\" data-created_by=\"avia_inline_auto\" id=\"style-css-av-36d12w-f5bd60a910f302e3e1109e57b9a826fe\">\n#top .av-special-heading.av-36d12w-f5bd60a910f302e3e1109e57b9a826fe{\npadding-bottom:10px;\ncolor:#ffffff;\n}\nbody .av-special-heading.av-36d12w-f5bd60a910f302e3e1109e57b9a826fe .av-special-heading-tag .heading-char{\nfont-size:25px;\n}\n.av-special-heading.av-36d12w-f5bd60a910f302e3e1109e57b9a826fe .special-heading-inner-border{\nborder-color:#ffffff;\n}\n.av-special-heading.av-36d12w-f5bd60a910f302e3e1109e57b9a826fe .av-subheading{\nfont-size:15px;\n}\n<\/style>\n<div  class='av-special-heading av-36d12w-f5bd60a910f302e3e1109e57b9a826fe av-special-heading-h3 custom-color-heading blockquote modern-quote modern-centered  avia-builder-el-1  el_before_av_textblock  avia-builder-el-first '><h3 class='av-special-heading-tag '  itemprop=\"headline\"  >DANIELE CV<\/h3><div class=\"special-heading-border\"><div class=\"special-heading-inner-border\"><\/div><\/div><\/div><br \/>\n<section  class='av_textblock_section av-kfwpxspa-b0e2e427ceac4ab8c6eaae55f1726efc '   itemscope=\"itemscope\" itemtype=\"https:\/\/schema.org\/CreativeWork\" ><div class='avia_textblock'  itemprop=\"text\" ><div style=\"width: 310px\" class=\"wp-caption alignleft\"><img decoding=\"async\" class=\"img-cv\" title=\"D. Romanelli - CV\" src=\"https:\/\/estudioromanelli.es\/wp-content\/uploads\/2015\/07\/DANIELE-ROMANELLI.jpg\" alt=\"\" width=\"300\" height=\"300\" \/><p class=\"wp-caption-text\">Daniele Romanelli<\/p><\/div>\n<p>Daniele Romanelli va n\u00e9ixer a Como (It\u00e0lia) i es va graduar com a Arquitecte especialista en la rehabilitaci\u00f3 d&#8217;habitatges i disseny d&#8217;interiors al 2006 a la Universitat Polit\u00e8cnica de Mil\u00e0, amb el Prof. Marco Dezzi Bardeschi, afrontant tem\u00e0tiques de projectes complexos i desenvolupant una soluci\u00f3 concreta al com requalificar algunes situacions cr\u00edtiques del viure en una ciutat com la Mil\u00e0 d&#8217;avui.<\/p>\n<p>Aquestes propostes van conv\u00e8ncer a tal punt que es van publicar en un llibre editat per la Revista Ananke, revista especialitzada en temes de rehabilitacions i restauraci\u00f3.<\/p>\n<p>Durant el per\u00edode universitari, comen\u00e7a la seva experi\u00e8ncia professional al 2003 com a col\u00b7laborador en l&#8217;estudi Terragni Architetti de Como, estudi d&#8217;arquitectura a nivell internacional fundat per Giuseppe Terragni, fundador del Racionalisme Itali\u00e0. En aquests anys es va dedicar al desenvolupament de projectes d&#8217;unitats habitables (apartaments, unitats unifamiliars i bifamiliars), la realitzaci\u00f3 d&#8217;exposicions, i la participaci\u00f3 a concursos internacionals, col\u00b7laborant estretament amb Elisabetta Terragni (arquitecta cap de l&#8217;estudi Terragni), Kurt Foster (Historiador de l&#8217;Arquitectura i director de la Biennal d&#8217;Arquitectura de Venicia) i Emilio Terragni.<\/p>\n<p>Es trasllada a Barcelona al 2006 despr\u00e9s d&#8217;haver acabat els estudis universitaris, per treballar a l&#8217;estudi EMBT Miralles Tagliabue com a arquitecte responsable de diversos projectes i afrontar diferents temes com edificis p\u00fablics, habitatges, oficines, centres comercials, exposicions, hotels, complexos de habitatges, oficines, botigues i casino.<\/p>\n<p>Fan part del seu curr\u00edculum professional edificis emblem\u00e0tics de Barcelona com el Mercat de Santa Caterina o l&#8217;Edifici de Gas Natural a la Barceloneta.<\/p>\n<p>A m\u00e9s es va encarregar de nombrosos concursos entre els m\u00e9s destacats hi ha el Pavell\u00f3 espanyol per a la EXPO de Xangai (1r premi i realitzat), Concurs urban\u00edstic a Copenhagen Carlsberg (2 \u00b0 premi), Barcelona Mercat dels Encants i Camp nou (primera fase), Madrid Mercat Barcel\u00f3, Parlament d&#8217;Alb\u00e0nia, Luxemburg Universitat li Fond Belval, Bucarest Straulesti, Berlin Tempelhof, Girona col\u00b7legi d&#8217;arquitectes &#8230;<\/p>\n<p>L&#8217;any 2010 funda Estudio Romanelli un despatx d&#8217;Arquitectura i Interiorisme, dedicat al disseny d&#8217;interiors d&#8217;Habitatges, Oficines i espais comercials .<\/p>\n<p style=\"text-align: left;\"><img decoding=\"async\" class=\"aligncenter wp-image-4460 size-large\" src=\"https:\/\/estudioromanelli.es\/wp-content\/uploads\/2020\/10\/daniele-romanelli-interiorista-italiano-barcelona.jpg\" alt=\"Daniele Romanelli\" width=\"540\" height=\"405\" \/><\/p>\n<\/div><\/section><\/p><\/div>\n","protected":false},"excerpt":{"rendered":"","protected":false},"author":1,"featured_media":0,"parent":0,"menu_order":0,"comment_status":"closed","ping_status":"closed","template":"","meta":{"footnotes":""},"categories":[],"tags":[],"class_list":["post-4152","page","type-page","status-publish","hentry"],"yoast_head":"<!-- This site is optimized with the Yoast SEO plugin v26.8 - https:\/\/yoast.com\/product\/yoast-seo-wordpress\/ -->\n<title>Daniele Romanelli, Interiorista | Estudio Romanelli Estudi Interiorisme Barcelona<\/title>\n<meta name=\"description\" content=\"Daniele Romanelli, responsable de l&#039;estudi Estudio Romanelli \u2b50 El seu estudi d&#039;interiorisme i arquitectura a Barcelona \u2b50 Expliqui&#039;ns el seu Projecte!\" \/>\n<meta name=\"robots\" content=\"index, follow, max-snippet:-1, max-image-preview:large, max-video-preview:-1\" \/>\n<link rel=\"canonical\" href=\"https:\/\/estudioromanelli.es\/ca\/daniele-cv\" \/>\n<meta property=\"og:locale\" content=\"ca_ES\" \/>\n<meta property=\"og:type\" content=\"article\" \/>\n<meta property=\"og:title\" content=\"Daniele Romanelli, Interiorista | Estudio Romanelli Estudi Interiorisme Barcelona\" \/>\n<meta property=\"og:description\" content=\"Daniele Romanelli, responsable de l&#039;estudi Estudio Romanelli \u2b50 El seu estudi d&#039;interiorisme i arquitectura a Barcelona \u2b50 Expliqui&#039;ns el seu Projecte!\" \/>\n<meta property=\"og:url\" content=\"https:\/\/estudioromanelli.es\/ca\/daniele-cv\" \/>\n<meta property=\"og:site_name\" content=\"Estudi d&#039;Interiorisme i Arquitectura a Barcelona\" \/>\n<meta property=\"article:modified_time\" content=\"2021-09-29T13:05:18+00:00\" \/>\n<meta property=\"og:image\" content=\"https:\/\/estudioromanelli.es\/wp-content\/uploads\/2015\/07\/DANIELE-ROMANELLI.jpg\" \/>\n<meta name=\"twitter:card\" content=\"summary_large_image\" \/>\n<meta name=\"twitter:label1\" content=\"Est. reading time\" \/>\n\t<meta name=\"twitter:data1\" content=\"3 minutes\" \/>\n<script type=\"application\/ld+json\" class=\"yoast-schema-graph\">{\"@context\":\"https:\/\/schema.org\",\"@graph\":[{\"@type\":\"WebPage\",\"@id\":\"https:\/\/estudioromanelli.es\/ca\/daniele-cv\",\"url\":\"https:\/\/estudioromanelli.es\/ca\/daniele-cv\",\"name\":\"Daniele Romanelli, Interiorista | Estudio Romanelli Estudi Interiorisme Barcelona\",\"isPartOf\":{\"@id\":\"https:\/\/estudioromanelli.es\/ca#website\"},\"primaryImageOfPage\":{\"@id\":\"https:\/\/estudioromanelli.es\/ca\/daniele-cv#primaryimage\"},\"image\":{\"@id\":\"https:\/\/estudioromanelli.es\/ca\/daniele-cv#primaryimage\"},\"thumbnailUrl\":\"https:\/\/estudioromanelli.es\/wp-content\/uploads\/2015\/07\/DANIELE-ROMANELLI.jpg\",\"datePublished\":\"2015-09-23T12:01:13+00:00\",\"dateModified\":\"2021-09-29T13:05:18+00:00\",\"description\":\"Daniele Romanelli, responsable de l'estudi Estudio Romanelli \u2b50 El seu estudi d'interiorisme i arquitectura a Barcelona \u2b50 Expliqui'ns el seu Projecte!\",\"breadcrumb\":{\"@id\":\"https:\/\/estudioromanelli.es\/ca\/daniele-cv#breadcrumb\"},\"inLanguage\":\"ca-ES\",\"potentialAction\":[{\"@type\":\"ReadAction\",\"target\":[\"https:\/\/estudioromanelli.es\/ca\/daniele-cv\"]}]},{\"@type\":\"ImageObject\",\"inLanguage\":\"ca-ES\",\"@id\":\"https:\/\/estudioromanelli.es\/ca\/daniele-cv#primaryimage\",\"url\":\"https:\/\/estudioromanelli.es\/wp-content\/uploads\/2015\/07\/DANIELE-ROMANELLI.jpg\",\"contentUrl\":\"https:\/\/estudioromanelli.es\/wp-content\/uploads\/2015\/07\/DANIELE-ROMANELLI.jpg\"},{\"@type\":\"BreadcrumbList\",\"@id\":\"https:\/\/estudioromanelli.es\/ca\/daniele-cv#breadcrumb\",\"itemListElement\":[{\"@type\":\"ListItem\",\"position\":1,\"name\":\"LF24\",\"item\":\"https:\/\/estudioromanelli.es\/ca\/home\"},{\"@type\":\"ListItem\",\"position\":2,\"name\":\"DANIELE CV\"}]},{\"@type\":\"WebSite\",\"@id\":\"https:\/\/estudioromanelli.es\/ca#website\",\"url\":\"https:\/\/estudioromanelli.es\/ca\",\"name\":\"Estudi d&#039;Interiorisme i Arquitectura a Barcelona\",\"description\":\"Estudio Romanelli\",\"potentialAction\":[{\"@type\":\"SearchAction\",\"target\":{\"@type\":\"EntryPoint\",\"urlTemplate\":\"https:\/\/estudioromanelli.es\/ca?s={search_term_string}\"},\"query-input\":{\"@type\":\"PropertyValueSpecification\",\"valueRequired\":true,\"valueName\":\"search_term_string\"}}],\"inLanguage\":\"ca-ES\"}]}<\/script>\n<!-- \/ Yoast SEO plugin. -->","yoast_head_json":{"title":"Daniele Romanelli, Interiorista | Estudio Romanelli Estudi Interiorisme Barcelona","description":"Daniele Romanelli, responsable de l'estudi Estudio Romanelli \u2b50 El seu estudi d'interiorisme i arquitectura a Barcelona \u2b50 Expliqui'ns el seu Projecte!","robots":{"index":"index","follow":"follow","max-snippet":"max-snippet:-1","max-image-preview":"max-image-preview:large","max-video-preview":"max-video-preview:-1"},"canonical":"https:\/\/estudioromanelli.es\/ca\/daniele-cv","og_locale":"ca_ES","og_type":"article","og_title":"Daniele Romanelli, Interiorista | Estudio Romanelli Estudi Interiorisme Barcelona","og_description":"Daniele Romanelli, responsable de l'estudi Estudio Romanelli \u2b50 El seu estudi d'interiorisme i arquitectura a Barcelona \u2b50 Expliqui'ns el seu Projecte!","og_url":"https:\/\/estudioromanelli.es\/ca\/daniele-cv","og_site_name":"Estudi d&#039;Interiorisme i Arquitectura a Barcelona","article_modified_time":"2021-09-29T13:05:18+00:00","og_image":[{"url":"https:\/\/estudioromanelli.es\/wp-content\/uploads\/2015\/07\/DANIELE-ROMANELLI.jpg","type":"","width":"","height":""}],"twitter_card":"summary_large_image","twitter_misc":{"Est. reading time":"3 minutes"},"schema":{"@context":"https:\/\/schema.org","@graph":[{"@type":"WebPage","@id":"https:\/\/estudioromanelli.es\/ca\/daniele-cv","url":"https:\/\/estudioromanelli.es\/ca\/daniele-cv","name":"Daniele Romanelli, Interiorista | Estudio Romanelli Estudi Interiorisme Barcelona","isPartOf":{"@id":"https:\/\/estudioromanelli.es\/ca#website"},"primaryImageOfPage":{"@id":"https:\/\/estudioromanelli.es\/ca\/daniele-cv#primaryimage"},"image":{"@id":"https:\/\/estudioromanelli.es\/ca\/daniele-cv#primaryimage"},"thumbnailUrl":"https:\/\/estudioromanelli.es\/wp-content\/uploads\/2015\/07\/DANIELE-ROMANELLI.jpg","datePublished":"2015-09-23T12:01:13+00:00","dateModified":"2021-09-29T13:05:18+00:00","description":"Daniele Romanelli, responsable de l'estudi Estudio Romanelli \u2b50 El seu estudi d'interiorisme i arquitectura a Barcelona \u2b50 Expliqui'ns el seu Projecte!","breadcrumb":{"@id":"https:\/\/estudioromanelli.es\/ca\/daniele-cv#breadcrumb"},"inLanguage":"ca-ES","potentialAction":[{"@type":"ReadAction","target":["https:\/\/estudioromanelli.es\/ca\/daniele-cv"]}]},{"@type":"ImageObject","inLanguage":"ca-ES","@id":"https:\/\/estudioromanelli.es\/ca\/daniele-cv#primaryimage","url":"https:\/\/estudioromanelli.es\/wp-content\/uploads\/2015\/07\/DANIELE-ROMANELLI.jpg","contentUrl":"https:\/\/estudioromanelli.es\/wp-content\/uploads\/2015\/07\/DANIELE-ROMANELLI.jpg"},{"@type":"BreadcrumbList","@id":"https:\/\/estudioromanelli.es\/ca\/daniele-cv#breadcrumb","itemListElement":[{"@type":"ListItem","position":1,"name":"LF24","item":"https:\/\/estudioromanelli.es\/ca\/home"},{"@type":"ListItem","position":2,"name":"DANIELE CV"}]},{"@type":"WebSite","@id":"https:\/\/estudioromanelli.es\/ca#website","url":"https:\/\/estudioromanelli.es\/ca","name":"Estudi d&#039;Interiorisme i Arquitectura a Barcelona","description":"Estudio Romanelli","potentialAction":[{"@type":"SearchAction","target":{"@type":"EntryPoint","urlTemplate":"https:\/\/estudioromanelli.es\/ca?s={search_term_string}"},"query-input":{"@type":"PropertyValueSpecification","valueRequired":true,"valueName":"search_term_string"}}],"inLanguage":"ca-ES"}]}},"_links":{"self":[{"href":"https:\/\/estudioromanelli.es\/ca\/wp-json\/wp\/v2\/pages\/4152","targetHints":{"allow":["GET"]}}],"collection":[{"href":"https:\/\/estudioromanelli.es\/ca\/wp-json\/wp\/v2\/pages"}],"about":[{"href":"https:\/\/estudioromanelli.es\/ca\/wp-json\/wp\/v2\/types\/page"}],"author":[{"embeddable":true,"href":"https:\/\/estudioromanelli.es\/ca\/wp-json\/wp\/v2\/users\/1"}],"replies":[{"embeddable":true,"href":"https:\/\/estudioromanelli.es\/ca\/wp-json\/wp\/v2\/comments?post=4152"}],"version-history":[{"count":0,"href":"https:\/\/estudioromanelli.es\/ca\/wp-json\/wp\/v2\/pages\/4152\/revisions"}],"wp:attachment":[{"href":"https:\/\/estudioromanelli.es\/ca\/wp-json\/wp\/v2\/media?parent=4152"}],"wp:term":[{"taxonomy":"category","embeddable":true,"href":"https:\/\/estudioromanelli.es\/ca\/wp-json\/wp\/v2\/categories?post=4152"},{"taxonomy":"post_tag","embeddable":true,"href":"https:\/\/estudioromanelli.es\/ca\/wp-json\/wp\/v2\/tags?post=4152"}],"curies":[{"name":"wp","href":"https:\/\/api.w.org\/{rel}","templated":true}]}}