{"id":4148,"date":"2015-09-23T12:00:41","date_gmt":"2015-09-23T12:00:41","guid":{"rendered":"https:\/\/estudioromanelli.es\/?page_id=4148&#038;lang=ca"},"modified":"2021-09-28T10:13:06","modified_gmt":"2021-09-28T10:13:06","slug":"cuines","status":"publish","type":"page","link":"https:\/\/estudioromanelli.es\/ca\/cuines","title":{"rendered":"Cuines"},"content":{"rendered":"\n<style type=\"text\/css\" data-created_by=\"avia_inline_auto\" id=\"style-css-av-e6qshw-36916a902ce3e270acdc4ac9c52bcd8e\">\n.flex_column.av-e6qshw-36916a902ce3e270acdc4ac9c52bcd8e{\nborder-radius:0px 0px 0px 0px;\npadding:0px 0px 0px 0px;\n}\n<\/style>\n<div  class='flex_column av-e6qshw-36916a902ce3e270acdc4ac9c52bcd8e av_one_full  avia-builder-el-0  el_before_av_one_full  avia-builder-el-first  first flex_column_div av-zero-column-padding  '     ><p>\n<style type=\"text\/css\" data-created_by=\"avia_inline_auto\" id=\"style-css-av-ccn8x0-f817048eca0987e86d7917abd26ce8e5\">\n#top .av-special-heading.av-ccn8x0-f817048eca0987e86d7917abd26ce8e5{\npadding-bottom:10px;\ncolor:#ffffff;\n}\nbody .av-special-heading.av-ccn8x0-f817048eca0987e86d7917abd26ce8e5 .av-special-heading-tag .heading-char{\nfont-size:25px;\n}\n.av-special-heading.av-ccn8x0-f817048eca0987e86d7917abd26ce8e5 .special-heading-inner-border{\nborder-color:#ffffff;\n}\n.av-special-heading.av-ccn8x0-f817048eca0987e86d7917abd26ce8e5 .av-subheading{\nfont-size:15px;\n}\n<\/style>\n<div  class='av-special-heading av-ccn8x0-f817048eca0987e86d7917abd26ce8e5 av-special-heading-h2 custom-color-heading blockquote modern-quote modern-centered  avia-builder-el-1  el_before_av_textblock  avia-builder-el-first '><h2 class='av-special-heading-tag '  itemprop=\"headline\"  >CUINES<\/h2><div class=\"special-heading-border\"><div class=\"special-heading-inner-border\"><\/div><\/div><\/div><br \/>\n<section  class='av_textblock_section av-9wf8hw-bb03786dd40dd38aef5443f59c80e157 '   itemscope=\"itemscope\" itemtype=\"https:\/\/schema.org\/CreativeWork\" ><div class='avia_textblock'  itemprop=\"text\" ><p>Disposem d&#8217;una \u00e0mplia gamma de <strong>cuines d&#8217;alta qualitat<\/strong> seleccionades entre les millors marques a nivell nacional i internacional.<\/p>\n<p>Les nostres cuines combinen el funcional amb el disseny. Cuines modernes o cl\u00e0ssiques, r\u00fastiques o personalitzades a mida del seu espai, el nostre cat\u00e0leg ens permet infinites combinacions pel que fa a materials i acabats.<\/p>\n<p><span style=\"color: #ffffff;\">.<\/span><\/p>\n<\/div><\/section><br \/>\n\n<style type=\"text\/css\" data-created_by=\"avia_inline_auto\" id=\"style-css-av-6uzjsk-16f7933f1b3671d8a25223e97c09981e\">\n.avia-image-container.av-6uzjsk-16f7933f1b3671d8a25223e97c09981e img.avia_image{\nbox-shadow:none;\n}\n.avia-image-container.av-6uzjsk-16f7933f1b3671d8a25223e97c09981e .av-image-caption-overlay-center{\ncolor:#ffffff;\n}\n<\/style>\n<div  class='avia-image-container av-6uzjsk-16f7933f1b3671d8a25223e97c09981e av-styling- avia-align-center  avia-builder-el-3  el_after_av_textblock  el_before_av_textblock '   itemprop=\"image\" itemscope=\"itemscope\" itemtype=\"https:\/\/schema.org\/ImageObject\" ><div class=\"avia-image-container-inner\"><div class=\"avia-image-overlay-wrap\"><img decoding=\"async\" fetchpriority=\"high\" class='wp-image-9159 avia-img-lazy-loading-not-9159 avia_image ' src=\"https:\/\/estudioromanelli.es\/wp-content\/uploads\/2015\/07\/COCINAS-900x430.jpg\" alt='' title='Cocinas'  height=\"430\" width=\"900\"  itemprop=\"thumbnailUrl\"  \/><\/div><\/div><\/div><br \/>\n<section  class='av_textblock_section av-5vy6uc-8fbbd0dbd53fbec7e8997ef6c9795433 '   itemscope=\"itemscope\" itemtype=\"https:\/\/schema.org\/CreativeWork\" ><div class='avia_textblock'  itemprop=\"text\" ><p>A m\u00e9s busquem les <strong>\u00faltimes novetats i tecnologies en electrodom\u00e8stics de cuina<\/strong>. Disposem d&#8217;instal\u00b7ladors professionals amb garantia oficial de les millors marques.<\/p>\n<p>En <span class=\"enlaces-subrayado-color\"><strong><a class=\"enlaces-subrayado-color\" href=\"https:\/\/estudioromanelli.es\/caestudi\/\">el nostre estudi <\/a><\/strong><\/span>trobar\u00e0 tot el necessari per realitzar una cuina de somni, personalitzada sobre la base de la necessitat de cada client gr\u00e0cies a l&#8217;assessorament dels nostres experts en distribuci\u00f3 d&#8217;espais, decoradors i als millors t\u00e8cnics i professionals.<\/p>\n<p>Per completar el mobiliari de cuina a m\u00e9s dels electrodom\u00e8stics necessitem poder escollir entre una \u00e0mplia gamma de fogons, aig\u00fceres, aixetes, taules i cadires, radiadors i accessoris en general.<\/p>\n<p>Disposem d&#8217;una infinitat de models en taulells per a la cuina, realitzades a mida.<\/p>\n<p>El nostre cat\u00e0leg inclou<strong> taulells de cuina de les millors marques<\/strong> com Silestone, Dekton, Compac, Corian, Neolith, a m\u00e9s de taulells elaborades a mida en materials com acer, vidre, fusta, laminats. Piques de cuina a mida o escollint entre les possibilitat del nostre vast cat\u00e0leg. Aig\u00fceres sobre taulell o sota taulell. Accessoris d&#8217;alta qualitat interiors i exteriors.<\/p>\n<p>Aqui baix podeu trobar l&#8217;enlla\u00e7 d&#8217;alguna de les nostres marques de cuines:<\/p>\n<\/div><\/section><\/p><\/div>\n<style type=\"text\/css\" data-created_by=\"avia_inline_auto\" id=\"style-css-av-4hn9xw-1eea6b99d8c927885b57c327abd1621a\">\n.flex_column.av-4hn9xw-1eea6b99d8c927885b57c327abd1621a{\nborder-radius:0px 0px 0px 0px;\npadding:0px 0px 0px 0px;\n}\n<\/style>\n<div  class='flex_column av-4hn9xw-1eea6b99d8c927885b57c327abd1621a av_one_full  avia-builder-el-5  el_after_av_one_full  avia-builder-el-last  first flex_column_div av-zero-column-padding  column-top-margin'     ><section  class='av_textblock_section av-2wtnys-c7649ec50d67a79816f8d9a143dd9224 '   itemscope=\"itemscope\" itemtype=\"https:\/\/schema.org\/CreativeWork\" ><div class='avia_textblock'  itemprop=\"text\" ><h3>CUINES:<\/h3>\n<hr \/>\n<p><b><a href=\"http:\/\/www.poliform.it\/\" target=\"_blank\" rel=\"noopener\">VARENNA<\/a><\/b><\/p>\n<p><b><a href=\"http:\/\/www.salvaranicucine.it\/\" target=\"_blank\" rel=\"noopener\">SALVARANI<\/a><\/b><\/p>\n<p><b><a href=\"http:\/\/www.bulthaup.es\/\" target=\"_blank\" rel=\"noopener\">BULTHAUP<\/a><\/b><\/p>\n<p><b><a href=\"https:\/\/omobarcelona.com\/\" target=\"_blank\" rel=\"noopener\">OMO Barcelona<\/a><\/b><\/p>\n<h4>Les nostres marques de electrodom\u00e8stics:<\/h4>\n<hr \/>\n<p><b><a href=\"http:\/\/www.siemens-home.es\/\" target=\"_blank\" rel=\"noopener\">SIEMENS<\/a><\/b><\/p>\n<p><b><a href=\"http:\/\/www.miele.es\/electrodomesticos\/index.htm\" target=\"_blank\" rel=\"noopener\">MIELE<\/a><\/b><\/p>\n<p><b><a href=\"http:\/\/www.smeg.es\/\" target=\"_blank\" rel=\"noopener\">SMEG<\/a><\/b><\/p>\n<p><b><a href=\"http:\/\/www.aeg.com.es\/\" target=\"_blank\" rel=\"noopener\">AEG<\/a><\/b><\/p>\n<p><b><a href=\"#\" target=\"_blank\" rel=\"noopener\">GAGGENAU<\/a><\/b><\/p>\n<p><b><a href=\"http:\/\/www.neff.es\/\" target=\"_blank\" rel=\"noopener\">NEFF<\/a><\/b><\/p>\n<p><b><a href=\"http:\/\/www.whirlpool.es\/\" target=\"_blank\" rel=\"noopener\">WHIRLPOOL<\/a><\/b><\/p>\n<p><b><a href=\"http:\/\/www.pando.es\/\" target=\"_blank\" rel=\"noopener\">PANDO<\/a><\/b><\/p>\n<p><b><a href=\"http:\/\/www.gruppofeg.it\/\" target=\"_blank\" rel=\"noopener\">FEG<\/a><\/b><\/p>\n<p><b><a href=\"http:\/\/www.liebherr.com\/es\/deu\/inicio\/p%C3%A1gina-de-inicio.html\" target=\"_blank\" rel=\"noopener\">LIEBHERR<\/a><\/b><\/p>\n<\/div><\/section><\/div><\/p>\n","protected":false},"excerpt":{"rendered":"","protected":false},"author":1,"featured_media":0,"parent":0,"menu_order":0,"comment_status":"closed","ping_status":"closed","template":"","meta":{"footnotes":""},"categories":[],"tags":[],"class_list":["post-4148","page","type-page","status-publish","hentry"],"yoast_head":"<!-- This site is optimized with the Yoast SEO plugin v26.8 - https:\/\/yoast.com\/product\/yoast-seo-wordpress\/ -->\n<title>Reformes i decoraci\u00f3 de cuines<\/title>\n<meta name=\"description\" content=\"A Estudio Romanelli projectem reformes de cuines elegants i de qualitat. Projectes de cuina a mida, modernes, cl\u00e0ssiques i de disseny. Descobreixi com podem ajudar-lo.\" \/>\n<meta name=\"robots\" content=\"index, follow, max-snippet:-1, max-image-preview:large, max-video-preview:-1\" \/>\n<link rel=\"canonical\" href=\"https:\/\/estudioromanelli.es\/ca\/cuines\" \/>\n<meta property=\"og:locale\" content=\"ca_ES\" \/>\n<meta property=\"og:type\" content=\"article\" \/>\n<meta property=\"og:title\" content=\"Reformes i decoraci\u00f3 de cuines\" \/>\n<meta property=\"og:description\" content=\"A Estudio Romanelli projectem reformes de cuines elegants i de qualitat. Projectes de cuina a mida, modernes, cl\u00e0ssiques i de disseny. Descobreixi com podem ajudar-lo.\" \/>\n<meta property=\"og:url\" content=\"https:\/\/estudioromanelli.es\/ca\/cuines\" \/>\n<meta property=\"og:site_name\" content=\"Estudi d&#039;Interiorisme i Arquitectura a Barcelona\" \/>\n<meta property=\"article:modified_time\" content=\"2021-09-28T10:13:06+00:00\" \/>\n<meta name=\"twitter:card\" content=\"summary_large_image\" \/>\n<meta name=\"twitter:label1\" content=\"Est. reading time\" \/>\n\t<meta name=\"twitter:data1\" content=\"2 minutes\" \/>\n<script type=\"application\/ld+json\" class=\"yoast-schema-graph\">{\"@context\":\"https:\/\/schema.org\",\"@graph\":[{\"@type\":\"WebPage\",\"@id\":\"https:\/\/estudioromanelli.es\/ca\/cuines\",\"url\":\"https:\/\/estudioromanelli.es\/ca\/cuines\",\"name\":\"Reformes i decoraci\u00f3 de cuines\",\"isPartOf\":{\"@id\":\"https:\/\/estudioromanelli.es\/ca#website\"},\"datePublished\":\"2015-09-23T12:00:41+00:00\",\"dateModified\":\"2021-09-28T10:13:06+00:00\",\"description\":\"A Estudio Romanelli projectem reformes de cuines elegants i de qualitat. Projectes de cuina a mida, modernes, cl\u00e0ssiques i de disseny. Descobreixi com podem ajudar-lo.\",\"breadcrumb\":{\"@id\":\"https:\/\/estudioromanelli.es\/ca\/cuines#breadcrumb\"},\"inLanguage\":\"ca-ES\",\"potentialAction\":[{\"@type\":\"ReadAction\",\"target\":[\"https:\/\/estudioromanelli.es\/ca\/cuines\"]}]},{\"@type\":\"BreadcrumbList\",\"@id\":\"https:\/\/estudioromanelli.es\/ca\/cuines#breadcrumb\",\"itemListElement\":[{\"@type\":\"ListItem\",\"position\":1,\"name\":\"LF24\",\"item\":\"https:\/\/estudioromanelli.es\/ca\/home\"},{\"@type\":\"ListItem\",\"position\":2,\"name\":\"CUINES\"}]},{\"@type\":\"WebSite\",\"@id\":\"https:\/\/estudioromanelli.es\/ca#website\",\"url\":\"https:\/\/estudioromanelli.es\/ca\",\"name\":\"Estudi d&#039;Interiorisme i Arquitectura a Barcelona\",\"description\":\"Estudio Romanelli\",\"potentialAction\":[{\"@type\":\"SearchAction\",\"target\":{\"@type\":\"EntryPoint\",\"urlTemplate\":\"https:\/\/estudioromanelli.es\/ca?s={search_term_string}\"},\"query-input\":{\"@type\":\"PropertyValueSpecification\",\"valueRequired\":true,\"valueName\":\"search_term_string\"}}],\"inLanguage\":\"ca-ES\"}]}<\/script>\n<!-- \/ Yoast SEO plugin. -->","yoast_head_json":{"title":"Reformes i decoraci\u00f3 de cuines","description":"A Estudio Romanelli projectem reformes de cuines elegants i de qualitat. Projectes de cuina a mida, modernes, cl\u00e0ssiques i de disseny. Descobreixi com podem ajudar-lo.","robots":{"index":"index","follow":"follow","max-snippet":"max-snippet:-1","max-image-preview":"max-image-preview:large","max-video-preview":"max-video-preview:-1"},"canonical":"https:\/\/estudioromanelli.es\/ca\/cuines","og_locale":"ca_ES","og_type":"article","og_title":"Reformes i decoraci\u00f3 de cuines","og_description":"A Estudio Romanelli projectem reformes de cuines elegants i de qualitat. Projectes de cuina a mida, modernes, cl\u00e0ssiques i de disseny. Descobreixi com podem ajudar-lo.","og_url":"https:\/\/estudioromanelli.es\/ca\/cuines","og_site_name":"Estudi d&#039;Interiorisme i Arquitectura a Barcelona","article_modified_time":"2021-09-28T10:13:06+00:00","twitter_card":"summary_large_image","twitter_misc":{"Est. reading time":"2 minutes"},"schema":{"@context":"https:\/\/schema.org","@graph":[{"@type":"WebPage","@id":"https:\/\/estudioromanelli.es\/ca\/cuines","url":"https:\/\/estudioromanelli.es\/ca\/cuines","name":"Reformes i decoraci\u00f3 de cuines","isPartOf":{"@id":"https:\/\/estudioromanelli.es\/ca#website"},"datePublished":"2015-09-23T12:00:41+00:00","dateModified":"2021-09-28T10:13:06+00:00","description":"A Estudio Romanelli projectem reformes de cuines elegants i de qualitat. Projectes de cuina a mida, modernes, cl\u00e0ssiques i de disseny. Descobreixi com podem ajudar-lo.","breadcrumb":{"@id":"https:\/\/estudioromanelli.es\/ca\/cuines#breadcrumb"},"inLanguage":"ca-ES","potentialAction":[{"@type":"ReadAction","target":["https:\/\/estudioromanelli.es\/ca\/cuines"]}]},{"@type":"BreadcrumbList","@id":"https:\/\/estudioromanelli.es\/ca\/cuines#breadcrumb","itemListElement":[{"@type":"ListItem","position":1,"name":"LF24","item":"https:\/\/estudioromanelli.es\/ca\/home"},{"@type":"ListItem","position":2,"name":"CUINES"}]},{"@type":"WebSite","@id":"https:\/\/estudioromanelli.es\/ca#website","url":"https:\/\/estudioromanelli.es\/ca","name":"Estudi d&#039;Interiorisme i Arquitectura a Barcelona","description":"Estudio Romanelli","potentialAction":[{"@type":"SearchAction","target":{"@type":"EntryPoint","urlTemplate":"https:\/\/estudioromanelli.es\/ca?s={search_term_string}"},"query-input":{"@type":"PropertyValueSpecification","valueRequired":true,"valueName":"search_term_string"}}],"inLanguage":"ca-ES"}]}},"_links":{"self":[{"href":"https:\/\/estudioromanelli.es\/ca\/wp-json\/wp\/v2\/pages\/4148","targetHints":{"allow":["GET"]}}],"collection":[{"href":"https:\/\/estudioromanelli.es\/ca\/wp-json\/wp\/v2\/pages"}],"about":[{"href":"https:\/\/estudioromanelli.es\/ca\/wp-json\/wp\/v2\/types\/page"}],"author":[{"embeddable":true,"href":"https:\/\/estudioromanelli.es\/ca\/wp-json\/wp\/v2\/users\/1"}],"replies":[{"embeddable":true,"href":"https:\/\/estudioromanelli.es\/ca\/wp-json\/wp\/v2\/comments?post=4148"}],"version-history":[{"count":0,"href":"https:\/\/estudioromanelli.es\/ca\/wp-json\/wp\/v2\/pages\/4148\/revisions"}],"wp:attachment":[{"href":"https:\/\/estudioromanelli.es\/ca\/wp-json\/wp\/v2\/media?parent=4148"}],"wp:term":[{"taxonomy":"category","embeddable":true,"href":"https:\/\/estudioromanelli.es\/ca\/wp-json\/wp\/v2\/categories?post=4148"},{"taxonomy":"post_tag","embeddable":true,"href":"https:\/\/estudioromanelli.es\/ca\/wp-json\/wp\/v2\/tags?post=4148"}],"curies":[{"name":"wp","href":"https:\/\/api.w.org\/{rel}","templated":true}]}}